{"id":69,"date":"2011-11-11T09:51:47","date_gmt":"2011-11-11T11:51:47","guid":{"rendered":"https:\/\/wp.ufpel.edu.br\/letras\/"},"modified":"2024-10-03T12:27:16","modified_gmt":"2024-10-03T15:27:16","slug":"audiovisual","status":"publish","type":"page","link":"https:\/\/wp.ufpel.edu.br\/clc\/audiovisual\/","title":{"rendered":"Audiovisual"},"content":{"rendered":"<div style=\"text-align: justify;\">\n<div><span style=\"font-size: 12pt; color: #000000;\">O Laborat\u00f3rio de Edi\u00e7\u00e3o Audiovisual do curso de Jornalismo situa-se no Campus Anglo, Centro de Letras e Comunica\u00e7\u00e3o, sala 108. O Laborat\u00f3rio disponibiliza computadores e equipamentos para a captura de \u00e1udio e v\u00eddeo. No local s\u00e3o realizadas edi\u00e7\u00f5es de produtos audiovisuais de alunos do Jornalismo com suporte dos T\u00e9cnicos. Dentre os equipamentos mantidos pelo Laborat\u00f3rio est\u00e3o c\u00e2meras fotogr\u00e1ficas, c\u00e2meras de v\u00eddeo, refletores de luz, trip\u00e9s. Estes equipamentos s\u00e3o usados nas cadeiras regulares ou em projetos de extens\u00e3o. Os alunos tamb\u00e9m podem realizar empr\u00e9stimos de parte deste acervo.<\/span><\/div>\n<\/div>\n<div><\/div>\n<div><\/div>\n<div><\/div>\n<div><\/div>\n<div><\/div>\n<div><\/div>\n<div><\/div>\n<div><\/div>\n<div><\/div>\n<div><\/div>\n<div><\/div>\n<div style=\"text-align: justify;\">\n<p><span style=\"font-size: 12pt; color: #000000;\">E-mail para contato: jornalismoagenda@gmail.com <\/span><\/p>\n<p><strong><span style=\"font-size: 12pt; color: #000000;\">EQUIPE<\/span><\/strong><\/p>\n<p><strong style=\"font-size: 12pt;\">Coordenador do curso de Jornalismo: <\/strong><span style=\"color: #000000;\">Profa. Marislei Ribeiro<\/span><\/p>\n<\/div>\n<div style=\"text-align: justify;\">\n<div>\n<div><\/div>\n<div><span style=\"color: #000000; font-size: 12pt;\"><strong>T\u00e9cnicos-administrativos em Educa\u00e7\u00e3o:<\/strong><\/span><\/div>\n<\/div>\n<\/div>\n<div style=\"text-align: justify;\">\n<div><\/div>\n<div><span style=\"font-size: 12pt;\"><strong>Assistente de Som<\/strong><\/span><\/div>\n<div><span style=\"font-size: 12pt;\">Bruno da Silva Anana<\/span><\/div>\n<div><\/div>\n<div><span style=\"font-size: 12pt;\"><strong>Operador de C\u00e2mera de Cinema e Tv<\/strong><\/span><\/div>\n<div><span style=\"font-size: 12pt;\">Felipe Estrela Campal<\/span><\/div>\n<div><\/div>\n<div><span style=\"font-size: 12pt;\"><strong>Hor\u00e1rio de atendimento:<\/strong> das 08h \u00e0s 12h e das 13h \u00e0s 17h.<\/span><\/div>\n<\/div>\n<div><\/div>\n<div><\/div>\n<div style=\"text-align: justify;\">\n<div>\n<div><span style=\"font-size: 12pt;\"><strong>Editor de Imagens<\/strong><\/span><\/div>\n<div><span style=\"font-size: 12pt;\">Gustavo Severo Dalla Costa<\/span><\/div>\n<div><\/div>\n<div><strong><span style=\"font-size: 12pt;\">T\u00e9cnico em Audiovisual<\/span><\/strong><\/div>\n<div><span style=\"font-size: 12pt;\">Vladimir Beskow Vargas<\/span><\/div>\n<div><\/div>\n<div><span style=\"font-size: 12pt;\"><strong>Hor\u00e1rio de atendimento:<\/strong> das 15h e 30 min \u00e0s 21h e 30min.<\/span><\/div>\n<div><\/div>\n<\/div>\n<div><\/div>\n<div><\/div>\n<div><\/div>\n<div><\/div>\n<div><\/div>\n<div><\/div>\n<\/div>\n<div style=\"text-align: justify;\">\n<div><\/div>\n<\/div>\n","protected":false},"excerpt":{"rendered":"<p>O Laborat\u00f3rio de Edi\u00e7\u00e3o Audiovisual do curso de Jornalismo situa-se no Campus Anglo, Centro de Letras e Comunica\u00e7\u00e3o, sala 108. O Laborat\u00f3rio disponibiliza computadores e equipamentos para a captura de \u00e1udio e v\u00eddeo. No local s\u00e3o realizadas edi\u00e7\u00f5es de produtos &hellip; <a href=\"https:\/\/wp.ufpel.edu.br\/clc\/audiovisual\/\">Continue lendo <span class=\"meta-nav\">&rarr;<\/span><\/a><\/p>\n","protected":false},"author":50,"featured_media":0,"parent":0,"menu_order":0,"comment_status":"closed","ping_status":"closed","template":"","meta":{"footnotes":""},"class_list":["post-69","page","type-page","status-publish","hentry"],"_links":{"self":[{"href":"https:\/\/wp.ufpel.edu.br\/clc\/wp-json\/wp\/v2\/pages\/69","targetHints":{"allow":["GET"]}}],"collection":[{"href":"https:\/\/wp.ufpel.edu.br\/clc\/wp-json\/wp\/v2\/pages"}],"about":[{"href":"https:\/\/wp.ufpel.edu.br\/clc\/wp-json\/wp\/v2\/types\/page"}],"author":[{"embeddable":true,"href":"https:\/\/wp.ufpel.edu.br\/clc\/wp-json\/wp\/v2\/users\/50"}],"replies":[{"embeddable":true,"href":"https:\/\/wp.ufpel.edu.br\/clc\/wp-json\/wp\/v2\/comments?post=69"}],"version-history":[{"count":21,"href":"https:\/\/wp.ufpel.edu.br\/clc\/wp-json\/wp\/v2\/pages\/69\/revisions"}],"predecessor-version":[{"id":17194,"href":"https:\/\/wp.ufpel.edu.br\/clc\/wp-json\/wp\/v2\/pages\/69\/revisions\/17194"}],"wp:attachment":[{"href":"https:\/\/wp.ufpel.edu.br\/clc\/wp-json\/wp\/v2\/media?parent=69"}],"curies":[{"name":"wp","href":"https:\/\/api.w.org\/{rel}","templated":true}]}}