{"id":5372,"date":"2017-07-12T18:10:00","date_gmt":"2017-07-12T21:10:00","guid":{"rendered":"https:\/\/wp.ufpel.edu.br\/clc\/?page_id=5372"},"modified":"2022-11-21T14:10:30","modified_gmt":"2022-11-21T17:10:30","slug":"projetos-de-extensao","status":"publish","type":"page","link":"https:\/\/wp.ufpel.edu.br\/clc\/projetos-de-extensao\/","title":{"rendered":"Projetos de Extens\u00e3o desenvolvidos"},"content":{"rendered":"<h3><strong>Dados de 2021 &#8211;<\/strong>\u00a0<a href=\"https:\/\/wp.me\/P8BNZR-3EP\">confira nesta p\u00e1gina.<\/a><\/h3>\n<h3><strong>Dados de 2020 <\/strong>&#8211;\u00a0<a href=\"https:\/\/wp.me\/P8BNZR-3lw\">confira nesta p\u00e1gina<\/a><\/h3>\n<h3><strong>Dados de 2018 &#8211;<\/strong> <a href=\"https:\/\/wp.me\/P8BNZR-2ON\" target=\"_blank\" rel=\"noopener noreferrer\">confira nesta p\u00e1gina<\/a><\/h3>\n<h3 style=\"text-align: justify\"><strong>Dados de 2017\u00a0<\/strong>&#8211; <a href=\"https:\/\/wp.me\/P8BNZR-1Kv\" target=\"_blank\" rel=\"noopener noreferrer\">confira nesta p\u00e1gina<\/a><\/h3>\n<p style=\"text-align: center\"><span style=\"background-color: #f5c1c1;font-size: 14pt\"><strong>DADOS DE 2022<br \/>\n<span style=\"background-color: #ffffff\">Levantamento realizado em 21\/11\/22<\/span><\/strong><\/span><\/p>\n<p style=\"text-align: center\">Para mais informa\u00e7\u00f5es, pesquisar em <a href=\"https:\/\/institucional.ufpel.edu.br\/\" target=\"_blank\" rel=\"noopener\">https:\/\/institucional.ufpel.edu.br\/<\/a><br \/>\npelo t\u00edtulo do projeto<\/p>\n<table>\n<tbody>\n<tr>\n<td style=\"width: 218px\"><span style=\"font-weight: 400\">T\u00cdTULO<\/span><\/td>\n<td style=\"width: 172px\"><span style=\"font-weight: 400\">COORDENA\u00c7\u00c3O<\/span><\/td>\n<td style=\"width: 137px\"><span style=\"font-weight: 400\">IN\u00cdCIO<\/span><\/td>\n<td style=\"width: 138px\"><span style=\"font-weight: 400\">FIM<\/span><\/td>\n<\/tr>\n<tr>\n<td style=\"width: 218px\"><a href=\"https:\/\/institucional.ufpel.edu.br\/projetos\/id\/u879\"><span style=\"font-weight: 400\">A comunidade surda reinventando a arte do Bal\u00e9<\/span><\/a><\/td>\n<td style=\"width: 172px\"><span style=\"font-weight: 400\">Karina Avila Pereira<\/span><\/td>\n<td style=\"width: 137px\"><span style=\"font-weight: 400\">05\/10\/2017<\/span><\/td>\n<td style=\"width: 138px\"><span style=\"font-weight: 400\">21\/04\/2027<\/span><\/td>\n<\/tr>\n<tr>\n<td style=\"width: 218px\"><a href=\"https:\/\/institucional.ufpel.edu.br\/projetos\/id\/u2464\"><span style=\"font-weight: 400\">A Educomunica\u00e7\u00e3o no Desenvolvimento de Podcasts<\/span><\/a><\/td>\n<td style=\"width: 172px\"><span style=\"font-weight: 400\">Marislei da Silveira Ribeiro<\/span><\/td>\n<td style=\"width: 137px\"><span style=\"font-weight: 400\">12\/04\/2021<\/span><\/td>\n<td style=\"width: 138px\"><span style=\"font-weight: 400\">31\/12\/2024<\/span><\/td>\n<\/tr>\n<tr>\n<td style=\"width: 218px\"><span style=\"font-weight: 400\">A EXPERI\u00caNCIA COMO RECOMPENSA<\/span><\/td>\n<td style=\"width: 172px\"><a href=\"https:\/\/institucional.ufpel.edu.br\/servidores\/id\/6098\"><span style=\"font-weight: 400\">FELIPE ESTRELA CAMPAL<\/span><\/a><\/td>\n<td style=\"width: 137px\"><span style=\"font-weight: 400\">25\/07\/2022<\/span><\/td>\n<td style=\"width: 138px\"><span style=\"font-weight: 400\">29\/11\/2024<\/span><\/td>\n<\/tr>\n<tr>\n<td style=\"width: 218px\"><a href=\"https:\/\/institucional.ufpel.edu.br\/projetos\/id\/u1882\"><span style=\"font-weight: 400\">Ag\u00eancia Experimental de Comunica\u00e7\u00e3o do Curso de Jornalismo &#8211; Marte Ag\u00eancia de Conte\u00fado<\/span><\/a><\/td>\n<td style=\"width: 172px\"><span style=\"font-weight: 400\">Marislei da Silveira Ribeiro<\/span><\/td>\n<td style=\"width: 137px\"><span style=\"font-weight: 400\">15\/09\/2019 &#8211;\u00a0<\/span><\/td>\n<td style=\"width: 138px\"><span style=\"font-weight: 400\">15\/09\/2023<\/span><\/td>\n<\/tr>\n<tr>\n<td style=\"width: 218px\"><span style=\"font-weight: 400\">CAMINHOS DA TRADU\u00c7\u00c3O ACESS\u00cdVEL\/CAMINOS DE LA TRADUCCI\u00d3N ACCESIBLE<\/span><\/td>\n<td style=\"width: 172px\"><a href=\"https:\/\/institucional.ufpel.edu.br\/servidores\/id\/35480\"><span style=\"font-weight: 400\">MARISA HELENA DEGASPERI<\/span><\/a><\/td>\n<td style=\"width: 137px\"><span style=\"font-weight: 400\">25\/03\/2022<\/span><\/td>\n<td style=\"width: 138px\"><span style=\"font-weight: 400\">15\/07\/2023<\/span><\/td>\n<\/tr>\n<tr>\n<td style=\"width: 218px\"><a href=\"https:\/\/institucional.ufpel.edu.br\/projetos\/id\/u1660\"><span style=\"font-weight: 400\">Capacita\u00e7\u00e3o de tutores do Curso de Letras Espanhol EAD: aprofundando saberes<\/span><\/a><\/td>\n<td style=\"width: 172px\"><span style=\"font-weight: 400\">Cintia Avila Blank<\/span><\/td>\n<td style=\"width: 137px\"><span style=\"font-weight: 400\">10\/06\/19<\/span><\/td>\n<td style=\"width: 138px\"><span style=\"font-weight: 400\">10\/06\/2024<\/span><\/td>\n<\/tr>\n<tr>\n<td style=\"width: 218px\">\n<p><span style=\"font-weight: 400\">Col\u00f3quios do CLC<\/span><\/p>\n<p>&nbsp;<\/td>\n<td style=\"width: 172px\"><span style=\"font-weight: 400\">Marislei da Silveira Ribeiro<\/span><\/td>\n<td style=\"width: 137px\"><span style=\"font-weight: 400\">14\/07\/2020<\/span><\/td>\n<td style=\"width: 138px\"><span style=\"font-weight: 400\">14\/07\/2024<\/span><\/td>\n<\/tr>\n<tr>\n<td style=\"width: 218px\"><a href=\"https:\/\/institucional.ufpel.edu.br\/projetos\/id\/u1432\"><span style=\"font-weight: 400\">Compartilhando Conhecimentos sobre Epistemologia Surda: Estudos das L\u00ednguas de Sinais e Estudos Surdos<\/span><\/a><\/td>\n<td style=\"width: 172px\"><span style=\"font-weight: 400\">Fabiano Souto Rosa<\/span><\/td>\n<td style=\"width: 137px\"><span style=\"font-weight: 400\">11\/03\/2019<\/span><\/td>\n<td style=\"width: 138px\"><span style=\"font-weight: 400\">10\/03\/2023<\/span><\/td>\n<\/tr>\n<tr>\n<td style=\"width: 218px\"><a href=\"https:\/\/institucional.ufpel.edu.br\/projetos\/id\/u11\"><span style=\"font-weight: 400\">Cursos de L\u00ednguas<\/span><\/a><span style=\"font-weight: 400\">\u00a0<\/span><\/td>\n<td style=\"width: 172px\"><span style=\"font-weight: 400\">Marislei da Silveira Ribeiro<\/span><\/td>\n<td style=\"width: 137px\"><span style=\"font-weight: 400\">05\/01\/2021<\/span><\/td>\n<td style=\"width: 138px\"><span style=\"font-weight: 400\">04\/01\/2025<\/span><\/td>\n<\/tr>\n<tr>\n<td style=\"width: 218px\"><span style=\"font-weight: 400\">EM PAUTA, AG\u00caNCIA EXPERIMENTAL DE NOT\u00cdCIA DO CURSO DE JORNALISMO UFPEL<\/span><\/td>\n<td style=\"width: 172px\"><a href=\"https:\/\/institucional.ufpel.edu.br\/servidores\/id\/48997\"><span style=\"font-weight: 400\">CARLOS ANDRE ECHENIQUE DOMINGUEZ<\/span><\/a><\/td>\n<td style=\"width: 137px\"><span style=\"font-weight: 400\">26\/08\/2019<\/span><\/td>\n<td style=\"width: 138px\"><span style=\"font-weight: 400\">21\/08\/2023<\/span><\/td>\n<\/tr>\n<tr>\n<td style=\"width: 218px\"><span style=\"font-weight: 400\">ESTUDOS DE L\u00cdNGUA PORTUGUESA NA EXTENS\u00c3O<\/span><\/td>\n<td style=\"width: 172px\"><span style=\"font-weight: 400\">PAULA FERNANDA EICK CARDOSO<\/span><\/td>\n<td style=\"width: 137px\"><span style=\"font-weight: 400\">05\/09\/2022<\/span><\/td>\n<td style=\"width: 138px\"><span style=\"font-weight: 400\">20\/12\/2025<\/span><\/td>\n<\/tr>\n<tr>\n<td style=\"width: 218px\"><a href=\"https:\/\/institucional.ufpel.edu.br\/projetos\/id\/u323\"><span style=\"font-weight: 400\">Inclus\u00e3o digital e Promo\u00e7\u00e3o dos Direitos Sociais &#8211; Utiliza\u00e7\u00e3o da WebR\u00e1dio e WebTV para criar um ambiente interativo entre universidade e sociedade<\/span><\/a><\/td>\n<td style=\"width: 172px\"><span style=\"font-weight: 400\">Marislei da Silveira Ribeiro<\/span><\/td>\n<td style=\"width: 137px\"><span style=\"font-weight: 400\">24\/04\/2017<\/span><\/td>\n<td style=\"width: 138px\"><span style=\"font-weight: 400\"> 20\/04\/2025<\/span><\/td>\n<\/tr>\n<tr>\n<td style=\"width: 218px\"><span style=\"font-weight: 400\">JORNALISMO E FINAN\u00c7AS: PRODU\u00c7\u00c3O DO SITE SUPER\u00c1VIT CASEIRO<\/span><\/td>\n<td style=\"width: 172px\"><a href=\"https:\/\/institucional.ufpel.edu.br\/servidores\/id\/64017\"><span style=\"font-weight: 400\">EDUARDO RITTER<\/span><\/a><\/td>\n<td style=\"width: 137px\"><span style=\"font-weight: 400\">01\/03\/2022<\/span><\/td>\n<td style=\"width: 138px\"><span style=\"font-weight: 400\">20\/12\/2024<\/span><\/td>\n<\/tr>\n<tr>\n<td style=\"width: 218px\"><span style=\"font-weight: 400\">LABORAT\u00d3RIO N\u00daCLEO DE TRADU\u00c7\u00c3O E DE ACESSIBILIDADE VISUAL \u2013 LANTRAV<\/span><\/td>\n<td style=\"width: 172px\"><a href=\"https:\/\/institucional.ufpel.edu.br\/servidores\/id\/35480\"><span style=\"font-weight: 400\">MARISA HELENA DEGASPERI<\/span><\/a><\/td>\n<td style=\"width: 137px\"><span style=\"font-weight: 400\">01\/10\/2022<\/span><\/td>\n<td style=\"width: 138px\"><span style=\"font-weight: 400\">01\/10\/2023<\/span><\/td>\n<\/tr>\n<tr>\n<td style=\"width: 218px\"><a href=\"https:\/\/institucional.ufpel.edu.br\/projetos\/id\/u1751\"><span style=\"font-weight: 400\">N\u00facleo de Comunica\u00e7\u00e3o do CLC<\/span><\/a><\/td>\n<td style=\"width: 172px\"><span style=\"font-weight: 400\">Daniela Silva Agendes<\/span><\/td>\n<td style=\"width: 137px\"><span style=\"font-weight: 400\">20\/06\/2019<\/span><\/td>\n<td style=\"width: 138px\"><span style=\"font-weight: 400\">20\/06\/2023<\/span><\/td>\n<\/tr>\n<tr>\n<td style=\"width: 218px\"><span style=\"font-weight: 400\">POMERANO: L\u00cdNGUA VIVA<\/span><\/td>\n<td style=\"width: 172px\"><a href=\"https:\/\/institucional.ufpel.edu.br\/servidores\/id\/169439\"><span style=\"font-weight: 400\">BERNARDO KOLLING LIMBERGER<\/span><\/a><\/td>\n<td style=\"width: 137px\"><span style=\"font-weight: 400\">07\/03\/2022<\/span><\/td>\n<td style=\"width: 138px\"><span style=\"font-weight: 400\">05\/03\/2026<\/span><\/td>\n<\/tr>\n<tr>\n<td style=\"width: 218px\"><span style=\"font-weight: 400\">PRODU\u00c7\u00c3O DE JORNALISMO INDEPENDENTE E FEMINISTA COM O GAMP<\/span><\/td>\n<td style=\"width: 172px\"><a href=\"https:\/\/institucional.ufpel.edu.br\/servidores\/id\/34003\"><span style=\"font-weight: 400\">SILVIA PORTO MEIRELLES LEITE<\/span><\/a><\/td>\n<td style=\"width: 137px\"><span style=\"font-weight: 400\">22\/03\/2022<\/span><\/td>\n<td style=\"width: 138px\"><span style=\"font-weight: 400\">22\/03\/2024<\/span><\/td>\n<\/tr>\n<tr>\n<td style=\"width: 218px\"><span style=\"font-weight: 400\">PRODU\u00c7\u00c3O EDITORIAL JORNAL\u00cdSTICA DO SITE E-CULT<\/span><\/td>\n<td style=\"width: 172px\"><a href=\"https:\/\/institucional.ufpel.edu.br\/servidores\/id\/134838\"><span style=\"font-weight: 400\">GILMAR ADOLFO HERMES<\/span><\/a><\/td>\n<td style=\"width: 137px\"><span style=\"font-weight: 400\">01\/08\/2022<\/span><\/td>\n<td style=\"width: 138px\"><span style=\"font-weight: 400\">31\/07\/2024<\/span><\/td>\n<\/tr>\n<tr>\n<td style=\"width: 218px\"><span style=\"font-weight: 400\">REDE IDIOMAS SEM FRONTEIRAS \u2013 N\u00daCLEO DE L\u00cdNGUAS (NUCLI)\/UFPEL<\/span><\/td>\n<td style=\"width: 172px\"><a href=\"https:\/\/institucional.ufpel.edu.br\/servidores\/id\/191312\"><span style=\"font-weight: 400\">HELENA VITALINA SELBACH<\/span><\/a><\/td>\n<td style=\"width: 137px\"><span style=\"font-weight: 400\">14\/04\/2022<\/span><\/td>\n<td style=\"width: 138px\"><span style=\"font-weight: 400\">31\/12\/2022<\/span><\/td>\n<\/tr>\n<tr>\n<td style=\"width: 218px\"><span style=\"font-weight: 400\">REMI\u00c7\u00c3O DE PENA ATRAV\u00c9S DA PR\u00c1TICA DE LEITURA NO PRES\u00cdDIO REGIONAL DE PELOTAS<\/span><\/td>\n<td style=\"width: 172px\"><a href=\"https:\/\/institucional.ufpel.edu.br\/servidores\/id\/30955\"><span style=\"font-weight: 400\">JOAO LUIS PEREIRA OURIQUE<\/span><\/a><\/td>\n<td style=\"width: 137px\"><span style=\"font-weight: 400\">01\/04\/2019<\/span><\/td>\n<td style=\"width: 138px\"><span style=\"font-weight: 400\">28\/03\/2024<\/span><\/td>\n<\/tr>\n<tr>\n<td style=\"width: 218px\"><a href=\"https:\/\/institucional.ufpel.edu.br\/projetos\/id\/u1498\"><span style=\"font-weight: 400\">Site Arte no Sul<\/span><\/a><\/td>\n<td style=\"width: 172px\"><span style=\"font-weight: 400\">Gilmar Adolfo Hermes<\/span><\/td>\n<td style=\"width: 137px\"><span style=\"font-weight: 400\">18\/03\/2019<\/span><\/td>\n<td style=\"width: 138px\"><span style=\"font-weight: 400\">18\/03\/2023<\/span><\/td>\n<\/tr>\n<tr>\n<td style=\"width: 218px\"><span style=\"font-weight: 400\">TESTE DE COMPET\u00caNCIA LEITORA EM L\u00cdNGUA ESTRANGEIRA<\/span><\/td>\n<td style=\"width: 172px\"><a href=\"https:\/\/institucional.ufpel.edu.br\/servidores\/id\/133399\"><span style=\"font-weight: 400\">MARISLEI DA SILVEIRA RIBEIRO<\/span><\/a><\/td>\n<td style=\"width: 137px\"><span style=\"font-weight: 400\">02\/05\/2019<\/span><\/td>\n<td style=\"width: 138px\"><span style=\"font-weight: 400\">02\/05\/2023<\/span><\/td>\n<\/tr>\n<tr>\n<td style=\"width: 218px\"><span style=\"font-weight: 400\">TRADU\u00c7\u00c3O, INTERPRETA\u00c7\u00c3O, MEDIA\u00c7\u00c3O LINGU\u00cdSTICA E DISSEMINA\u00c7\u00c3O DE INFORMA\u00c7\u00d5ES \u00c0 COMUNIDADE<\/span><\/td>\n<td style=\"width: 172px\"><span style=\"font-weight: 400\">Andrea Cristiane Kahmann<\/span><\/td>\n<td style=\"width: 137px\"><span style=\"font-weight: 400\">26\/07\/2021<\/span><\/td>\n<td style=\"width: 138px\"><span style=\"font-weight: 400\">26\/07\/2025<\/span><\/td>\n<\/tr>\n<tr>\n<td style=\"width: 218px\"><a href=\"https:\/\/institucional.ufpel.edu.br\/projetos\/id\/u495\"><span style=\"font-weight: 400\">TV UFPEL <\/span><span style=\"font-weight: 400\">EM<\/span><span style=\"font-weight: 400\"> PAUTA<\/span><\/a><\/td>\n<td style=\"width: 172px\"><a href=\"https:\/\/institucional.ufpel.edu.br\/servidores\/id\/133399\"><span style=\"font-weight: 400\">MARISLEI DA SILVEIRA RIBEIRO<\/span><\/a><\/td>\n<td style=\"width: 137px\"><span style=\"font-weight: 400\">03\/05\/2017<\/span><\/td>\n<td style=\"width: 138px\"><span style=\"font-weight: 400\">03\/05\/2025<\/span><\/td>\n<\/tr>\n<tr>\n<td style=\"width: 218px\"><span style=\"font-weight: 400\">VERIFATO: EDUCA\u00c7\u00c3O MIDI\u00c1TICA E COMBATE \u00c0 DESINFORMA\u00c7\u00c3O NA EDUCA\u00c7\u00c3O B\u00c1SICA<\/span><\/td>\n<td style=\"width: 172px\"><a href=\"https:\/\/institucional.ufpel.edu.br\/servidores\/id\/34003\"><span style=\"font-weight: 400\">SILVIA PORTO MEIRELLES LEITE<\/span><\/a><\/td>\n<td style=\"width: 137px\"><span style=\"font-weight: 400\">24\/03\/2021<\/span><\/td>\n<td style=\"width: 138px\"><span style=\"font-weight: 400\">31\/12\/2022<\/span><\/td>\n<\/tr>\n<tr>\n<td style=\"width: 218px\"><a href=\"https:\/\/institucional.ufpel.edu.br\/projetos\/id\/u1904\"><span style=\"font-weight: 400\">Voo livre em Libras: vida com as aves<\/span><\/a><\/td>\n<td style=\"width: 172px\"><span style=\"font-weight: 400\">Fabiano Souto Rosa<\/span><\/td>\n<td style=\"width: 137px\"><span style=\"font-weight: 400\">18\/10\/2019<\/span><\/td>\n<td style=\"width: 138px\"><span style=\"font-weight: 400\">31\/12\/2022<\/span><\/td>\n<\/tr>\n<\/tbody>\n<\/table>\n<p>&nbsp;<\/p>\n","protected":false},"excerpt":{"rendered":"<p>Dados de 2021 &#8211;\u00a0confira nesta p\u00e1gina. Dados de 2020 &#8211;\u00a0confira nesta p\u00e1gina Dados de 2018 &#8211; confira nesta p\u00e1gina Dados de 2017\u00a0&#8211; confira nesta p\u00e1gina DADOS DE 2022 Levantamento realizado em 21\/11\/22 Para mais informa\u00e7\u00f5es, pesquisar em https:\/\/institucional.ufpel.edu.br\/ pelo t\u00edtulo &hellip; <a href=\"https:\/\/wp.ufpel.edu.br\/clc\/projetos-de-extensao\/\">Continue lendo <span class=\"meta-nav\">&rarr;<\/span><\/a><\/p>\n","protected":false},"author":50,"featured_media":0,"parent":0,"menu_order":0,"comment_status":"closed","ping_status":"closed","template":"","meta":{"footnotes":""},"class_list":["post-5372","page","type-page","status-publish","hentry"],"_links":{"self":[{"href":"https:\/\/wp.ufpel.edu.br\/clc\/wp-json\/wp\/v2\/pages\/5372","targetHints":{"allow":["GET"]}}],"collection":[{"href":"https:\/\/wp.ufpel.edu.br\/clc\/wp-json\/wp\/v2\/pages"}],"about":[{"href":"https:\/\/wp.ufpel.edu.br\/clc\/wp-json\/wp\/v2\/types\/page"}],"author":[{"embeddable":true,"href":"https:\/\/wp.ufpel.edu.br\/clc\/wp-json\/wp\/v2\/users\/50"}],"replies":[{"embeddable":true,"href":"https:\/\/wp.ufpel.edu.br\/clc\/wp-json\/wp\/v2\/comments?post=5372"}],"version-history":[{"count":49,"href":"https:\/\/wp.ufpel.edu.br\/clc\/wp-json\/wp\/v2\/pages\/5372\/revisions"}],"predecessor-version":[{"id":5487,"href":"https:\/\/wp.ufpel.edu.br\/clc\/wp-json\/wp\/v2\/pages\/5372\/revisions\/5487"}],"wp:attachment":[{"href":"https:\/\/wp.ufpel.edu.br\/clc\/wp-json\/wp\/v2\/media?parent=5372"}],"curies":[{"name":"wp","href":"https:\/\/api.w.org\/{rel}","templated":true}]}}