{"id":5368,"date":"2017-07-12T17:54:14","date_gmt":"2017-07-12T20:54:14","guid":{"rendered":"https:\/\/wp.ufpel.edu.br\/clc\/?page_id=5368"},"modified":"2023-06-19T15:27:39","modified_gmt":"2023-06-19T18:27:39","slug":"certificados-de-extensao","status":"publish","type":"page","link":"https:\/\/wp.ufpel.edu.br\/clc\/certificados-de-extensao\/","title":{"rendered":"Certificados de Extens\u00e3o"},"content":{"rendered":"<p style=\"text-align: justify;\">Os <strong>certificados<\/strong>\u00a0dos projetos de extens\u00e3o do Centro de Letras e Comunica\u00e7\u00e3o (CLC) s\u00e3o emitidos pela <a href=\"https:\/\/wp.ufpel.edu.br\/prec\/\" target=\"_blank\" rel=\"noopener noreferrer\">Pr\u00f3-Reitoria de Extens\u00e3o e Cultura da UFPel<\/a>. Eles costumam levar em torno de seis meses a um ano para ficarem prontos, ap\u00f3s o pedido feito pela coordena\u00e7\u00e3o do curso.<\/p>\n<p style=\"text-align: justify;\"><strong>Projetos realizados a partir de 2017:<\/strong> os certificados ser\u00e3o enviados <strong>por e-mail<\/strong> a todos os participantes.<\/p>\n<p style=\"text-align: justify;\">\u00c9 poss\u00edvel solicitar um <strong>atestado provis\u00f3rio<\/strong>, emitido pela C\u00e2mara de Extens\u00e3o do CLC. Basta fazer o pedido pelo e-mail <a href=\"mailto:caextufpel@gmail.com\">caextufpel@gmail.com<\/a>. Voc\u00ea receber\u00e1 as informa\u00e7\u00f5es necess\u00e1rias para a retirada.<\/p>\n<h3 style=\"text-align: justify;\"><strong><span style=\"background-color: #ccffcc;\">Certificados dispon\u00edveis<br \/>\n<\/span><br \/>\n<\/strong><a href=\"https:\/\/docs.google.com\/document\/d\/1MCgA8zH6HAi3fdn9XIbnfEvf0UMSWGZF9MFITXay5XI\/edit?usp=sharing\" target=\"_blank\" rel=\"noopener noreferrer\">Confira os certificados dispon\u00edveis para retirada na CaExt<\/a>.\u00a0O participante precisa apresentar documento de identidade para retirar o documento. Retirada no turno da tarde, na sala 102 do CLC.<\/h3>\n<p><span style=\"background-color: #fae8f9;\"><strong>Recebidos at\u00e9 julho de 2018<\/strong><\/span><\/p>\n<p><em>PROJETOS REALIZADOS EM 2016<\/em><\/p>\n<ul>\n<li><span style=\"font-weight: 400;\"> \u00a0\u00a0\u00a0\u00a0\u00a0\u00a0<\/span><b>Ciclo de Palestras Aspectos e Desafios da Francofonia XIII (2016)<\/b><span style=\"font-weight: 400;\"> &#8211; coord.: Maristela Gon\u00e7alves Sousa Machado<\/span><\/li>\n<li><span style=\"font-weight: 400;\"> \u00a0\u00a0\u00a0\u00a0\u00a0\u00a0<\/span><b>Ciclo de Palestras Ingl\u00eas sem Fronteiras <\/b><span style=\"font-weight: 400;\">\u2013 coord: Leticia Stander<\/span><\/li>\n<li><span style=\"font-weight: 400;\"> \u00a0\u00a0\u00a0\u00a0\u00a0\u00a0<\/span><b>Curso Fundamentos de \u00c1udio-descri\u00e7\u00e3o &#8211; M\u00f3dulo I &#8211;<\/b><span style=\"font-weight: 400;\"> coord.: Marisa Helena Degasperi<\/span><\/li>\n<li><span style=\"font-weight: 400;\"> \u00a0\u00a0\u00a0\u00a0\u00a0\u00a0<\/span><b>Ensino de Literatura para Alunos<\/b> <b>Surdos (coord. e ministrante)<\/b><span style=\"font-weight: 400;\"> &#8211; coord.: Aline de Castro e Kaster<\/span><\/li>\n<li><span style=\"font-weight: 400;\"> \u00a0\u00a0\u00a0\u00a0\u00a0\u00a0<\/span><b>F\u00d3RUM DE DISCUSS\u00c3O SOBRE A DISCIPLINA DE LIBRAS NA FORMA\u00c7\u00c3O DE PROFESSORES: que desafios se apresentam ap\u00f3s 10 anos de promulga\u00e7\u00e3o do Decreto Federal n\u00ba 5626\/2005? \u2013<\/b><span style=\"font-weight: 400;\"> coord.: Angela Nediane<\/span><\/li>\n<li><span style=\"font-weight: 400;\"> \u00a0\u00a0\u00a0\u00a0\u00a0\u00a0<\/span><b>L\u00edngua Francesa no Instituto Federal Sul-Riograndense (ministrantes)<\/b><span style=\"font-weight: 400;\"> &#8211; coord.: Maristela Gon\u00e7alves Sousa Machado<\/span><\/li>\n<li><span style=\"font-weight: 400;\"> \u00a0\u00a0\u00a0\u00a0\u00a0\u00a0<\/span><b>O franc\u00eas pelo cinema <\/b><span style=\"font-weight: 400;\">&#8211; coord.: \u00a0Isabella Ferreira Mozillo<\/span><\/li>\n<li><span style=\"font-weight: 400;\"> \u00a0\u00a0\u00a0\u00a0\u00a0\u00a0<\/span><b>Palestra &#8220;A pesquisa acad\u00eamica no Jornalismo&#8221; <\/b><span style=\"font-weight: 400;\">&#8211; coord.: Luciana Iost Vinhas<\/span><\/li>\n<li><span style=\"font-weight: 400;\"> \u00a0\u00a0\u00a0\u00a0\u00a0\u00a0<\/span><b>Teatro em Franc\u00eas <\/b><span style=\"font-weight: 400;\">&#8211; coord.: Maristela Gon\u00e7alves Sousa Machado<\/span><\/li>\n<li><span style=\"font-weight: 400;\"> \u00a0\u00a0\u00a0\u00a0\u00a0\u00a0<\/span><b>Ultrapassando fronteiras: visibilidade e acessibilidade do site do PPG Letras Mestrado UFPel <\/b><span style=\"font-weight: 400;\">coord.: Roberta Rego Rodrigues<\/span><\/li>\n<li><span style=\"font-weight: 400;\"> \u00a0\u00a0\u00a0\u00a0\u00a0\u00a0<\/span><b>Uma ponte entre ci\u00eancia e espiritualidade: elos que se entrecruzam na busca do saber e do autodescobrimento <\/b><span style=\"font-weight: 400;\">&#8211; coord.: Vanessa Doumid Damasceno<\/span><\/li>\n<li><span style=\"font-weight: 400;\"> \u00a0\u00a0\u00a0\u00a0\u00a0\u00a0<\/span><b>Vivendo a literatura na escola <\/b><span style=\"font-weight: 400;\">&#8211; coord.: Mitizi de Miranda Gomes<br \/>\n<\/span><\/li>\n<li><span style=\"font-weight: 400;\"> \u00a0\u00a0\u00a0\u00a0\u00a0\u00a0<\/span><b>Franc\u00eas B\u00e1sico<\/b> <b>2016-1:<\/b><span style=\"font-weight: 400;\"> coord.: Ana Maria Cavalheiro<\/span><\/li>\n<li><span style=\"font-weight: 400;\"> \u00a0\u00a0\u00a0\u00a0\u00a0\u00a0Franc\u00eas B\u00e1sico I<\/span><\/li>\n<li><span style=\"font-weight: 400;\"> \u00a0\u00a0\u00a0\u00a0\u00a0\u00a0Franc\u00eas B\u00e1sico II<\/span><\/li>\n<li><span style=\"font-weight: 400;\"> \u00a0\u00a0\u00a0\u00a0\u00a0\u00a0Franc\u00eas B\u00e1sico III<\/span><\/li>\n<li><span style=\"font-weight: 400;\"> \u00a0\u00a0\u00a0\u00a0\u00a0\u00a0Franc\u00eas B\u00e1sico IV<\/span><\/li>\n<li><span style=\"font-weight: 400;\"> \u00a0\u00a0\u00a0\u00a0\u00a0\u00a0<\/span><b>Franc\u00eas B\u00e1sico 2016-2:<\/b><\/li>\n<li><span style=\"font-weight: 400;\"> \u00a0\u00a0\u00a0\u00a0\u00a0\u00a0Franc\u00eas B\u00e1sico I<\/span><\/li>\n<li><span style=\"font-weight: 400;\"> \u00a0\u00a0\u00a0\u00a0\u00a0\u00a0Franc\u00eas B\u00e1sico II<\/span><\/li>\n<li><span style=\"font-weight: 400;\"> \u00a0\u00a0\u00a0\u00a0\u00a0\u00a0Franc\u00eas B\u00e1sico III &#8211; coord.: Mariza Zanini<\/span><\/li>\n<li><span style=\"font-weight: 400;\"><span style=\"font-weight: 400;\"> \u00a0\u00a0\u00a0\u00a0\u00a0\u00a0Franc\u00eas B\u00e1sico IV.<\/span><\/span><\/li>\n<li><span style=\"font-weight: 400;\"> \u00a0\u00a0\u00a0\u00a0\u00a0Ingl\u00eas B\u00e1sico I (2016-1 e 2016-2);<\/span><\/li>\n<li><span style=\"font-weight: 400;\"> \u00a0\u00a0\u00a0\u00a0\u00a0\u00a0Ingl\u00eas B\u00e1sico II (2016-2) (n\u00edvel II pendente para 2016-1);<\/span><\/li>\n<li><span style=\"font-weight: 400;\"> \u00a0\u00a0\u00a0\u00a0\u00a0\u00a0Curso de Ingl\u00eas B\u00e1sico III (2016-1 e 2016-2);<\/span><\/li>\n<li><span style=\"font-weight: 400;\"> \u00a0\u00a0\u00a0\u00a0\u00a0\u00a0Curso de Ingl\u00eas B\u00e1sico IV (2016-1 e 2016-2);<\/span><\/li>\n<li><span style=\"font-weight: 400;\"><span style=\"font-weight: 400;\"> \u00a0\u00a0\u00a0\u00a0\u00a0\u00a0Curso de Leitura em L\u00edngua Inglesa (2016-1 e 2016-2).<\/span><\/span><\/li>\n<li><span style=\"font-weight: 400;\"> \u00a0\u00a0\u00a0\u00a0\u00a0\u00a0Espanhol B\u00e1sico para Viagens (2016);<\/span><\/li>\n<li><span style=\"font-weight: 400;\"> \u00a0\u00a0\u00a0\u00a0\u00a0\u00a0Curso de espanhol B\u00e1sico para funcion\u00e1rios da Prefeitura Municipal de Pelotas &#8211; Secretaria de Tr\u00e2nsito (2016);<\/span><\/li>\n<li><span style=\"font-weight: 400;\"> \u00a0\u00a0\u00a0\u00a0\u00a0\u00a0Espanhol para comunidade (2016);<\/span><\/li>\n<li>Alem\u00e3o B\u00e1sico I (2016-1 e 2016-2);<\/li>\n<li><span style=\"font-weight: 400;\">Espanhol B\u00e1sico I ao IV e conversa\u00e7\u00e3o (t\u00e9rmino do n\u00edvel IV em 2016-1 e 2).<\/span><\/li>\n<\/ul>\n<p><strong>Recebido em 2019:<\/strong><\/p>\n<ul>\n<li>Palavras de Ordem-Poder lingu\u00edstico e mundo de imagens em Lutero<\/li>\n<\/ul>\n","protected":false},"excerpt":{"rendered":"<p>Os certificados\u00a0dos projetos de extens\u00e3o do Centro de Letras e Comunica\u00e7\u00e3o (CLC) s\u00e3o emitidos pela Pr\u00f3-Reitoria de Extens\u00e3o e Cultura da UFPel. Eles costumam levar em torno de seis meses a um ano para ficarem prontos, ap\u00f3s o pedido feito &hellip; <a href=\"https:\/\/wp.ufpel.edu.br\/clc\/certificados-de-extensao\/\">Continue lendo <span class=\"meta-nav\">&rarr;<\/span><\/a><\/p>\n","protected":false},"author":50,"featured_media":0,"parent":0,"menu_order":0,"comment_status":"closed","ping_status":"closed","template":"","meta":{"footnotes":""},"class_list":["post-5368","page","type-page","status-publish","hentry"],"_links":{"self":[{"href":"https:\/\/wp.ufpel.edu.br\/clc\/wp-json\/wp\/v2\/pages\/5368","targetHints":{"allow":["GET"]}}],"collection":[{"href":"https:\/\/wp.ufpel.edu.br\/clc\/wp-json\/wp\/v2\/pages"}],"about":[{"href":"https:\/\/wp.ufpel.edu.br\/clc\/wp-json\/wp\/v2\/types\/page"}],"author":[{"embeddable":true,"href":"https:\/\/wp.ufpel.edu.br\/clc\/wp-json\/wp\/v2\/users\/50"}],"replies":[{"embeddable":true,"href":"https:\/\/wp.ufpel.edu.br\/clc\/wp-json\/wp\/v2\/comments?post=5368"}],"version-history":[{"count":17,"href":"https:\/\/wp.ufpel.edu.br\/clc\/wp-json\/wp\/v2\/pages\/5368\/revisions"}],"predecessor-version":[{"id":15075,"href":"https:\/\/wp.ufpel.edu.br\/clc\/wp-json\/wp\/v2\/pages\/5368\/revisions\/15075"}],"wp:attachment":[{"href":"https:\/\/wp.ufpel.edu.br\/clc\/wp-json\/wp\/v2\/media?parent=5368"}],"curies":[{"name":"wp","href":"https:\/\/api.w.org\/{rel}","templated":true}]}}