{"id":5298,"date":"2017-07-04T15:42:59","date_gmt":"2017-07-04T18:42:59","guid":{"rendered":"https:\/\/wp.ufpel.edu.br\/clc\/?page_id=5298"},"modified":"2017-12-19T19:12:27","modified_gmt":"2017-12-19T21:12:27","slug":"conselho-universitario","status":"publish","type":"page","link":"https:\/\/wp.ufpel.edu.br\/clc\/conselho-universitario\/","title":{"rendered":"Conselho Universit\u00e1rio"},"content":{"rendered":"<p><strong>Conselho Universit\u00e1rio da UFPel:<\/strong> Convoca\u00e7\u00f5es e documentos de reuni\u00f5es das quais a Dire\u00e7\u00e3o do CLC faz parte:<\/p>\n<ul>\n<li><strong>27\/11\/17<\/strong>:<a href=\"https:\/\/wp.ufpel.edu.br\/clc\/files\/2017\/12\/Convoca\u00e7\u00e3o-CONSUN-27.11.2017-14h.pdf\"><br \/>\nConvoca\u00e7\u00e3o CONSUN 27.11.2017 &#8211; 14h<\/a><br \/>\n<a href=\"https:\/\/wp.ufpel.edu.br\/clc\/files\/2017\/12\/Convoca\u00e7\u00e3o-CONSUN-27.11.2017-15h.pdf\">Convoca\u00e7\u00e3o CONSUN 27.11.2017 &#8211; 15h<\/a><\/li>\n<\/ul>\n<p>&nbsp;<\/p>\n<ul>\n<li><strong>03\/10\/2017:<\/strong><\/li>\n<\/ul>\n<p><a href=\"https:\/\/wp.ufpel.edu.br\/clc\/files\/2017\/07\/Convoca\u00e7\u00e3o-03-de-outubro.2017.pdf\">Convoca\u00e7\u00e3o 03 de outubro.2017<\/a><\/p>\n<ul>\n<li><strong>28\/09\/17:<\/strong><\/li>\n<\/ul>\n<p><a href=\"https:\/\/wp.ufpel.edu.br\/clc\/files\/2017\/07\/Conv-reuni\u00e3o-de-28-de-setembro-14h-2017-1.doc\">Conv reuni\u00e3o de 28 de setembro 14h 2017 (1)<br \/>\n<\/a><a href=\"https:\/\/wp.ufpel.edu.br\/clc\/files\/2017\/07\/Conv-reuni\u00e3o-de-28-de-setembro-14.30h-2017-1.doc\">Conv reuni\u00e3o de 28 de setembro 14.30h 2017 (1)<br \/>\n<\/a><a href=\"https:\/\/wp.ufpel.edu.br\/clc\/files\/2017\/07\/Proc.-0480-Prof.-Willian.pdf\">Proc. 0480 &#8211; Prof. Willian<\/a><br \/>\n<a href=\"https:\/\/wp.ufpel.edu.br\/clc\/files\/2017\/07\/Proc.-3436.2017.65-Clineu.pdf\">Proc. 3436.2017.65 &#8211; Clineu<\/a><br \/>\n<a href=\"https:\/\/wp.ufpel.edu.br\/clc\/files\/2017\/07\/Regimento-Museus.pdf\">Regimento Museus<\/a><\/p>\n<p>&nbsp;<\/p>\n<ul>\n<li style=\"list-style-type: none\">\n<ul>\n<li style=\"list-style-type: none\">\n<ul>\n<li style=\"list-style-type: none\">\n<ul>\n<li style=\"list-style-type: none\">\n<ul>\n<li><strong>23\/06\/17:<\/strong><br \/>\n<a href=\"https:\/\/wp.ufpel.edu.br\/clc\/files\/2017\/04\/Proposta-Organograma-para-Consun-final.docx\">Proposta Organograma para Consun &#8211; final<br \/>\n<\/a><a href=\"https:\/\/wp.ufpel.edu.br\/clc\/files\/2017\/04\/Convoca\u00e7\u00e3o-14h.pdf\">Convoca\u00e7\u00e3o 14h<br \/>\n<\/a><a href=\"https:\/\/wp.ufpel.edu.br\/clc\/files\/2017\/04\/Convoca\u00e7\u00e3o-15h.pdf\">Convoca\u00e7\u00e3o 15h<\/a><\/li>\n<\/ul>\n<p><a href=\"https:\/\/wp.ufpel.edu.br\/clc\/files\/2017\/07\/Ata-05.2017-CONSUN.doc\">Ata 05.2017 CONSUN\u00a0<\/a> &#8211;\u00a0<a href=\"https:\/\/wp.ufpel.edu.br\/clc\/files\/2017\/07\/Ata-06.2017-CONSUN.doc\">Ata 06.2017 CONSUN<\/a><\/li>\n<li><strong>05\/07\/17:<\/strong><\/li>\n<\/ul>\n<\/li>\n<\/ul>\n<p><a href=\"https:\/\/wp.ufpel.edu.br\/clc\/files\/2017\/07\/Convoca\u00e7\u00e3o.pdf\">Convoca\u00e7\u00e3o 05\/07\/17<\/a><br \/>\n<a href=\"https:\/\/wp.ufpel.edu.br\/clc\/files\/2017\/07\/Ata-07.2017-CONSUN.doc\">Ata 07.2017 CONSUN<\/a><\/li>\n<\/ul>\n<\/li>\n<\/ul>\n","protected":false},"excerpt":{"rendered":"<p>Conselho Universit\u00e1rio da UFPel: Convoca\u00e7\u00f5es e documentos de reuni\u00f5es das quais a Dire\u00e7\u00e3o do CLC faz parte: 27\/11\/17: Convoca\u00e7\u00e3o CONSUN 27.11.2017 &#8211; 14h Convoca\u00e7\u00e3o CONSUN 27.11.2017 &#8211; 15h &nbsp; 03\/10\/2017: Convoca\u00e7\u00e3o 03 de outubro.2017 28\/09\/17: Conv reuni\u00e3o de 28 de &hellip; <a href=\"https:\/\/wp.ufpel.edu.br\/clc\/conselho-universitario\/\">Continue lendo <span class=\"meta-nav\">&rarr;<\/span><\/a><\/p>\n","protected":false},"author":50,"featured_media":0,"parent":0,"menu_order":0,"comment_status":"closed","ping_status":"closed","template":"","meta":{"footnotes":""},"class_list":["post-5298","page","type-page","status-publish","hentry"],"_links":{"self":[{"href":"https:\/\/wp.ufpel.edu.br\/clc\/wp-json\/wp\/v2\/pages\/5298","targetHints":{"allow":["GET"]}}],"collection":[{"href":"https:\/\/wp.ufpel.edu.br\/clc\/wp-json\/wp\/v2\/pages"}],"about":[{"href":"https:\/\/wp.ufpel.edu.br\/clc\/wp-json\/wp\/v2\/types\/page"}],"author":[{"embeddable":true,"href":"https:\/\/wp.ufpel.edu.br\/clc\/wp-json\/wp\/v2\/users\/50"}],"replies":[{"embeddable":true,"href":"https:\/\/wp.ufpel.edu.br\/clc\/wp-json\/wp\/v2\/comments?post=5298"}],"version-history":[{"count":6,"href":"https:\/\/wp.ufpel.edu.br\/clc\/wp-json\/wp\/v2\/pages\/5298\/revisions"}],"predecessor-version":[{"id":6054,"href":"https:\/\/wp.ufpel.edu.br\/clc\/wp-json\/wp\/v2\/pages\/5298\/revisions\/6054"}],"wp:attachment":[{"href":"https:\/\/wp.ufpel.edu.br\/clc\/wp-json\/wp\/v2\/media?parent=5298"}],"curies":[{"name":"wp","href":"https:\/\/api.w.org\/{rel}","templated":true}]}}