{"id":5230,"date":"2017-06-19T17:36:36","date_gmt":"2017-06-19T20:36:36","guid":{"rendered":"https:\/\/wp.ufpel.edu.br\/clc\/?page_id=5230"},"modified":"2017-06-19T17:42:40","modified_gmt":"2017-06-19T20:42:40","slug":"atas-reunioes-tecnicos-administrativos-clc","status":"publish","type":"page","link":"https:\/\/wp.ufpel.edu.br\/clc\/atas-reunioes-tecnicos-administrativos-clc\/","title":{"rendered":"Atas &#8211; reuni\u00f5es T\u00e9cnicos-Administrativos CLC"},"content":{"rendered":"<p>As atas assinadas est\u00e3o dispon\u00edveis na Secretaria da Dire\u00e7\u00e3o (sala 102).<\/p>\n<p><a href=\"https:\/\/wp.ufpel.edu.br\/clc\/files\/2017\/06\/Ata-taes-Coordenadoria-Administrativa-29-05-17.docx\">Ata-taes-Coordenadoria Administrativa 29-05-17<\/a><\/p>\n<p><a href=\"https:\/\/wp.ufpel.edu.br\/clc\/files\/2017\/06\/Ata-reuni\u00e3o-TAEs-30-03-2017.docx\">Ata -reuni\u00e3o TAEs 30-03-2017<\/a><\/p>\n<p>&nbsp;<\/p>\n","protected":false},"excerpt":{"rendered":"<p>As atas assinadas est\u00e3o dispon\u00edveis na Secretaria da Dire\u00e7\u00e3o (sala 102). Ata-taes-Coordenadoria Administrativa 29-05-17 Ata -reuni\u00e3o TAEs 30-03-2017 &nbsp;<\/p>\n","protected":false},"author":50,"featured_media":0,"parent":0,"menu_order":0,"comment_status":"closed","ping_status":"closed","template":"","meta":{"footnotes":""},"class_list":["post-5230","page","type-page","status-publish","hentry"],"_links":{"self":[{"href":"https:\/\/wp.ufpel.edu.br\/clc\/wp-json\/wp\/v2\/pages\/5230","targetHints":{"allow":["GET"]}}],"collection":[{"href":"https:\/\/wp.ufpel.edu.br\/clc\/wp-json\/wp\/v2\/pages"}],"about":[{"href":"https:\/\/wp.ufpel.edu.br\/clc\/wp-json\/wp\/v2\/types\/page"}],"author":[{"embeddable":true,"href":"https:\/\/wp.ufpel.edu.br\/clc\/wp-json\/wp\/v2\/users\/50"}],"replies":[{"embeddable":true,"href":"https:\/\/wp.ufpel.edu.br\/clc\/wp-json\/wp\/v2\/comments?post=5230"}],"version-history":[{"count":4,"href":"https:\/\/wp.ufpel.edu.br\/clc\/wp-json\/wp\/v2\/pages\/5230\/revisions"}],"predecessor-version":[{"id":5239,"href":"https:\/\/wp.ufpel.edu.br\/clc\/wp-json\/wp\/v2\/pages\/5230\/revisions\/5239"}],"wp:attachment":[{"href":"https:\/\/wp.ufpel.edu.br\/clc\/wp-json\/wp\/v2\/media?parent=5230"}],"curies":[{"name":"wp","href":"https:\/\/api.w.org\/{rel}","templated":true}]}}