{"id":49,"date":"2011-11-11T09:49:13","date_gmt":"2011-11-11T12:49:13","guid":{"rendered":"https:\/\/wp.ufpel.edu.br\/letras\/"},"modified":"2024-08-14T16:11:19","modified_gmt":"2024-08-14T19:11:19","slug":"tecnicos-administrativos","status":"publish","type":"page","link":"https:\/\/wp.ufpel.edu.br\/clc\/tecnicos-administrativos\/","title":{"rendered":"T\u00e9cnicos-Administrativos em Educa\u00e7\u00e3o"},"content":{"rendered":"<p><strong>Assistente de Som<\/strong><\/p>\n<p>Bruno da Silva Anana<\/p>\n<p>&nbsp;<\/p>\n<p><strong>Assistente em Administra\u00e7\u00e3o<\/strong><\/p>\n<p>Carla Rosane Carret Machado<\/p>\n<p>Daniela Silva Agendes<\/p>\n<p>Eliza\u00a0 Naomi Sato<\/p>\n<p>Guilherme Betemps Meireles<\/p>\n<p>Jean Michel Carrett Farias<\/p>\n<p>Luan Diego Badia<\/p>\n<p>Mateus \u00c1vila Tavares<\/p>\n<p>&nbsp;<\/p>\n<p><strong>Auxiliar em Administra\u00e7\u00e3o<\/strong><\/p>\n<p>Cristiane Cardoso Guidotti<\/p>\n<p>Daniel Coelho da Silva<\/p>\n<p>Maria Odete Neves Ramos<\/p>\n<p>&nbsp;<\/p>\n<p><strong>Editor de Imagens<\/strong><\/p>\n<p>Gustavo Severo Dalla Costa<\/p>\n<p>&nbsp;<\/p>\n<p><strong>Operador de C\u00e2mera de Cinema e Tv<\/strong><\/p>\n<p>Felipe Estrela Campal<\/p>\n<p>&nbsp;<\/p>\n<p><strong>T\u00e9cnico em Artes Gr\u00e1ficas<\/strong><\/p>\n<p>Marciano Serrat Ibeiro<\/p>\n<p>&nbsp;<\/p>\n<p><strong>T\u00e9cnico em Audiovisual<\/strong><\/p>\n<p>Vladimir Beskow Vargas<\/p>\n","protected":false},"excerpt":{"rendered":"<p>Assistente de Som Bruno da Silva Anana &nbsp; Assistente em Administra\u00e7\u00e3o Carla Rosane Carret Machado Daniela Silva Agendes Eliza\u00a0 Naomi Sato Guilherme Betemps Meireles Jean Michel Carrett Farias Luan Diego Badia Mateus \u00c1vila Tavares &nbsp; Auxiliar em Administra\u00e7\u00e3o Cristiane Cardoso &hellip; <a href=\"https:\/\/wp.ufpel.edu.br\/clc\/tecnicos-administrativos\/\">Continue lendo <span class=\"meta-nav\">&rarr;<\/span><\/a><\/p>\n","protected":false},"author":143,"featured_media":0,"parent":0,"menu_order":0,"comment_status":"closed","ping_status":"closed","template":"","meta":{"footnotes":""},"class_list":["post-49","page","type-page","status-publish","hentry"],"_links":{"self":[{"href":"https:\/\/wp.ufpel.edu.br\/clc\/wp-json\/wp\/v2\/pages\/49","targetHints":{"allow":["GET"]}}],"collection":[{"href":"https:\/\/wp.ufpel.edu.br\/clc\/wp-json\/wp\/v2\/pages"}],"about":[{"href":"https:\/\/wp.ufpel.edu.br\/clc\/wp-json\/wp\/v2\/types\/page"}],"author":[{"embeddable":true,"href":"https:\/\/wp.ufpel.edu.br\/clc\/wp-json\/wp\/v2\/users\/143"}],"replies":[{"embeddable":true,"href":"https:\/\/wp.ufpel.edu.br\/clc\/wp-json\/wp\/v2\/comments?post=49"}],"version-history":[{"count":34,"href":"https:\/\/wp.ufpel.edu.br\/clc\/wp-json\/wp\/v2\/pages\/49\/revisions"}],"predecessor-version":[{"id":17001,"href":"https:\/\/wp.ufpel.edu.br\/clc\/wp-json\/wp\/v2\/pages\/49\/revisions\/17001"}],"wp:attachment":[{"href":"https:\/\/wp.ufpel.edu.br\/clc\/wp-json\/wp\/v2\/media?parent=49"}],"curies":[{"name":"wp","href":"https:\/\/api.w.org\/{rel}","templated":true}]}}