{"id":4755,"date":"2017-04-10T17:18:18","date_gmt":"2017-04-10T20:18:18","guid":{"rendered":"https:\/\/wp.ufpel.edu.br\/clc\/?page_id=4755"},"modified":"2018-10-17T14:36:22","modified_gmt":"2018-10-17T17:36:22","slug":"diretorio-academico-edith-barreto","status":"publish","type":"page","link":"https:\/\/wp.ufpel.edu.br\/clc\/diretorio-academico-edith-barreto\/","title":{"rendered":"Diret\u00f3rio Acad\u00eamico Edith Barreto"},"content":{"rendered":"<div>\n<p style=\"text-align: justify\"><a href=\"https:\/\/wp.ufpel.edu.br\/clc\/files\/2018\/10\/pequeno.png\"><img loading=\"lazy\" decoding=\"async\" class=\"size-full wp-image-8210 alignleft\" src=\"https:\/\/wp.ufpel.edu.br\/clc\/files\/2018\/10\/pequeno.png\" alt=\"\" width=\"266\" height=\"265\" srcset=\"https:\/\/wp.ufpel.edu.br\/clc\/files\/2018\/10\/pequeno.png 266w, https:\/\/wp.ufpel.edu.br\/clc\/files\/2018\/10\/pequeno-160x159.png 160w\" sizes=\"auto, (max-width: 266px) 100vw, 266px\" \/><\/a><span style=\"text-decoration: underline\"><strong>Sobre<\/strong><\/span><\/p>\n<p style=\"text-align: justify\">O\u00a0<strong>Diret\u00f3rio Acad\u00eamico Edith Barreto (DAEB)<\/strong>\u00a0representa os estudantes dos cursos de Letras da UFPel. O DA est\u00e1 situado na sala 104 do Centro de Letras e Comunica\u00e7\u00e3o, no t\u00e9rreo, pr\u00e9dio do Campus Anglo.<\/p>\n<p style=\"text-align: justify\"><span style=\"text-decoration: underline\"><strong>Gest\u00e3o Devir (2018-2019)<\/strong><\/span><\/p>\n<p style=\"text-align: justify\">Angel Farias Alves (Letras \u2013 Tradu\u00e7\u00e3o Portugu\u00eas\/Ingl\u00eas)<\/p>\n<p style=\"text-align: justify\">Beatriz Hygino Diadamo (Letras \u2013 Portugu\u00eas\/Franc\u00eas)<\/p>\n<p style=\"text-align: justify\">Giovana Let\u00edcia Reolon (Letras \u2013 Reda\u00e7\u00e3o e Revis\u00e3o de Textos)<\/p>\n<p style=\"text-align: justify\">Helena Pinto da Luz (Letras \u2013 Tradu\u00e7\u00e3o Portugu\u00eas\/Ingl\u00eas)<\/p>\n<p style=\"text-align: justify\">Jonatas Silva do Nascimento (Letras \u2013 Portugu\u00eas\/Alem\u00e3o)<\/p>\n<p style=\"text-align: justify\">Lu\u00eds Felipe Freitas Becker (Letras \u2013 Tradu\u00e7\u00e3o Portugu\u00eas\/Ingl\u00eas)<\/p>\n<p style=\"text-align: justify\">Luiza Sim\u00f5es de Oliveira (Letras \u2013 Reda\u00e7\u00e3o e Revis\u00e3o de Textos)<\/p>\n<p style=\"text-align: justify\">Ol\u00edvia Lapischies Bevilaqua (Letras \u2013 Portugu\u00eas\/Ingl\u00eas)<\/p>\n<p style=\"text-align: justify\">Rafael Felipe dos Santos (Letras \u2013 Portugu\u00eas\/Franc\u00eas)<\/p>\n<p style=\"text-align: justify\">Thais de Lima Pietzsch (Letras \u2013 Portugu\u00eas\/Espanhol)<\/p>\n<p style=\"text-align: justify\"><strong>\u00a0<\/strong><\/p>\n<p style=\"text-align: justify\"><strong>Acompanhe<\/strong><\/p>\n<p style=\"text-align: justify\">Temos uma p\u00e1gina\u00a0no Facebook: <a href=\"https:\/\/www.facebook.com\/DevirUFPel\/\" target=\"_blank\" rel=\"noopener\">https:\/\/www.facebook.com\/DevirUFPel\/<\/a><\/p>\n<p style=\"text-align: justify\">E um perfil de Instagram: @daeb.ufpel<\/p>\n<p style=\"text-align: justify\"><strong>\u00a0<\/strong><\/p>\n<p style=\"text-align: justify\"><strong>Participe<\/strong><\/p>\n<p style=\"text-align: justify\">Estamos abertos a qualquer aluno do curso que tenha interesse em somar. Nossas reuni\u00f5es acontecem na sala 103 do Campus II, em dias previamente divulgados na p\u00e1gina do facebook.<\/p>\n<\/div>\n<div>\n<div>\n<div class=\"m_-3766879778867959240gmail_signature\" dir=\"ltr\">\n<div dir=\"ltr\">\n<div style=\"text-align: justify\">Diret\u00f3rio Acad\u00eamico Edith Barreto &#8211; Gest\u00e3o Devir<\/div>\n<div style=\"text-align: justify\">Centro de Letras e Comunica\u00e7\u00e3o &#8211; UFPel<\/div>\n<\/div>\n<\/div>\n<\/div>\n<\/div>\n","protected":false},"excerpt":{"rendered":"<p>Sobre O\u00a0Diret\u00f3rio Acad\u00eamico Edith Barreto (DAEB)\u00a0representa os estudantes dos cursos de Letras da UFPel. O DA est\u00e1 situado na sala 104 do Centro de Letras e Comunica\u00e7\u00e3o, no t\u00e9rreo, pr\u00e9dio do Campus Anglo. Gest\u00e3o Devir (2018-2019) Angel Farias Alves (Letras &hellip; <a href=\"https:\/\/wp.ufpel.edu.br\/clc\/diretorio-academico-edith-barreto\/\">Continue lendo <span class=\"meta-nav\">&rarr;<\/span><\/a><\/p>\n","protected":false},"author":50,"featured_media":0,"parent":0,"menu_order":0,"comment_status":"closed","ping_status":"closed","template":"","meta":{"footnotes":""},"class_list":["post-4755","page","type-page","status-publish","hentry"],"_links":{"self":[{"href":"https:\/\/wp.ufpel.edu.br\/clc\/wp-json\/wp\/v2\/pages\/4755","targetHints":{"allow":["GET"]}}],"collection":[{"href":"https:\/\/wp.ufpel.edu.br\/clc\/wp-json\/wp\/v2\/pages"}],"about":[{"href":"https:\/\/wp.ufpel.edu.br\/clc\/wp-json\/wp\/v2\/types\/page"}],"author":[{"embeddable":true,"href":"https:\/\/wp.ufpel.edu.br\/clc\/wp-json\/wp\/v2\/users\/50"}],"replies":[{"embeddable":true,"href":"https:\/\/wp.ufpel.edu.br\/clc\/wp-json\/wp\/v2\/comments?post=4755"}],"version-history":[{"count":4,"href":"https:\/\/wp.ufpel.edu.br\/clc\/wp-json\/wp\/v2\/pages\/4755\/revisions"}],"predecessor-version":[{"id":8214,"href":"https:\/\/wp.ufpel.edu.br\/clc\/wp-json\/wp\/v2\/pages\/4755\/revisions\/8214"}],"wp:attachment":[{"href":"https:\/\/wp.ufpel.edu.br\/clc\/wp-json\/wp\/v2\/media?parent=4755"}],"curies":[{"name":"wp","href":"https:\/\/api.w.org\/{rel}","templated":true}]}}