{"id":4738,"date":"2017-04-10T16:37:57","date_gmt":"2017-04-10T19:37:57","guid":{"rendered":"https:\/\/wp.ufpel.edu.br\/clc\/?page_id=4738"},"modified":"2021-03-16T15:40:11","modified_gmt":"2021-03-16T18:40:11","slug":"atas-camaras","status":"publish","type":"page","link":"https:\/\/wp.ufpel.edu.br\/clc\/atas-camaras\/","title":{"rendered":"Atas &#8211; C\u00e2maras"},"content":{"rendered":"<p><strong>C\u00e2mara de Ensino<\/strong><\/p>\n<p><a href=\"https:\/\/wp.ufpel.edu.br\/clc\/files\/2021\/03\/Ata-17-02-21-Dir-CaEns-Coord.pdf\">Ata 17-02-21 Dir -CaEns-Coord<\/a><\/p>\n<p><strong>C\u00e2mara de Extens\u00e3o<\/strong><\/p>\n<p><a href=\"https:\/\/wp.ufpel.edu.br\/clc\/files\/2021\/03\/Ata-eleicao-2020-Marislei.pdf\">Ata elei\u00e7\u00e3o chefia 2020 &#8211; prof\u00aa Marislei<\/a><\/p>\n<p><a href=\"https:\/\/wp.ufpel.edu.br\/clc\/files\/2021\/03\/Ata-eleicao-2019-Bernardo.pdf\">Ata elei\u00e7\u00e3o chefia 2019 &#8211; prof. Bernardo<\/a><\/p>\n<p><a href=\"https:\/\/wp.ufpel.edu.br\/clc\/files\/2021\/03\/Ata-2019-reeleicao-chefia-Aline-CaExt.pdf\">Ata 2019 reelei\u00e7ao chefia prof\u00aa Aline CaExt<\/a><\/p>\n<p><a href=\"https:\/\/wp.ufpel.edu.br\/clc\/files\/2017\/04\/ATA-001-2017-29-03-2017-resultado-chefia-Caext-2017.doc\">ATA 001-2017 29-03-2017 resultado chefia Caext 2017<br \/>\n<\/a><a href=\"https:\/\/wp.ufpel.edu.br\/clc\/files\/2017\/04\/ATA-002-2017-29-03-2017.doc.docx\">ATA 002-2017 29-03-2017.doc<\/a><\/p>\n","protected":false},"excerpt":{"rendered":"<p>C\u00e2mara de Ensino Ata 17-02-21 Dir -CaEns-Coord C\u00e2mara de Extens\u00e3o Ata elei\u00e7\u00e3o chefia 2020 &#8211; prof\u00aa Marislei Ata elei\u00e7\u00e3o chefia 2019 &#8211; prof. Bernardo Ata 2019 reelei\u00e7ao chefia prof\u00aa Aline CaExt ATA 001-2017 29-03-2017 resultado chefia Caext 2017 ATA 002-2017 &hellip; <a href=\"https:\/\/wp.ufpel.edu.br\/clc\/atas-camaras\/\">Continue lendo <span class=\"meta-nav\">&rarr;<\/span><\/a><\/p>\n","protected":false},"author":50,"featured_media":0,"parent":0,"menu_order":0,"comment_status":"closed","ping_status":"closed","template":"","meta":{"footnotes":""},"class_list":["post-4738","page","type-page","status-publish","hentry"],"_links":{"self":[{"href":"https:\/\/wp.ufpel.edu.br\/clc\/wp-json\/wp\/v2\/pages\/4738","targetHints":{"allow":["GET"]}}],"collection":[{"href":"https:\/\/wp.ufpel.edu.br\/clc\/wp-json\/wp\/v2\/pages"}],"about":[{"href":"https:\/\/wp.ufpel.edu.br\/clc\/wp-json\/wp\/v2\/types\/page"}],"author":[{"embeddable":true,"href":"https:\/\/wp.ufpel.edu.br\/clc\/wp-json\/wp\/v2\/users\/50"}],"replies":[{"embeddable":true,"href":"https:\/\/wp.ufpel.edu.br\/clc\/wp-json\/wp\/v2\/comments?post=4738"}],"version-history":[{"count":5,"href":"https:\/\/wp.ufpel.edu.br\/clc\/wp-json\/wp\/v2\/pages\/4738\/revisions"}],"predecessor-version":[{"id":11890,"href":"https:\/\/wp.ufpel.edu.br\/clc\/wp-json\/wp\/v2\/pages\/4738\/revisions\/11890"}],"wp:attachment":[{"href":"https:\/\/wp.ufpel.edu.br\/clc\/wp-json\/wp\/v2\/media?parent=4738"}],"curies":[{"name":"wp","href":"https:\/\/api.w.org\/{rel}","templated":true}]}}