{"id":4730,"date":"2017-04-10T16:35:53","date_gmt":"2017-04-10T19:35:53","guid":{"rendered":"https:\/\/wp.ufpel.edu.br\/clc\/?page_id=4730"},"modified":"2024-07-10T14:01:22","modified_gmt":"2024-07-10T17:01:22","slug":"convocacao-de-reunioes","status":"publish","type":"page","link":"https:\/\/wp.ufpel.edu.br\/clc\/convocacao-de-reunioes\/","title":{"rendered":"Datas e convoca\u00e7\u00f5es de reuni\u00f5es"},"content":{"rendered":"<p><strong><span style=\"font-size: 12pt;\">Datas das reuni\u00f5es do Conselho do CLC:<\/span><\/strong><\/p>\n<p><a href=\"https:\/\/wp.ufpel.edu.br\/clc\/files\/2024\/07\/Frame-56.png\"><img loading=\"lazy\" decoding=\"async\" class=\"wp-image-16763 alignleft\" src=\"https:\/\/wp.ufpel.edu.br\/clc\/files\/2024\/07\/Frame-56.png\" alt=\"\" width=\"358\" height=\"437\" srcset=\"https:\/\/wp.ufpel.edu.br\/clc\/files\/2024\/07\/Frame-56.png 1080w, https:\/\/wp.ufpel.edu.br\/clc\/files\/2024\/07\/Frame-56-260x318.png 260w, https:\/\/wp.ufpel.edu.br\/clc\/files\/2024\/07\/Frame-56-130x159.png 130w, https:\/\/wp.ufpel.edu.br\/clc\/files\/2024\/07\/Frame-56-768x939.png 768w\" sizes=\"auto, (max-width: 358px) 100vw, 358px\" \/><\/a><\/p>\n<p>&nbsp;<\/p>\n<p>&nbsp;<\/p>\n<p>&nbsp;<\/p>\n<p>&nbsp;<\/p>\n<p>&nbsp;<\/p>\n<p>&nbsp;<\/p>\n<p>&nbsp;<\/p>\n<p>&nbsp;<\/p>\n<p>&nbsp;<\/p>\n<p>&nbsp;<\/p>\n<p>Calend\u00e1rio Acad\u00eamico UFPel 2022-2<strong> (janeiro a maio de 2023).<\/strong><a href=\"https:\/\/wp.ufpel.edu.br\/clc\/files\/2022\/12\/cartaz-clc-2-e1670946857938.png\"><img loading=\"lazy\" decoding=\"async\" class=\"wp-image-14223 alignleft\" src=\"https:\/\/wp.ufpel.edu.br\/clc\/files\/2022\/12\/cartaz-clc-2-e1670946857938.png\" alt=\"\" width=\"407\" height=\"424\" srcset=\"https:\/\/wp.ufpel.edu.br\/clc\/files\/2022\/12\/cartaz-clc-2-e1670946857938.png 1080w, https:\/\/wp.ufpel.edu.br\/clc\/files\/2022\/12\/cartaz-clc-2-e1670946857938-306x318.png 306w, https:\/\/wp.ufpel.edu.br\/clc\/files\/2022\/12\/cartaz-clc-2-e1670946857938-153x159.png 153w, https:\/\/wp.ufpel.edu.br\/clc\/files\/2022\/12\/cartaz-clc-2-e1670946857938-768x799.png 768w\" sizes=\"auto, (max-width: 407px) 100vw, 407px\" \/><\/a><\/p>\n<p><a href=\"https:\/\/wp.ufpel.edu.br\/clc\/files\/2022\/02\/WhatsApp-Image-2022-02-17-at-08.09.32.jpeg\"><img loading=\"lazy\" decoding=\"async\" class=\"alignnone wp-image-12965\" src=\"https:\/\/wp.ufpel.edu.br\/clc\/files\/2022\/02\/WhatsApp-Image-2022-02-17-at-08.09.32.jpeg\" alt=\"\" width=\"414\" height=\"414\" srcset=\"https:\/\/wp.ufpel.edu.br\/clc\/files\/2022\/02\/WhatsApp-Image-2022-02-17-at-08.09.32.jpeg 1080w, https:\/\/wp.ufpel.edu.br\/clc\/files\/2022\/02\/WhatsApp-Image-2022-02-17-at-08.09.32-318x318.jpeg 318w, https:\/\/wp.ufpel.edu.br\/clc\/files\/2022\/02\/WhatsApp-Image-2022-02-17-at-08.09.32-159x159.jpeg 159w, https:\/\/wp.ufpel.edu.br\/clc\/files\/2022\/02\/WhatsApp-Image-2022-02-17-at-08.09.32-768x768.jpeg 768w\" sizes=\"auto, (max-width: 414px) 100vw, 414px\" \/><\/a><\/p>\n<p><strong><span style=\"font-size: 12pt;\">Datas das reuni\u00f5es do Conselho do CLC em 2021\/2:<\/span><\/strong><\/p>\n<p><a href=\"https:\/\/wp.ufpel.edu.br\/clc\/files\/2021\/07\/reunioes-conselho-2021-2.png\"><img loading=\"lazy\" decoding=\"async\" class=\"wp-image-12387 alignleft\" src=\"https:\/\/wp.ufpel.edu.br\/clc\/files\/2021\/07\/reunioes-conselho-2021-2.png\" alt=\"\" width=\"387\" height=\"363\" srcset=\"https:\/\/wp.ufpel.edu.br\/clc\/files\/2021\/07\/reunioes-conselho-2021-2.png 1587w, https:\/\/wp.ufpel.edu.br\/clc\/files\/2021\/07\/reunioes-conselho-2021-2-339x318.png 339w, https:\/\/wp.ufpel.edu.br\/clc\/files\/2021\/07\/reunioes-conselho-2021-2-170x159.png 170w, https:\/\/wp.ufpel.edu.br\/clc\/files\/2021\/07\/reunioes-conselho-2021-2-768x720.png 768w, https:\/\/wp.ufpel.edu.br\/clc\/files\/2021\/07\/reunioes-conselho-2021-2-1536x1440.png 1536w\" sizes=\"auto, (max-width: 387px) 100vw, 387px\" \/><\/a><\/p>\n<p>&nbsp;<\/p>\n<p>&nbsp;<\/p>\n<p>&nbsp;<\/p>\n<p>&nbsp;<\/p>\n<p>&nbsp;<\/p>\n<p>&nbsp;<\/p>\n<p>&nbsp;<\/p>\n<p>&nbsp;<\/p>\n<p><strong><span style=\"font-size: 12pt;\">Datas das reuni\u00f5es do Conselho do CLC em 2021\/1:<\/span><\/strong><\/p>\n<div><span style=\"font-size: 12pt;\">Turno: manh\u00e3<\/span><\/div>\n<div><span style=\"font-size: 12pt;\"><span style=\"font-size: 12pt;\">23\/03 \u2013 20\/04- 14\/05 \u2013 17\/06- 19\/07<br \/>\n<a href=\"https:\/\/wp.ufpel.edu.br\/clc\/files\/2021\/03\/SEI_UFPel-1241371-Convocacao.pdf\">Convoca\u00e7\u00e3o 23-03-21<\/a><br \/>\n<\/span><\/span><\/div>\n<div><span style=\"font-size: 12pt;\"><span style=\"font-size: 12pt;\"><br \/>\n<strong>Datas da reuni\u00e3o do Conselho em 2020\/2:<\/strong><br \/>\n13\/10<br \/>\n11\/11<br \/>\n15\/12<br \/>\nHor\u00e1rio: 14h<br \/>\nA sala ser\u00e1 enviada por e-mail aos conselheiros.<\/span><\/span><\/div>\n<div><\/div>\n<div><\/div>\n<div>\n<p><span style=\"font-size: 12pt;\"><strong>Datas da reuni\u00e3o do Conselho 2020\/1:<\/strong><\/span><span style=\"font-size: 12pt;\">24\/03 &#8211; 22\/04<\/span><span style=\"font-size: 12pt;\">21\/05 &#8211; 23\/06 &#8211; 15\/07<\/span><\/p>\n<p><strong>Datas da reuni\u00e3o do Conselho <\/strong> <strong>2019\/2:<\/strong><\/p>\n<p>27\/08 \u2013 19\/09 \u2013 18\/10 \u2013 20\/11 &#8211; 12\/12<\/p>\n<p>Hor\u00e1rio: 9h\u00a0\u00a0\u00a0 Local: sala 109<\/p>\n<p style=\"font-weight: 400;\"><strong>Datas da reuni\u00e3o do Conselho 2019\/1<\/strong><\/p>\n<ul>\n<li style=\"list-style-type: none;\">\n<ul>\n<li style=\"font-weight: 400;\">07\/03<\/li>\n<li style=\"font-weight: 400;\">16\/04<\/li>\n<li style=\"font-weight: 400;\">13\/05<\/li>\n<li style=\"font-weight: 400;\">18\/06<\/li>\n<li style=\"font-weight: 400;\">11\/07<\/li>\n<\/ul>\n<\/li>\n<li><strong>2018<\/strong><\/li>\n<li><strong>Reuni\u00e3o\u00a0de in\u00edcio de semestre\u00a0<\/strong>&#8211; dia 23\/08, \u00e0s 8h30, no Audit\u00f3rio da Reitoria<\/li>\n<li style=\"font-weight: 400;\"><strong>\u00a0Cronograma de\u00a0reuni\u00f5es do Conselho do CLC &#8211; 2018\/2:<\/strong>\u00a0hor\u00e1rio 8h.<\/li>\n<li style=\"font-weight: 400;\">\u00a021\/08<\/li>\n<li style=\"font-weight: 400;\">18\/09<\/li>\n<li style=\"font-weight: 400;\">18\/10<\/li>\n<li style=\"font-weight: 400;\">20\/11<\/li>\n<li style=\"font-weight: 400;\">11\/12<\/li>\n<\/ul>\n<p><a href=\"https:\/\/wp.ufpel.edu.br\/clc\/files\/2018\/11\/Convoca\u00e7\u00e3o-reuni\u00e3o-do-Conselho-novembro.pdf\">Convoca\u00e7\u00e3o reuni\u00e3o do Conselho novembro<\/a><br \/>\n<a href=\"https:\/\/wp.ufpel.edu.br\/clc\/files\/2018\/10\/Reuni\u00e3o-outubro.pdf\">Reuni\u00e3o outubro<\/a><br \/>\n<a href=\"https:\/\/wp.ufpel.edu.br\/clc\/files\/2018\/09\/Reuni\u00e3o-18-de-setembro-1.pdf\">Reuni\u00e3o 18 de setembro<\/a><br \/>\n<a href=\"https:\/\/wp.ufpel.edu.br\/clc\/files\/2018\/08\/Reuni\u00e3o-Conselho-CLC-21-de-agosto-18.pdf\">Reuni\u00e3o Conselho CLC 21 de agosto 18<\/a><br \/>\n<a href=\"https:\/\/wp.ufpel.edu.br\/clc\/files\/2018\/07\/Convoca\u00e7\u00e3o-8h30.pdf\">Convoca\u00e7\u00e3o reuni\u00e3o julho<\/a><br \/>\n<a href=\"https:\/\/wp.ufpel.edu.br\/clc\/files\/2018\/06\/Convoca\u00e7\u00e3o-Reuni\u00e3o-06-de-junho-de-2018.pdf\">Convoca\u00e7\u00e3o Reuni\u00e3o 06 de junho de 2018<\/a><br \/>\n<a href=\"https:\/\/wp.ufpel.edu.br\/clc\/files\/2018\/04\/Reuni\u00e3o-03-de-maio-de-2018.pdf\">Reuni\u00e3o 03 de maio de 2018<\/a><\/p>\n<ul>\n<li><strong>Cronograma de reuni\u00f5es do Conselho do CLC (2018\/1):<\/strong><\/li>\n<\/ul>\n<p>Hor\u00e1rio: 8h<br \/>\nLocal: sala 109 do CLC<\/p>\n<p>04\/04\/18<br \/>\n04\/05\/18<br \/>\n05\/06\/18<br \/>\n05\/07\/18<\/p>\n<ul>\n<li><strong>Reuni\u00f5es do Conselho do CLC em\u00a0<\/strong><strong>2017:<\/strong><\/li>\n<\/ul>\n<p><strong><br \/>\n<a href=\"https:\/\/wp.ufpel.edu.br\/clc\/files\/2017\/04\/Convoca\u00e7\u00e3o-19-05-17.jpg\" target=\"_blank\" rel=\"noopener noreferrer\">Convoca\u00e7\u00e3o-19-05-17<br \/>\n<\/a><a href=\"https:\/\/wp.ufpel.edu.br\/clc\/files\/2017\/04\/Convoca\u00e7\u00e3o-05-06-17.pdf\">Convoca\u00e7\u00e3o 05-06-17<\/a><br \/>\n<a href=\"https:\/\/wp.ufpel.edu.br\/clc\/files\/2017\/04\/convoca\u00e7\u00e3o-conselho-clc-13-07.pdf\" target=\"_blank\" rel=\"noopener noreferrer\">Convoca\u00e7\u00e3o Conselho CLC 13-07-17<\/a><br \/>\n<\/strong><strong><a href=\"https:\/\/wp.ufpel.edu.br\/clc\/files\/2017\/04\/Convoca\u00e7\u00e3o-18-09-17.doc\">Convoca\u00e7\u00e3o 18-09-17<\/a><\/strong><strong><br \/>\n<a href=\"https:\/\/wp.ufpel.edu.br\/clc\/files\/2017\/04\/Convoca\u00e7\u00e3o-1610.doc\">Convoca\u00e7\u00e3o 16-10-17<\/a><br \/>\n<a href=\"https:\/\/wp.ufpel.edu.br\/clc\/files\/2017\/12\/Convoca\u00e7\u00e3o-1611.doc\" target=\"_blank\" rel=\"noopener noreferrer\">Convoca\u00e7\u00e3o 16-11-17<\/a><\/strong><br \/>\n<strong><a href=\"https:\/\/wp.ufpel.edu.br\/clc\/files\/2017\/12\/Convoca\u00e7\u00e3o-1512.doc\" target=\"_blank\" rel=\"noopener noreferrer\">Convoca\u00e7\u00e3o 15-12-17<\/a><\/strong><\/p>\n<ul>\n<li><a href=\"https:\/\/wp.ufpel.edu.br\/clc\/conselho-universitario\/\" target=\"_blank\" rel=\"noopener noreferrer\">P\u00e1gina com documentos do Consun &#8211; Conselho Universit\u00e1rio da UFPel<\/a><\/li>\n<\/ul>\n<\/div>\n","protected":false},"excerpt":{"rendered":"<p>Datas das reuni\u00f5es do Conselho do CLC: &nbsp; &nbsp; &nbsp; &nbsp; &nbsp; &nbsp; &nbsp; &nbsp; &nbsp; &nbsp; Calend\u00e1rio Acad\u00eamico UFPel 2022-2 (janeiro a maio de 2023). Datas das reuni\u00f5es do Conselho do CLC em 2021\/2: &nbsp; &nbsp; &nbsp; &nbsp; &nbsp; &hellip; <a href=\"https:\/\/wp.ufpel.edu.br\/clc\/convocacao-de-reunioes\/\">Continue lendo <span class=\"meta-nav\">&rarr;<\/span><\/a><\/p>\n","protected":false},"author":50,"featured_media":0,"parent":0,"menu_order":0,"comment_status":"closed","ping_status":"closed","template":"","meta":{"footnotes":""},"class_list":["post-4730","page","type-page","status-publish","hentry"],"_links":{"self":[{"href":"https:\/\/wp.ufpel.edu.br\/clc\/wp-json\/wp\/v2\/pages\/4730","targetHints":{"allow":["GET"]}}],"collection":[{"href":"https:\/\/wp.ufpel.edu.br\/clc\/wp-json\/wp\/v2\/pages"}],"about":[{"href":"https:\/\/wp.ufpel.edu.br\/clc\/wp-json\/wp\/v2\/types\/page"}],"author":[{"embeddable":true,"href":"https:\/\/wp.ufpel.edu.br\/clc\/wp-json\/wp\/v2\/users\/50"}],"replies":[{"embeddable":true,"href":"https:\/\/wp.ufpel.edu.br\/clc\/wp-json\/wp\/v2\/comments?post=4730"}],"version-history":[{"count":45,"href":"https:\/\/wp.ufpel.edu.br\/clc\/wp-json\/wp\/v2\/pages\/4730\/revisions"}],"predecessor-version":[{"id":16765,"href":"https:\/\/wp.ufpel.edu.br\/clc\/wp-json\/wp\/v2\/pages\/4730\/revisions\/16765"}],"wp:attachment":[{"href":"https:\/\/wp.ufpel.edu.br\/clc\/wp-json\/wp\/v2\/media?parent=4730"}],"curies":[{"name":"wp","href":"https:\/\/api.w.org\/{rel}","templated":true}]}}