{"id":47,"date":"2011-11-11T09:48:54","date_gmt":"2011-11-11T12:48:54","guid":{"rendered":"https:\/\/wp.ufpel.edu.br\/letras\/"},"modified":"2026-03-23T11:36:09","modified_gmt":"2026-03-23T14:36:09","slug":"docentes","status":"publish","type":"page","link":"https:\/\/wp.ufpel.edu.br\/clc\/docentes\/","title":{"rendered":"Docentes"},"content":{"rendered":"<p><strong>Alem\u00e3o<\/strong><\/p>\n<p>Angela In\u00eas Klein &#8211; <a href=\"http:\/\/lattes.cnpq.br\/8845056127169633\" target=\"_blank\" rel=\"noopener noreferrer\">Lattes<\/a><\/p>\n<p>Aroldo Garcia dos Anjos &#8211; <a href=\"https:\/\/lattes.cnpq.br\/5467856941998212\">Lattes<\/a><\/p>\n<p>Lucas L\u00f6ff Machado &#8211; <a href=\"http:\/\/lattes.cnpq.br\/9176698218086357\" target=\"_blank\" rel=\"noopener\">Lattes<\/a><\/p>\n<p>Luciane Leipnitz &#8211; <a href=\"http:\/\/lattes.cnpq.br\/0660944005601236\">Lattes<\/a><\/p>\n<p>Milena Hoffmann Kunrath &#8211; <a href=\"http:\/\/lattes.cnpq.br\/0497963374492258\">Lattes<\/a><\/p>\n<p>&nbsp;<\/p>\n<p><strong>Espanhol<\/strong><\/p>\n<p>Aline Coelho da Silva &#8211; <a href=\"http:\/\/lattes.cnpq.br\/4633063479804845\" target=\"_blank\" rel=\"noopener noreferrer\">Lattes<\/a><\/p>\n<p>Ana Lourdes da Rosa Nieves Brochi Fern\u00e1ndez &#8211; <a href=\"http:\/\/lattes.cnpq.br\/7681505154374222\" target=\"_blank\" rel=\"noopener noreferrer\">Lattes<\/a><\/p>\n<p>Ana L\u00facia Pederzolli Cavalheiro &#8211; <a href=\"http:\/\/lattes.cnpq.br\/9001789262348526\" target=\"_blank\" rel=\"noopener noreferrer\">Lattes<\/a><\/p>\n<p>Cintia Avila Blank &#8211; <a href=\"http:\/\/lattes.cnpq.br\/1384555680953895\" target=\"_blank\" rel=\"noopener noreferrer\">Lattes<\/a><\/p>\n<p>Jo\u00e3o Luis Rocha Paix\u00e3o C\u00f4rtes &#8211; <a href=\"http:\/\/lattes.cnpq.br\/9524065992835915\" target=\"_blank\" rel=\"noopener noreferrer\">Lattes<\/a><\/p>\n<p>Uruguay Cortazzo Gonz\u00e1lez &#8211; <a href=\"http:\/\/lattes.cnpq.br\/3364992748035948\" target=\"_blank\" rel=\"noopener noreferrer\">Lattes<\/a><\/p>\n<p>&nbsp;<\/p>\n<p><strong>Franc\u00eas<\/strong><\/p>\n<p>Ana Maria da Silva Cavalheiro &#8211; <a href=\"http:\/\/lattes.cnpq.br\/2297467864298642\" target=\"_blank\" rel=\"noopener noreferrer\">Lattes<\/a><\/p>\n<p>Deividi Silva Blank &#8211; <a href=\"http:\/\/lattes.cnpq.br\/5172275695751464\" target=\"_blank\" rel=\"noopener noreferrer\">Lattes<\/a><\/p>\n<p>Isabella Ferreira Mozzillo &#8211; <a href=\"http:\/\/lattes.cnpq.br\/9812747786053690\" target=\"_blank\" rel=\"noopener noreferrer\">Lattes<\/a><\/p>\n<p>Maristela Gon\u00e7alves Sousa Machado &#8211; <a href=\"http:\/\/lattes.cnpq.br\/0243989273763931\" target=\"_blank\" rel=\"noopener noreferrer\">Lattes<\/a><\/p>\n<p>Paula Schild Mascarenhas &#8211; <a href=\"http:\/\/lattes.cnpq.br\/1824550059895533\" target=\"_blank\" rel=\"noopener noreferrer\">Lattes<\/a><\/p>\n<p>&nbsp;<\/p>\n<p><strong>Ingl\u00eas<\/strong><\/p>\n<p>Alessandra Baldo &#8211; <a href=\"http:\/\/lattes.cnpq.br\/9788719859553141\" target=\"_blank\" rel=\"noopener noreferrer\">Lattes<\/a><\/p>\n<p>Eduardo Marks de Marques &#8211; <a href=\"http:\/\/lattes.cnpq.br\/9216599540037680\" target=\"_blank\" rel=\"noopener noreferrer\">Lattes<\/a><\/p>\n<p>Fl\u00e1via Medianeira de Oliveira &#8211; <a href=\"http:\/\/lattes.cnpq.br\/3372942802055329\" target=\"_blank\" rel=\"noopener noreferrer\">Lattes<\/a><\/p>\n<p>Gabriela Bohlmann Duarte &#8211; <span style=\"color: #3366ff;\"><a style=\"color: #3366ff;\" href=\"http:\/\/buscatextual.cnpq.br\/buscatextual\/visualizacv.do?id=K4295294U6\">Lattes<\/a><\/span><\/p>\n<p>Jos\u00e9 Carlos Marques Volcato &#8211; <a href=\"http:\/\/lattes.cnpq.br\/5525239974372519\" target=\"_blank\" rel=\"noopener noreferrer\">Lattes<\/a><\/p>\n<p>Let\u00edcia Stander Farias &#8211; <a href=\"http:\/\/lattes.cnpq.br\/5743975510512820\" target=\"_blank\" rel=\"noopener noreferrer\">Lattes<\/a><\/p>\n<p>Rafael Vetromille de Castro &#8211; <a href=\"http:\/\/lattes.cnpq.br\/3640307400529210\" target=\"_blank\" rel=\"noopener noreferrer\">Lattes<\/a><\/p>\n<p>Renata Kabke Pinheiro &#8211; <a href=\"http:\/\/lattes.cnpq.br\/5021153354858150\" target=\"_blank\" rel=\"noopener noreferrer\">Lattes<\/a><\/p>\n<p>&nbsp;<\/p>\n<p><strong>Jornalismo<\/strong><\/p>\n<p>Carlos Andre Echenique Dominguez &#8211; <a href=\"http:\/\/buscatextual.cnpq.br\/buscatextual\/visualizacv.do?id=K4760641D5\">Lattes<\/a><\/p>\n<p>Eduardo Ritter &#8211; <a href=\"http:\/\/lattes.cnpq.br\/9598143708104571\" target=\"_blank\" rel=\"noopener noreferrer\">Lattes<\/a><\/p>\n<p>F\u00e1bio Sousa da Cruz &#8211; <a href=\"http:\/\/lattes.cnpq.br\/9580732431981965\" target=\"_blank\" rel=\"noopener noreferrer\">Lattes<\/a><\/p>\n<p>Gilmar Adolfo Hermes &#8211; <a href=\"http:\/\/lattes.cnpq.br\/8599512241342306\" target=\"_blank\" rel=\"noopener noreferrer\">Lattes<\/a><\/p>\n<p>Lara Nasi &#8211;\u00a0<a href=\"http:\/\/lattes.cnpq.br\/0784414112975111\" target=\"_blank\" rel=\"noopener\">Lattes<\/a><\/p>\n<p>Marislei da Silveira Ribeiro &#8211; <a href=\"http:\/\/lattes.cnpq.br\/5207826249043969\" target=\"_blank\" rel=\"noopener noreferrer\">Lattes<\/a><\/p>\n<p>Michele Negrini &#8211; <a href=\"http:\/\/lattes.cnpq.br\/9158823819923143\" target=\"_blank\" rel=\"noopener noreferrer\">Lattes<\/a><\/p>\n<p>Paulo Eduardo Silva Lins Cajazeira &#8211; <a href=\"http:\/\/lattes.cnpq.br\/1769678534430582\" target=\"_blank\" rel=\"noopener\">Lattes<\/a><\/p>\n<p>Raquel da Cunha Recuero &#8211; <a href=\"http:\/\/lattes.cnpq.br\/7230106202961229\">Lattes<\/a><\/p>\n<p>Ricardo Zimmermann Fiegenbaum &#8211; <a href=\"http:\/\/lattes.cnpq.br\/0796110821809086\" target=\"_blank\" rel=\"noopener noreferrer\">Lattes<\/a><\/p>\n<p>Silvia Porto Meirelles Leite &#8211; <a href=\"http:\/\/lattes.cnpq.br\/5137658241976035\" target=\"_blank\" rel=\"noopener noreferrer\">Lattes<\/a><\/p>\n<p>&nbsp;<\/p>\n<p><strong>Libras<\/strong><\/p>\n<p>Aline de Castro e Kaster &#8211; <a href=\"http:\/\/lattes.cnpq.br\/8805938565252509\" target=\"_blank\" rel=\"noopener noreferrer\">Lattes<\/a><\/p>\n<p>Angela Nediane dos Santos &#8211; <a href=\"http:\/\/lattes.cnpq.br\/2329619753972869\" target=\"_blank\" rel=\"noopener noreferrer\">Lattes<\/a><\/p>\n<p>Antonielle Cantarelli Martins &#8211; <a href=\"http:\/\/lattes.cnpq.br\/0038657697454659\" target=\"_blank\" rel=\"noopener\">Lattes<\/a><\/p>\n<p>Bruna da Silva Branco &#8211;\u00a0<a href=\"https:\/\/buscatextual.cnpq.br\/buscatextual\/visualizacv.do?id=K8747963H7&amp;tokenCaptchar=03AFcWeA4aJ5Dt0qBio9xczdM3m7t_3wHD73bIjqKRoBuTGS36u_Li0s-LjACzXvNxj40RTwCWyxEikYEL69kYnKAk1dTSNLYY2qPAWyC641Ez9i7-tDqLpwTEofcLtCnZAHRO8QlPJQKBytgpNHOs5P1Ccs8C_jr9AsmtD86jolywVLPqgEaBf3WyA3VdR91DIWUJ5iyv19zMD1vFuqqtuyrorTCxknrIuZRj-CsqsdhpfAdn9lKWAZIT08QLaFuE5vJgnbepM1DtWVbxJHrOLIpOk2F3NdR_n0WwImD4TArb37lD0GpO8LxSHXslEh-SMDruuPQApiKaC0cGI-Qon0OcvQcylQc5o0JtjXlqGHJy11xHr48WswDV22O0CI5Z2foSGYd84F_crl-dIkbJb3XnOiibaq_GDMWaBlapLBe6GAQ9Kbn6zrUTKYBu32ZdcZAcRrs0R7gs5KQ28tDaqoxuEOOAgIlqWkLFmKn6HKMWEy1VNX_x4DX9lYgwF_dh7VmrS528mF4JiMaUR_jxRcij2eBJOjGPMoy1mYfKZccLVnHFydLYd7PVLzuo1Vh3MOuSGFPTbVJcxqRSxL-ORl3AlpgSgFUH0A\">Lattes<\/a><\/p>\n<p class=\"nome\" tabindex=\"0\">Daiana San Martins Goulart &#8211; <a href=\"http:\/\/lattes.cnpq.br\/2502674466938381\" target=\"_blank\" rel=\"noopener\">Lattes<\/a><\/p>\n<p>Daniel Lopes Romeu &#8211; <a href=\"http:\/\/lattes.cnpq.br\/6586013085419145\" target=\"_blank\" rel=\"noopener noreferrer\">Lattes<\/a><\/p>\n<p>Fabiano Souto Rosa &#8211; <a href=\"http:\/\/lattes.cnpq.br\/0827970294812223\" target=\"_blank\" rel=\"noopener noreferrer\">Lattes<\/a><\/p>\n<p>Francielle Cantarelli Martins &#8211; <a href=\"http:\/\/lattes.cnpq.br\/3495191392642895\" target=\"_blank\" rel=\"noopener noreferrer\">Lattes<\/a><\/p>\n<p>Ivana Gomes da Silva &#8211; <a href=\"http:\/\/lattes.cnpq.br\/7448597498806641\" target=\"_blank\" rel=\"noopener noreferrer\">Lattes<\/a><\/p>\n<p>Karina \u00c1vila Pereira &#8211; <a href=\"http:\/\/lattes.cnpq.br\/6717704861000296\" target=\"_blank\" rel=\"noopener noreferrer\">Lattes<\/a><\/p>\n<p class=\"name\" tabindex=\"0\">M\u00e1rcio Aur\u00e9lio Friedrich &#8211;\u00a0<a href=\"https:\/\/buscatextual.cnpq.br\/buscatextual\/visualizacv.do?id=K8564788Y3&amp;tokenCaptchar=03AFcWeA7RMZARbm3REi4fq6jeKckzSGV-ZrXxar-H-Vbhv5N8l50q9yMYwwYmY7MlLqTyy3ICuo2QcS6ajxU99zhIGaBLmKK6j3uVfkSWkUne5b0MqaTujS6JkT6ARuNJXZKWr7TiviCPEWGasryD7WZETO2eBEikg-BZBvJcfnrGQXKmyz6Ypx7qMnocW6agUfqQDkpk9gYSA6eQJblKsD9NpFwiSxi2nAfMcvwesW1VLlcCeEPEH0d-N6lR45AshxRkYfw9FUVvgPX4B3KdSZIecJO0uEUIwcpnf0YmqtA6Fjdo0790DGfDFvjFJCtff9ZXJZyQ8EhWKt2DXrdnEr4Redx_CgCttRPoKhZkqpsnO_DHUakkH6btknDKzAmImmbJknjdvtZrrsCbTorog4-e9qfP53LguBBJ6Fk95X478bBA2HvgSKq0Eezp86tIpehbY7m3Wd4vwDY9m0VWhewVloHNwAUHkJ6c-GcltWmAfi2c45jm3uP9blkgJxUT2BsfKCla5UHfZRZNGmIBDZ_axGODPVQh7dANnwO5JYoPUvzk0SPn3hs3RM0d5fXy88Qg5kF9GTk5\">Lattes<\/a><\/p>\n<p>Mayara Bataglin Raugust &#8211; <a href=\"http:\/\/lattes.cnpq.br\/4211320104895343\" target=\"_blank\" rel=\"noopener noreferrer\">Lattes<\/a><\/p>\n<p>Rogers Rocha &#8211; <a href=\"http:\/\/lattes.cnpq.br\/7440486299240908\" target=\"_blank\" rel=\"noopener\">Lattes<\/a><\/p>\n<p>Tatiana Bolivar Lebedeff &#8211; <a href=\"http:\/\/lattes.cnpq.br\/0081286250806899\" target=\"_blank\" rel=\"noopener noreferrer\">Lattes<\/a><\/p>\n<p><strong>L\u00edngua Portuguesa e Latim\/Lingu\u00edstica e Ensino<\/strong><\/p>\n<p>Aline Neuschrank &#8211; <a href=\"http:\/\/lattes.cnpq.br\/8445924325432375\" target=\"_blank\" rel=\"noopener noreferrer\">Lattes<\/a><\/p>\n<p>Ana Paula Nobre da Cunha &#8211; <a href=\"http:\/\/lattes.cnpq.br\/2459320830644110\" target=\"_blank\" rel=\"noopener noreferrer\">Lattes<\/a><\/p>\n<p>Andr\u00e9 Firpo Bevil\u00e1qua &#8211;\u00a0<a href=\"http:\/\/lattes.cnpq.br\/3422363329512937\">Lattes<\/a><\/p>\n<p>C\u00edntia da Costa Alc\u00e2ntara &#8211; <a href=\"http:\/\/lattes.cnpq.br\/8128997617839448\" target=\"_blank\" rel=\"noopener noreferrer\">Lattes<\/a><\/p>\n<p>Daiane Neumann &#8211; <a href=\"http:\/\/lattes.cnpq.br\/9399552968699184\">Lattes<\/a><\/p>\n<p>Giovana Ferreira Gon\u00e7alves &#8211; <a href=\"http:\/\/lattes.cnpq.br\/1966228513900929\" target=\"_blank\" rel=\"noopener noreferrer\">Lattes<\/a><\/p>\n<p>Jael S\u00e2nera Gon\u00e7alves &#8211; <a href=\"http:\/\/lattes.cnpq.br\/4723033787619181\">Lattes<\/a><\/p>\n<p>Janaina Cardoso Brum &#8211; <a href=\"http:\/\/lattes.cnpq.br\/4342099235372328\" target=\"_blank\" rel=\"noopener noreferrer\">Lattes<\/a><\/p>\n<p>Jorama de Quadros Stein &#8211; <a href=\"http:\/\/lattes.cnpq.br\/7527506706635979\" target=\"_blank\" rel=\"noopener\">Lattes<\/a><\/p>\n<p>Karina Giacomelli &#8211; <a href=\"http:\/\/lattes.cnpq.br\/0288454660583513\" target=\"_blank\" rel=\"noopener noreferrer\">Lattes<\/a><\/p>\n<p>Let\u00edcia Fonseca Richthofen de Freitas &#8211; <a href=\"http:\/\/lattes.cnpq.br\/9914415339003085\" target=\"_blank\" rel=\"noopener noreferrer\">Lattes<\/a><\/p>\n<p>Luciane Botelho Martins &#8211; <a href=\"http:\/\/lattes.cnpq.br\/1161701375360481\">Lattes<\/a><\/p>\n<p>Lu\u00eds Isa\u00edas Centeno do Amaral &#8211; <a href=\"http:\/\/lattes.cnpq.br\/4158643597992699\" target=\"_blank\" rel=\"noopener noreferrer\">Lattes<\/a><\/p>\n<p>M\u00e1rcia Dresch &#8211; <a href=\"http:\/\/lattes.cnpq.br\/8158709542630349\" target=\"_blank\" rel=\"noopener noreferrer\">Lattes<\/a><\/p>\n<p>Mirian Rose Brum de Paula &#8211; <a href=\"http:\/\/lattes.cnpq.br\/8713626789041848\" target=\"_blank\" rel=\"noopener noreferrer\">Lattes<\/a><\/p>\n<p>Paula Fernanda Eick Cardoso &#8211; <a href=\"http:\/\/lattes.cnpq.br\/5325775493727475\" target=\"_blank\" rel=\"noopener noreferrer\">Lattes<\/a><\/p>\n<p>Paulo Ricardo Silveira Borges &#8211; <a href=\"http:\/\/lattes.cnpq.br\/5832148478408235\" target=\"_blank\" rel=\"noopener noreferrer\">Lattes<\/a><\/p>\n<p>Sandra Maria Leal Alves &#8211; <a href=\"http:\/\/lattes.cnpq.br\/7966418033332955\" target=\"_blank\" rel=\"noopener noreferrer\">Lattes<\/a><\/p>\n<p>Ta\u00eds Bopp da Silva &#8211; <a href=\"http:\/\/lattes.cnpq.br\/9487645788091758\" target=\"_blank\" rel=\"noopener noreferrer\">Lattes<\/a><\/p>\n<p>Thiago Santos da Silva &#8211; <a href=\"http:\/\/lattes.cnpq.br\/4605600305114012\" target=\"_blank\" rel=\"noopener\">Lattes<\/a><\/p>\n<p>Vanessa Doumid Damasceno &#8211; <a href=\"http:\/\/lattes.cnpq.br\/5548485938932287\" target=\"_blank\" rel=\"noopener noreferrer\">Lattes<\/a><\/p>\n<p><strong>Literatura<\/strong><\/p>\n<p>Alfeu Sparemberger &#8211; <a href=\"http:\/\/lattes.cnpq.br\/9671613350365467\" target=\"_blank\" rel=\"noopener noreferrer\">Lattes<\/a><\/p>\n<p>Aline Cunha de Andrade Silva &#8211; <a href=\"http:\/\/lattes.cnpq.br\/4631069920330682\">Lattes<\/a><\/p>\n<p>Aulus Mandagar\u00e1 Martins &#8211; <a href=\"http:\/\/lattes.cnpq.br\/5779140095343632\" target=\"_blank\" rel=\"noopener noreferrer\">Lattes<\/a><\/p>\n<p>Claudia Lorena Vouto da Fonseca &#8211; <a href=\"http:\/\/lattes.cnpq.br\/7009414478179425\" target=\"_blank\" rel=\"noopener noreferrer\">Lattes<\/a><\/p>\n<p>Gustavo Henrique R\u00fcckert &#8211; <a href=\"http:\/\/lattes.cnpq.br\/3426796078386126\" target=\"_blank\" rel=\"noopener\">Lattes<\/a><\/p>\n<p>Jo\u00e3o Lu\u00eds Pereira Ourique &#8211; <a href=\"http:\/\/lattes.cnpq.br\/4095677614469415\" target=\"_blank\" rel=\"noopener noreferrer\">Lattes<\/a><\/p>\n<p>Mitizi de Miranda Gomes &#8211; <a href=\"http:\/\/lattes.cnpq.br\/1000545445158079\" target=\"_blank\" rel=\"noopener noreferrer\">Lattes<\/a><\/p>\n<p><strong><br \/>\nPortugu\u00eas para Estrangeiros<br \/>\n<\/strong><\/p>\n<h2 class=\"nome\"><span style=\"font-size: 12pt;\">Helena Vitalina Selbach &#8211;\u00a0<a href=\"http:\/\/lattes.cnpq.br\/2593073493357677\" target=\"_blank\" rel=\"noopener\">Lattes<\/a><\/span><\/h2>\n<p>&nbsp;<\/p>\n<p><strong>Tradu\u00e7\u00e3o<\/strong><\/p>\n<p>Andrea Cristiane Kahmann &#8211; <a href=\"http:\/\/lattes.cnpq.br\/6728317404750242\">Lattes<\/a><\/p>\n<p>Beatriz Vi\u00e9gas-Faria &#8211; <a href=\"http:\/\/lattes.cnpq.br\/1780670647812562\" target=\"_blank\" rel=\"noopener noreferrer\">Lattes<\/a><\/p>\n<p>Daniel Soares Duarte &#8211; <a href=\"http:\/\/lattes.cnpq.br\/0379645695998422\" target=\"_blank\" rel=\"noopener noreferrer\">Lattes<\/a><\/p>\n<p>Juliana Steil &#8211; <a href=\"http:\/\/lattes.cnpq.br\/5586916987453183\" target=\"_blank\" rel=\"noopener noreferrer\">Lattes<\/a><\/p>\n<p>Marisa Helena Degasperi &#8211; <a href=\"http:\/\/lattes.cnpq.br\/6891029117610519\" target=\"_blank\" rel=\"noopener noreferrer\">Lattes<\/a><\/p>\n<p>Roberta Rego Rodrigues &#8211; <a href=\"http:\/\/lattes.cnpq.br\/6281175549996840\" target=\"_blank\" rel=\"noopener noreferrer\">Lattes<\/a><\/p>\n<hr \/>\n<p style=\"text-align: justify;\"><strong>Professores visitantes\u00a0<\/strong>do <a href=\"https:\/\/wp.ufpel.edu.br\/ppgl\/\" target=\"_blank\" rel=\"noopener noreferrer\">Programa de P\u00f3s-Gradua\u00e7\u00e3o em Letras<\/a>:<\/p>\n<p>Aracy Gra\u00e7a Ernst (<a href=\"http:\/\/lattes.cnpq.br\/0111697525286894\" target=\"_blank\" rel=\"noopener noreferrer\">Lattes<\/a>) e Vilson Jose Leffa (<a href=\"http:\/\/lattes.cnpq.br\/7239316228662609\" target=\"_blank\" rel=\"noopener noreferrer\">Lattes<\/a>).<\/p>\n<hr \/>\n<p><em><strong>Professores tempor\u00e1rios e substitutos<\/strong><\/em><\/p>\n<p><strong>Franc\u00eas<\/strong><\/p>\n<p>Renata Lopes Araujo &#8211; <a href=\"http:\/\/lattes.cnpq.br\/6844717334135404\" target=\"_blank\" rel=\"noopener\">Lattes<\/a><\/p>\n<p><strong>Ingl\u00eas<\/strong><\/p>\n<p>Camila Quevedo Oppelt &#8211; <a href=\"http:\/\/lattes.cnpq.br\/8060324697586837\" target=\"_blank\" rel=\"noopener\">Lattes<\/a><\/p>\n<div><strong><span style=\"font-size: 12pt;\">Libras<\/span><\/strong><\/div>\n<div><\/div>\n<div><\/div>\n<div>\n<h2><span style=\"font-size: 12pt;\">Gabriele Schulz Zitzke &#8211; <a href=\"http:\/\/lattes.cnpq.br\/3601209546644318\" target=\"_blank\" rel=\"noopener\">Lattes<\/a><\/span><\/h2>\n<p><strong>L\u00edngua Portuguesa <\/strong><\/p>\n<h2 class=\"nome\"><span style=\"font-size: 12pt;\">Marlise Buchweitz &#8211; <a href=\"http:\/\/lattes.cnpq.br\/5429537417655258\" target=\"_blank\" rel=\"noopener\">Lattes<\/a><\/span><\/h2>\n<\/div>\n<div>\n<p><strong>Literatura<\/strong><\/p>\n<p>Patr\u00edcia dos Santos Silveira &#8211; <a href=\"http:\/\/lattes.cnpq.br\/1742727362223088\" target=\"_blank\" rel=\"noopener\">Lattes<\/a><\/p>\n<p><strong>Jornalismo<\/strong><\/p>\n<p>Guilherme Oliveira Curi &#8211; <a href=\"http:\/\/lattes.cnpq.br\/2124394267966159\" target=\"_blank\" rel=\"noopener\">Lattes<\/a><\/p>\n<\/div>\n","protected":false},"excerpt":{"rendered":"<p>Alem\u00e3o Angela In\u00eas Klein &#8211; Lattes Aroldo Garcia dos Anjos &#8211; Lattes Lucas L\u00f6ff Machado &#8211; Lattes Luciane Leipnitz &#8211; Lattes Milena Hoffmann Kunrath &#8211; Lattes &nbsp; Espanhol Aline Coelho da Silva &#8211; Lattes Ana Lourdes da Rosa Nieves Brochi &hellip; <a href=\"https:\/\/wp.ufpel.edu.br\/clc\/docentes\/\">Continue lendo <span class=\"meta-nav\">&rarr;<\/span><\/a><\/p>\n","protected":false},"author":50,"featured_media":0,"parent":0,"menu_order":0,"comment_status":"closed","ping_status":"closed","template":"","meta":{"footnotes":""},"class_list":["post-47","page","type-page","status-publish","hentry"],"_links":{"self":[{"href":"https:\/\/wp.ufpel.edu.br\/clc\/wp-json\/wp\/v2\/pages\/47","targetHints":{"allow":["GET"]}}],"collection":[{"href":"https:\/\/wp.ufpel.edu.br\/clc\/wp-json\/wp\/v2\/pages"}],"about":[{"href":"https:\/\/wp.ufpel.edu.br\/clc\/wp-json\/wp\/v2\/types\/page"}],"author":[{"embeddable":true,"href":"https:\/\/wp.ufpel.edu.br\/clc\/wp-json\/wp\/v2\/users\/50"}],"replies":[{"embeddable":true,"href":"https:\/\/wp.ufpel.edu.br\/clc\/wp-json\/wp\/v2\/comments?post=47"}],"version-history":[{"count":3,"href":"https:\/\/wp.ufpel.edu.br\/clc\/wp-json\/wp\/v2\/pages\/47\/revisions"}],"predecessor-version":[{"id":19119,"href":"https:\/\/wp.ufpel.edu.br\/clc\/wp-json\/wp\/v2\/pages\/47\/revisions\/19119"}],"wp:attachment":[{"href":"https:\/\/wp.ufpel.edu.br\/clc\/wp-json\/wp\/v2\/media?parent=47"}],"curies":[{"name":"wp","href":"https:\/\/api.w.org\/{rel}","templated":true}]}}