{"id":3643,"date":"2015-10-20T14:52:05","date_gmt":"2015-10-20T16:52:05","guid":{"rendered":"https:\/\/wp.ufpel.edu.br\/clc\/?page_id=3643"},"modified":"2019-09-11T14:31:19","modified_gmt":"2019-09-11T17:31:19","slug":"nucleo-de-revisao","status":"publish","type":"page","link":"https:\/\/wp.ufpel.edu.br\/clc\/nucleos\/nucleo-de-revisao\/","title":{"rendered":"N\u00facleo de Revis\u00e3o de Textos"},"content":{"rendered":"<p>Localiza\u00e7\u00e3o: sala 101 do CLC.\u00a0Rua Gomes Carneiro, n\u00ba 1 \u2013 CEP 96010-610 \u2013 Pelotas\/RS \u2013 Brasil<\/p>\n<p><a href=\"https:\/\/wp.ufpel.edu.br\/clc\/files\/2019\/09\/68605265_2812268562170817_4884703916769411072_n.jpg\"><img loading=\"lazy\" decoding=\"async\" class=\"alignnone size-full wp-image-9962\" src=\"https:\/\/wp.ufpel.edu.br\/clc\/files\/2019\/09\/68605265_2812268562170817_4884703916769411072_n.jpg\" alt=\"\" width=\"678\" height=\"960\" srcset=\"https:\/\/wp.ufpel.edu.br\/clc\/files\/2019\/09\/68605265_2812268562170817_4884703916769411072_n.jpg 678w, https:\/\/wp.ufpel.edu.br\/clc\/files\/2019\/09\/68605265_2812268562170817_4884703916769411072_n-112x159.jpg 112w, https:\/\/wp.ufpel.edu.br\/clc\/files\/2019\/09\/68605265_2812268562170817_4884703916769411072_n-225x318.jpg 225w\" sizes=\"auto, (max-width: 678px) 100vw, 678px\" \/><\/a><\/p>\n<p style=\"text-align: center\">E-mail: <a href=\"mailto:nucleorevisao.ufpel@gmail.com\">nucleorevisao.ufpel@gmail.com<\/a><\/p>\n<p style=\"text-align: center\"><span style=\"font-family: georgia, palatino, serif;font-size: 12pt\">Instagram do n\u00facleo:\u00a0<a href=\"https:\/\/www.instagram.com\/revisaoufpel\/\" target=\"_blank\" rel=\"noopener noreferrer\" data-saferedirecturl=\"https:\/\/www.google.com\/url?q=https:\/\/www.instagram.com\/revisaoufpel\/&amp;source=gmail&amp;ust=1568308506632000&amp;usg=AFQjCNEoYBPvjqGhQpeDJONoXXtUVGHB3w\">https:\/\/www.instagram.com\/revisaoufpel\/<\/a>\u00a0(@revisaoufpel)\u00a0<\/span><\/p>\n","protected":false},"excerpt":{"rendered":"<p>Localiza\u00e7\u00e3o: sala 101 do CLC.\u00a0Rua Gomes Carneiro, n\u00ba 1 \u2013 CEP 96010-610 \u2013 Pelotas\/RS \u2013 Brasil E-mail: nucleorevisao.ufpel@gmail.com Instagram do n\u00facleo:\u00a0https:\/\/www.instagram.com\/revisaoufpel\/\u00a0(@revisaoufpel)\u00a0<\/p>\n","protected":false},"author":50,"featured_media":0,"parent":67,"menu_order":0,"comment_status":"closed","ping_status":"closed","template":"","meta":{"footnotes":""},"class_list":["post-3643","page","type-page","status-publish","hentry"],"_links":{"self":[{"href":"https:\/\/wp.ufpel.edu.br\/clc\/wp-json\/wp\/v2\/pages\/3643","targetHints":{"allow":["GET"]}}],"collection":[{"href":"https:\/\/wp.ufpel.edu.br\/clc\/wp-json\/wp\/v2\/pages"}],"about":[{"href":"https:\/\/wp.ufpel.edu.br\/clc\/wp-json\/wp\/v2\/types\/page"}],"author":[{"embeddable":true,"href":"https:\/\/wp.ufpel.edu.br\/clc\/wp-json\/wp\/v2\/users\/50"}],"replies":[{"embeddable":true,"href":"https:\/\/wp.ufpel.edu.br\/clc\/wp-json\/wp\/v2\/comments?post=3643"}],"version-history":[{"count":12,"href":"https:\/\/wp.ufpel.edu.br\/clc\/wp-json\/wp\/v2\/pages\/3643\/revisions"}],"predecessor-version":[{"id":9965,"href":"https:\/\/wp.ufpel.edu.br\/clc\/wp-json\/wp\/v2\/pages\/3643\/revisions\/9965"}],"up":[{"embeddable":true,"href":"https:\/\/wp.ufpel.edu.br\/clc\/wp-json\/wp\/v2\/pages\/67"}],"wp:attachment":[{"href":"https:\/\/wp.ufpel.edu.br\/clc\/wp-json\/wp\/v2\/media?parent=3643"}],"curies":[{"name":"wp","href":"https:\/\/api.w.org\/{rel}","templated":true}]}}