{"id":3640,"date":"2015-10-20T14:50:17","date_gmt":"2015-10-20T16:50:17","guid":{"rendered":"https:\/\/wp.ufpel.edu.br\/clc\/?page_id=3640"},"modified":"2023-09-05T14:40:38","modified_gmt":"2023-09-05T17:40:38","slug":"nucleo-de-libras","status":"publish","type":"page","link":"https:\/\/wp.ufpel.edu.br\/clc\/nucleos\/nucleo-de-libras\/","title":{"rendered":"N\u00facleo de Libras"},"content":{"rendered":"<p><strong>Localiza\u00e7\u00e3o:<\/strong> Centro de Letras e Comunica\u00e7\u00e3o. Rua Gomes Carneiro, n\u00ba 1 \u2013 CEP 96010-610 \u2013 Pelotas\/RS \u2013 Brasil<\/p>\n<p><strong>Professores da \u00e1rea de Libras:<\/strong><\/p>\n<p>Aline de Castro e Kaster \u2013\u00a0<a href=\"http:\/\/lattes.cnpq.br\/8805938565252509\" target=\"_blank\" rel=\"noopener noreferrer\">Lattes<\/a><\/p>\n<p>Angela Nediane dos Santos \u2013\u00a0<a href=\"http:\/\/lattes.cnpq.br\/2329619753972869\" target=\"_blank\" rel=\"noopener noreferrer\">Lattes<\/a><\/p>\n<p>Antonielle Cantarelli Martins \u2013\u00a0<a href=\"http:\/\/lattes.cnpq.br\/0038657697454659\" target=\"_blank\" rel=\"noopener\">Lattes<\/a><\/p>\n<p class=\"nome\" tabindex=\"0\">Daiana San Martins Goulart \u2013\u00a0<a href=\"http:\/\/lattes.cnpq.br\/2502674466938381\" target=\"_blank\" rel=\"noopener\">Lattes<\/a><\/p>\n<p>Daniel Lopes Romeu \u2013\u00a0<a href=\"http:\/\/lattes.cnpq.br\/6586013085419145\" target=\"_blank\" rel=\"noopener noreferrer\">Lattes<\/a><\/p>\n<p>Fabiano Souto Rosa \u2013\u00a0<a href=\"http:\/\/lattes.cnpq.br\/0827970294812223\" target=\"_blank\" rel=\"noopener noreferrer\">Lattes<\/a><\/p>\n<p>Francielle Cantarelli Martins \u2013\u00a0<a href=\"http:\/\/lattes.cnpq.br\/3495191392642895\" target=\"_blank\" rel=\"noopener noreferrer\">Lattes<\/a><\/p>\n<p>Ivana Gomes da Silva \u2013\u00a0<a href=\"http:\/\/lattes.cnpq.br\/7448597498806641\" target=\"_blank\" rel=\"noopener noreferrer\">Lattes<\/a><\/p>\n<p>Karina \u00c1vila Pereira \u2013\u00a0<a href=\"http:\/\/lattes.cnpq.br\/6717704861000296\" target=\"_blank\" rel=\"noopener noreferrer\">Lattes<\/a><\/p>\n<p>Mayara Bataglin Raugust \u2013\u00a0<a href=\"http:\/\/lattes.cnpq.br\/4211320104895343\" target=\"_blank\" rel=\"noopener noreferrer\">Lattes<\/a><\/p>\n<p>Rogers Rocha \u2013\u00a0<a href=\"http:\/\/lattes.cnpq.br\/7440486299240908\" target=\"_blank\" rel=\"noopener\">Lattes<\/a><\/p>\n<p>Tatiana Bolivar Lebedeff \u2013\u00a0<a href=\"http:\/\/lattes.cnpq.br\/0081286250806899\" target=\"_blank\" rel=\"noopener noreferrer\">Lattes<\/a><\/p>\n","protected":false},"excerpt":{"rendered":"<p>Localiza\u00e7\u00e3o: Centro de Letras e Comunica\u00e7\u00e3o. Rua Gomes Carneiro, n\u00ba 1 \u2013 CEP 96010-610 \u2013 Pelotas\/RS \u2013 Brasil Professores da \u00e1rea de Libras: Aline de Castro e Kaster \u2013\u00a0Lattes Angela Nediane dos Santos \u2013\u00a0Lattes Antonielle Cantarelli Martins \u2013\u00a0Lattes Daiana San &hellip; <a href=\"https:\/\/wp.ufpel.edu.br\/clc\/nucleos\/nucleo-de-libras\/\">Continue lendo <span class=\"meta-nav\">&rarr;<\/span><\/a><\/p>\n","protected":false},"author":50,"featured_media":0,"parent":67,"menu_order":0,"comment_status":"closed","ping_status":"closed","template":"","meta":{"footnotes":""},"class_list":["post-3640","page","type-page","status-publish","hentry"],"_links":{"self":[{"href":"https:\/\/wp.ufpel.edu.br\/clc\/wp-json\/wp\/v2\/pages\/3640","targetHints":{"allow":["GET"]}}],"collection":[{"href":"https:\/\/wp.ufpel.edu.br\/clc\/wp-json\/wp\/v2\/pages"}],"about":[{"href":"https:\/\/wp.ufpel.edu.br\/clc\/wp-json\/wp\/v2\/types\/page"}],"author":[{"embeddable":true,"href":"https:\/\/wp.ufpel.edu.br\/clc\/wp-json\/wp\/v2\/users\/50"}],"replies":[{"embeddable":true,"href":"https:\/\/wp.ufpel.edu.br\/clc\/wp-json\/wp\/v2\/comments?post=3640"}],"version-history":[{"count":3,"href":"https:\/\/wp.ufpel.edu.br\/clc\/wp-json\/wp\/v2\/pages\/3640\/revisions"}],"predecessor-version":[{"id":15650,"href":"https:\/\/wp.ufpel.edu.br\/clc\/wp-json\/wp\/v2\/pages\/3640\/revisions\/15650"}],"up":[{"embeddable":true,"href":"https:\/\/wp.ufpel.edu.br\/clc\/wp-json\/wp\/v2\/pages\/67"}],"wp:attachment":[{"href":"https:\/\/wp.ufpel.edu.br\/clc\/wp-json\/wp\/v2\/media?parent=3640"}],"curies":[{"name":"wp","href":"https:\/\/api.w.org\/{rel}","templated":true}]}}