{"id":3634,"date":"2015-10-20T14:45:31","date_gmt":"2015-10-20T16:45:31","guid":{"rendered":"https:\/\/wp.ufpel.edu.br\/clc\/?page_id=3634"},"modified":"2022-09-12T16:37:47","modified_gmt":"2022-09-12T19:37:47","slug":"nucleo-de-comunicacao","status":"publish","type":"page","link":"https:\/\/wp.ufpel.edu.br\/clc\/nucleos\/nucleo-de-comunicacao\/","title":{"rendered":"N\u00facleo de Comunica\u00e7\u00e3o"},"content":{"rendered":"<div><strong>Coordena\u00e7\u00e3o:<\/strong> Daniela Agendes &#8211; Assistente em Administra\u00e7\u00e3o e jornalista.<\/div>\n<div>O N\u00facleo de Comunica\u00e7\u00e3o \u00e9 um <a href=\"https:\/\/institucional.ufpel.edu.br\/projetos\/id\/u1751\" target=\"_blank\" rel=\"noopener\">projeto de Extens\u00e3o<\/a> respons\u00e1vel pelo Portal do CLC e pelas comunica\u00e7\u00f5es interna e externa da unidade.<\/div>\n<div>Sala 102 do CLC.<\/div>\n<div>Contato: <a href=\"mailto:ascomclc@gmail.com\">ascomclc@gmail.com<\/a><\/div>\n","protected":false},"excerpt":{"rendered":"<p>Coordena\u00e7\u00e3o: Daniela Agendes &#8211; Assistente em Administra\u00e7\u00e3o e jornalista. O N\u00facleo de Comunica\u00e7\u00e3o \u00e9 um projeto de Extens\u00e3o respons\u00e1vel pelo Portal do CLC e pelas comunica\u00e7\u00f5es interna e externa da unidade. Sala 102 do CLC. Contato: ascomclc@gmail.com<\/p>\n","protected":false},"author":50,"featured_media":0,"parent":67,"menu_order":0,"comment_status":"closed","ping_status":"closed","template":"","meta":{"footnotes":""},"class_list":["post-3634","page","type-page","status-publish","hentry"],"_links":{"self":[{"href":"https:\/\/wp.ufpel.edu.br\/clc\/wp-json\/wp\/v2\/pages\/3634","targetHints":{"allow":["GET"]}}],"collection":[{"href":"https:\/\/wp.ufpel.edu.br\/clc\/wp-json\/wp\/v2\/pages"}],"about":[{"href":"https:\/\/wp.ufpel.edu.br\/clc\/wp-json\/wp\/v2\/types\/page"}],"author":[{"embeddable":true,"href":"https:\/\/wp.ufpel.edu.br\/clc\/wp-json\/wp\/v2\/users\/50"}],"replies":[{"embeddable":true,"href":"https:\/\/wp.ufpel.edu.br\/clc\/wp-json\/wp\/v2\/comments?post=3634"}],"version-history":[{"count":9,"href":"https:\/\/wp.ufpel.edu.br\/clc\/wp-json\/wp\/v2\/pages\/3634\/revisions"}],"predecessor-version":[{"id":13730,"href":"https:\/\/wp.ufpel.edu.br\/clc\/wp-json\/wp\/v2\/pages\/3634\/revisions\/13730"}],"up":[{"embeddable":true,"href":"https:\/\/wp.ufpel.edu.br\/clc\/wp-json\/wp\/v2\/pages\/67"}],"wp:attachment":[{"href":"https:\/\/wp.ufpel.edu.br\/clc\/wp-json\/wp\/v2\/media?parent=3634"}],"curies":[{"name":"wp","href":"https:\/\/api.w.org\/{rel}","templated":true}]}}