{"id":318,"date":"2012-02-17T19:38:26","date_gmt":"2012-02-17T22:38:26","guid":{"rendered":"https:\/\/wp.ufpel.edu.br\/letras\/"},"modified":"2025-07-22T14:13:19","modified_gmt":"2025-07-22T17:13:19","slug":"cursos-basicos-de-linguas","status":"publish","type":"page","link":"https:\/\/wp.ufpel.edu.br\/clc\/cursos-basicos-de-linguas\/","title":{"rendered":"Cursos B\u00e1sicos de L\u00ednguas"},"content":{"rendered":"<p><strong><a href=\"https:\/\/wp.ufpel.edu.br\/clc\/files\/2019\/10\/insta-logo.png\"><img loading=\"lazy\" decoding=\"async\" class=\"wp-image-10148 alignleft\" src=\"https:\/\/wp.ufpel.edu.br\/clc\/files\/2019\/10\/insta-logo.png\" alt=\"\" width=\"36\" height=\"36\" srcset=\"https:\/\/wp.ufpel.edu.br\/clc\/files\/2019\/10\/insta-logo.png 1000w, https:\/\/wp.ufpel.edu.br\/clc\/files\/2019\/10\/insta-logo-159x159.png 159w, https:\/\/wp.ufpel.edu.br\/clc\/files\/2019\/10\/insta-logo-318x318.png 318w, https:\/\/wp.ufpel.edu.br\/clc\/files\/2019\/10\/insta-logo-768x768.png 768w\" sizes=\"auto, (max-width: 36px) 100vw, 36px\" \/><\/a>Siga nosso <a href=\"https:\/\/www.instagram.com\/cursosdelinguasufpel\/\" target=\"_blank\" rel=\"noopener noreferrer\">Instagram<\/a>!<\/strong><\/p>\n<p><strong>Edital 2025\/02 em breve.<\/strong><\/p>\n<p><strong>Sobre os cursos<\/strong><\/p>\n<p style=\"text-align: justify;\"><a href=\"https:\/\/wp.ufpel.edu.br\/clc\/files\/2018\/09\/Logo-Cursos-de-Linguas-2018-por-Daniela-Agendes.png\"><img loading=\"lazy\" decoding=\"async\" class=\" wp-image-7788 alignright\" src=\"https:\/\/wp.ufpel.edu.br\/clc\/files\/2018\/09\/Logo-Cursos-de-Linguas-2018-por-Daniela-Agendes.png\" alt=\"\" width=\"229\" height=\"167\" srcset=\"https:\/\/wp.ufpel.edu.br\/clc\/files\/2018\/09\/Logo-Cursos-de-Linguas-2018-por-Daniela-Agendes.png 1600w, https:\/\/wp.ufpel.edu.br\/clc\/files\/2018\/09\/Logo-Cursos-de-Linguas-2018-por-Daniela-Agendes-212x154.png 212w, https:\/\/wp.ufpel.edu.br\/clc\/files\/2018\/09\/Logo-Cursos-de-Linguas-2018-por-Daniela-Agendes-424x308.png 424w, https:\/\/wp.ufpel.edu.br\/clc\/files\/2018\/09\/Logo-Cursos-de-Linguas-2018-por-Daniela-Agendes-768x559.png 768w\" sizes=\"auto, (max-width: 229px) 100vw, 229px\" \/><\/a>A C\u00e2mara de Extens\u00e3o do Centro de Letras e Comunica\u00e7\u00e3o da UFPel oferece \u00e0 comunidade em geral os Cursos B\u00e1sicos em L\u00edngua Estrangeira (Alem\u00e3o, Espanhol, Franc\u00eas e Ingl\u00eas). Obtenha informa\u00e7\u00f5es (matr\u00edculas, valores, datas, formas de ingresso, etc.) pelo e-mail <a href=\"mailto:cursosdelinguasufpel@gmail.com\">cursosdelinguasufpel@gmail.com<\/a> ou pelo telefone: (53) 3284-3811. Ou ainda, confira nosso site: <a href=\"https:\/\/wp.ufpel.edu.br\/cursosdelinguas\/\" target=\"_blank\" rel=\"noopener noreferrer\">https:\/\/wp.ufpel.edu.br\/cursosdelinguas\/<\/a><\/p>\n<p style=\"text-align: justify;\"><strong>Os editais <\/strong>dos cursos s\u00e3o divulgados no <a href=\"http:\/\/wp.ufpel.edu.br\/clc\/\" target=\"_blank\" rel=\"noopener\">site do CLC<\/a>\u00a0e\u00a0<a href=\"http:\/\/www.ufpel.edu.br\">da UFPel,<\/a> \u00a0no <a href=\"https:\/\/www.instagram.com\/cursosdelinguasufpel\/\" target=\"_blank\" rel=\"noopener noreferrer\">Instagram<\/a> e na nossa<a href=\"https:\/\/www.facebook.com\/camaradeextensaoclcufpel\/?fref=ts\" target=\"_blank\" rel=\"noopener\"> p\u00e1gina no Facebook.<\/a><\/p>\n<p style=\"text-align: justify;\">A inscri\u00e7\u00e3o \u00e9 feita atrav\u00e9s de um site, cujo endere\u00e7o consta no edital. Caso haja mais candidatos do que vagas, \u00e9 realizado um sorteio. As vagas s\u00e3o abertas \u00e0 comunidade em geral. S\u00e3o quatro n\u00edveis, em quatro semestres.<\/p>\n","protected":false},"excerpt":{"rendered":"<p>Siga nosso Instagram! Edital 2025\/02 em breve. Sobre os cursos A C\u00e2mara de Extens\u00e3o do Centro de Letras e Comunica\u00e7\u00e3o da UFPel oferece \u00e0 comunidade em geral os Cursos B\u00e1sicos em L\u00edngua Estrangeira (Alem\u00e3o, Espanhol, Franc\u00eas e Ingl\u00eas). Obtenha informa\u00e7\u00f5es &hellip; <a href=\"https:\/\/wp.ufpel.edu.br\/clc\/cursos-basicos-de-linguas\/\">Continue lendo <span class=\"meta-nav\">&rarr;<\/span><\/a><\/p>\n","protected":false},"author":50,"featured_media":0,"parent":0,"menu_order":0,"comment_status":"closed","ping_status":"closed","template":"","meta":{"footnotes":""},"class_list":["post-318","page","type-page","status-publish","hentry"],"_links":{"self":[{"href":"https:\/\/wp.ufpel.edu.br\/clc\/wp-json\/wp\/v2\/pages\/318","targetHints":{"allow":["GET"]}}],"collection":[{"href":"https:\/\/wp.ufpel.edu.br\/clc\/wp-json\/wp\/v2\/pages"}],"about":[{"href":"https:\/\/wp.ufpel.edu.br\/clc\/wp-json\/wp\/v2\/types\/page"}],"author":[{"embeddable":true,"href":"https:\/\/wp.ufpel.edu.br\/clc\/wp-json\/wp\/v2\/users\/50"}],"replies":[{"embeddable":true,"href":"https:\/\/wp.ufpel.edu.br\/clc\/wp-json\/wp\/v2\/comments?post=318"}],"version-history":[{"count":78,"href":"https:\/\/wp.ufpel.edu.br\/clc\/wp-json\/wp\/v2\/pages\/318\/revisions"}],"predecessor-version":[{"id":5385,"href":"https:\/\/wp.ufpel.edu.br\/clc\/wp-json\/wp\/v2\/pages\/318\/revisions\/5385"}],"wp:attachment":[{"href":"https:\/\/wp.ufpel.edu.br\/clc\/wp-json\/wp\/v2\/media?parent=318"}],"curies":[{"name":"wp","href":"https:\/\/api.w.org\/{rel}","templated":true}]}}