{"id":311,"date":"2012-02-17T19:13:53","date_gmt":"2012-02-17T22:13:53","guid":{"rendered":"https:\/\/wp.ufpel.edu.br\/letras\/"},"modified":"2025-10-28T16:29:45","modified_gmt":"2025-10-28T19:29:45","slug":"tclle-testes-de-competencia","status":"publish","type":"page","link":"https:\/\/wp.ufpel.edu.br\/clc\/tclle-testes-de-competencia\/","title":{"rendered":"TCLLE &#8211; Testes de Compet\u00eancia em Leitura em L\u00edngua Estrangeira"},"content":{"rendered":"<p style=\"text-align: justify;\"><strong>Edital 2025: https:\/\/wp.ufpel.edu.br\/cra\/testes-de-competencia-em-leitura-em-lingua-estrangeira\/<\/strong><\/p>\n<p>Pr\u00f3ximo edital no primeiro semestre de 2026.<\/p>\n<p style=\"text-align: justify;\">Siga o Instagram <a href=\"https:\/\/www.instagram.com\/cursosdelinguasufpel\/\" target=\"_blank\" rel=\"noopener\">@cursosdelinguasufpel<\/a> para ficar por dentro das not\u00edcias.<\/p>\n<p><strong>Edital e provas 2024<\/strong> &#8211; <a href=\"https:\/\/wp.ufpel.edu.br\/cra\/testes-de-competencia-em-leitura-em-lingua-estrangeira\/\">neste link<\/a><\/p>\n<p style=\"text-align: justify;\">A certifica\u00e7\u00e3o somente \u00e9 poss\u00edvel ap\u00f3s divulga\u00e7\u00e3o do <span style=\"text-decoration: underline;\">resultado final<\/span>. N\u00e3o h\u00e1 especifica\u00e7\u00e3o de uma data exata para que isso ocorra, conforme edital. O candidato receber\u00e1 um link por e-mail para acessar o documento. Caso n\u00e3o o receba, pode acessar o site do <span class=\"il\">Cobalto<\/span>:\u00a0<a href=\"https:\/\/cobalto.ufpel.edu.br\/\" target=\"_blank\" rel=\"noopener\" data-saferedirecturl=\"https:\/\/www.google.com\/url?q=https:\/\/cobalto.ufpel.edu.br&amp;source=gmail&amp;ust=1691774384451000&amp;usg=AOvVaw2gWTSkysGixaty1INaWVjW\">https:\/\/<span class=\"il\">cobalto<\/span>.<wbr \/>ufpel.edu.br<\/a>\u00a0.\u00a0Na aba &#8220;Acesso livre&#8221; em &#8220;Certificados&#8221;, ser\u00e1 necess\u00e1rio inserir o documento e e-mail cadastrados na inscri\u00e7\u00e3o do TCLLE.<\/p>\n<div>\n<div class=\"adm\">\n<div id=\"q_298\" class=\"ajR h4\"><a style=\"font-size: 16px; text-align: justify;\" href=\"http:\/\/concursos.ufpel.edu.br\/wp\/\" target=\"_blank\" rel=\"noopener noreferrer\" data-saferedirecturl=\"https:\/\/www.google.com\/url?q=http:\/\/concursos.ufpel.edu.br\/wp\/&amp;source=gmail&amp;ust=1595010531835000&amp;usg=AFQjCNE1hnKtlhUsr3Ph-vyN3D33dSpvUA\">http:\/\/concursos.ufpel.edu.br\/wp\/<\/a><\/div>\n<\/div>\n<\/div>\n<hr \/>\n<p><a href=\"https:\/\/wp.ufpel.edu.br\/cra\/testes-de-competencia-em-leitura-em-lingua-estrangeira\/\" target=\"_blank\" rel=\"noopener\">Edital e provas &#8211; 2023<\/a><\/p>\n<p><a href=\"http:\/\/ces.ufpel.edu.br\/conctecadmed0023_2019\/\" target=\"_blank\" rel=\"noopener noreferrer\">Edital e provas &#8211; 2022\/2<\/a><\/p>\n<p><a href=\"http:\/\/ces.ufpel.edu.br\/conctecadmed0023_2019\/\" target=\"_blank\" rel=\"noopener noreferrer\">Edital e provas (2019-2)<\/a><\/p>\n<p><a href=\"https:\/\/wp.me\/p8BNZR-2s2\" target=\"_blank\" rel=\"noopener noreferrer\">Edital e provas (2019-1)<\/a><\/p>\n<p><a href=\"http:\/\/ces.ufpel.edu.br\/conctecadmed0026_2018\/\">Edital e provas (2018-2)<\/a><\/p>\n<hr \/>\n<p style=\"text-align: JUSTIFY;\"><strong>Os\u00a0Testes de Compet\u00eancia em Leitura em L\u00edngua Estrangeira<\/strong> (<strong>TCLLE<\/strong>) t\u00eam previs\u00e3o para ocorrer uma vez por ano. Os editais s\u00e3o divulgados <a href=\"https:\/\/wp.ufpel.edu.br\/cra\/testes-de-competencia-em-leitura-em-lingua-estrangeira\/\" target=\"_blank\" rel=\"noopener\">neste site.<\/a><\/p>\n<p style=\"text-align: justify;\"><b>Os certificados s\u00e3o enviados aos candidatos pelo e-mail cadastrado no ato da inscri\u00e7\u00e3o.<\/b> Isso leva em torno de um m\u00eas ap\u00f3s a realiza\u00e7\u00e3o da prova. \u00a0Caso o candidato n\u00e3o receba o documento, recomenda-se procurar na caixa de spam ou acessar o site <a href=\"https:\/\/cobalto.ufpel.edu.br\/portal\/consultas\/eventoPublico\" target=\"_blank\" rel=\"noopener\">https:\/\/cobalto.ufpel.edu.br\/portal\/consultas\/eventoPublico<\/a>; preencher CPF e e-mail cadastrados no ato da inscri\u00e7\u00e3o; clicar em &#8220;Pesquisar&#8221; e fazer o download. Para CPFs que iniciam em &#8220;0&#8221; (zero), caso n\u00e3o apare\u00e7am resultados na pesquisa, testar a digita\u00e7\u00e3o do CPF sem o &#8220;0&#8221;.<\/p>\n<p style=\"text-align: justify;\">Confira\u00a0<strong>provas anteriores e editais do TCLLE<\/strong>\u00a0no link:\u00a0<a href=\"http:\/\/concursos.ufpel.edu.br\/wp\/processos-seletivos-especiais\/\" target=\"_blank\" rel=\"noopener noreferrer\">http:\/\/concursos.ufpel.edu.br\/wp\/processos-seletivos-especiais\/<\/a><\/p>\n<p><strong>SOBRE O TESTE<\/strong><\/p>\n<p style=\"text-align: justify;\">Os\u00a0<strong>Testes de Compet\u00eancia em Leitura em L\u00edngua Estrangeira<\/strong>\u00a0(TCLLE) s\u00e3o oferecidos pela C\u00e2mara de Extens\u00e3o do Centro de Letras e Comunica\u00e7\u00e3o da UFPel. Eles t\u00eam por finalidade medir a capacidade de leitura e compreens\u00e3o de textos por parte do candidato, na l\u00edngua estrangeira pretendida, por meio de dez quest\u00f5es de m\u00faltipla escolha. No teste, o uso de dicion\u00e1rio individual \u00e9 permitido, devendo o candidato lev\u00e1-lo.<\/p>\n<p style=\"text-align: justify;\">Podem ser ofertados testes de <strong>Alem\u00e3o, Espanhol, Franc\u00eas e Ingl\u00eas<\/strong>. No ato da inscri\u00e7\u00e3o, o candidato deve, obrigatoriamente, escolher uma das l\u00ednguas estrangeiras. O valor de inscri\u00e7\u00e3o costuma ser de R$ 100,00, e o local da prova, o Campus Porto &#8211; Anglo (rua Gomes Carneiro, n\u00ba 01, Pelotas\/RS).<\/p>\n<p style=\"text-align: justify;\"><strong>SOBRE O CERTIFICADO<\/strong><\/p>\n<p style=\"text-align: justify;\"><strong>No certificado,<\/strong> consta a nota, a l\u00edngua e a data de realiza\u00e7\u00e3o do teste. A\u00a0<strong>nota m\u00ednima\u00a0<\/strong>para aprova\u00e7\u00e3o no TCLLE \u00e9 de atribui\u00e7\u00e3o de cada Programa de P\u00f3s-Gradua\u00e7\u00e3o, segundo seus regimentos internos. O prazo de validade dos testes de compet\u00eancia, no \u00e2mbito da UFPel, \u00e9 de dois anos, contados a partir da data de expedi\u00e7\u00e3o do certificado.<\/p>\n<p>&nbsp;<\/p>\n","protected":false},"excerpt":{"rendered":"<p>Edital 2025: https:\/\/wp.ufpel.edu.br\/cra\/testes-de-competencia-em-leitura-em-lingua-estrangeira\/ Pr\u00f3ximo edital no primeiro semestre de 2026. Siga o Instagram @cursosdelinguasufpel para ficar por dentro das not\u00edcias. Edital e provas 2024 &#8211; neste link A certifica\u00e7\u00e3o somente \u00e9 poss\u00edvel ap\u00f3s divulga\u00e7\u00e3o do resultado final. N\u00e3o h\u00e1 especifica\u00e7\u00e3o &hellip; <a href=\"https:\/\/wp.ufpel.edu.br\/clc\/tclle-testes-de-competencia\/\">Continue lendo <span class=\"meta-nav\">&rarr;<\/span><\/a><\/p>\n","protected":false},"author":143,"featured_media":0,"parent":0,"menu_order":0,"comment_status":"closed","ping_status":"closed","template":"","meta":{"footnotes":""},"class_list":["post-311","page","type-page","status-publish","hentry"],"_links":{"self":[{"href":"https:\/\/wp.ufpel.edu.br\/clc\/wp-json\/wp\/v2\/pages\/311","targetHints":{"allow":["GET"]}}],"collection":[{"href":"https:\/\/wp.ufpel.edu.br\/clc\/wp-json\/wp\/v2\/pages"}],"about":[{"href":"https:\/\/wp.ufpel.edu.br\/clc\/wp-json\/wp\/v2\/types\/page"}],"author":[{"embeddable":true,"href":"https:\/\/wp.ufpel.edu.br\/clc\/wp-json\/wp\/v2\/users\/143"}],"replies":[{"embeddable":true,"href":"https:\/\/wp.ufpel.edu.br\/clc\/wp-json\/wp\/v2\/comments?post=311"}],"version-history":[{"count":4,"href":"https:\/\/wp.ufpel.edu.br\/clc\/wp-json\/wp\/v2\/pages\/311\/revisions"}],"predecessor-version":[{"id":18857,"href":"https:\/\/wp.ufpel.edu.br\/clc\/wp-json\/wp\/v2\/pages\/311\/revisions\/18857"}],"wp:attachment":[{"href":"https:\/\/wp.ufpel.edu.br\/clc\/wp-json\/wp\/v2\/media?parent=311"}],"curies":[{"name":"wp","href":"https:\/\/api.w.org\/{rel}","templated":true}]}}