{"id":2306,"date":"2014-01-29T16:10:01","date_gmt":"2014-01-29T18:10:01","guid":{"rendered":"https:\/\/wp.ufpel.edu.br\/clc\/?page_id=2306"},"modified":"2025-08-27T20:38:22","modified_gmt":"2025-08-27T23:38:22","slug":"estagios","status":"publish","type":"page","link":"https:\/\/wp.ufpel.edu.br\/clc\/colegiado-do-clc\/estagios\/","title":{"rendered":"Est\u00e1gios"},"content":{"rendered":"<p><strong>Documentos para alunos matriculados em Est\u00e1gio Obrigat\u00f3rio das Licenciaturas em Letras<\/strong><\/p>\n<p>Primeiro passo: Escolha em que tipo de institui\u00e7\u00e3o pretendes estagiar:<\/p>\n<p><a href=\"https:\/\/wp.ufpel.edu.br\/clc\/nucleos\/nucleodeestagios\/estagio-em-escola-municipal-de-pelotas\/\">Escola Municipal de Pelotas<\/a><\/p>\n<p><a href=\"https:\/\/wp.ufpel.edu.br\/clc\/nucleos\/nucleodeestagios\/estagios-em-escola-estadual-de-pelotas-e-regiao\/\">Escola Estadual de Pelotas e regi\u00e3o<\/a><\/p>\n<p><a href=\"https:\/\/wp.ufpel.edu.br\/clc\/nucleos\/nucleodeestagios\/estagios-em-escola-particular-e-outros\/\">Escola municipal de outros munic\u00edpios<\/a><\/p>\n<p><a href=\"https:\/\/wp.ufpel.edu.br\/clc\/nucleos\/nucleodeestagios\/estagios-em-escola-particular-e-outros\/\">Outras Institui\u00e7\u00f5es de Ensino (ex.: IFSul e CAVG)<\/a><\/p>\n<hr \/>\n<p><strong>Documentos para alunos matriculados em Est\u00e1gio Obrigat\u00f3rio dos Bacharelados em Letras:<\/strong><\/p>\n<p><a href=\"https:\/\/wp.ufpel.edu.br\/clc\/files\/2023\/08\/Termo-de-Compromisso-UFPel-como-INSTITUICAO-DE-ENSINO-com-seguro202301-bacharelados.docx\">Termo de Compromisso de Est\u00e1gio<\/a> (Tradu\u00e7\u00e3o Ingl\u00eas &#8211; Portugu\u00eas \/ Tradu\u00e7\u00e3o Espanhol &#8211; Portugu\u00eas)<\/p>\n<p><a href=\"https:\/\/wp.ufpel.edu.br\/clc\/files\/2024\/07\/RRT-Modelos-Termo-de-Compromisso-Estagio-na-UFPel.docx\">Termo de Compromisso I<\/a> (RRT &#8211; est\u00e1gios feitos na pr\u00f3pria UFPel \u2013 ex: N\u00facleo de Revis\u00e3o; Editora)<\/p>\n<p><a href=\"https:\/\/wp.ufpel.edu.br\/clc\/files\/2024\/07\/RRT-Modelos-Termo-de-Compromisso-Estagio-em-empresa-ou-instituicao.docx\">Termo de Compromisso II<\/a> (RRT &#8211; est\u00e1gios feitos fora da UFPel \u2013 ex.: Correios)<\/p>\n<p><a href=\"https:\/\/wp.ufpel.edu.br\/clc\/files\/2024\/07\/Plano-de-trabalho-Estagio.docx\">Plano de Atividades<\/a> (Anexo ao Termo &#8211; Obrigat\u00f3rio para todos os Bacharelados)<\/p>\n<hr \/>\n<p><strong>Documentos para alunos matriculados em Est\u00e1gio Obrigat\u00f3rio do Bacharelado em Jornalismo:<\/strong><\/p>\n<p><a href=\"https:\/\/wp.ufpel.edu.br\/clc\/files\/2024\/11\/Jornalismo-Modelos-Termo-de-Compromisso-Estagio-em-Empresa.docx\">Termo de Compromisso de Est\u00e1gio I<\/a> (Jornalismo &#8211; est\u00e1gios feitos fora da UFPel &#8211; ex: em empresa)<\/p>\n<p><a href=\"https:\/\/wp.ufpel.edu.br\/clc\/files\/2024\/11\/Jornalismo-Modelos-Termo-de-Compromisso-Estagio-na-UFPel.docx\">Termo de Compromisso de Est\u00e1gio II<\/a> (Jornalismo &#8211; est\u00e1gios feitos na UFPel &#8211; ex: Em Pauta)<\/p>\n<p><a href=\"https:\/\/wp.ufpel.edu.br\/clc\/files\/2024\/07\/Plano-de-trabalho-Estagio.docx\">Plano de Atividades<\/a> (Anexo ao Termo &#8211; Obrigat\u00f3rio para todos os Bacharelados)<\/p>\n<hr \/>\n<p style=\"text-align: center;\"><strong><u>Outras orienta\u00e7\u00f5es e documenta\u00e7\u00f5es<\/u><\/strong><\/p>\n<p><a href=\"https:\/\/wp.ufpel.edu.br\/clc\/files\/2020\/03\/ListadePresen\u00e7a_Estagi\u00e1rio.docx\">Lista de presen\u00e7a do estagi\u00e1rio<\/a> (obrigat\u00f3ria para todos os est\u00e1gios presenciais) O aluno apresentar\u00e1 ao seu professor orientador, no final da realiza\u00e7\u00e3o de seu est\u00e1gio, a lista de presen\u00e7a a ser preenchida gradativamente, a cada encontro na escola ou institui\u00e7\u00e3o de est\u00e1gio.<\/p>\n<p><a href=\"https:\/\/wp.ufpel.edu.br\/clc\/files\/2020\/03\/Ficha_Acompanhamento_Orientador.docx\">Ficha de Acompanhamento do Orientador<\/a> (apenas para est\u00e1gios de interven\u00e7\u00e3o e reg\u00eancia das Licenciaturas). Esta ficha \u00e9 para ser preenchida, durante e a cada visita de seu professor orientador em campo de est\u00e1gio. Dever\u00e1, ao final, ser entregue ao professor que ministra a disciplina de est\u00e1gio na UFPel.<\/p>\n<p><strong>Importante!!!<\/strong> A elabora\u00e7\u00e3o do <strong>plano de trabalho<\/strong> e, no final, a elabora\u00e7\u00e3o do <strong>relat\u00f3rio de est\u00e1gio<\/strong>, bem como a entrega desses documentos, devem ser acertadas com o <u>professor orientador de est\u00e1gio<\/u>. A carga hor\u00e1ria do est\u00e1gio tamb\u00e9m \u00e9 acertada com o professor orientador em conjunto com o campo de est\u00e1gio.<\/p>\n<p><strong>Ap\u00f3lice de Seguro:<\/strong> Todos os alunos em atividades de est\u00e1gio s\u00e3o cadastrados e segurados pela\u00a0<a href=\"https:\/\/wp.ufpel.edu.br\/clc\/files\/2023\/08\/Apolice-4_R24-SURA-2024.pdf\">Ap\u00f3lice coletiva n\u00ba 80.982.4<\/a> da SEGUROS SURA S.A. O seguro foi renovado, pela mesma empresa seguradora, para vig\u00eancia de 28\/08\/2025 \u00e0 27\/08\/2026. Se necess\u00e1rio, por ora, est\u00e1 dispon\u00edvel a <a href=\"https:\/\/wp.ufpel.edu.br\/clc\/files\/2025\/08\/CARTA_COBERTURA_R25.pdf\"><strong>Carta de Cobertura<\/strong><\/a> referente \u00e0 renova\u00e7\u00e3o, podendo ser utilizada at\u00e9 a emiss\u00e3o do novo documento oficial de Ap\u00f3lice.<\/p>\n<p>&nbsp;<\/p>\n<p>Outra d\u00favidas e seus significados:<\/p>\n<p><strong>Parte concedente<\/strong> = \u00e9 o campo de est\u00e1gio (escola ou outra institui\u00e7\u00e3o de est\u00e1gio)<\/p>\n<p><strong>Institui\u00e7\u00e3o de Ensino<\/strong> = \u00e9 a universidade (Coordena\u00e7\u00e3o &#8211; Centro de Letras e Comunica\u00e7\u00e3o da UFPel)<\/p>\n<p><strong>Professor orientador<\/strong> = \u00e9 o professor que orienta o aluno em est\u00e1gio na UFPel<\/p>\n<p><strong>Supervisor de est\u00e1gio<\/strong> = \u00e9 o professor indicado pela escola ou institui\u00e7\u00e3o de est\u00e1gio a supervisionar o aluno em campo de est\u00e1gio.<\/p>\n<p>&nbsp;<\/p>\n<hr \/>\n<p>Colegiado do CLC:<\/p>\n<p>Auxiliar em Administra\u00e7\u00e3o: Cristiane Guidotti<br \/>\nSala 107, pr\u00e9dio B, Campus Porto. Centro de Letras e Comunica\u00e7\u00e3o<\/p>\n<p>32843815<\/p>\n<p>e-mail: <a href=\"mailto:nucleodeestagios@gmail.com\" target=\"_blank\" rel=\"noopener noreferrer\">estagios.clc@ufpel.edu.br<\/a><\/p>\n","protected":false},"excerpt":{"rendered":"<p>Documentos para alunos matriculados em Est\u00e1gio Obrigat\u00f3rio das Licenciaturas em Letras Primeiro passo: Escolha em que tipo de institui\u00e7\u00e3o pretendes estagiar: Escola Municipal de Pelotas Escola Estadual de Pelotas e regi\u00e3o Escola municipal de outros munic\u00edpios Outras Institui\u00e7\u00f5es de Ensino &hellip; <a href=\"https:\/\/wp.ufpel.edu.br\/clc\/colegiado-do-clc\/estagios\/\">Continue lendo <span class=\"meta-nav\">&rarr;<\/span><\/a><\/p>\n","protected":false},"author":50,"featured_media":0,"parent":10267,"menu_order":0,"comment_status":"closed","ping_status":"closed","template":"","meta":{"footnotes":""},"class_list":["post-2306","page","type-page","status-publish","hentry"],"_links":{"self":[{"href":"https:\/\/wp.ufpel.edu.br\/clc\/wp-json\/wp\/v2\/pages\/2306","targetHints":{"allow":["GET"]}}],"collection":[{"href":"https:\/\/wp.ufpel.edu.br\/clc\/wp-json\/wp\/v2\/pages"}],"about":[{"href":"https:\/\/wp.ufpel.edu.br\/clc\/wp-json\/wp\/v2\/types\/page"}],"author":[{"embeddable":true,"href":"https:\/\/wp.ufpel.edu.br\/clc\/wp-json\/wp\/v2\/users\/50"}],"replies":[{"embeddable":true,"href":"https:\/\/wp.ufpel.edu.br\/clc\/wp-json\/wp\/v2\/comments?post=2306"}],"version-history":[{"count":4,"href":"https:\/\/wp.ufpel.edu.br\/clc\/wp-json\/wp\/v2\/pages\/2306\/revisions"}],"predecessor-version":[{"id":18554,"href":"https:\/\/wp.ufpel.edu.br\/clc\/wp-json\/wp\/v2\/pages\/2306\/revisions\/18554"}],"up":[{"embeddable":true,"href":"https:\/\/wp.ufpel.edu.br\/clc\/wp-json\/wp\/v2\/pages\/10267"}],"wp:attachment":[{"href":"https:\/\/wp.ufpel.edu.br\/clc\/wp-json\/wp\/v2\/media?parent=2306"}],"curies":[{"name":"wp","href":"https:\/\/api.w.org\/{rel}","templated":true}]}}