{"id":17490,"date":"2024-12-02T14:44:47","date_gmt":"2024-12-02T17:44:47","guid":{"rendered":"https:\/\/wp.ufpel.edu.br\/clc\/?page_id=17490"},"modified":"2024-12-02T14:44:47","modified_gmt":"2024-12-02T17:44:47","slug":"licenciatura-em-letras-libras-literatura-surda","status":"publish","type":"page","link":"https:\/\/wp.ufpel.edu.br\/clc\/licenciatura-em-letras-libras-literatura-surda\/","title":{"rendered":"Licenciatura em Letras LIBRAS\/Literatura Surda"},"content":{"rendered":"<p style=\"text-align: justify;\">O Curso de Licenciatura em Letras LIBRAS\/Literatura Surda forma professores de Libras e de Literatura Surda habilitados para atuar nas escolas de surdos e nas escolas regulares que tenham alunos surdos da educa\u00e7\u00e3o b\u00e1sica, bem como no ensino de Libras como segunda l\u00edngua para alunos ouvintes. O professor formado neste curso poder\u00e1 atuar\u00a0desde a aquisi\u00e7\u00e3o da l\u00edngua de sinais por crian\u00e7as surdas ou ouvintes\u00a0(Ensino Fundamental) at\u00e9 o ensino desta para adultos em n\u00edvel universit\u00e1rio, tanto surdos quanto ouvintes, ou seja, ensinando Libras como L1 ou como L2.<\/p>\n<p style=\"text-align: justify;\">Com a inser\u00e7\u00e3o desses profissionais nesses locais de atua\u00e7\u00e3o busca-se romper com a hist\u00f3rica exclus\u00e3o vivenciada pelos alunos surdos, devido \u00e0s barreiras comunicacionais. Este profissional estar\u00e1 habilitado a desenvolver pr\u00e1ticas inclusivas, atrav\u00e9s do uso de metodologias de ensino focadas no respeito \u00e0s diferen\u00e7as lingu\u00edsticas e culturais, promovendo a valoriza\u00e7\u00e3o da L\u00edngua Brasileira de Sinais e da Literatura Surda nos espa\u00e7os sociais e educacionais.<\/p>\n<table>\n<tbody>\n<tr>\n<td width=\"189\">N\u00famero de vagas<\/td>\n<td width=\"350\">30<\/td>\n<\/tr>\n<tr>\n<td width=\"189\">Modalidade<\/td>\n<td width=\"350\">Presencial<\/td>\n<\/tr>\n<tr>\n<td width=\"189\">Turno de funcionamento<\/td>\n<td width=\"350\">Noturno<\/td>\n<\/tr>\n<tr>\n<td width=\"189\">Regime acad\u00eamico<\/td>\n<td width=\"350\">Semestral<\/td>\n<\/tr>\n<tr>\n<td width=\"189\">Formas de ingresso<\/td>\n<td width=\"350\">\n<p>SISU<\/p>\n<p>PAVE<\/p>\n<p>Processo Seletivo Espec\u00edfico (com vagas reservadas para pessoas surdas)<\/td>\n<\/tr>\n<tr>\n<td width=\"189\">Titula\u00e7\u00e3o conferida<\/td>\n<td width=\"350\">Licenciado em Letras \u2013 Libras\/Literatura Surda<\/td>\n<\/tr>\n<\/tbody>\n<\/table>\n<p style=\"text-align: justify;\">Mais informa\u00e7\u00f5es:<\/p>\n<p style=\"text-align: justify;\">site institucional:\u00a0<a href=\"https:\/\/institucional.ufpel.edu.br\/cursos\/cod\/8400\" data-saferedirecturl=\"https:\/\/www.google.com\/url?q=https:\/\/institucional.ufpel.edu.br\/cursos\/cod\/8400&amp;source=gmail&amp;ust=1733246511151000&amp;usg=AOvVaw06sFc-qeztG1t-fDmIpiA-\">https:\/\/institucional.ufpel.edu.br\/cursos\/cod\/8400<\/a><\/p>\n<p style=\"text-align: justify;\">redes sociais: <a href=\"https:\/\/www.instagram.com\/libras.ufpel\">@libras.ufpel<\/a><\/p>\n","protected":false},"excerpt":{"rendered":"<p>O Curso de Licenciatura em Letras LIBRAS\/Literatura Surda forma professores de Libras e de Literatura Surda habilitados para atuar nas escolas de surdos e nas escolas regulares que tenham alunos surdos da educa\u00e7\u00e3o b\u00e1sica, bem como no ensino de Libras &hellip; <a href=\"https:\/\/wp.ufpel.edu.br\/clc\/licenciatura-em-letras-libras-literatura-surda\/\">Continue lendo <span class=\"meta-nav\">&rarr;<\/span><\/a><\/p>\n","protected":false},"author":50,"featured_media":0,"parent":0,"menu_order":0,"comment_status":"closed","ping_status":"closed","template":"","meta":{"footnotes":""},"class_list":["post-17490","page","type-page","status-publish","hentry"],"_links":{"self":[{"href":"https:\/\/wp.ufpel.edu.br\/clc\/wp-json\/wp\/v2\/pages\/17490","targetHints":{"allow":["GET"]}}],"collection":[{"href":"https:\/\/wp.ufpel.edu.br\/clc\/wp-json\/wp\/v2\/pages"}],"about":[{"href":"https:\/\/wp.ufpel.edu.br\/clc\/wp-json\/wp\/v2\/types\/page"}],"author":[{"embeddable":true,"href":"https:\/\/wp.ufpel.edu.br\/clc\/wp-json\/wp\/v2\/users\/50"}],"replies":[{"embeddable":true,"href":"https:\/\/wp.ufpel.edu.br\/clc\/wp-json\/wp\/v2\/comments?post=17490"}],"version-history":[{"count":1,"href":"https:\/\/wp.ufpel.edu.br\/clc\/wp-json\/wp\/v2\/pages\/17490\/revisions"}],"predecessor-version":[{"id":17492,"href":"https:\/\/wp.ufpel.edu.br\/clc\/wp-json\/wp\/v2\/pages\/17490\/revisions\/17492"}],"wp:attachment":[{"href":"https:\/\/wp.ufpel.edu.br\/clc\/wp-json\/wp\/v2\/media?parent=17490"}],"curies":[{"name":"wp","href":"https:\/\/api.w.org\/{rel}","templated":true}]}}