{"id":16385,"date":"2024-03-07T17:06:51","date_gmt":"2024-03-07T20:06:51","guid":{"rendered":"https:\/\/wp.ufpel.edu.br\/clc\/?page_id=16385"},"modified":"2024-03-07T17:20:28","modified_gmt":"2024-03-07T20:20:28","slug":"logo-comemorativo-do-clc-40-anos","status":"publish","type":"page","link":"https:\/\/wp.ufpel.edu.br\/clc\/logo-comemorativo-do-clc-40-anos\/","title":{"rendered":"Logo comemorativo do CLC &#8211; 40 anos"},"content":{"rendered":"<p style=\"text-align: justify;\">O logotipo comemorativo dos 40 anos do CLC pode ser baixado em <strong>todas as suas vers\u00f5es<\/strong>\u00a0neste link: <a href=\"https:\/\/wp.ufpel.edu.br\/clc\/files\/2024\/03\/Logo-CLC-40-Anos-Versoes-Manual-de-Aplicacao.rar\">Logo CLC 40 Anos + Vers\u00f5es + Manual de Aplica\u00e7\u00e3o<\/a><\/p>\n<p style=\"text-align: justify;\">O\u00a0Manual de aplica\u00e7\u00e3o da Identidade Visual\u00a0pode ser visualizado\u00a0<a href=\"https:\/\/wp.ufpel.edu.br\/clc\/files\/2024\/03\/Manual-de-Aplicacao-LOGO-40-Anos-CLC.pdf\">neste link<\/a>.\u00a0Nele, constam por exemplo\u00a0<strong>formas incorretas<\/strong> de aplica\u00e7\u00e3o do material.<\/p>\n<p>Algumas das principais vers\u00f5es:<\/p>\n<div id=\"attachment_16390\" style=\"width: 390px\" class=\"wp-caption aligncenter\"><a href=\"https:\/\/wp.ufpel.edu.br\/clc\/files\/2024\/03\/CLC-40-Anos-Principal.png\"><img loading=\"lazy\" decoding=\"async\" aria-describedby=\"caption-attachment-16390\" class=\"wp-image-16390 \" src=\"https:\/\/wp.ufpel.edu.br\/clc\/files\/2024\/03\/CLC-40-Anos-Principal.png\" alt=\"\" width=\"380\" height=\"279\" srcset=\"https:\/\/wp.ufpel.edu.br\/clc\/files\/2024\/03\/CLC-40-Anos-Principal.png 1080w, https:\/\/wp.ufpel.edu.br\/clc\/files\/2024\/03\/CLC-40-Anos-Principal-424x311.png 424w, https:\/\/wp.ufpel.edu.br\/clc\/files\/2024\/03\/CLC-40-Anos-Principal-212x156.png 212w, https:\/\/wp.ufpel.edu.br\/clc\/files\/2024\/03\/CLC-40-Anos-Principal-768x564.png 768w\" sizes=\"auto, (max-width: 380px) 100vw, 380px\" \/><\/a><p id=\"caption-attachment-16390\" class=\"wp-caption-text\">CLC-40-Anos-Principal<\/p><\/div>\n<p style=\"text-align: center;\"><a href=\"https:\/\/wp.ufpel.edu.br\/clc\/files\/2024\/03\/CLC-40-Anos-Principal.png\" target=\"_blank\" rel=\"noopener\">Download<\/a><\/p>\n<div id=\"attachment_16393\" style=\"width: 421px\" class=\"wp-caption aligncenter\"><a href=\"https:\/\/wp.ufpel.edu.br\/clc\/files\/2024\/03\/CLC-40-Anos-PB.png\"><img loading=\"lazy\" decoding=\"async\" aria-describedby=\"caption-attachment-16393\" class=\"wp-image-16393 \" src=\"https:\/\/wp.ufpel.edu.br\/clc\/files\/2024\/03\/CLC-40-Anos-PB.png\" alt=\"\" width=\"411\" height=\"302\" srcset=\"https:\/\/wp.ufpel.edu.br\/clc\/files\/2024\/03\/CLC-40-Anos-PB.png 1080w, https:\/\/wp.ufpel.edu.br\/clc\/files\/2024\/03\/CLC-40-Anos-PB-424x311.png 424w, https:\/\/wp.ufpel.edu.br\/clc\/files\/2024\/03\/CLC-40-Anos-PB-212x156.png 212w, https:\/\/wp.ufpel.edu.br\/clc\/files\/2024\/03\/CLC-40-Anos-PB-768x564.png 768w\" sizes=\"auto, (max-width: 411px) 100vw, 411px\" \/><\/a><p id=\"caption-attachment-16393\" class=\"wp-caption-text\">CLC-40-Anos-Preto e branco<\/p><\/div>\n<p style=\"text-align: center;\"><a href=\"https:\/\/wp.ufpel.edu.br\/clc\/files\/2024\/03\/CLC-40-Anos-PB.png\" target=\"_blank\" rel=\"noopener\">Download<\/a><\/p>\n<div id=\"attachment_16394\" style=\"width: 417px\" class=\"wp-caption aligncenter\"><a href=\"https:\/\/wp.ufpel.edu.br\/clc\/logo-comemorativo-do-clc-40-anos\/clc-40-anos-principal-fundo-branco\/\"><img loading=\"lazy\" decoding=\"async\" aria-describedby=\"caption-attachment-16394\" class=\"wp-image-16394 \" src=\"https:\/\/wp.ufpel.edu.br\/clc\/files\/2024\/03\/CLC-40-Anos-Principal-fundo-Branco.png\" alt=\"\" width=\"407\" height=\"407\" srcset=\"https:\/\/wp.ufpel.edu.br\/clc\/files\/2024\/03\/CLC-40-Anos-Principal-fundo-Branco.png 1080w, https:\/\/wp.ufpel.edu.br\/clc\/files\/2024\/03\/CLC-40-Anos-Principal-fundo-Branco-318x318.png 318w, https:\/\/wp.ufpel.edu.br\/clc\/files\/2024\/03\/CLC-40-Anos-Principal-fundo-Branco-159x159.png 159w, https:\/\/wp.ufpel.edu.br\/clc\/files\/2024\/03\/CLC-40-Anos-Principal-fundo-Branco-768x768.png 768w\" sizes=\"auto, (max-width: 407px) 100vw, 407px\" \/><\/a><p id=\"caption-attachment-16394\" class=\"wp-caption-text\">CLC-40-anos-principal-fundo-branco<\/p><\/div>\n<p style=\"text-align: center;\"><a href=\"https:\/\/wp.ufpel.edu.br\/clc\/logo-comemorativo-do-clc-40-anos\/clc-40-anos-principal-fundo-branco\/\" target=\"_blank\" rel=\"noopener\">Download<\/a><\/p>\n<div id=\"attachment_16395\" style=\"width: 411px\" class=\"wp-caption aligncenter\"><a href=\"https:\/\/wp.ufpel.edu.br\/clc\/files\/2024\/03\/CLC-40-Anos-PB-fundo-branco.png\"><img loading=\"lazy\" decoding=\"async\" aria-describedby=\"caption-attachment-16395\" class=\"wp-image-16395 \" src=\"https:\/\/wp.ufpel.edu.br\/clc\/files\/2024\/03\/CLC-40-Anos-PB-fundo-branco.png\" alt=\"\" width=\"401\" height=\"401\" srcset=\"https:\/\/wp.ufpel.edu.br\/clc\/files\/2024\/03\/CLC-40-Anos-PB-fundo-branco.png 1080w, https:\/\/wp.ufpel.edu.br\/clc\/files\/2024\/03\/CLC-40-Anos-PB-fundo-branco-318x318.png 318w, https:\/\/wp.ufpel.edu.br\/clc\/files\/2024\/03\/CLC-40-Anos-PB-fundo-branco-159x159.png 159w, https:\/\/wp.ufpel.edu.br\/clc\/files\/2024\/03\/CLC-40-Anos-PB-fundo-branco-768x768.png 768w\" sizes=\"auto, (max-width: 401px) 100vw, 401px\" \/><\/a><p id=\"caption-attachment-16395\" class=\"wp-caption-text\">CLC-40-Anos-Preto e Branco-fundo-branco<\/p><\/div>\n<p style=\"text-align: center;\"><a href=\"https:\/\/wp.ufpel.edu.br\/clc\/files\/2024\/03\/CLC-40-Anos-PB-fundo-branco.png\" target=\"_blank\" rel=\"noopener\">Download<\/a><\/p>\n","protected":false},"excerpt":{"rendered":"<p>O logotipo comemorativo dos 40 anos do CLC pode ser baixado em todas as suas vers\u00f5es\u00a0neste link: Logo CLC 40 Anos + Vers\u00f5es + Manual de Aplica\u00e7\u00e3o O\u00a0Manual de aplica\u00e7\u00e3o da Identidade Visual\u00a0pode ser visualizado\u00a0neste link.\u00a0Nele, constam por exemplo\u00a0formas incorretas &hellip; <a href=\"https:\/\/wp.ufpel.edu.br\/clc\/logo-comemorativo-do-clc-40-anos\/\">Continue lendo <span class=\"meta-nav\">&rarr;<\/span><\/a><\/p>\n","protected":false},"author":50,"featured_media":0,"parent":0,"menu_order":0,"comment_status":"closed","ping_status":"closed","template":"","meta":{"footnotes":""},"class_list":["post-16385","page","type-page","status-publish","hentry"],"_links":{"self":[{"href":"https:\/\/wp.ufpel.edu.br\/clc\/wp-json\/wp\/v2\/pages\/16385","targetHints":{"allow":["GET"]}}],"collection":[{"href":"https:\/\/wp.ufpel.edu.br\/clc\/wp-json\/wp\/v2\/pages"}],"about":[{"href":"https:\/\/wp.ufpel.edu.br\/clc\/wp-json\/wp\/v2\/types\/page"}],"author":[{"embeddable":true,"href":"https:\/\/wp.ufpel.edu.br\/clc\/wp-json\/wp\/v2\/users\/50"}],"replies":[{"embeddable":true,"href":"https:\/\/wp.ufpel.edu.br\/clc\/wp-json\/wp\/v2\/comments?post=16385"}],"version-history":[{"count":5,"href":"https:\/\/wp.ufpel.edu.br\/clc\/wp-json\/wp\/v2\/pages\/16385\/revisions"}],"predecessor-version":[{"id":16399,"href":"https:\/\/wp.ufpel.edu.br\/clc\/wp-json\/wp\/v2\/pages\/16385\/revisions\/16399"}],"wp:attachment":[{"href":"https:\/\/wp.ufpel.edu.br\/clc\/wp-json\/wp\/v2\/media?parent=16385"}],"curies":[{"name":"wp","href":"https:\/\/api.w.org\/{rel}","templated":true}]}}