{"id":1528,"date":"2013-07-17T17:25:22","date_gmt":"2013-07-17T17:25:22","guid":{"rendered":"https:\/\/wp.ufpel.edu.br\/clc\/?page_id=1528"},"modified":"2023-03-16T16:45:51","modified_gmt":"2023-03-16T19:45:51","slug":"regimento","status":"publish","type":"page","link":"https:\/\/wp.ufpel.edu.br\/clc\/regimento\/","title":{"rendered":"Regimento"},"content":{"rendered":"<p>O novo regimento do Centro de Letras e Comunica\u00e7\u00e3o da UFPel foi aprovado em reuni\u00e3o do CONSUN de 14\/03\/2023.<\/p>\n<p><a href=\"https:\/\/wp.ufpel.edu.br\/clc\/files\/2023\/03\/Regimento-CLC-marco-de-2023.pdf\">Regimento CLC mar\u00e7o de 2023<\/a><\/p>\n","protected":false},"excerpt":{"rendered":"<p>O novo regimento do Centro de Letras e Comunica\u00e7\u00e3o da UFPel foi aprovado em reuni\u00e3o do CONSUN de 14\/03\/2023. Regimento CLC mar\u00e7o de 2023<\/p>\n","protected":false},"author":50,"featured_media":0,"parent":0,"menu_order":0,"comment_status":"closed","ping_status":"closed","template":"","meta":{"footnotes":""},"class_list":["post-1528","page","type-page","status-publish","hentry"],"_links":{"self":[{"href":"https:\/\/wp.ufpel.edu.br\/clc\/wp-json\/wp\/v2\/pages\/1528","targetHints":{"allow":["GET"]}}],"collection":[{"href":"https:\/\/wp.ufpel.edu.br\/clc\/wp-json\/wp\/v2\/pages"}],"about":[{"href":"https:\/\/wp.ufpel.edu.br\/clc\/wp-json\/wp\/v2\/types\/page"}],"author":[{"embeddable":true,"href":"https:\/\/wp.ufpel.edu.br\/clc\/wp-json\/wp\/v2\/users\/50"}],"replies":[{"embeddable":true,"href":"https:\/\/wp.ufpel.edu.br\/clc\/wp-json\/wp\/v2\/comments?post=1528"}],"version-history":[{"count":6,"href":"https:\/\/wp.ufpel.edu.br\/clc\/wp-json\/wp\/v2\/pages\/1528\/revisions"}],"predecessor-version":[{"id":14526,"href":"https:\/\/wp.ufpel.edu.br\/clc\/wp-json\/wp\/v2\/pages\/1528\/revisions\/14526"}],"wp:attachment":[{"href":"https:\/\/wp.ufpel.edu.br\/clc\/wp-json\/wp\/v2\/media?parent=1528"}],"curies":[{"name":"wp","href":"https:\/\/api.w.org\/{rel}","templated":true}]}}