{"id":1527,"date":"2013-07-17T17:25:03","date_gmt":"2013-07-17T17:25:03","guid":{"rendered":"https:\/\/wp.ufpel.edu.br\/clc\/?page_id=1527"},"modified":"2018-06-21T15:50:19","modified_gmt":"2018-06-21T18:50:19","slug":"formularios","status":"publish","type":"page","link":"https:\/\/wp.ufpel.edu.br\/clc\/formularios\/","title":{"rendered":"Formul\u00e1rios"},"content":{"rendered":"<p style=\"text-align: justify\"><a href=\"https:\/\/wp.ufpel.edu.br\/clc\/files\/2013\/07\/FPIN.doc\" target=\"_blank\" rel=\"noopener\">FPIN: FORMUL\u00c1RIO padronizado para informa\u00e7\u00f5es de notas, m\u00e9dias e frequ\u00eancia dos alunos fora dos prazos estabelecidos pelo calend\u00e1rio acad\u00eamico, mas regularmente matriculados na disciplina.<\/a><\/p>\n<p><a href=\"https:\/\/wp.ufpel.edu.br\/clc\/files\/2013\/07\/Formul\u00e1rio-afastamento-docente-2016.doc\" rel=\"\">Formul\u00e1rio &#8211; Afastamento docente 2016<\/a><\/p>\n<p><a href=\"https:\/\/wp.ufpel.edu.br\/clc\/files\/2013\/07\/Formul\u00e1rio-Relat\u00f3rio-de-afastamento-docente-2016.doc\" rel=\"\">Formul\u00e1rio &#8211; Relat\u00f3rio de afastamento docente 2016<\/a><\/p>\n<p><a href=\"https:\/\/wp.ufpel.edu.br\/clc\/files\/2013\/07\/Formul\u00e1rio-Edital-Probec.docx\">Formul\u00e1rio &#8211; Edital Probec<\/a><\/p>\n<p><a href=\"https:\/\/wp.ufpel.edu.br\/clc\/files\/2013\/07\/formul\u00e1rio-candidato-a-bolsista-1.doc\">Formul\u00e1rio &#8211; Candidato a Bolsista<\/a><\/p>\n<p><a href=\"https:\/\/wp.ufpel.edu.br\/clc\/files\/2014\/03\/Modelo-de-plano-de-ensino.docx\">Modelo de Plano de Ensino<\/a><\/p>\n<p><a href=\"https:\/\/wp.ufpel.edu.br\/clc\/files\/2017\/04\/Formul\u00e1rio-TAS-afastamento-eventos.docx\">Formul\u00e1rio TAS afastamento eventos<\/a><\/p>\n<p style=\"font-weight: 400;text-align: justify\"><strong>TERMO DE REN\u00daNCIA PARCIAL\/TOTAL \u2013 DI\u00c1RIAS\/PASSAGENS<\/strong>\u00a0&#8211; orienta\u00e7\u00f5es da Pr\u00f3-Reitoria Administrativa da UFPEL:<\/p>\n<p style=\"font-weight: 400;text-align: justify\">&#8211;\u00a0<strong>\u00e9 necess\u00e1rio<\/strong>\u00a0anexar o Termo de Ren\u00fancia quando o servidor se afastar para Evento\/Banca, Atividades&#8230; e\u00a0<strong>n\u00e3o receber nenhuma ajuda de custo<\/strong>.<\/p>\n<p style=\"font-weight: 400;text-align: justify\">\u00c9 obrigat\u00f3rio colocar o termo de ren\u00fancia no SEI.<\/p>\n<p style=\"font-weight: 400;text-align: justify\">&#8211; se o servidor se afastar para alguma atividade e\u00a0<strong>receber alguma ajuda de custo<\/strong>, n\u00e3o necessariamente da UFPEL,\u00a0<strong>n\u00e3o poder\u00e1<\/strong>\u00a0anexar o termo de ren\u00fancia no SEI.<\/p>\n<p style=\"font-weight: 400;text-align: justify\"><strong>Em suma:<\/strong>\u00a0preencher o termo de ren\u00fancia\u00a0<strong>somente quando se afastar e n\u00e3o receber di\u00e1rias, nem passagens de nenhuma Institui\u00e7\u00e3o<\/strong>. Inserir o Termo de Ren\u00fancia no SEI.<\/p>\n<p style=\"font-weight: 400;text-align: justify\">Passos para inserir o Termo no SEI:<\/p>\n<ol style=\"text-align: justify\">\n<li style=\"font-weight: 400\">Iniciar Processo<\/li>\n<li style=\"font-weight: 400\">Incluir Documento \u2013PRA- TERMO DE REN\u00daNCIA PARCIAL\/TOTAL \u2013 DI\u00c1RIAS\/PASSAGENS (o modelo se encontra na pr\u00f3pria p\u00e1gina do SEI)<\/li>\n<li style=\"font-weight: 400\">Preencher o termo<\/li>\n<li style=\"font-weight: 400\">Assinar o Termo<\/li>\n<li style=\"font-weight: 400\">Informar o n\u00famero do Processo para Secretaria da Dire\u00e7\u00e3o (via e-mail)<\/li>\n<\/ol>\n<p style=\"font-weight: 400;text-align: justify\">Qualquer d\u00favida entrar em contato com a Dire\u00e7\u00e3o ou com a Secretaria da Dire\u00e7\u00e3o<\/p>\n<p style=\"font-weight: 400;text-align: justify\">Obs.: o formul\u00e1rio de afastamento enviar\u00a0<strong>apenas<\/strong>\u00a0ao e-mail da Dire\u00e7\u00e3o Adjunta, pelo SEI inserir somente o Termo de ren\u00fancia.<\/p>\n","protected":false},"excerpt":{"rendered":"<p>FPIN: FORMUL\u00c1RIO padronizado para informa\u00e7\u00f5es de notas, m\u00e9dias e frequ\u00eancia dos alunos fora dos prazos estabelecidos pelo calend\u00e1rio acad\u00eamico, mas regularmente matriculados na disciplina. Formul\u00e1rio &#8211; Afastamento docente 2016 Formul\u00e1rio &#8211; Relat\u00f3rio de afastamento docente 2016 Formul\u00e1rio &#8211; Edital Probec &hellip; <a href=\"https:\/\/wp.ufpel.edu.br\/clc\/formularios\/\">Continue lendo <span class=\"meta-nav\">&rarr;<\/span><\/a><\/p>\n","protected":false},"author":50,"featured_media":0,"parent":0,"menu_order":0,"comment_status":"closed","ping_status":"closed","template":"","meta":{"footnotes":""},"class_list":["post-1527","page","type-page","status-publish","hentry"],"_links":{"self":[{"href":"https:\/\/wp.ufpel.edu.br\/clc\/wp-json\/wp\/v2\/pages\/1527","targetHints":{"allow":["GET"]}}],"collection":[{"href":"https:\/\/wp.ufpel.edu.br\/clc\/wp-json\/wp\/v2\/pages"}],"about":[{"href":"https:\/\/wp.ufpel.edu.br\/clc\/wp-json\/wp\/v2\/types\/page"}],"author":[{"embeddable":true,"href":"https:\/\/wp.ufpel.edu.br\/clc\/wp-json\/wp\/v2\/users\/50"}],"replies":[{"embeddable":true,"href":"https:\/\/wp.ufpel.edu.br\/clc\/wp-json\/wp\/v2\/comments?post=1527"}],"version-history":[{"count":11,"href":"https:\/\/wp.ufpel.edu.br\/clc\/wp-json\/wp\/v2\/pages\/1527\/revisions"}],"predecessor-version":[{"id":6838,"href":"https:\/\/wp.ufpel.edu.br\/clc\/wp-json\/wp\/v2\/pages\/1527\/revisions\/6838"}],"wp:attachment":[{"href":"https:\/\/wp.ufpel.edu.br\/clc\/wp-json\/wp\/v2\/media?parent=1527"}],"curies":[{"name":"wp","href":"https:\/\/api.w.org\/{rel}","templated":true}]}}