{"id":1526,"date":"2013-07-17T17:24:48","date_gmt":"2013-07-17T17:24:48","guid":{"rendered":"https:\/\/wp.ufpel.edu.br\/clc\/?page_id=1526"},"modified":"2025-12-12T14:30:48","modified_gmt":"2025-12-12T17:30:48","slug":"atas","status":"publish","type":"page","link":"https:\/\/wp.ufpel.edu.br\/clc\/atas\/","title":{"rendered":"Atas &#8211; Conselho do CLC"},"content":{"rendered":"<p><strong>Ano de 2025:<\/strong><\/p>\n<p><a href=\"https:\/\/wp.ufpel.edu.br\/clc\/files\/2025\/12\/Ata_01_2025_CCLC.pdf\">Ata_01_2025_CCLC<\/a><\/p>\n<p><a href=\"https:\/\/wp.ufpel.edu.br\/clc\/files\/2025\/12\/Ata_02_2025_CCLC.pdf\">Ata_02_2025_CCLC<\/a><\/p>\n<p><a href=\"https:\/\/wp.ufpel.edu.br\/clc\/files\/2025\/12\/Ata_03_2025_CCLC.pdf\">Ata_03_2025_CCLC<\/a><\/p>\n<p><a href=\"https:\/\/wp.ufpel.edu.br\/clc\/files\/2025\/12\/Ata_04_2025_CCLC.pdf\">Ata_04_2025_CCLC<\/a><\/p>\n<p><a href=\"https:\/\/wp.ufpel.edu.br\/clc\/files\/2025\/12\/Adendo_Ata_04_2025_CCLC.pdf\">Adendo_Ata_04_2025_CCLC<\/a><\/p>\n<p><a href=\"https:\/\/wp.ufpel.edu.br\/clc\/files\/2025\/12\/Ata_05_2025_CCLC.pdf\">Ata_05_2025_CCLC<\/a><\/p>\n<p><a href=\"https:\/\/wp.ufpel.edu.br\/clc\/files\/2025\/12\/Ata_06_2025_CCLC.pdf\">Ata_06_2025_CCLC<\/a><\/p>\n<p><a href=\"https:\/\/wp.ufpel.edu.br\/clc\/files\/2025\/12\/Ata_07_2025_CCLC.pdf\">Ata_07_2025_CCLC<\/a><\/p>\n<p><a href=\"https:\/\/wp.ufpel.edu.br\/clc\/files\/2025\/12\/Ata_08_2025_CCLC.pdf\">Ata_08_2025_CCLC<\/a><\/p>\n<p><a href=\"https:\/\/wp.ufpel.edu.br\/clc\/files\/2025\/12\/Ata_09_2025_CCLC.pdf\">Ata_09_2025_CCLC<\/a><\/p>\n<p><strong>Ano de 2024:<\/strong><\/p>\n<p><a href=\"https:\/\/wp.ufpel.edu.br\/clc\/files\/2024\/03\/SEI_UFPel-2526699-Ata-de-Reuniao.pdf\">ATA 01-2024 CCLC<\/a><\/p>\n<p><a href=\"https:\/\/wp.ufpel.edu.br\/clc\/files\/2024\/08\/Ata-02-2024-CCLC.pdf\">Ata 02-2024 CCLC<\/a><\/p>\n<p><a href=\"https:\/\/wp.ufpel.edu.br\/clc\/files\/2024\/08\/Ata-03-2024-CCLC.pdf\">Ata 03-2024-CCLC<\/a><\/p>\n<p><a href=\"https:\/\/wp.ufpel.edu.br\/clc\/files\/2024\/09\/Ata-04-2024_CLC.pdf\">Ata 04-2024_CCLC<\/a><\/p>\n<p><a href=\"https:\/\/wp.ufpel.edu.br\/clc\/files\/2024\/10\/Ata-05-2024-CCLC.pdf\">Ata 05-2024-CCLC<\/a><\/p>\n<p><a href=\"https:\/\/wp.ufpel.edu.br\/clc\/files\/2024\/10\/Ata-06-2024-CCLC.pdf\">Ata 06-2024-CCLC<\/a><\/p>\n<p><a href=\"https:\/\/wp.ufpel.edu.br\/clc\/files\/2024\/11\/SEI_2789340_Ata_de_Reuniao-1.pdf\">Ata 07-2024-CCLC<\/a><\/p>\n<p><a href=\"https:\/\/wp.ufpel.edu.br\/clc\/files\/2024\/12\/SEI_2869127_Ata_de_Reuniao.pdf\">Ata 08-2024 CCLC<\/a><\/p>\n<p><a href=\"https:\/\/wp.ufpel.edu.br\/clc\/files\/2025\/02\/SEI_2914237_Ata_de_Reuniao-1.pdf\">Ata 09-2024-CCLC<\/a><\/p>\n<p><strong>Ano de 2023:<\/strong><\/p>\n<p><a href=\"https:\/\/wp.ufpel.edu.br\/clc\/files\/2023\/03\/SEI_UFPel-2049746-Ata-de-Reuniao-Ata-01-2023-CCLC-1.pdf\">Ata 01-2023 CCLC<\/a><\/p>\n<p><a href=\"https:\/\/wp.ufpel.edu.br\/clc\/files\/2023\/04\/ATA-02-2023-CCLC.pdf\">Ata 02-2023 CCLC<\/a><\/p>\n<p><a href=\"https:\/\/wp.ufpel.edu.br\/clc\/files\/2023\/06\/Ata_03_2023_CLC.pdf\">Ata_03_2023_CCLC<\/a><\/p>\n<p><a href=\"https:\/\/wp.ufpel.edu.br\/clc\/files\/2023\/06\/Ata_04_2023_CLC.pdf\">Ata_04_2023_CCLC<\/a><\/p>\n<p><a href=\"https:\/\/wp.ufpel.edu.br\/clc\/files\/2023\/08\/Ata-05-2023-CCLC.pdf\">Ata 05-2023 CCLC<\/a><\/p>\n<p><a href=\"https:\/\/wp.ufpel.edu.br\/clc\/files\/2023\/08\/Ata-06-2023-CCLC.pdf\">Ata 06-2023 CCLC<\/a><\/p>\n<p><a href=\"https:\/\/wp.ufpel.edu.br\/clc\/files\/2023\/09\/Ata-07-2023-CCLC.pdf\">Ata 07-2023 CCLC<\/a><\/p>\n<p><a href=\"https:\/\/wp.ufpel.edu.br\/clc\/files\/2023\/10\/Ata-08-2023-CCLC.pdf\">Ata 08-2023 CCLC<\/a><\/p>\n<p><a href=\"https:\/\/wp.ufpel.edu.br\/clc\/files\/2023\/12\/Ata-09-2023.pdf\">Ata-09-2023 CCLC<\/a><\/p>\n<p><a href=\"https:\/\/wp.ufpel.edu.br\/clc\/files\/2023\/12\/Ata-10-2023-CCLC.pdf\">Ata-10 2023 CCLC<\/a><\/p>\n<p><a href=\"https:\/\/wp.ufpel.edu.br\/clc\/files\/2024\/01\/Ata-11.pdf\">Ata 11-2023 CCLC<\/a><\/p>\n<p><a href=\"https:\/\/wp.ufpel.edu.br\/clc\/files\/2024\/02\/Ata-12-2023-CCLC.pdf\">Ata 12-2023 CCLC<\/a><\/p>\n<p><strong>Ano de 2022:<\/strong><\/p>\n<p><a href=\"https:\/\/wp.ufpel.edu.br\/clc\/files\/2022\/04\/Ata-CCLC-01-2022.pdf\">Ata CLC 01-2022<\/a><\/p>\n<p><a href=\"https:\/\/wp.ufpel.edu.br\/clc\/files\/2022\/04\/Ata-02-2022-CCLC.pdf\">Ata 02-2022 CCLC<\/a><\/p>\n<p><a href=\"https:\/\/wp.ufpel.edu.br\/clc\/files\/2022\/05\/Ata-03-2022-CCLC.pdf\">Ata 03-2022 CCLC<\/a><\/p>\n<p><a href=\"https:\/\/wp.ufpel.edu.br\/clc\/files\/2022\/06\/Ata-4.pdf\">Ata 04-2022 CCLC<\/a><\/p>\n<p><a href=\"https:\/\/wp.ufpel.edu.br\/clc\/files\/2022\/06\/Ata-5.pdf\">Ata 05-2022 CCLC<\/a><\/p>\n<p><a href=\"https:\/\/wp.ufpel.edu.br\/clc\/files\/2022\/06\/Ata-6.pdf\">Ata 06-2022 CCLC<\/a><\/p>\n<p><a href=\"https:\/\/wp.ufpel.edu.br\/clc\/files\/2022\/09\/Ata-07-2022-CCLC.pdf\">Ata 07-2022 CCLC<\/a><\/p>\n<p><a href=\"https:\/\/wp.ufpel.edu.br\/clc\/files\/2022\/09\/Ata-08-2022-CCLC.pdf\">Ata 08-2022 CCLC<\/a><\/p>\n<p><a href=\"https:\/\/wp.ufpel.edu.br\/clc\/files\/2022\/09\/Ata-09-2022-CCLC.pdf\">Ata 09-2022 CCLC<\/a><\/p>\n<p><a href=\"https:\/\/wp.ufpel.edu.br\/clc\/files\/2022\/11\/Ata-10-2022-CCLC.pdf\">Ata 10-2022- CCLC<\/a><\/p>\n<p><a href=\"https:\/\/wp.ufpel.edu.br\/clc\/files\/2022\/11\/Ata-11-2022-CCLC.pdf\">Ata 11-2022 CCLC<\/a><\/p>\n<p><a href=\"https:\/\/wp.ufpel.edu.br\/clc\/files\/2023\/02\/Ata-12-2022-CCLC.pdf\">Ata-12-2022 CCLC<\/a><\/p>\n<p><a href=\"https:\/\/wp.ufpel.edu.br\/clc\/files\/2023\/02\/Ata-13-2022-CCLC.pdf\">Ata-13-2022 CCLC<\/a><\/p>\n<p><a href=\"https:\/\/wp.ufpel.edu.br\/clc\/files\/2023\/02\/Ata-14-2022-CCLC.pdf\">Ata-14-2022 CCLC<\/a><\/p>\n<p><strong>Ano de 2021:<\/strong><\/p>\n<p><a href=\"https:\/\/wp.ufpel.edu.br\/clc\/files\/2021\/03\/Ata-01.pdf\">Ata 01-2021-CCLC<\/a><\/p>\n<p><a href=\"https:\/\/wp.ufpel.edu.br\/clc\/files\/2021\/04\/Ata-02-2021-CCLC.pdf\">Ata 02-2021 &#8211; CCLC<\/a><\/p>\n<p><a href=\"https:\/\/wp.ufpel.edu.br\/clc\/files\/2021\/04\/Ata-03-2021-CCLC.pdf\">Ata 03-2021 CCLC<\/a><\/p>\n<p><a href=\"https:\/\/wp.ufpel.edu.br\/clc\/files\/2021\/05\/Ata-04-2021-CCLC.pdf\">Ata 04-2021 CCLC<\/a><\/p>\n<p><a href=\"https:\/\/wp.ufpel.edu.br\/clc\/files\/2021\/05\/Ata-05-2021-CCLC.pdf\">Ata 05-2021 CCLC<\/a><\/p>\n<p><a href=\"https:\/\/wp.ufpel.edu.br\/clc\/files\/2021\/06\/Ata-06-2021-CCLC.pdf\">Ata 06-2021 CCLC<\/a><\/p>\n<p><a href=\"https:\/\/wp.ufpel.edu.br\/clc\/files\/2021\/07\/Ata-07-2021-CCLC.pdf\">Ata 07-2021 CCLC<\/a><\/p>\n<p><a href=\"https:\/\/wp.ufpel.edu.br\/clc\/files\/2021\/08\/Ata-08-2021-CCLC.pdf\">Ata-08-2021 CCLC<\/a><\/p>\n<p><a href=\"https:\/\/drive.google.com\/file\/d\/1d5fWHs9rPcSJO70CjndJZOTu8fZgh0_S\/view?usp=sharing\">Ata-09-2021 CCLC\u00a0<\/a><\/p>\n<p><a href=\"https:\/\/drive.google.com\/file\/d\/1LOtAmCMlTTgnR1yfQJTS1I17zevS7stW\/view?usp=sharing\">Ata-10-2021 CCLC<\/a><\/p>\n<p><a href=\"https:\/\/wp.ufpel.edu.br\/clc\/files\/2021\/10\/Ata-11-2021-CCLC.pdf\">Ata 11-2021 CCLC<\/a><\/p>\n<p><a href=\"https:\/\/wp.ufpel.edu.br\/clc\/files\/2021\/11\/Ata-12.pdf\">Ata 12-2021 CCLC<\/a><\/p>\n<p><a href=\"https:\/\/wp.ufpel.edu.br\/clc\/files\/2022\/04\/Ata-13-2021-CCLC.pdf\">Ata 13-2021 CCLC<\/a><\/p>\n<p><a href=\"https:\/\/wp.ufpel.edu.br\/clc\/files\/2022\/04\/Ata-14-2021-CCLC-1.pdf\">Ata 14-2021 CCLC<\/a><\/p>\n<p><a href=\"https:\/\/wp.ufpel.edu.br\/clc\/files\/2022\/04\/Ata-15-2021-CCLC.pdf\">Ata 15-2021 CCLC<\/a><\/p>\n<p><a href=\"https:\/\/wp.ufpel.edu.br\/clc\/files\/2022\/04\/Ata-16-2021-CCLC.pdf\">Ata 16-2021 CCLC<\/a><\/p>\n<p>&nbsp;<\/p>\n<p>&nbsp;<\/p>\n<p><strong>Ano de 2020:<\/strong><\/p>\n<p><a href=\"https:\/\/wp.ufpel.edu.br\/clc\/files\/2020\/05\/Ata-01-2020-CCLC.pdf\">Ata 01-2020 CCLC<\/a><\/p>\n<p><a href=\"https:\/\/wp.ufpel.edu.br\/clc\/files\/2020\/05\/Ata02-2020-CCLC.pdf\">Ata02-2020 CCLC<\/a><\/p>\n<p><a href=\"https:\/\/wp.ufpel.edu.br\/clc\/files\/2020\/05\/Ata-\u00c1rea-Alem\u00e3o-16-03-20-Permuta-Helano.pdf\">Ata de reuni\u00e3o extraordin\u00e1ria 16-03-20\u00a0 CCLC<\/a><\/p>\n<p><a href=\"https:\/\/wp.ufpel.edu.br\/clc\/files\/2020\/05\/Ata-03-2020-CCLC.pdf\">Ata 03-2020 CCLC<\/a><\/p>\n<p><a href=\"https:\/\/wp.ufpel.edu.br\/clc\/files\/2020\/05\/Ata-04-2020-CCLC.pdf\">Ata 04-2020 CCLC<\/a><\/p>\n<p><a href=\"https:\/\/wp.ufpel.edu.br\/clc\/files\/2020\/05\/Ata-de-Reuni\u00e3o.pdf\">Ata reuni\u00e3o Dire\u00e7\u00e3o e Coordenadores CCLC<\/a><\/p>\n<p><a href=\"https:\/\/wp.ufpel.edu.br\/clc\/files\/2020\/06\/Ata_05_2020_CCLC.pdf\">Ata_05_2020_CCLC<\/a><\/p>\n<p><a href=\"https:\/\/wp.ufpel.edu.br\/clc\/files\/2020\/06\/Ata_06_2020_CCLC.pdf\">Ata_06_2020_CCLC<\/a><\/p>\n<p><a href=\"https:\/\/wp.ufpel.edu.br\/clc\/files\/2020\/07\/Ata_07_2020_CCLC.pdf\">Ata_07_2020_CCLC<\/a><\/p>\n<p><a href=\"https:\/\/wp.ufpel.edu.br\/clc\/files\/2020\/07\/Ata_08_2020_CCLC.pdf\">Ata_08_2020_CCLC<\/a><\/p>\n<p><a href=\"https:\/\/wp.ufpel.edu.br\/clc\/files\/2020\/07\/Ata-CLC-Est\u00e1gios-e-ofertas-24-07-2020.pdf\">Ata CLC Est\u00e1gios e ofertas 24-07-2020<\/a><\/p>\n<p><a href=\"https:\/\/wp.ufpel.edu.br\/clc\/files\/2020\/10\/Ata_09_2020_CCLC.pdf\">Ata_09_2020_CCLC<\/a><\/p>\n<p><a href=\"https:\/\/wp.ufpel.edu.br\/clc\/files\/2020\/11\/Ata-10.pdf\">Ata_010_2020_CCLC<\/a><\/p>\n<p><a href=\"https:\/\/wp.ufpel.edu.br\/clc\/files\/2020\/12\/Ata_11_2020-CCLC.pdf\">Ata_11_2020 CCLC<\/a><\/p>\n<p><a href=\"https:\/\/wp.ufpel.edu.br\/clc\/files\/2021\/03\/Ata-12.pdf\">Ata 12_2020 CCLC<\/a><\/p>\n<p><a href=\"https:\/\/wp.ufpel.edu.br\/clc\/files\/2021\/03\/Ata-13.pdf\">Ata 13_2020_CCLC<\/a><\/p>\n<p><!--more--><\/p>\n<p>&nbsp;<\/p>\n<p><strong>Ano de 2019:<\/strong><\/p>\n<p><a href=\"https:\/\/wp.ufpel.edu.br\/clc\/files\/2019\/03\/Ata-01-2019-CCLC.pdf\">Ata &#8211; 01-2019 CCLC<\/a><strong><br \/>\n<\/strong><a href=\"https:\/\/wp.ufpel.edu.br\/clc\/files\/2019\/04\/Ata-02-2019-09-h-Reuni\u00e3o-mar\u00e7o-2019-CLC.pdf\">Ata 02-2019 &#8211; Reuni\u00e3o mar\u00e7o 2019 CLC<\/a><strong><br \/>\n<\/strong><a href=\"https:\/\/wp.ufpel.edu.br\/clc\/files\/2019\/04\/Ata-03-2019-CCLC-Reuni\u00e3o-25-de-mar\u00e7o.pdf\">Ata 03-2019 CCLC Reuni\u00e3o 25 de mar\u00e7o<\/a><strong><br \/>\n<\/strong><a href=\"https:\/\/wp.ufpel.edu.br\/clc\/files\/2019\/04\/Ata-04-2019-SEI_UFPel-Reuni\u00e3o-CLC-abril.pdf\">Ata 04-2019 SEI_UFPel &#8211; Reuni\u00e3o CLC abril<\/a><strong><br \/>\n<\/strong><a href=\"https:\/\/wp.ufpel.edu.br\/clc\/atas\/ata-05-2019-cclc-reuniao-mes-abril\/\" rel=\"attachment wp-att-9397\">Ata 05-2019 CCLC Reuni\u00e3o m\u00eas abril<\/a><strong><br \/>\n<\/strong><a href=\"https:\/\/wp.ufpel.edu.br\/clc\/atas\/ata-06-2019-cclc-13-05-2019\/\" rel=\"attachment wp-att-9563\">Ata 06-2019 CCLC 13-05-2019<\/a><strong><br \/>\n<\/strong><a href=\"https:\/\/wp.ufpel.edu.br\/clc\/files\/2019\/07\/SEI_UFPel-0587978-Ata-de-Reuni\u00e3o-07-2019-CCLC.pdf\">Ata de Reuni\u00e3o-07-2019 CCLC<\/a><strong><br \/>\n<\/strong><a href=\"https:\/\/wp.ufpel.edu.br\/clc\/files\/2019\/07\/Ata-08-2019-CCLC-Reuni\u00e3o-18-06-2019.pdf\">Ata-08-2019 CCLC Reuni\u00e3o 18-06-2019<\/a><strong><br \/>\n<\/strong><a href=\"https:\/\/wp.ufpel.edu.br\/clc\/files\/2019\/09\/Ata-09-2019-CCLC-Reuni\u00e3o-11-07-2019.pdf\">Ata 09-2019 CCLC Reuni\u00e3o 11-07-2019<\/a><strong><br \/>\n<\/strong><a href=\"https:\/\/wp.ufpel.edu.br\/clc\/files\/2019\/09\/Ata-10-2019-CCLC.pdf\">Ata 10-2019-CCLC<\/a><strong><br \/>\n<\/strong><a href=\"https:\/\/wp.ufpel.edu.br\/clc\/files\/2019\/10\/Ata-11-2019-CCLC-27-08-2019.pdf\">Ata 11-2019 CCLC-27-08-2019<\/a><strong><br \/>\n<\/strong><a href=\"https:\/\/wp.ufpel.edu.br\/clc\/files\/2019\/10\/Ata-de-Reuni\u00e3o-12-2019-CCLC.pdf\">Ata de Reuni\u00e3o-12-2019 CCLC<\/a><strong><br \/>\n<\/strong><a href=\"https:\/\/wp.ufpel.edu.br\/clc\/files\/2019\/10\/Ata-13-2019-CCLC.pdf\">Ata 13-2019 CCLC<\/a><strong><br \/>\n<\/strong><a href=\"https:\/\/wp.ufpel.edu.br\/clc\/files\/2019\/11\/Ata-14-2019-CCLC.pdf\">Ata 14-2019 CCLC<\/a><strong><br \/>\n<\/strong><a href=\"https:\/\/wp.ufpel.edu.br\/clc\/files\/2019\/12\/Ata-15-2019-CCLC.pdf\">Ata 15-2019 CCLC<\/a><br \/>\n<a href=\"https:\/\/wp.ufpel.edu.br\/clc\/files\/2019\/12\/Ata-16-2019-CCLC-09-12-2019.pdf\">Ata 16-2019 CCLC 09-12-2019<\/a><strong><br \/>\n<\/strong><a href=\"https:\/\/wp.ufpel.edu.br\/clc\/files\/2020\/03\/Ata-17-2019-CCLC.pdf\">Ata 17-2019 CCLC<\/a><\/p>\n<p>&nbsp;<\/p>\n<p><strong>Ano de 2018:<\/strong><\/p>\n<p><a href=\"https:\/\/wp.ufpel.edu.br\/clc\/files\/2018\/04\/Ata-01-2018-Reuni\u00e3o-CCLC-16-02-2018.pdf\">Ata 01-2018-Reuni\u00e3o CCLC 16-02-2018<\/a><br \/>\n<a href=\"https:\/\/wp.ufpel.edu.br\/clc\/files\/2018\/04\/Ata-02-2018-Reuni\u00e3o-CCLC-05-03-2018.pdf\">Ata 02-2018-Reuni\u00e3o CCLC 05-03-2018<\/a><br \/>\n<a href=\"https:\/\/wp.ufpel.edu.br\/clc\/files\/2018\/04\/Ata-03-2018-Reuni\u00e3o-CCLC-02-04-2018.pdf\">Ata 03-2018-Reuni\u00e3o CCLC 02-04-2018<\/a><br \/>\n<a href=\"https:\/\/wp.ufpel.edu.br\/clc\/files\/2018\/04\/Ata-04-2018-Reuni\u00e3o-CCLC-10-04-2018.pdf\">Ata 04-2018-Reuni\u00e3o CCLC 10-04-2018<\/a><br \/>\n<a href=\"https:\/\/wp.ufpel.edu.br\/clc\/files\/2018\/05\/Ata-05-2018-Reuni\u00e3o-CCLC-10-04-2018.pdf\">Ata-05-2018- Reuni\u00e3o CCLC 10-04-2018<br \/>\n<\/a><a href=\"https:\/\/wp.ufpel.edu.br\/clc\/files\/2018\/06\/Ata-06-2018-Reuni\u00e3o-CCLC-03-05-2018.pdf\">Ata-06-2018- Reuni\u00e3o CCLC 03-05-2018<\/a><a href=\"https:\/\/wp.ufpel.edu.br\/clc\/files\/2018\/05\/Ata-05-2018-Reuni\u00e3o-CCLC-10-04-2018.pdf\"><br \/>\n<\/a><a href=\"https:\/\/wp.ufpel.edu.br\/clc\/files\/2018\/05\/Ata-07-2018-Reuni\u00e3o-CCLC-14-05-2018.pdf\">Ata-07-2018- Reuni\u00e3o CCLC 14-05-2018<\/a><br \/>\n<a href=\"https:\/\/wp.ufpel.edu.br\/clc\/files\/2018\/06\/Ata-08-2018-CCLC-06-06-2018.compressed.pdf\">Ata 08-2018-CCLC 06-06-2018<\/a><br \/>\n<a href=\"https:\/\/wp.ufpel.edu.br\/clc\/files\/2018\/06\/Ata-09-2018-Extraordin\u00e1ria-CCLC-19-06-2018.pdf\">Ata 09-2018 Extraordin\u00e1ria CCLC-19-06-2018<\/a><br \/>\n<a href=\"https:\/\/wp.ufpel.edu.br\/clc\/files\/2018\/08\/Ata-10-2018-Reuni\u00e3o-CCLC-05-07-2018.pdf\">Ata-10-2018 Reuni\u00e3o CCLC 05-07-2018<\/a><br \/>\n<a href=\"https:\/\/wp.ufpel.edu.br\/clc\/files\/2018\/08\/Ata-11-2018-Reuni\u00e3o-CCLC-12-07-2018-extraordin\u00e1ria.pdf\">Ata-11-2018 Reuni\u00e3o CCLC 12-07-2018-extraordin\u00e1ria<\/a><br \/>\n<a href=\"https:\/\/wp.ufpel.edu.br\/clc\/files\/2018\/10\/Ata-12-2018-CCLC-compressed.pdf\">Ata 12-2018-CLC<\/a><br \/>\n<a href=\"https:\/\/wp.ufpel.edu.br\/clc\/files\/2018\/10\/Ata-13-2018-CCCL.pdf\">Ata-13-2018 CLC<\/a><br \/>\n<a href=\"https:\/\/wp.ufpel.edu.br\/clc\/files\/2018\/10\/CCF10102018_0001.pdf\">Ata 14_2018 CLC<\/a><br \/>\n<a href=\"https:\/\/wp.ufpel.edu.br\/clc\/files\/2018\/11\/Ata-15-2018-Reuni\u00e3o-CCLC-09-10-2018.pdf\">Ata-15-2018 Reuni\u00e3o CCLC 09-10-2018<\/a><br \/>\n<a href=\"https:\/\/wp.ufpel.edu.br\/clc\/files\/2018\/11\/Ata-16-2018-Reuni\u00e3o-CCLC-Extraordin\u00e1ria-13-11-2018.pdf\">Ata 16-2018 Reuni\u00e3o CCLC Extraordin\u00e1ria 13-11-2018<\/a><br \/>\n<a href=\"https:\/\/wp.ufpel.edu.br\/clc\/files\/2018\/12\/Ata-17-2018-Reuni\u00e3o-CCLC-20-11-2018.pdf\">Ata-17-2018 Reuni\u00e3o CCLC 20-11-2018<\/a><br \/>\n<a href=\"https:\/\/wp.ufpel.edu.br\/clc\/files\/2019\/03\/Ata-18-CCLC-Reuni\u00e3o-11-12-2018.pdf\">Ata 18-CCLC-Reuni\u00e3o 11-12-2018<\/a><\/p>\n<p><strong>Ano de 2017:<\/strong><\/p>\n<p><a href=\"https:\/\/wp.ufpel.edu.br\/clc\/files\/2018\/04\/ata-14-2017.pdf\">Ata 14 2017 Reuni\u00e3o dezembro 2017<\/a><a href=\"https:\/\/wp.ufpel.edu.br\/clc\/files\/2018\/02\/Ata-14-15-12-2017-08h-Reuniao-do-mes-dezembro.docx\"><br \/>\n<\/a><a href=\"https:\/\/wp.ufpel.edu.br\/clc\/files\/2018\/02\/Ata-13-16-11-2017-08h30min-Reuni\u00e3o-do-m\u00eas-novembro.docx\">Ata 13 16-11-2017 &#8211; 08h30min Reuni\u00e3o do m\u00eas novembro<\/a><br \/>\n<a href=\"https:\/\/wp.ufpel.edu.br\/clc\/files\/2018\/02\/Ata-12-13-11-2017-09h-Reuni\u00e3o-extraordin\u00e1ria-novembro.docx\">Ata 12 13-11-2017 &#8211; 09h Reuni\u00e3o extraordin\u00e1ria novembro<\/a><br \/>\n<a href=\"https:\/\/wp.ufpel.edu.br\/clc\/files\/2018\/02\/Ata-11-16-10-2017-09h-Reuni\u00e3o-do-m\u00eas-outubro.docx\">Ata 11 16-10-2017 &#8211; 09h Reuni\u00e3o do m\u00eas outubro<\/a><br \/>\n<a href=\"https:\/\/wp.ufpel.edu.br\/clc\/files\/2013\/07\/Ata-10-19-09-2017-8h30-Reuni\u00e3o-do-m\u00eas-setembro.docx\">Ata 10 19-09-2017 &#8211; 8h30 Reuni\u00e3o do m\u00eas setembro<\/a><br \/>\n<a href=\"https:\/\/wp.ufpel.edu.br\/clc\/files\/2013\/07\/Ata-09-02-08-2017-8h30-Reuni\u00e3o-do-m\u00eas-agosto.docx\">Ata 09 02-08-2017 &#8211; 8h30 Reuni\u00e3o do m\u00eas agosto<\/a><br \/>\n<a href=\"https:\/\/wp.ufpel.edu.br\/clc\/files\/2013\/07\/Ata-08-13-07-2017-8h30-Reuni\u00e3o-do-m\u00eas-julho.docx\">Ata 08 13-07-2017 &#8211; 8h30 Reuni\u00e3o do m\u00eas julho<\/a><br \/>\n<a href=\"https:\/\/wp.ufpel.edu.br\/clc\/files\/2013\/07\/Ata-07-05-06-2017-8h30-Reuni\u00e3o-do-m\u00eas-junho.docx\">Ata 07 &#8211; 05-06-2017 &#8211; 8h30 Reuni\u00e3o do m\u00eas junho<\/a><br \/>\n<a href=\"https:\/\/wp.ufpel.edu.br\/clc\/files\/2013\/07\/ATA-N-06-2017.docx\">ATA N 06 2017<\/a><br \/>\n<a href=\"https:\/\/wp.ufpel.edu.br\/clc\/files\/2013\/07\/Ata-05-02-05-2017-8h30-Reuni\u00e3o-do-m\u00eas-maio.docx\">Ata 05 &#8211; 02-05-2017 &#8211; 8h30 Reuni\u00e3o do m\u00eas maio<\/a><br \/>\n<a href=\"https:\/\/wp.ufpel.edu.br\/clc\/files\/2013\/07\/Ata-4-22-03-2017-RAAD.doc\">Ata 4 22-03-2017 RAAD<\/a><br \/>\n<a href=\"https:\/\/wp.ufpel.edu.br\/clc\/files\/2013\/07\/Ata-03-10-03-2017-9h30-Reuni\u00e3o-do-m\u00eas.docx\">Ata 03 &#8211; 10-03-2017 &#8211; 9h30 Reuni\u00e3o do m\u00eas<\/a><br \/>\n<a href=\"https:\/\/wp.ufpel.edu.br\/clc\/files\/2013\/07\/Ata-02-10-03-2017-9h.docx\">Ata 02 &#8211; 10-03-2017 &#8211; 9h<\/a><br \/>\n<a href=\"https:\/\/wp.ufpel.edu.br\/clc\/files\/2013\/07\/Ata-01-15-02-2017-9h.docx\">Ata 01 &#8211; 15-02-2017 &#8211; 9h<\/a><\/p>\n<p><strong>2016:<\/strong><\/p>\n<p><a href=\"https:\/\/wp.ufpel.edu.br\/clc\/files\/2013\/07\/Ata-8-12-05-2016-1.pdf\">Ata 8 &#8211; 12-05-2016<\/a><\/p>\n<p><a href=\"https:\/\/wp.ufpel.edu.br\/clc\/files\/2013\/07\/Ata-7-28-4-2016-1.pdf\">Ata 7 &#8211; 28-04-2016<\/a><\/p>\n<p><a href=\"https:\/\/wp.ufpel.edu.br\/clc\/files\/2013\/07\/Ata-06-12-04-2016.pdf\">Ata 06 &#8211; 12 04 2016<\/a><\/p>\n<p><a href=\"https:\/\/wp.ufpel.edu.br\/clc\/files\/2013\/07\/Ata-05-23-03-2016.pdf\">Ata 05 &#8211; 23 03 2016<\/a><\/p>\n<p><a href=\"https:\/\/wp.ufpel.edu.br\/clc\/files\/2013\/07\/Ata-04-16-03-2016.pdf\">Ata 04 &#8211; 16 03 2016<\/a><\/p>\n<p><a href=\"https:\/\/wp.ufpel.edu.br\/clc\/files\/2013\/07\/Ata-03-16-03-2016.pdf\">Ata 03 &#8211; 16 03 2016<\/a><\/p>\n<p><a href=\"https:\/\/wp.ufpel.edu.br\/clc\/files\/2013\/07\/Ata-02-03-02-16.pdf\">Ata 02 &#8211; 03 02 2016<\/a><\/p>\n<p><a href=\"https:\/\/wp.ufpel.edu.br\/clc\/files\/2013\/07\/Ata-01-03-02-2016.pdf\">Ata 01 &#8211; 03-02-2016<\/a><\/p>\n<p><strong>2015:<\/strong><\/p>\n<p><a href=\"https:\/\/wp.ufpel.edu.br\/clc\/files\/2013\/07\/Ata-16-09-12-15.pdf\">Ata 16 &#8211; 09 12 2015<\/a><\/p>\n<p><a href=\"https:\/\/wp.ufpel.edu.br\/clc\/files\/2013\/07\/Ata-15-16-12-15.pdf\">Ata 15 &#8211; 16-12-2015<\/a><\/p>\n<p><a href=\"https:\/\/wp.ufpel.edu.br\/clc\/files\/2013\/07\/Ata-13-19-11-2015.pdf\">Ata 13 &#8211; 19 11 2015<\/a><\/p>\n<p><a href=\"https:\/\/wp.ufpel.edu.br\/clc\/files\/2013\/07\/Ata-12-15-10-20151.pdf\">Ata 12 &#8211; 15 10 2015<\/a><\/p>\n<p><a href=\"https:\/\/wp.ufpel.edu.br\/clc\/files\/2013\/07\/Ata-10-16-09-2015.pdf\">Ata 10 &#8211; 16 09 2015<\/a><\/p>\n<p><a href=\"https:\/\/wp.ufpel.edu.br\/clc\/files\/2013\/07\/Ata-09-31-08-2015.pdf\">Ata 09 &#8211; 31 08 2015<\/a><\/p>\n<p><a href=\"https:\/\/wp.ufpel.edu.br\/clc\/files\/2013\/07\/Ata-08-19-08-2015.pdf\">Ata 08 &#8211; 19 08 2015<\/a><\/p>\n<p><a href=\"https:\/\/wp.ufpel.edu.br\/clc\/files\/2013\/07\/Ata-07-08-07-2015.pdf\">Ata 07 &#8211; 08 07 2015<\/a><\/p>\n<p><a href=\"https:\/\/wp.ufpel.edu.br\/clc\/files\/2013\/07\/Ata-06-17-06-2015.pdf\">Ata 06 &#8211; 17 06 2015<\/a><\/p>\n<p><a href=\"https:\/\/wp.ufpel.edu.br\/clc\/files\/2013\/07\/Ata-05-20-05-2015.pdf\">Ata 05 &#8211; 20 05 2015<\/a><\/p>\n<p><a href=\"https:\/\/wp.ufpel.edu.br\/clc\/files\/2013\/07\/Ata-02-15-04-2015.pdf\">Ata 02 &#8211; 15 04 2015<\/a><\/p>\n<p><a href=\"https:\/\/wp.ufpel.edu.br\/clc\/files\/2013\/07\/Ata-01-18-03-2015.pdf\">Ata 01 &#8211; 18 03 2015<\/a><\/p>\n<p><strong>2014:<\/strong><\/p>\n<p><a href=\"https:\/\/wp.ufpel.edu.br\/clc\/files\/2013\/07\/Ata-22-11-12-2014.pdf\">Ata 22 &#8211; 11 12 2014<\/a><\/p>\n<p><a href=\"https:\/\/wp.ufpel.edu.br\/clc\/files\/2013\/07\/Ata-21-20-11-2014.pdf\">Ata 21 &#8211; 20 11 2014<\/a><\/p>\n<p><a href=\"https:\/\/wp.ufpel.edu.br\/clc\/files\/2013\/07\/Ata-20-20-11-2014.pdf\">Ata 20 &#8211; 20 11 2014<\/a><\/p>\n<p><a href=\"https:\/\/wp.ufpel.edu.br\/clc\/files\/2013\/07\/Ata-19-29-10-2014.pdf\">Ata 19 &#8211; 29 10 2014<\/a><\/p>\n<p><a href=\"https:\/\/wp.ufpel.edu.br\/clc\/files\/2013\/07\/Ata-18-\u2013-15-10-2014.pdf\">Ata 18 \u2013 15 10 2014<\/a><\/p>\n<p><a href=\"https:\/\/wp.ufpel.edu.br\/clc\/files\/2013\/07\/Ata-17-15-10-20141.pdf\">Ata 17 &#8211; 15 10 2014<\/a><\/p>\n<p><a href=\"https:\/\/wp.ufpel.edu.br\/clc\/files\/2013\/07\/Ata-16-02-10-20141.pdf\">Ata 16 &#8211; 02 10 2014<\/a><\/p>\n<p><a href=\"https:\/\/wp.ufpel.edu.br\/clc\/files\/2013\/07\/Ata-15-18-09-20141.pdf\">Ata 15 &#8211; 18 09 2014<\/a><\/p>\n<p><a href=\"https:\/\/wp.ufpel.edu.br\/clc\/files\/2013\/07\/Ata-14-04-09-2014.pdf\">Ata 14 &#8211; 04 09 2014<\/a><\/p>\n<p><a href=\"https:\/\/wp.ufpel.edu.br\/clc\/files\/2013\/07\/Ata-13-16-07-2014.pdf\">Ata 13 &#8211; 16 07 2014<\/a><a href=\"https:\/\/wp.ufpel.edu.br\/clc\/files\/2013\/07\/Ata-14-04-09-2014.pdf\">\u00a0<\/a><\/p>\n<p><a href=\"https:\/\/wp.ufpel.edu.br\/clc\/files\/2013\/07\/Ata-12-02-07-2014.pdf\">Ata 12 &#8211; 02 07 2014<\/a><\/p>\n<p><a href=\"https:\/\/wp.ufpel.edu.br\/clc\/files\/2013\/07\/Ata-10-18-06-2014.pdf\">Ata 11 &#8211; 23 06 2014\u00a0<\/a><\/p>\n<p><a href=\"https:\/\/wp.ufpel.edu.br\/clc\/files\/2013\/07\/Ata-10-18-06-2014.pdf\">Ata 10 &#8211; 18 06 2014<\/a><\/p>\n<p><a href=\"https:\/\/wp.ufpel.edu.br\/clc\/files\/2013\/07\/Ata-9-23-05-2014.pdf\">Ata 9 &#8211; 23 05 2014<\/a><\/p>\n<p><a href=\"https:\/\/wp.ufpel.edu.br\/clc\/files\/2013\/07\/Ata-8-07-05-2014.pdf\">Ata 8 &#8211; 07 05 2014<\/a><\/p>\n<p><a href=\"https:\/\/wp.ufpel.edu.br\/clc\/files\/2013\/07\/Ata-7-23-04-2014.pdf\">Ata 7 &#8211; 23 04 2014<\/a><\/p>\n<p><a href=\"https:\/\/wp.ufpel.edu.br\/clc\/files\/2013\/07\/Ata-6-02-04-2014.pdf\">Ata 6 &#8211; 02 04 2014<\/a><\/p>\n<p><a href=\"https:\/\/wp.ufpel.edu.br\/clc\/files\/2013\/07\/Ata-5-02-04-2014.pdf\">Ata 5 &#8211; 02 04 2014<\/a><\/p>\n<p><a href=\"https:\/\/wp.ufpel.edu.br\/clc\/files\/2013\/07\/Ata-4-19-02-2014.pdf\">Ata 4 &#8211; 19 02 2014<\/a><\/p>\n<p><a href=\"https:\/\/wp.ufpel.edu.br\/clc\/files\/2013\/07\/Ata-4-19-02-2014.pdf\">Ata 3 &#8211; 19 02 2014<\/a><\/p>\n<p><a href=\"https:\/\/wp.ufpel.edu.br\/clc\/files\/2013\/07\/Ata-2-06-02-2014.pdf\">Ata 2 &#8211; 06-02-2014<\/a><\/p>\n<p><a href=\"https:\/\/wp.ufpel.edu.br\/clc\/files\/2013\/07\/Ata-2-06-02-2014.pdf\">Ata 1 &#8211; 22-01-2014<\/a><\/p>\n<p><strong>2013:<\/strong><\/p>\n<p><a href=\"https:\/\/wp.ufpel.edu.br\/clc\/files\/2013\/08\/Ata-07-CLC-2013.doc\">Ata 07 CLC 2013<\/a><\/p>\n","protected":false},"excerpt":{"rendered":"<p>Ano de 2025: Ata_01_2025_CCLC Ata_02_2025_CCLC Ata_03_2025_CCLC Ata_04_2025_CCLC Adendo_Ata_04_2025_CCLC Ata_05_2025_CCLC Ata_06_2025_CCLC Ata_07_2025_CCLC Ata_08_2025_CCLC Ata_09_2025_CCLC Ano de 2024: ATA 01-2024 CCLC Ata 02-2024 CCLC Ata 03-2024-CCLC Ata 04-2024_CCLC Ata 05-2024-CCLC Ata 06-2024-CCLC Ata 07-2024-CCLC Ata 08-2024 CCLC Ata 09-2024-CCLC Ano de 2023: &hellip; <a href=\"https:\/\/wp.ufpel.edu.br\/clc\/atas\/\">Continue lendo <span class=\"meta-nav\">&rarr;<\/span><\/a><\/p>\n","protected":false},"author":50,"featured_media":0,"parent":0,"menu_order":0,"comment_status":"closed","ping_status":"closed","template":"","meta":{"footnotes":""},"class_list":["post-1526","page","type-page","status-publish","hentry"],"_links":{"self":[{"href":"https:\/\/wp.ufpel.edu.br\/clc\/wp-json\/wp\/v2\/pages\/1526","targetHints":{"allow":["GET"]}}],"collection":[{"href":"https:\/\/wp.ufpel.edu.br\/clc\/wp-json\/wp\/v2\/pages"}],"about":[{"href":"https:\/\/wp.ufpel.edu.br\/clc\/wp-json\/wp\/v2\/types\/page"}],"author":[{"embeddable":true,"href":"https:\/\/wp.ufpel.edu.br\/clc\/wp-json\/wp\/v2\/users\/50"}],"replies":[{"embeddable":true,"href":"https:\/\/wp.ufpel.edu.br\/clc\/wp-json\/wp\/v2\/comments?post=1526"}],"version-history":[{"count":3,"href":"https:\/\/wp.ufpel.edu.br\/clc\/wp-json\/wp\/v2\/pages\/1526\/revisions"}],"predecessor-version":[{"id":18966,"href":"https:\/\/wp.ufpel.edu.br\/clc\/wp-json\/wp\/v2\/pages\/1526\/revisions\/18966"}],"wp:attachment":[{"href":"https:\/\/wp.ufpel.edu.br\/clc\/wp-json\/wp\/v2\/media?parent=1526"}],"curies":[{"name":"wp","href":"https:\/\/api.w.org\/{rel}","templated":true}]}}