{"id":1525,"date":"2013-07-17T17:24:30","date_gmt":"2013-07-17T17:24:30","guid":{"rendered":"https:\/\/wp.ufpel.edu.br\/clc\/?page_id=1525"},"modified":"2023-01-09T15:28:40","modified_gmt":"2023-01-09T18:28:40","slug":"portarias","status":"publish","type":"page","link":"https:\/\/wp.ufpel.edu.br\/clc\/portarias\/","title":{"rendered":"Portarias e Resolu\u00e7\u00f5es"},"content":{"rendered":"<p><strong>Portarias do CLC<\/strong><\/p>\n<p><strong>Ano de 2022<\/strong><\/p>\n<p style=\"font-weight: 400\">Chefia da C\u00e2mara de Extens\u00e3o \u2013 \u00a0Jorama Stein<\/p>\n<p style=\"font-weight: 400\">Representa\u00e7\u00e3o docente no Conselho do CLC \u2013\u00a0 Maristela Machado e Isabella Mozzillo<\/p>\n<p>Coordena\u00e7\u00e3o da \u00e1rea de Literatura \u2013 Aulus Mandagar\u00e1 Martins<\/p>\n<p style=\"font-weight: 400\">Coordena\u00e7\u00e3o da \u00e1rea de Libras &#8211; Aline K.<\/p>\n<p>Chefia da C\u00e2mara de Pesquisa: Lucas L\u00f6ff Machado<\/p>\n<p>Chefia da C\u00e2mara de Ensino (27\/09\/22): ALINE NEUSCHRANK (<a href=\"https:\/\/sei.ufpel.edu.br\/sei\/publicacoes\/controlador_publicacoes.php?acao=publicacao_visualizar&amp;id_documento=2118263&amp;id_orgao_publicacao=0\">Portaria<\/a>).<\/p>\n<p>Coordena\u00e7\u00e3o e Coordena\u00e7\u00e3o Adjunta do curso de Bacharelado em Letras Tradu\u00e7\u00e3o Ingl\u00eas-Portugu\u00eas: Daniel Soares Duarte, Roberta Rego Rodrigues.<\/p>\n<p>Coordena\u00e7\u00e3o e Coordena\u00e7\u00e3o Adjunta do curso de Bacharelado em Letras Tradu\u00e7\u00e3o Espanhol-Portugu\u00eas: ANA LOURDES FERNANDEZ, ANDREA KAHMANN.<\/p>\n<p><strong>Ano de 2020<\/strong><\/p>\n<p>Cargos de chefia e coordena\u00e7\u00e3o e respectivas portarias (22\/07\/2020): <a href=\"https:\/\/wp.ufpel.edu.br\/clc\/files\/2020\/07\/CLC-portarias.pdf\">CLC &#8211; portarias<\/a><\/p>\n<p><span style=\"text-decoration: underline\">Atualiza\u00e7\u00f5es posteriores:<\/span><br \/>\nCoordena\u00e7\u00e3o da \u00e1rea de Libras (12\/11\/2020): <a href=\"https:\/\/wp.ufpel.edu.br\/clc\/files\/2020\/11\/Portaria-20-2020-Coord-area-Libras-Daniel-Romeu.pdf\">Portaria 20-2020-Coord \u00e1rea Libras Daniel Romeu<\/a><br \/>\nChefia da C\u00e2mara de Ensino (10\/09\/20): <a href=\"https:\/\/wp.ufpel.edu.br\/clc\/files\/2020\/09\/Portaria-1.pdf\">Portaria<\/a>;<br \/>\n<span style=\"text-align: justify\">Coordena\u00e7\u00e3o do \u00a0do Curso de Licenciatura em Letras \u2013 Portugu\u00eas e Ingl\u00eas (03\/09\/20):\u00a0<\/span><a style=\"text-align: justify\" href=\"https:\/\/wp.ufpel.edu.br\/clc\/files\/2020\/09\/SEI_UFPel-1040565-Portaria.pdf\">Portaria;<\/a><br \/>\nCoordena\u00e7\u00e3o do Curso de Bacharelado em Jornalismo (1\u00ba\/09\/20): <a href=\"https:\/\/wp.ufpel.edu.br\/clc\/files\/2020\/09\/Portaria.pdf\">Portaria;<\/a><br \/>\nCoordena\u00e7\u00e3o do Curso de Licenciatura em Letras \u2013Portugu\u00eas\/Alem\u00e3o (1\u00ba\/09\/20): <a href=\"https:\/\/wp.ufpel.edu.br\/clc\/files\/2020\/09\/SEI_UFPel-1039421-Portaria.pdf\">Portaria<\/a>;<br \/>\nCoordena\u00e7\u00e3o do Curso de Bacharelado em Letras &#8211; Reda\u00e7\u00e3o e Revis\u00e3o de Textos (14\/08\/20): <a href=\"https:\/\/wp.ufpel.edu.br\/clc\/files\/2020\/08\/Portaria-RRT.pdf\">Portaria RRT<\/a>;<br \/>\nCoordena\u00e7\u00e3o <em>pro tempore<\/em> do Curso de Licenciatura em Letras \u2013Portugu\u00eas\/Alem\u00e3o (23\/07\/20): <a href=\"https:\/\/wp.ufpel.edu.br\/clc\/files\/2020\/07\/Portaria.pdf\">Portaria<\/a>.<\/p>\n<p><strong>Ano de 2017<\/strong><\/p>\n<p><a href=\"https:\/\/wp.ufpel.edu.br\/clc\/files\/2013\/07\/PORTARIA-01-2017-nomeia-comissao-eleitoral-para-Dire\u00e7ao.pdf\">PORTARIA 01-2017 nomeia comissao eleitoral para Dire\u00e7ao<\/a><br \/>\n<a href=\"https:\/\/wp.ufpel.edu.br\/clc\/files\/2013\/07\/PORTARIA-02-2017-banca-Aline-Vieira.pdf\">PORTARIA 02-2017 banca Aline Vieira<\/a> <a href=\"https:\/\/wp.ufpel.edu.br\/clc\/files\/2013\/07\/PORTARIA-03-2017-banca-Marina-Wille.pdf\"><br \/>\nPORTARIA 03-2017 banca Marina Wille<\/a> <a href=\"https:\/\/wp.ufpel.edu.br\/clc\/files\/2013\/07\/PORTARIA-04-2017-banca-Priscila-Rech.pdf\"><br \/>\nPORTARIA 04-2017 banca Priscila Rech<\/a><br \/>\n<a href=\"https:\/\/wp.ufpel.edu.br\/clc\/files\/2013\/07\/PORTARIA-05-2017-banca-Luciano-Burchardt.pdf\">PORTARIA 05-2017 banca Luciano Burchardt<\/a><br \/>\n<a href=\"https:\/\/wp.ufpel.edu.br\/clc\/files\/2013\/07\/PORTARIA-06-2017-banca-Jade-Arbo.pdf\">PORTARIA 06-2017 banca Jade Arbo<\/a><br \/>\n<a href=\"https:\/\/wp.ufpel.edu.br\/clc\/files\/2013\/07\/PORTARIA-07-2017-coord-Area-Libras-Angela-dos-Santos.pdf\">PORTARIA 07-2017 coord Area Libras Angela dos Santos<\/a><br \/>\n<a href=\"https:\/\/wp.ufpel.edu.br\/clc\/files\/2013\/07\/PORTARIA-09-2017-coord-Area-Tradu\u00e7ao-Beatriz-Viegas.pdf\">PORTARIA 09-2017 coord Area Tradu\u00e7ao Beatriz Viegas<\/a><br \/>\n<a href=\"https:\/\/wp.ufpel.edu.br\/clc\/files\/2013\/07\/PORTARIA-10-2017-coord-Area-Tradu\u00e7ao-pro-tempore.pdf\">PORTARIA 10-2017 coord Area Tradu\u00e7ao pro-tempore<\/a><br \/>\n<a href=\"https:\/\/wp.ufpel.edu.br\/clc\/files\/2013\/07\/PORTARIA-11-2017-banca-Rodrigo-de-Paula.pdf\">PORTARIA 11-2017 banca Rodrigo de Paula<\/a><br \/>\n<a href=\"https:\/\/wp.ufpel.edu.br\/clc\/files\/2013\/07\/PORTARIA-12-2017-coord-area-Alemao-MIlena-Kunrath.pdf\">PORTARIA 12-2017 coord area Alemao MIlena Kunrath<\/a><br \/>\n<a href=\"https:\/\/wp.ufpel.edu.br\/clc\/files\/2013\/07\/PORTARIA-13-2017-Banca-Monografia-Stella-Lima.pdf\">PORTARIA 13-2017 &#8211; Banca Monografia Stella Lima<\/a><br \/>\n<a href=\"https:\/\/wp.ufpel.edu.br\/clc\/files\/2013\/07\/PORTARIA-14-2017-Banca-Monografia-Bruna-Correa.pdf\">PORTARIA 14-2017 &#8211; Banca Monografia Bruna Correa<\/a><br \/>\n<a href=\"https:\/\/wp.ufpel.edu.br\/clc\/files\/2013\/07\/PORTARIA-15-2017-Banca-Monografia-Bruna-Correa.pdf\">PORTARIA 15-2017 &#8211; Banca Monografia Thamires Marchezini<\/a><br \/>\n<a href=\"https:\/\/wp.ufpel.edu.br\/clc\/files\/2013\/07\/PORTARIA-16-2017-Comiss\u00e3o-PDU.pdf\">PORTARIA 16-2017 &#8211; Comiss\u00e3o PDU<\/a><br \/>\n<a href=\"https:\/\/wp.ufpel.edu.br\/clc\/files\/2013\/07\/PORTARIA-17-2017-Coord-Lingu\u00edstica-e-ensino.pdf\">PORTARIA 17-2017 &#8211; Coord Lingu\u00edstica e ensino<\/a><br \/>\n<a href=\"https:\/\/wp.ufpel.edu.br\/clc\/files\/2013\/07\/PORTARIA-18-2017-Coord-Latim.pdf\">PORTARIA 18-2017 &#8211; Coord Latim<\/a><br \/>\n<a href=\"https:\/\/wp.ufpel.edu.br\/clc\/files\/2013\/07\/Portaria-CLC-19-2017.pdf\">Portaria CLC 19-2017 &#8211; NDE Letras RRT<\/a><br \/>\n<a href=\"https:\/\/wp.ufpel.edu.br\/clc\/files\/2013\/07\/Portaria-CLC-20-2017.pdf\">Portaria CLC 20-2017 &#8211; Daniela Agendes &#8211; Coord. N\u00facleo Comunica\u00e7\u00e3o<\/a><br \/>\n<a href=\"https:\/\/wp.ufpel.edu.br\/clc\/files\/2013\/07\/Portaria-CLC-21-2017.pdf\">Portaria CLC 21-2017 Paulo Borges &#8211; Coord. N\u00facleo est\u00e1gios<br \/>\n<\/a><a href=\"https:\/\/wp.ufpel.edu.br\/clc\/files\/2013\/07\/PORTARIA-32-2017-NDE-Espanhol.pdf\">PORTARIA 32-2017 &#8211; NDE Espanhol<\/a><a href=\"https:\/\/wp.ufpel.edu.br\/clc\/files\/2013\/07\/Portaria-CLC-21-2017.pdf\"><br \/>\n<\/a><a style=\"background-color: #ffffff\" href=\"https:\/\/wp.ufpel.edu.br\/clc\/files\/2013\/07\/PORTARIA-33-2017-NDE-Portugu\u00eas.pdf\">PORTARIA 33-2017 &#8211; NDE Portugu\u00eas<\/a><a href=\"https:\/\/wp.ufpel.edu.br\/clc\/files\/2013\/07\/Portaria-CLC-21-2017.pdf\"><span style=\"background-color: #ffffff\"><br \/>\n<\/span><\/a><a style=\"background-color: #ffffff\" href=\"https:\/\/wp.ufpel.edu.br\/clc\/files\/2013\/07\/PORTARIA-34-2017-NDE-Franc\u00eas.pdf\">PORTARIA 34-2017 &#8211; NDE Franc\u00eas<\/a><\/p>\n<hr \/>\n<p><strong>Regulamento da Gradua\u00e7\u00e3o da UFPel:\u00a0<\/strong><a href=\"https:\/\/wp.ufpel.edu.br\/clc\/files\/2013\/07\/Resolu\u00e7\u00e3o-n\u00ba-14_2010.pdf\">Resolu\u00e7\u00e3o n\u00ba 14_2010<\/a><\/p>\n<p><strong>Resolu\u00e7\u00f5es do Centro de Letras e Comunica\u00e7\u00e3o<\/strong><\/p>\n<p><a href=\"https:\/\/wp.ufpel.edu.br\/clc\/files\/2013\/07\/Resolu\u00e7\u00e3o-01_2014_CLC.pdf\">Resolu\u00e7\u00e3o 01_2014_CLC<\/a><\/p>\n<p><a href=\"https:\/\/wp.ufpel.edu.br\/clc\/files\/2013\/07\/Resolu\u00e7\u00e3o-02_2014_CLC.pdf\">Resolu\u00e7\u00e3o 02_2014_CLC<\/a><\/p>\n<p><a href=\"https:\/\/wp.ufpel.edu.br\/clc\/files\/2013\/07\/Resolu\u00e7\u00e3o-01-2013-CLC.pdf\">Resolu\u00e7\u00e3o 01 2013 CLC<\/a><\/p>\n<p><a href=\"https:\/\/wp.ufpel.edu.br\/clc\/files\/2013\/07\/Resolu\u00e7\u00e3o-02-2013-CLC.pdf\">Resolu\u00e7\u00e3o 02 2013 CLC<\/a><\/p>\n<p><a href=\"https:\/\/wp.ufpel.edu.br\/clc\/files\/2013\/07\/Resolu\u00e7\u00e3o-03-2013-CLC.pdf\">Resolu\u00e7\u00e3o 03 2013 CLC<\/a><\/p>\n<p><a href=\"https:\/\/wp.ufpel.edu.br\/clc\/files\/2013\/07\/Resolu\u00e7\u00e3o-04-2013-CLC.pdf\">Resolu\u00e7\u00e3o 04 2013 CLC<\/a><\/p>\n<p><a href=\"https:\/\/wp.ufpel.edu.br\/clc\/files\/2013\/07\/Resolu\u00e7\u00e3o-05-2013-CLC.pdf\">Resolu\u00e7\u00e3o 05 2013 CLC<\/a><\/p>\n<p><a href=\"https:\/\/wp.ufpel.edu.br\/clc\/files\/2013\/07\/Resolu\u00e7\u00e3o-06-2013-CLC.pdf\">Resolu\u00e7\u00e3o 06 2013 CLC<\/a><\/p>\n<p>&nbsp;<\/p>\n","protected":false},"excerpt":{"rendered":"<p>Portarias do CLC Ano de 2022 Chefia da C\u00e2mara de Extens\u00e3o \u2013 \u00a0Jorama Stein Representa\u00e7\u00e3o docente no Conselho do CLC \u2013\u00a0 Maristela Machado e Isabella Mozzillo Coordena\u00e7\u00e3o da \u00e1rea de Literatura \u2013 Aulus Mandagar\u00e1 Martins Coordena\u00e7\u00e3o da \u00e1rea de Libras &hellip; <a href=\"https:\/\/wp.ufpel.edu.br\/clc\/portarias\/\">Continue lendo <span class=\"meta-nav\">&rarr;<\/span><\/a><\/p>\n","protected":false},"author":50,"featured_media":0,"parent":0,"menu_order":0,"comment_status":"closed","ping_status":"closed","template":"","meta":{"footnotes":""},"class_list":["post-1525","page","type-page","status-publish","hentry"],"_links":{"self":[{"href":"https:\/\/wp.ufpel.edu.br\/clc\/wp-json\/wp\/v2\/pages\/1525","targetHints":{"allow":["GET"]}}],"collection":[{"href":"https:\/\/wp.ufpel.edu.br\/clc\/wp-json\/wp\/v2\/pages"}],"about":[{"href":"https:\/\/wp.ufpel.edu.br\/clc\/wp-json\/wp\/v2\/types\/page"}],"author":[{"embeddable":true,"href":"https:\/\/wp.ufpel.edu.br\/clc\/wp-json\/wp\/v2\/users\/50"}],"replies":[{"embeddable":true,"href":"https:\/\/wp.ufpel.edu.br\/clc\/wp-json\/wp\/v2\/comments?post=1525"}],"version-history":[{"count":24,"href":"https:\/\/wp.ufpel.edu.br\/clc\/wp-json\/wp\/v2\/pages\/1525\/revisions"}],"predecessor-version":[{"id":14273,"href":"https:\/\/wp.ufpel.edu.br\/clc\/wp-json\/wp\/v2\/pages\/1525\/revisions\/14273"}],"wp:attachment":[{"href":"https:\/\/wp.ufpel.edu.br\/clc\/wp-json\/wp\/v2\/media?parent=1525"}],"curies":[{"name":"wp","href":"https:\/\/api.w.org\/{rel}","templated":true}]}}