{"id":11738,"date":"2021-03-01T19:55:49","date_gmt":"2021-03-01T22:55:49","guid":{"rendered":"https:\/\/wp.ufpel.edu.br\/clc\/?page_id=11738"},"modified":"2025-04-15T19:32:32","modified_gmt":"2025-04-15T22:32:32","slug":"estagios-em-escola-particular-e-outros","status":"publish","type":"page","link":"https:\/\/wp.ufpel.edu.br\/clc\/colegiado-do-clc\/estagios\/estagios-em-escola-particular-e-outros\/","title":{"rendered":""},"content":{"rendered":"<p><img loading=\"lazy\" decoding=\"async\" class=\"alignnone size-full wp-image-10549\" src=\"https:\/\/wp.ufpel.edu.br\/clc\/files\/2020\/02\/estagios_outros.jpg\" alt=\"\" width=\"600\" height=\"60\" srcset=\"https:\/\/wp.ufpel.edu.br\/clc\/files\/2020\/02\/estagios_outros.jpg 600w, https:\/\/wp.ufpel.edu.br\/clc\/files\/2020\/02\/estagios_outros-424x42.jpg 424w, https:\/\/wp.ufpel.edu.br\/clc\/files\/2020\/02\/estagios_outros-212x21.jpg 212w\" sizes=\"auto, (max-width: 600px) 100vw, 600px\" \/><\/p>\n<p>Para est\u00e1gios nas escolas municipais de outras cidades, est\u00e1gios em escolas privadas, est\u00e1gios em outras institui\u00e7\u00f5es de ensino (ex.: IFSul ou CAVG):<\/p>\n<p><strong>Primeiro:<\/strong> o aluno dever\u00e1 preencher a <strong><a href=\"https:\/\/wp.ufpel.edu.br\/clc\/files\/2024\/09\/Modelo_Carta_Estagio-5CRE-2025.docx\">Carta de Apresenta\u00e7\u00e3o de Est\u00e1gio<\/a> <\/strong>e coletar a assinatura com seu Orientador de Est\u00e1gio na UFPel. Depois, entregar uma via \u00e0 escola ou \u00e0 Secretaria Municipal (conforme o que a escola indicar) e uma via ao Colegiado do CLC.<\/p>\n<p>O aluno dever\u00e1 tamb\u00e9m preencher o <a href=\"https:\/\/wp.ufpel.edu.br\/clc\/files\/2023\/08\/Termo-de-Compromisso-UFPel-como-INSTITUICAO-DE-ENSINO-com-seguro202301.docx\"><strong>Termo de Compromisso de Est\u00e1gio<\/strong><\/a> (modelo da UFPel) e o <strong><a href=\"https:\/\/wp.ufpel.edu.br\/clc\/files\/2024\/07\/Plano-de-trabalho-Estagio.docx\">Plano de Atividades<\/a><\/strong> (Anexo ao Termo), em conjunto com a parte concedente do est\u00e1gio (escola). Aten\u00e7\u00e3o: no Termo, preencher apenas os campos que est\u00e3o <span style=\"background-color: #ffff99;\">marcados em a<\/span>\u00a0<span style=\"background-color: #ffff99;\">marelo<\/span>.<\/p>\n<p>Ap\u00f3s, imprimir <strong>03 vias dos documentos<\/strong>, assinar e coletar assinatura do representante da institui\u00e7\u00e3o de est\u00e1gio no campo que diz &#8220;Parte Concedente&#8221;. Depois, o aluno deve agendar um hor\u00e1rio com a coordena\u00e7\u00e3o de seu curso do CLC para coletar assinaturas nas 03 vias.<\/p>\n<p>Dessas 03 vias impressas: uma ficar\u00e1 com o aluno, uma ficar\u00e1 com o Colegiado do CLC e outra o aluno entregar\u00e1 no campo de est\u00e1gio.<\/p>\n","protected":false},"excerpt":{"rendered":"<p>Para est\u00e1gios nas escolas municipais de outras cidades, est\u00e1gios em escolas privadas, est\u00e1gios em outras institui\u00e7\u00f5es de ensino (ex.: IFSul ou CAVG): Primeiro: o aluno dever\u00e1 preencher a Carta de Apresenta\u00e7\u00e3o de Est\u00e1gio e coletar a assinatura com seu Orientador &hellip; <a href=\"https:\/\/wp.ufpel.edu.br\/clc\/colegiado-do-clc\/estagios\/estagios-em-escola-particular-e-outros\/\">Continue lendo <span class=\"meta-nav\">&rarr;<\/span><\/a><\/p>\n","protected":false},"author":50,"featured_media":0,"parent":2306,"menu_order":0,"comment_status":"closed","ping_status":"closed","template":"onecolumn-page.php","meta":{"footnotes":""},"class_list":["post-11738","page","type-page","status-publish","hentry"],"_links":{"self":[{"href":"https:\/\/wp.ufpel.edu.br\/clc\/wp-json\/wp\/v2\/pages\/11738","targetHints":{"allow":["GET"]}}],"collection":[{"href":"https:\/\/wp.ufpel.edu.br\/clc\/wp-json\/wp\/v2\/pages"}],"about":[{"href":"https:\/\/wp.ufpel.edu.br\/clc\/wp-json\/wp\/v2\/types\/page"}],"author":[{"embeddable":true,"href":"https:\/\/wp.ufpel.edu.br\/clc\/wp-json\/wp\/v2\/users\/50"}],"replies":[{"embeddable":true,"href":"https:\/\/wp.ufpel.edu.br\/clc\/wp-json\/wp\/v2\/comments?post=11738"}],"version-history":[{"count":17,"href":"https:\/\/wp.ufpel.edu.br\/clc\/wp-json\/wp\/v2\/pages\/11738\/revisions"}],"predecessor-version":[{"id":17921,"href":"https:\/\/wp.ufpel.edu.br\/clc\/wp-json\/wp\/v2\/pages\/11738\/revisions\/17921"}],"up":[{"embeddable":true,"href":"https:\/\/wp.ufpel.edu.br\/clc\/wp-json\/wp\/v2\/pages\/2306"}],"wp:attachment":[{"href":"https:\/\/wp.ufpel.edu.br\/clc\/wp-json\/wp\/v2\/media?parent=11738"}],"curies":[{"name":"wp","href":"https:\/\/api.w.org\/{rel}","templated":true}]}}