{"id":11730,"date":"2021-03-01T19:49:56","date_gmt":"2021-03-01T22:49:56","guid":{"rendered":"https:\/\/wp.ufpel.edu.br\/clc\/?page_id=11730"},"modified":"2025-08-27T20:25:59","modified_gmt":"2025-08-27T23:25:59","slug":"estagios-em-escola-estadual-de-pelotas-e-regiao","status":"publish","type":"page","link":"https:\/\/wp.ufpel.edu.br\/clc\/colegiado-do-clc\/estagios\/estagios-em-escola-estadual-de-pelotas-e-regiao\/","title":{"rendered":""},"content":{"rendered":"<p><img loading=\"lazy\" decoding=\"async\" class=\"alignnone wp-image-10547 size-full\" src=\"https:\/\/wp.ufpel.edu.br\/clc\/files\/2020\/02\/estagios_estaduais-1.jpg\" alt=\"\" width=\"600\" height=\"60\" srcset=\"https:\/\/wp.ufpel.edu.br\/clc\/files\/2020\/02\/estagios_estaduais-1.jpg 600w, https:\/\/wp.ufpel.edu.br\/clc\/files\/2020\/02\/estagios_estaduais-1-424x42.jpg 424w, https:\/\/wp.ufpel.edu.br\/clc\/files\/2020\/02\/estagios_estaduais-1-212x21.jpg 212w\" sizes=\"auto, (max-width: 600px) 100vw, 600px\" \/><\/p>\n<p><em><strong>Para<\/strong> <strong>Est\u00e1gios de Observa\u00e7\u00e3o:<\/strong><\/em><\/p>\n<p>O aluno poder\u00e1 preencher e encaminhar \u00e0 escola apenas a <strong><a href=\"https:\/\/wp.ufpel.edu.br\/clc\/files\/2024\/09\/Modelo_Carta_Estagio-5CRE-2025.docx\">Carta de Apresenta\u00e7\u00e3o de Est\u00e1gio<\/a><\/strong>, devidamente preenchida e assinada pelo professor orientador de est\u00e1gio na UFPel. Deve entregar tamb\u00e9m uma via ou uma c\u00f3pia dessa carta no Colegiado do CLC (sala 107)<\/p>\n<hr \/>\n<p><em><strong>Para est\u00e1gios de Reg\u00eancia:<\/strong><\/em><\/p>\n<p><strong>Primeiro:<\/strong> o aluno dever\u00e1 preencher a <strong><a href=\"https:\/\/wp.ufpel.edu.br\/clc\/files\/2024\/09\/Modelo_Carta_Estagio-5CRE-2025.docx\">Carta de Apresenta\u00e7\u00e3o de Est\u00e1gio<\/a><\/strong> e coletar a assinatura com seu Orientador de Est\u00e1gio na UFPel. Depois, entregar uma via \u00e0 escola e uma via ao Colegiado do CLC.<\/p>\n<p><strong>Segundo:<\/strong> o aluno deve preencher o <strong><a href=\"https:\/\/wp.ufpel.edu.br\/clc\/files\/2024\/08\/Modelo_Termo_Compromisso_CRE_Plano-202401-1608.docx\">Termo de Compromisso de Est\u00e1gio (e Plano)<\/a><\/strong>, em conjunto com a escola. Em seguida, o aluno deve imprimir 03 vias desse Termo, assinar essas vias no local indicado e coletar assinaturas da Coordena\u00e7\u00e3o de Curso do CLC (no campo de assinatura &#8220;Institui\u00e7\u00e3o de Ensino&#8221;) e da <em>coordena\u00e7\u00e3o ou dire\u00e7\u00e3o da escola<\/em> no campo destinado \u00e0 assinatura da &#8220;Parte concedente (Escola)&#8221;. Tamb\u00e9m \u00e9 preciso coletar a assinatura do <em>Supervisor de Est\u00e1gio na escola<\/em> na terceira p\u00e1gina do documento que tem o t\u00edtulo de &#8220;Plano de Atividades&#8221;.<\/p>\n<p><strong>Terceiro:<\/strong> ap\u00f3s coletar TODAS as assinaturas, o aluno deve:<\/p>\n<p>\u00bb entregar uma via do Termo de Compromisso e Plano para a escola. A escola far\u00e1 o envio da documenta\u00e7\u00e3o \u00e0 5\u00aaCRE para obter autoriza\u00e7\u00e3o do est\u00e1gio.<\/p>\n<p>\u00bb entregar uma via do Termo de Compromisso e Plano para o Colegiado do Curso (sala 107\/CLC).<\/p>\n<p>\u00bb guardar consigo uma via do Termo de Compromisso e Plano.<\/p>\n<p>&nbsp;<\/p>\n<p>&nbsp;<\/p>\n","protected":false},"excerpt":{"rendered":"<p>Para Est\u00e1gios de Observa\u00e7\u00e3o: O aluno poder\u00e1 preencher e encaminhar \u00e0 escola apenas a Carta de Apresenta\u00e7\u00e3o de Est\u00e1gio, devidamente preenchida e assinada pelo professor orientador de est\u00e1gio na UFPel. Deve entregar tamb\u00e9m uma via ou uma c\u00f3pia dessa carta &hellip; <a href=\"https:\/\/wp.ufpel.edu.br\/clc\/colegiado-do-clc\/estagios\/estagios-em-escola-estadual-de-pelotas-e-regiao\/\">Continue lendo <span class=\"meta-nav\">&rarr;<\/span><\/a><\/p>\n","protected":false},"author":50,"featured_media":0,"parent":2306,"menu_order":0,"comment_status":"closed","ping_status":"closed","template":"onecolumn-page.php","meta":{"footnotes":""},"class_list":["post-11730","page","type-page","status-publish","hentry"],"_links":{"self":[{"href":"https:\/\/wp.ufpel.edu.br\/clc\/wp-json\/wp\/v2\/pages\/11730","targetHints":{"allow":["GET"]}}],"collection":[{"href":"https:\/\/wp.ufpel.edu.br\/clc\/wp-json\/wp\/v2\/pages"}],"about":[{"href":"https:\/\/wp.ufpel.edu.br\/clc\/wp-json\/wp\/v2\/types\/page"}],"author":[{"embeddable":true,"href":"https:\/\/wp.ufpel.edu.br\/clc\/wp-json\/wp\/v2\/users\/50"}],"replies":[{"embeddable":true,"href":"https:\/\/wp.ufpel.edu.br\/clc\/wp-json\/wp\/v2\/comments?post=11730"}],"version-history":[{"count":4,"href":"https:\/\/wp.ufpel.edu.br\/clc\/wp-json\/wp\/v2\/pages\/11730\/revisions"}],"predecessor-version":[{"id":18551,"href":"https:\/\/wp.ufpel.edu.br\/clc\/wp-json\/wp\/v2\/pages\/11730\/revisions\/18551"}],"up":[{"embeddable":true,"href":"https:\/\/wp.ufpel.edu.br\/clc\/wp-json\/wp\/v2\/pages\/2306"}],"wp:attachment":[{"href":"https:\/\/wp.ufpel.edu.br\/clc\/wp-json\/wp\/v2\/media?parent=11730"}],"curies":[{"name":"wp","href":"https:\/\/api.w.org\/{rel}","templated":true}]}}