{"id":11724,"date":"2021-03-01T19:35:40","date_gmt":"2021-03-01T22:35:40","guid":{"rendered":"https:\/\/wp.ufpel.edu.br\/clc\/?page_id=11724"},"modified":"2025-04-15T18:38:38","modified_gmt":"2025-04-15T21:38:38","slug":"estagio-em-escola-municipal-de-pelotas","status":"publish","type":"page","link":"https:\/\/wp.ufpel.edu.br\/clc\/colegiado-do-clc\/estagios\/estagio-em-escola-municipal-de-pelotas\/","title":{"rendered":""},"content":{"rendered":"<p><img loading=\"lazy\" decoding=\"async\" class=\"alignnone wp-image-10548 size-full\" src=\"https:\/\/wp.ufpel.edu.br\/clc\/files\/2020\/02\/estagios_municipais.jpg\" alt=\"\" width=\"600\" height=\"60\" srcset=\"https:\/\/wp.ufpel.edu.br\/clc\/files\/2020\/02\/estagios_municipais.jpg 600w, https:\/\/wp.ufpel.edu.br\/clc\/files\/2020\/02\/estagios_municipais-424x42.jpg 424w, https:\/\/wp.ufpel.edu.br\/clc\/files\/2020\/02\/estagios_municipais-212x21.jpg 212w\" sizes=\"auto, (max-width: 600px) 100vw, 600px\" \/><\/p>\n<p><strong>Para est\u00e1gios nas escolas municipais de Pelotas:<\/strong><\/p>\n<p>Primeiramente, o aluno deve estabelecer contato em conjunto com seu orientador de est\u00e1gio com a escola municipal pretendida para acertar seu est\u00e1gio. Ap\u00f3s estar de acordo com seu orientador e com a escola concedente de est\u00e1gio, o aluno dever\u00e1 preencher os dados solicitados no link: <strong><a href=\"https:\/\/goo.gl\/forms\/8LfbMq9GlqyJ4dh63\" target=\"_blank\" rel=\"noopener noreferrer\">https:\/\/goo.gl\/forms\/8LfbMq9GlqyJ4dh63<\/a> <\/strong><\/p>\n<p>e aguardar a produ\u00e7\u00e3o da <em>Carta de Apresenta\u00e7\u00e3o de Est\u00e1gio<\/em> autorizada pela SMED (Secretaria Municipal de Educa\u00e7\u00e3o e Desporto). A Carta ficar\u00e1 dispon\u00edvel para retirada em torno de <span style=\"color: #ff0000;\"><strong>duas semanas<\/strong><\/span> ap\u00f3s o preenchimento dos dados no <a href=\"https:\/\/goo.gl\/forms\/8LfbMq9GlqyJ4dh63\">link<\/a> acima. Esse \u00e9 o prazo estimado pela SMED.<\/p>\n<p>O Colegiado do CLC entrar\u00e1 em contato pelo e-mail informado no link, avisando quando a Carta estiver pronta. Ap\u00f3s receber, basta o aluno entregar a Carta \u00e0 Escola Municipal para iniciar suas atividades de est\u00e1gio.<\/p>\n","protected":false},"excerpt":{"rendered":"<p>Para est\u00e1gios nas escolas municipais de Pelotas: Primeiramente, o aluno deve estabelecer contato em conjunto com seu orientador de est\u00e1gio com a escola municipal pretendida para acertar seu est\u00e1gio. Ap\u00f3s estar de acordo com seu orientador e com a escola &hellip; <a href=\"https:\/\/wp.ufpel.edu.br\/clc\/colegiado-do-clc\/estagios\/estagio-em-escola-municipal-de-pelotas\/\">Continue lendo <span class=\"meta-nav\">&rarr;<\/span><\/a><\/p>\n","protected":false},"author":50,"featured_media":0,"parent":2306,"menu_order":0,"comment_status":"closed","ping_status":"closed","template":"","meta":{"footnotes":""},"class_list":["post-11724","page","type-page","status-publish","hentry"],"_links":{"self":[{"href":"https:\/\/wp.ufpel.edu.br\/clc\/wp-json\/wp\/v2\/pages\/11724","targetHints":{"allow":["GET"]}}],"collection":[{"href":"https:\/\/wp.ufpel.edu.br\/clc\/wp-json\/wp\/v2\/pages"}],"about":[{"href":"https:\/\/wp.ufpel.edu.br\/clc\/wp-json\/wp\/v2\/types\/page"}],"author":[{"embeddable":true,"href":"https:\/\/wp.ufpel.edu.br\/clc\/wp-json\/wp\/v2\/users\/50"}],"replies":[{"embeddable":true,"href":"https:\/\/wp.ufpel.edu.br\/clc\/wp-json\/wp\/v2\/comments?post=11724"}],"version-history":[{"count":10,"href":"https:\/\/wp.ufpel.edu.br\/clc\/wp-json\/wp\/v2\/pages\/11724\/revisions"}],"predecessor-version":[{"id":17915,"href":"https:\/\/wp.ufpel.edu.br\/clc\/wp-json\/wp\/v2\/pages\/11724\/revisions\/17915"}],"up":[{"embeddable":true,"href":"https:\/\/wp.ufpel.edu.br\/clc\/wp-json\/wp\/v2\/pages\/2306"}],"wp:attachment":[{"href":"https:\/\/wp.ufpel.edu.br\/clc\/wp-json\/wp\/v2\/media?parent=11724"}],"curies":[{"name":"wp","href":"https:\/\/api.w.org\/{rel}","templated":true}]}}