{"id":10407,"date":"2019-12-11T16:29:30","date_gmt":"2019-12-11T19:29:30","guid":{"rendered":"https:\/\/wp.ufpel.edu.br\/clc\/?page_id=10407"},"modified":"2023-06-19T15:34:07","modified_gmt":"2023-06-19T18:34:07","slug":"relatorios-e-certificados-de-extensao","status":"publish","type":"page","link":"https:\/\/wp.ufpel.edu.br\/clc\/relatorios-e-certificados-de-extensao\/","title":{"rendered":"Relat\u00f3rios e certificados de Extens\u00e3o"},"content":{"rendered":"<p style=\"text-align: justify;\"><span style=\"font-family: georgia, palatino, serif; font-size: 12pt;\">A orienta\u00e7\u00e3o para a emiss\u00e3o de<b> relat\u00f3rios de extens\u00e3o<\/b>, diferentemente do que consta na <a href=\"https:\/\/wp.ufpel.edu.br\/scs\/files\/2015\/03\/Resolu%c3%a7%c3%a3o-10.2015.pdf\">resolu\u00e7\u00e3o 10\/2015<\/a>, \u00e9 de que n\u00e3o se fa\u00e7a obrigatoriamente um relat\u00f3rio parcial a cada ano, mas sim:<\/span><\/p>\n<div style=\"text-align: justify;\"><span style=\"font-family: georgia, palatino, serif; font-size: 12pt;\">1) Ao t\u00e9rmino de uma ou mais a\u00e7\u00f5es, faz-se <i><a href=\"https:\/\/cobalto.ufpel.edu.br\/projetos\/coordenacao\/relatorio\/novo\" target=\"_blank\" rel=\"noopener noreferrer\">relat\u00f3rio parcial<\/a>, citando as a\u00e7\u00f5es ocorridas no item &#8220;Atividades realizadas&#8221; <\/i>, independente se o tempo da a\u00e7\u00e3o \u00e9 de um m\u00eas, ou de mais de um ano, por exemplo. O relat\u00f3rio parcial n\u00e3o encerra o projeto;<\/span><\/div>\n<div style=\"text-align: justify;\"><span style=\"font-family: georgia, palatino, serif; font-size: 12pt;\">\u00a0<\/span><\/div>\n<div style=\"text-align: justify;\"><span style=\"font-family: georgia, palatino, serif; font-size: 12pt;\">2) Se o per\u00edodo do projeto encerrou e n\u00e3o h\u00e1 mais interesse em renov\u00e1-lo, faz-se o <i>relat\u00f3rio final<\/i>. \u00a0<\/span><\/div>\n<div style=\"text-align: justify;\"><span style=\"font-size: 12pt; font-family: georgia, palatino, serif;\">Obs.: estas informa\u00e7\u00f5es estar\u00e3o mais claras em uma nova resolu\u00e7\u00e3o que est\u00e1 sendo feita pela PREC.<\/span><\/div>\n<div style=\"text-align: justify;\"><span style=\"font-family: georgia, palatino, serif; font-size: 12pt;\">\u00a0<\/span><\/div>\n<div style=\"text-align: justify;\"><span style=\"font-family: georgia, palatino, serif; font-size: 12pt;\"><a href=\"https:\/\/www.youtube.com\/watch?v=wYd-SlgU_u4&amp;feature=youtu.be\">TUTORIAL EM V\u00cdDEO PARA EMISS\u00c3O DE RELAT\u00d3RIOS<\/a>\u00a0(YouTube).<\/span><\/div>\n<div style=\"text-align: justify;\"><span style=\"font-family: georgia, palatino, serif; font-size: 12pt;\">\u00a0<\/span><\/div>\n<div style=\"text-align: justify;\">\n<hr \/>\n<\/div>\n<div>\n<p><span style=\"font-family: georgia, palatino, serif; font-size: 12pt;\">Os <b>certificados <\/b>t\u00eam emiss\u00e3o autom\u00e1tica pelo Cobalto, desde set\/19:<\/span><\/p>\n<p>&nbsp;<\/p>\n<ul style=\"text-align: justify;\">\n<li><span style=\"font-family: georgia, palatino, serif; font-size: 12pt;\">\u00c9 necess\u00e1rio que o relat\u00f3rio (parcial ou final) do Projeto esteja devidamente aprovado;<br \/>\n<\/span><\/li>\n<li><span style=\"font-family: georgia, palatino, serif; font-size: 12pt;\">Ocorre somente ap\u00f3s a homologa\u00e7\u00e3o da aprova\u00e7\u00e3o do relat\u00f3rio no sistema Cobalto;<br \/>\n<\/span><\/li>\n<li><span style=\"font-family: georgia, palatino, serif; font-size: 12pt;\">Os certificados s\u00e3o gerados\u00a0<u>apenas<\/u>\u00a0para a equipe cadastrada no Cobalto.\n<p>Para certificar p\u00fablico n\u00e3o-UFPEL, segue-se o modelo de certifica\u00e7\u00e3o pelo SEI:<br \/>\n<\/span><\/li>\n<li><span style=\"font-family: georgia, palatino, serif; font-size: 12pt;\">Somente as modalidades\u00a0<b><i>Curso<\/i><\/b><i>\u00a0<\/i>e\u00a0<b><i>Evento<\/i>\u00a0<\/b>podem certificar o p\u00fablico alvo; as demais certificam apenas a equipe de trabalho;<br \/>\n<\/span><\/li>\n<li><span style=\"font-family: georgia, palatino, serif; font-size: 12pt;\">Encaminhar processo via SEI (Sistema Eletr\u00f4nico de Informa\u00e7\u00f5es) para o NFRA \u2013 N\u00facleo de Forma\u00e7\u00e3o, Registro e Acompanhamento.<br \/>\n<\/span><span style=\"font-family: georgia, palatino, serif; font-size: 12pt;\"><br \/>\n<\/span><\/li>\n<li><span style=\"font-family: georgia, palatino, serif; font-size: 12pt;\"><b>Links<\/b>:<\/span><\/li>\n<\/ul>\n<p><a href=\"https:\/\/wp.ufpel.edu.br\/prec\/files\/2022\/09\/Tutorial-SEI-Instrucoes-para-encaminhamento-de-Processo-de-Certificacao-2022.docx.pdf\" target=\"_blank\" rel=\"noopener\">Instru\u00e7\u00f5es para encaminhamento de Processo de Certifica\u00e7\u00e3o \u2013 SEI<\/a><\/p>\n<p><a href=\"https:\/\/wp.ufpel.edu.br\/prec\/files\/2023\/04\/1.-Instrucoes-para-preenchimento-da-Planilha_Certificacao.docx-1.pdf\">Instru\u00e7\u00f5es para preenchimento da Planilha de Certifica\u00e7\u00e3o<\/a><\/p>\n<p><a href=\"https:\/\/drive.google.com\/open?id=1t4-Q6enGBQXxM5Xx1Clo1_3Vz4OBAWXB\">Download da Planilha de Certifica\u00e7\u00e3o<\/a><\/p>\n<p><a href=\"https:\/\/wp.ufpel.edu.br\/prec\/files\/2022\/09\/Instrucoes-para-preenchimento-da-Planilha_Apresentacao-de-trabalhos.docx.pdf\" target=\"_blank\" rel=\"noopener\">Instru\u00e7\u00f5es para preenchimento da Planilha de Certifica\u00e7\u00e3o \u2013 Apresenta\u00e7\u00e3o de Trabalhos<\/a><\/p>\n<p><a href=\"https:\/\/wp.ufpel.edu.br\/prec\/files\/2022\/09\/apresentacao_trabalhos_modelo_2022.xlsx\">Download da Planilha de Certifica\u00e7\u00e3o de Apresenta\u00e7\u00e3o de Trabalhos<\/a><\/p>\n<\/div>\n","protected":false},"excerpt":{"rendered":"<p>A orienta\u00e7\u00e3o para a emiss\u00e3o de relat\u00f3rios de extens\u00e3o, diferentemente do que consta na resolu\u00e7\u00e3o 10\/2015, \u00e9 de que n\u00e3o se fa\u00e7a obrigatoriamente um relat\u00f3rio parcial a cada ano, mas sim: 1) Ao t\u00e9rmino de uma ou mais a\u00e7\u00f5es, faz-se &hellip; <a href=\"https:\/\/wp.ufpel.edu.br\/clc\/relatorios-e-certificados-de-extensao\/\">Continue lendo <span class=\"meta-nav\">&rarr;<\/span><\/a><\/p>\n","protected":false},"author":50,"featured_media":0,"parent":0,"menu_order":0,"comment_status":"closed","ping_status":"closed","template":"","meta":{"footnotes":""},"class_list":["post-10407","page","type-page","status-publish","hentry"],"_links":{"self":[{"href":"https:\/\/wp.ufpel.edu.br\/clc\/wp-json\/wp\/v2\/pages\/10407","targetHints":{"allow":["GET"]}}],"collection":[{"href":"https:\/\/wp.ufpel.edu.br\/clc\/wp-json\/wp\/v2\/pages"}],"about":[{"href":"https:\/\/wp.ufpel.edu.br\/clc\/wp-json\/wp\/v2\/types\/page"}],"author":[{"embeddable":true,"href":"https:\/\/wp.ufpel.edu.br\/clc\/wp-json\/wp\/v2\/users\/50"}],"replies":[{"embeddable":true,"href":"https:\/\/wp.ufpel.edu.br\/clc\/wp-json\/wp\/v2\/comments?post=10407"}],"version-history":[{"count":4,"href":"https:\/\/wp.ufpel.edu.br\/clc\/wp-json\/wp\/v2\/pages\/10407\/revisions"}],"predecessor-version":[{"id":15080,"href":"https:\/\/wp.ufpel.edu.br\/clc\/wp-json\/wp\/v2\/pages\/10407\/revisions\/15080"}],"wp:attachment":[{"href":"https:\/\/wp.ufpel.edu.br\/clc\/wp-json\/wp\/v2\/media?parent=10407"}],"curies":[{"name":"wp","href":"https:\/\/api.w.org\/{rel}","templated":true}]}}