{"id":10267,"date":"2019-11-22T17:26:36","date_gmt":"2019-11-22T20:26:36","guid":{"rendered":"https:\/\/wp.ufpel.edu.br\/clc\/?page_id=10267"},"modified":"2023-06-07T16:05:42","modified_gmt":"2023-06-07T19:05:42","slug":"colegiado-do-clc","status":"publish","type":"page","link":"https:\/\/wp.ufpel.edu.br\/clc\/colegiado-do-clc\/","title":{"rendered":"Colegiado do CLC"},"content":{"rendered":"<p>Campus Porto. Pr\u00e9dio B \u2013 Centro de Letras e Comunica\u00e7\u00e3o\/CLC \u2013 andar t\u00e9rreo, sala 107.<\/p>\n<h2 class=\"post-title entry-title\"><strong>Equipe Administrativa<\/strong><\/h2>\n<p>&nbsp;<\/p>\n<div><span style=\"font-size: 12pt;\"><strong>Auxiliares em Administra\u00e7\u00e3o:<\/strong><\/span><\/div>\n<div><\/div>\n<div><span style=\"font-size: 12pt;\">Cristiane Cardoso Guidotti<\/span><\/div>\n<div>\n<p><span style=\"font-size: 12pt;\">Daniel Coelho da Silva<\/span><\/p>\n<\/div>\n<div>\n<div><span style=\"font-size: 12pt;\"><strong>Assistente em Administra\u00e7\u00e3o:<\/strong><\/span><\/div>\n<div><\/div>\n<p><span style=\"font-size: 12pt;\">Guilherme Betemps Meireles<\/span><span style=\"color: #ffffff;\">xxx<\/span><\/p>\n<\/div>\n<div><\/div>\n<div><\/div>\n<div><\/div>\n<div><span style=\"font-size: 12pt;\"><strong>Hor\u00e1rio de atendimento:<\/strong> das 9h \u00e0s 21h.<\/span><\/div>\n<div><\/div>\n<div><\/div>\n<div><\/div>\n<div><span style=\"font-size: 12pt;\"><strong>e-mails:<\/strong> <\/span><\/div>\n<div><strong style=\"font-size: 12pt;\">Licenciaturas<\/strong><span style=\"font-size: 12pt;\"> \u2013 <\/span><a style=\"font-size: 12pt;\" href=\"mailto:letras_colegiado@ufpel.edu.br\">letras_colegiado@ufpel.edu.br<\/a><\/div>\n<div>\n<p><strong style=\"font-size: 12pt;\">Bacharelados<\/strong><span style=\"font-size: 12pt;\"> \u2013 <\/span><a style=\"font-size: 12pt;\" href=\"mailto:bacharelados.clc@ufpel.edu.br\">bacharelados.clc@ufpel.edu.br<\/a><\/p>\n<\/div>\n<div>\n<p><strong style=\"font-size: 12pt;\">Telefone:<\/strong><span style=\"font-size: 12pt;\"> (53) 3284-3815<\/span><\/p>\n<\/div>\n","protected":false},"excerpt":{"rendered":"<p>Campus Porto. Pr\u00e9dio B \u2013 Centro de Letras e Comunica\u00e7\u00e3o\/CLC \u2013 andar t\u00e9rreo, sala 107. Equipe Administrativa &nbsp; Auxiliares em Administra\u00e7\u00e3o: Cristiane Cardoso Guidotti Daniel Coelho da Silva Assistente em Administra\u00e7\u00e3o: Guilherme Betemps Meirelesxxx Hor\u00e1rio de atendimento: das 9h \u00e0s &hellip; <a href=\"https:\/\/wp.ufpel.edu.br\/clc\/colegiado-do-clc\/\">Continue lendo <span class=\"meta-nav\">&rarr;<\/span><\/a><\/p>\n","protected":false},"author":50,"featured_media":0,"parent":0,"menu_order":0,"comment_status":"closed","ping_status":"closed","template":"","meta":{"footnotes":""},"class_list":["post-10267","page","type-page","status-publish","hentry"],"_links":{"self":[{"href":"https:\/\/wp.ufpel.edu.br\/clc\/wp-json\/wp\/v2\/pages\/10267","targetHints":{"allow":["GET"]}}],"collection":[{"href":"https:\/\/wp.ufpel.edu.br\/clc\/wp-json\/wp\/v2\/pages"}],"about":[{"href":"https:\/\/wp.ufpel.edu.br\/clc\/wp-json\/wp\/v2\/types\/page"}],"author":[{"embeddable":true,"href":"https:\/\/wp.ufpel.edu.br\/clc\/wp-json\/wp\/v2\/users\/50"}],"replies":[{"embeddable":true,"href":"https:\/\/wp.ufpel.edu.br\/clc\/wp-json\/wp\/v2\/comments?post=10267"}],"version-history":[{"count":17,"href":"https:\/\/wp.ufpel.edu.br\/clc\/wp-json\/wp\/v2\/pages\/10267\/revisions"}],"predecessor-version":[{"id":14963,"href":"https:\/\/wp.ufpel.edu.br\/clc\/wp-json\/wp\/v2\/pages\/10267\/revisions\/14963"}],"wp:attachment":[{"href":"https:\/\/wp.ufpel.edu.br\/clc\/wp-json\/wp\/v2\/media?parent=10267"}],"curies":[{"name":"wp","href":"https:\/\/api.w.org\/{rel}","templated":true}]}}