{"id":10255,"date":"2019-11-22T17:00:03","date_gmt":"2019-11-22T20:00:03","guid":{"rendered":"https:\/\/wp.ufpel.edu.br\/clc\/?page_id=10255"},"modified":"2025-10-28T16:34:15","modified_gmt":"2025-10-28T19:34:15","slug":"secretaria-das-camaras-estrutura","status":"publish","type":"page","link":"https:\/\/wp.ufpel.edu.br\/clc\/secretaria-das-camaras-estrutura\/","title":{"rendered":"Secretaria das C\u00e2maras &#8211; Estrutura"},"content":{"rendered":"<p style=\"text-align: justify;\">A <strong>Secretaria das C\u00e2maras <\/strong>re\u00fane\u00a0a <a href=\"https:\/\/wp.me\/P8BNZR-2Dz\" target=\"_blank\" rel=\"noopener noreferrer\">C\u00e2mara<\/a><a href=\"https:\/\/wp.me\/P8BNZR-2Dz\" target=\"_blank\" rel=\"noopener noreferrer\"> de Extens\u00e3o<\/a>, <a href=\"https:\/\/wp.ufpel.edu.br\/clc\/caens\/\" target=\"_blank\" rel=\"noopener noreferrer\">C\u00e2mara de Ensino<\/a>\u00a0e\u00a0<a href=\"https:\/\/wp.ufpel.edu.br\/camaradepesquisa\/\" target=\"_blank\" rel=\"noopener noreferrer\">C\u00e2mara de Pesquisa<\/a>.<\/p>\n<p>Localiza\u00e7\u00e3o: Campus Porto. Pr\u00e9dio B \u2013 Centro de Letras e Comunica\u00e7\u00e3o\/CLC \u2013 andar t\u00e9rreo, sala 102.<\/p>\n<h2 class=\"post-title entry-title\"><strong><span style=\"font-family: georgia, palatino, serif;\">Equipe Administrativa<\/span><\/strong><\/h2>\n<p><strong>Auxiliar em Administra\u00e7\u00e3o:<br \/>\n<\/strong>Maria Odete Neves Ramos<\/p>\n<p style=\"text-align: justify;\"><strong>Assistente em Administra\u00e7\u00e3o:<\/strong><br \/>\nDaniela Silva Agendes (CaExt)<\/p>\n<p style=\"text-align: justify;\"><strong>Chefias:<\/strong><br \/>\nChefe da C\u00e2mara de Extens\u00e3o: Prof\u00aa Dra. Renata Kabke Pinheiro<br \/>\nChefe da C\u00e2mara de Ensino: Prof\u00aa Ana Paula Nobre da Cunha<br \/>\nChefe da C\u00e2mara de Pesquisa: Prof\u00aa Janaina Cardoso Brum<\/p>\n<p><strong>Telefones e E-mails: <\/strong><\/p>\n<p>Ensino: <a href=\"mailto:ensino.clc@gmail.com\">ensino.clc@gmail.com\u00a0<\/a>\u00a0\/ (53) 3284-3814<br \/>\nExtens\u00e3o: <a href=\"http:\/\/caextufpel@gmail.com\/\">caextufpel@gmail.com<\/a>\u00a0\/ (53) 3284-3811<br \/>\nPesquisa: <a href=\"mailto:capesqclc@gmail.com\">capesqclc@gmail.com<\/a> \/ (53) 3284-3814<\/p>\n","protected":false},"excerpt":{"rendered":"<p>A Secretaria das C\u00e2maras re\u00fane\u00a0a C\u00e2mara de Extens\u00e3o, C\u00e2mara de Ensino\u00a0e\u00a0C\u00e2mara de Pesquisa. Localiza\u00e7\u00e3o: Campus Porto. Pr\u00e9dio B \u2013 Centro de Letras e Comunica\u00e7\u00e3o\/CLC \u2013 andar t\u00e9rreo, sala 102. Equipe Administrativa Auxiliar em Administra\u00e7\u00e3o: Maria Odete Neves Ramos Assistente em &hellip; <a href=\"https:\/\/wp.ufpel.edu.br\/clc\/secretaria-das-camaras-estrutura\/\">Continue lendo <span class=\"meta-nav\">&rarr;<\/span><\/a><\/p>\n","protected":false},"author":50,"featured_media":0,"parent":0,"menu_order":0,"comment_status":"closed","ping_status":"closed","template":"","meta":{"footnotes":""},"class_list":["post-10255","page","type-page","status-publish","hentry"],"_links":{"self":[{"href":"https:\/\/wp.ufpel.edu.br\/clc\/wp-json\/wp\/v2\/pages\/10255","targetHints":{"allow":["GET"]}}],"collection":[{"href":"https:\/\/wp.ufpel.edu.br\/clc\/wp-json\/wp\/v2\/pages"}],"about":[{"href":"https:\/\/wp.ufpel.edu.br\/clc\/wp-json\/wp\/v2\/types\/page"}],"author":[{"embeddable":true,"href":"https:\/\/wp.ufpel.edu.br\/clc\/wp-json\/wp\/v2\/users\/50"}],"replies":[{"embeddable":true,"href":"https:\/\/wp.ufpel.edu.br\/clc\/wp-json\/wp\/v2\/comments?post=10255"}],"version-history":[{"count":4,"href":"https:\/\/wp.ufpel.edu.br\/clc\/wp-json\/wp\/v2\/pages\/10255\/revisions"}],"predecessor-version":[{"id":18858,"href":"https:\/\/wp.ufpel.edu.br\/clc\/wp-json\/wp\/v2\/pages\/10255\/revisions\/18858"}],"wp:attachment":[{"href":"https:\/\/wp.ufpel.edu.br\/clc\/wp-json\/wp\/v2\/media?parent=10255"}],"curies":[{"name":"wp","href":"https:\/\/api.w.org\/{rel}","templated":true}]}}