{"id":10100,"date":"2019-10-16T15:21:37","date_gmt":"2019-10-16T18:21:37","guid":{"rendered":"https:\/\/wp.ufpel.edu.br\/clc\/?page_id=10100"},"modified":"2019-10-16T15:24:03","modified_gmt":"2019-10-16T18:24:03","slug":"fluxo-de-projetos-de-extensao","status":"publish","type":"page","link":"https:\/\/wp.ufpel.edu.br\/clc\/fluxo-de-projetos-de-extensao\/","title":{"rendered":"Fluxo de projetos de extens\u00e3o"},"content":{"rendered":"<p style=\"text-align: justify\">A Pr\u00f3-Reitoria de Extens\u00e3o e Cultura divulgou um informativo facilitador do fluxo dos encaminhamentos referentes aos projetos, programas e a\u00e7\u00f5es de extens\u00e3o, realizado pelo N\u00facleo de Registro, Forma\u00e7\u00e3o e Acompanhamento (NFRA). O intuito \u00e9 disponibilizar um tutorial breve destes fluxos que podem empregar os dois sistemas: Cobalto e SEI.<\/p>\n<div style=\"width: 1406px\" class=\"wp-caption alignnone\"><a href=\"https:\/\/wp.ufpel.edu.br\/clc\/files\/2019\/10\/orienta\u00e7\u00f5es-prec-projetos.png\"><img loading=\"lazy\" decoding=\"async\" class=\"wp-image-10096 size-full\" src=\"https:\/\/wp.ufpel.edu.br\/clc\/files\/2019\/10\/orienta\u00e7\u00f5es-prec-projetos.png\" alt=\"\" width=\"1396\" height=\"984\" srcset=\"https:\/\/wp.ufpel.edu.br\/clc\/files\/2019\/10\/orienta\u00e7\u00f5es-prec-projetos.png 1396w, https:\/\/wp.ufpel.edu.br\/clc\/files\/2019\/10\/orienta\u00e7\u00f5es-prec-projetos-212x149.png 212w, https:\/\/wp.ufpel.edu.br\/clc\/files\/2019\/10\/orienta\u00e7\u00f5es-prec-projetos-424x299.png 424w, https:\/\/wp.ufpel.edu.br\/clc\/files\/2019\/10\/orienta\u00e7\u00f5es-prec-projetos-768x541.png 768w\" sizes=\"auto, (max-width: 1396px) 100vw, 1396px\" \/><\/a><p class=\"wp-caption-text\">Clique para visualizar em tamanho maior<br \/>Atualizado em 16\/10\/2019<\/p><\/div>\n<p>&nbsp;<\/p>\n","protected":false},"excerpt":{"rendered":"<p>A Pr\u00f3-Reitoria de Extens\u00e3o e Cultura divulgou um informativo facilitador do fluxo dos encaminhamentos referentes aos projetos, programas e a\u00e7\u00f5es de extens\u00e3o, realizado pelo N\u00facleo de Registro, Forma\u00e7\u00e3o e Acompanhamento (NFRA). O intuito \u00e9 disponibilizar um tutorial breve destes fluxos &hellip; <a href=\"https:\/\/wp.ufpel.edu.br\/clc\/fluxo-de-projetos-de-extensao\/\">Continue lendo <span class=\"meta-nav\">&rarr;<\/span><\/a><\/p>\n","protected":false},"author":50,"featured_media":0,"parent":0,"menu_order":0,"comment_status":"closed","ping_status":"closed","template":"","meta":{"footnotes":""},"class_list":["post-10100","page","type-page","status-publish","hentry"],"_links":{"self":[{"href":"https:\/\/wp.ufpel.edu.br\/clc\/wp-json\/wp\/v2\/pages\/10100","targetHints":{"allow":["GET"]}}],"collection":[{"href":"https:\/\/wp.ufpel.edu.br\/clc\/wp-json\/wp\/v2\/pages"}],"about":[{"href":"https:\/\/wp.ufpel.edu.br\/clc\/wp-json\/wp\/v2\/types\/page"}],"author":[{"embeddable":true,"href":"https:\/\/wp.ufpel.edu.br\/clc\/wp-json\/wp\/v2\/users\/50"}],"replies":[{"embeddable":true,"href":"https:\/\/wp.ufpel.edu.br\/clc\/wp-json\/wp\/v2\/comments?post=10100"}],"version-history":[{"count":3,"href":"https:\/\/wp.ufpel.edu.br\/clc\/wp-json\/wp\/v2\/pages\/10100\/revisions"}],"predecessor-version":[{"id":10106,"href":"https:\/\/wp.ufpel.edu.br\/clc\/wp-json\/wp\/v2\/pages\/10100\/revisions\/10106"}],"wp:attachment":[{"href":"https:\/\/wp.ufpel.edu.br\/clc\/wp-json\/wp\/v2\/media?parent=10100"}],"curies":[{"name":"wp","href":"https:\/\/api.w.org\/{rel}","templated":true}]}}