{"id":8,"date":"2023-08-09T16:46:29","date_gmt":"2023-08-09T19:46:29","guid":{"rendered":"https:\/\/wp.ufpel.edu.br\/cisas\/?page_id=8"},"modified":"2025-04-16T16:12:55","modified_gmt":"2025-04-16T19:12:55","slug":"programas-de-pos-graduacao","status":"publish","type":"page","link":"https:\/\/wp.ufpel.edu.br\/cisas\/programas-de-pos-graduacao\/","title":{"rendered":"Programas de P\u00f3s-Gradua\u00e7\u00e3o"},"content":{"rendered":"<p><span style=\"font-weight: 400; font-family: arial, helvetica, sans-serif; font-size: 12pt;\">Lista dos principais programas de p\u00f3s-gradua\u00e7\u00e3o que ser\u00e3o diretamente beneficiados pela infraestrutura solicitada para o CISAS:<\/span><\/p>\n<ul>\n<li><a href=\"https:\/\/www.dctaufpel.com.br\/ppgcta\/\"><span style=\"font-weight: 400; font-family: arial, helvetica, sans-serif; font-size: 12pt;\">Programa de P\u00f3s Gradua\u00e7\u00e3o em Ci\u00eancia e Tecnologia de Alimentos.<\/span><\/a><\/li>\n<li><a href=\"https:\/\/wp.ufpel.edu.br\/ppgna\/\"><span style=\"font-weight: 400; font-family: arial, helvetica, sans-serif; font-size: 12pt;\">Programa de P\u00f3s Gradua\u00e7\u00e3o em Nutri\u00e7\u00e3o e Alimentos.<\/span><\/a><\/li>\n<li><a href=\"https:\/\/wp.ufpel.edu.br\/ppgveterinaria\/pt\/\"><span style=\"font-weight: 400; font-family: arial, helvetica, sans-serif; font-size: 12pt;\">Programa de P\u00f3s Gradua\u00e7\u00e3o em Veterin\u00e1ria.<\/span><\/a><\/li>\n<li><a href=\"https:\/\/wp.ufpel.edu.br\/ppgbbio\/pt\/\"><span style=\"font-weight: 400; font-family: arial, helvetica, sans-serif; font-size: 12pt;\">Programa de P\u00f3s-Gradua\u00e7\u00e3o em Bioqu\u00edmica e Bioprospec\u00e7\u00e3o.<\/span><\/a><\/li>\n<li><a href=\"https:\/\/wp.ufpel.edu.br\/ppgmcf\/\"><span style=\"font-family: arial, helvetica, sans-serif; font-size: 12pt;\"><span style=\"font-weight: 400;\">Programa de P\u00f3s-Gradua\u00e7\u00e3o <\/span><span style=\"font-weight: 400;\">Multic\u00eantrico em Ci\u00eancias Fisiol\u00f3gicas.<\/span><\/span><\/a><\/li>\n<li style=\"font-weight: 400;\" aria-level=\"1\"><a href=\"https:\/\/wp.ufpel.edu.br\/ppgz\/\"><span style=\"font-family: arial, helvetica, sans-serif; font-size: 12pt;\"><span style=\"font-weight: 400;\">Programa de P\u00f3s-Gradua\u00e7\u00e3o em <\/span><span style=\"font-weight: 400;\">Zootecnia.<\/span><\/span><\/a><\/li>\n<li style=\"font-weight: 400;\" aria-level=\"1\"><a href=\"https:\/\/wp.ufpel.edu.br\/ppgq\/pt\/index\/\"><span style=\"font-weight: 400; font-family: arial, helvetica, sans-serif; font-size: 12pt;\">Programa de P\u00f3s-Gradua\u00e7\u00e3o em Qu\u00edmica.<\/span><\/a><\/li>\n<li style=\"font-weight: 400;\" aria-level=\"1\"><a href=\"https:\/\/wp.ufpel.edu.br\/spaf\/\"><span style=\"font-weight: 400; font-family: arial, helvetica, sans-serif; font-size: 12pt;\">Programa de P\u00f3s-Gradua\u00e7\u00e3o em Sistemas de Produ\u00e7\u00e3o Agr\u00edcola e Familiar.<\/span><\/a><\/li>\n<li style=\"font-weight: 400;\" aria-level=\"1\"><a href=\"https:\/\/wp.ufpel.edu.br\/ppgmpar\/\"><span style=\"font-weight: 400; font-family: arial, helvetica, sans-serif; font-size: 12pt;\">Programa de P\u00f3s-Gradua\u00e7\u00e3o em Microbiologia e Parasitologia.<\/span><\/a><\/li>\n<li style=\"font-weight: 400;\" aria-level=\"1\"><a href=\"https:\/\/ppgfsufpel.com.br\/\"><span style=\"font-weight: 400; font-family: arial, helvetica, sans-serif; font-size: 12pt;\">Programa de P\u00f3s-Gradua\u00e7\u00e3o em Fitossanidade.<\/span><\/a><\/li>\n<li style=\"font-weight: 400;\" aria-level=\"1\"><a href=\"https:\/\/wp.ufpel.edu.br\/ppgcts\/\"><span style=\"font-weight: 400; font-family: arial, helvetica, sans-serif; font-size: 12pt;\">Programa de P\u00f3s-Gradua\u00e7\u00e3o em Sementes.<\/span><\/a><\/li>\n<li style=\"font-weight: 400;\" aria-level=\"1\"><a href=\"https:\/\/wp.ufpel.edu.br\/ppgmacsa\/\"><span style=\"font-weight: 400; font-family: arial, helvetica, sans-serif; font-size: 12pt;\">Programa de P\u00f3s-Gradua\u00e7\u00e3o em Manejo e Conserva\u00e7\u00e3o do Solo e da \u00c1gua.<\/span><\/a><\/li>\n<li style=\"font-weight: 400;\" aria-level=\"1\"><a href=\"https:\/\/wp.ufpel.edu.br\/ppgbiotec\/\"><span style=\"font-weight: 400; font-family: arial, helvetica, sans-serif; font-size: 12pt;\">Programa de P\u00f3s-Gradua\u00e7\u00e3o em Biotecnologia.<\/span><\/a><\/li>\n<li style=\"font-weight: 400;\" aria-level=\"1\"><a href=\"https:\/\/wp.ufpel.edu.br\/fisiologiavegetal\/\"><span style=\"font-weight: 400; font-family: arial, helvetica, sans-serif; font-size: 12pt;\">Programa de P\u00f3s-Gradua\u00e7\u00e3o em Fisiologia Vegetal.<\/span><\/a><\/li>\n<li style=\"font-weight: 400;\" aria-level=\"1\"><a href=\"https:\/\/wp.ufpel.edu.br\/ppgdtsa\/pt\/\"><span style=\"font-weight: 400; font-family: arial, helvetica, sans-serif; font-size: 12pt;\">Programa de P\u00f3s-Gradua\u00e7\u00e3o em Desenvolvimento Territorial e Sistemas Agroindustriais.<\/span><\/a><\/li>\n<li style=\"font-weight: 400;\" aria-level=\"1\"><a href=\"https:\/\/wp.ufpel.edu.br\/ppgbdiv\/\"><span style=\"font-weight: 400; font-family: arial, helvetica, sans-serif; font-size: 12pt;\">Programa de P\u00f3s-Gradua\u00e7\u00e3o em Biodiversidade.<\/span><\/a><\/li>\n<li style=\"font-weight: 400;\" aria-level=\"1\"><span style=\"font-weight: 400; font-family: arial, helvetica, sans-serif; font-size: 12pt;\"><a href=\"https:\/\/wp.ufpel.edu.br\/ppgcem\/pt\/\">Programa de P\u00f3s-Gradua\u00e7\u00e3o em Ci\u00eancia e Engenharia de Materiais.<\/a>\u00a0<\/span><\/li>\n<li style=\"font-weight: 400;\" aria-level=\"1\"><a href=\"https:\/\/wp.ufpel.edu.br\/ppgo\/\"><span style=\"font-weight: 400; font-family: arial, helvetica, sans-serif; font-size: 12pt;\">Programa de P\u00f3s-Gradua\u00e7\u00e3o em Odontologia.<\/span><\/a><\/li>\n<li style=\"font-weight: 400;\" aria-level=\"1\"><a href=\"https:\/\/wp.ufpel.edu.br\/ppga\/\"><span style=\"font-weight: 400; font-family: arial, helvetica, sans-serif; font-size: 12pt;\">Programa de P\u00f3s-Gradua\u00e7\u00e3o em Agronomia.<\/span><\/a><\/li>\n<li style=\"font-weight: 400;\" aria-level=\"1\"><a href=\"https:\/\/wp.ufpel.edu.br\/pgfisica\/\"><span style=\"font-weight: 400; font-family: arial, helvetica, sans-serif; font-size: 12pt;\">Programa de P\u00f3s-Gradua\u00e7\u00e3o em F\u00edsica.<\/span><\/a><\/li>\n<li style=\"font-weight: 400;\" aria-level=\"1\"><a href=\"https:\/\/wp.ufpel.edu.br\/ppgmmat\/\"><span style=\"font-weight: 400; font-family: arial, helvetica, sans-serif; font-size: 12pt;\">Programa de P\u00f3s Gradua\u00e7\u00e3o em Modelagem Matem\u00e1tica.<\/span><\/a><\/li>\n<li style=\"font-weight: 400;\" aria-level=\"1\"><a href=\"https:\/\/wp.ufpel.edu.br\/ppgmet\/\"><span style=\"font-weight: 400; font-family: arial, helvetica, sans-serif; font-size: 12pt;\">Programa de P\u00f3s-Gradua\u00e7\u00e3o em Meteorologia.<\/span><\/a><\/li>\n<\/ul>\n","protected":false},"excerpt":{"rendered":"<p>Lista dos principais programas de p\u00f3s-gradua\u00e7\u00e3o que ser\u00e3o diretamente beneficiados pela infraestrutura solicitada para o CISAS: Programa de P\u00f3s Gradua\u00e7\u00e3o em Ci\u00eancia e Tecnologia de Alimentos. Programa de P\u00f3s Gradua\u00e7\u00e3o em Nutri\u00e7\u00e3o e Alimentos. Programa de P\u00f3s Gradua\u00e7\u00e3o em Veterin\u00e1ria. Programa de P\u00f3s-Gradua\u00e7\u00e3o em Bioqu\u00edmica e Bioprospec\u00e7\u00e3o. Programa de P\u00f3s-Gradua\u00e7\u00e3o Multic\u00eantrico em Ci\u00eancias Fisiol\u00f3gicas. Programa [&hellip;]<\/p>\n","protected":false},"author":1112,"featured_media":0,"parent":0,"menu_order":0,"comment_status":"closed","ping_status":"closed","template":"","meta":{"footnotes":""},"class_list":["post-8","page","type-page","status-publish","hentry"],"_links":{"self":[{"href":"https:\/\/wp.ufpel.edu.br\/cisas\/wp-json\/wp\/v2\/pages\/8","targetHints":{"allow":["GET"]}}],"collection":[{"href":"https:\/\/wp.ufpel.edu.br\/cisas\/wp-json\/wp\/v2\/pages"}],"about":[{"href":"https:\/\/wp.ufpel.edu.br\/cisas\/wp-json\/wp\/v2\/types\/page"}],"author":[{"embeddable":true,"href":"https:\/\/wp.ufpel.edu.br\/cisas\/wp-json\/wp\/v2\/users\/1112"}],"replies":[{"embeddable":true,"href":"https:\/\/wp.ufpel.edu.br\/cisas\/wp-json\/wp\/v2\/comments?post=8"}],"version-history":[{"count":7,"href":"https:\/\/wp.ufpel.edu.br\/cisas\/wp-json\/wp\/v2\/pages\/8\/revisions"}],"predecessor-version":[{"id":205,"href":"https:\/\/wp.ufpel.edu.br\/cisas\/wp-json\/wp\/v2\/pages\/8\/revisions\/205"}],"wp:attachment":[{"href":"https:\/\/wp.ufpel.edu.br\/cisas\/wp-json\/wp\/v2\/media?parent=8"}],"curies":[{"name":"wp","href":"https:\/\/api.w.org\/{rel}","templated":true}]}}