{"id":72,"date":"2023-08-24T14:02:40","date_gmt":"2023-08-24T17:02:40","guid":{"rendered":"https:\/\/wp.ufpel.edu.br\/cisas\/?page_id=72"},"modified":"2025-04-16T15:38:33","modified_gmt":"2025-04-16T18:38:33","slug":"laboratorio-de-producao-de-nitrogenio-liquido","status":"publish","type":"page","link":"https:\/\/wp.ufpel.edu.br\/cisas\/laboratorios-e-equipamentos\/laboratorio-de-producao-de-nitrogenio-liquido\/","title":{"rendered":"Laborat\u00f3rio de Produ\u00e7\u00e3o de Nitrog\u00eanio L\u00edquido"},"content":{"rendered":"<div style=\"text-align: justify;\"><span style=\"font-family: arial, helvetica, sans-serif; font-size: 12pt;\">A produ\u00e7\u00e3o de nitrog\u00eanio l\u00edquido atende os Cursos de gradua\u00e7\u00e3o e P\u00f3s gradua\u00e7\u00e3o da UFPel, nas mais diversas \u00e1reas da Pesquisa. A liquefatora de nitrog\u00eanio l\u00edquido est\u00e1 produzindo e distribuindo desde 16\/05\/2019 aos usu\u00e1rios, em seis meses de opera\u00e7\u00e3o a UFPel j\u00e1 economizou mais de R$ 45.000,00 e distribuiu mais de 5.500 Litros.<\/span><\/div>\n<div><\/div>\n<div><\/div>\n<p><span style=\"font-family: arial, helvetica, sans-serif; font-size: 12pt;\"><strong>Equipamentos:<\/strong><\/span><\/p>\n<div><\/div>\n<ul>\n<li><a href=\"https:\/\/docs.google.com\/spreadsheets\/d\/1lnu_fTKOsFlYgGqkOS-s7PGvLZ5lmsGWT11AHx7PkzA\/edit?gid=1809800752#gid=1809800752\"><strong><span style=\"font-family: arial, helvetica, sans-serif; font-size: 12pt;\">Liquefatora de Nitrog\u00eanio L\u00edquido<\/span><\/strong><\/a><\/li>\n<\/ul>\n<p><span style=\"font-size: 12pt; font-family: arial, helvetica, sans-serif;\">Por motivos de adapta\u00e7\u00e3o dos espa\u00e7os f\u00edsicos, esse equipamento est\u00e1 instalado temporariamente no <em><a href=\"https:\/\/wp.ufpel.edu.br\/nitrogenioliquido\/?page_id=2\">Laborat\u00f3rio de Criogenia<\/a><\/em><\/span><\/p>\n<div><\/div>\n<div><em><span style=\"font-family: arial, helvetica, sans-serif; font-size: 12pt;\">Para cadastrar-se como usu\u00e1rio, entre em contato conosco atrav\u00e9s do e-mail ou WhatsApp disponibilizados abaixo, deve ser informado:<\/span><\/em><\/div>\n<ul>\n<li><span style=\"font-family: arial, helvetica, sans-serif; font-size: 12pt;\">Dados da unidade solicitante;<\/span><\/li>\n<li><span style=\"font-family: arial, helvetica, sans-serif; font-size: 12pt;\">Servidor respons\u00e1vel pela retirada;<\/span><\/li>\n<li><span style=\"font-family: arial, helvetica, sans-serif; font-size: 12pt;\">Telefone, de prefer\u00eancia com WhatsApp, e um E-mail para agendamentos e notifica\u00e7\u00f5es;<\/span><\/li>\n<li><span style=\"font-family: arial, helvetica, sans-serif; font-size: 12pt;\">Estimativa da quantidade de nitrog\u00eanio l\u00edquido, em m\u00e9dia, necess\u00e1ria para sua demanda;<\/span><\/li>\n<li><span style=\"font-family: arial, helvetica, sans-serif; font-size: 12pt;\">Estimativa da periodicidade de retirada, semanal, quinzenal ou mensal.<\/span><\/li>\n<\/ul>\n<p><span style=\"font-family: arial, helvetica, sans-serif; font-size: 12pt;\"><strong>E-mail:<\/strong>\u00a0<a href=\"mailto:lab.fis.ufpel@gmail.com\" target=\"_blank\" rel=\"noopener\">lab.fis.ufpel@gmail.com<\/a><\/span><\/p>\n<div><span style=\"font-family: arial, helvetica, sans-serif; font-size: 12pt;\"><strong>WhatsApp:<\/strong> (53) 98100-9190<\/span><\/div>\n","protected":false},"excerpt":{"rendered":"<p>A produ\u00e7\u00e3o de nitrog\u00eanio l\u00edquido atende os Cursos de gradua\u00e7\u00e3o e P\u00f3s gradua\u00e7\u00e3o da UFPel, nas mais diversas \u00e1reas da Pesquisa. A liquefatora de nitrog\u00eanio l\u00edquido est\u00e1 produzindo e distribuindo desde 16\/05\/2019 aos usu\u00e1rios, em seis meses de opera\u00e7\u00e3o a UFPel j\u00e1 economizou mais de R$ 45.000,00 e distribuiu mais de 5.500 Litros. Equipamentos: Liquefatora [&hellip;]<\/p>\n","protected":false},"author":1112,"featured_media":0,"parent":39,"menu_order":0,"comment_status":"closed","ping_status":"closed","template":"","meta":{"footnotes":""},"class_list":["post-72","page","type-page","status-publish","hentry"],"_links":{"self":[{"href":"https:\/\/wp.ufpel.edu.br\/cisas\/wp-json\/wp\/v2\/pages\/72","targetHints":{"allow":["GET"]}}],"collection":[{"href":"https:\/\/wp.ufpel.edu.br\/cisas\/wp-json\/wp\/v2\/pages"}],"about":[{"href":"https:\/\/wp.ufpel.edu.br\/cisas\/wp-json\/wp\/v2\/types\/page"}],"author":[{"embeddable":true,"href":"https:\/\/wp.ufpel.edu.br\/cisas\/wp-json\/wp\/v2\/users\/1112"}],"replies":[{"embeddable":true,"href":"https:\/\/wp.ufpel.edu.br\/cisas\/wp-json\/wp\/v2\/comments?post=72"}],"version-history":[{"count":14,"href":"https:\/\/wp.ufpel.edu.br\/cisas\/wp-json\/wp\/v2\/pages\/72\/revisions"}],"predecessor-version":[{"id":204,"href":"https:\/\/wp.ufpel.edu.br\/cisas\/wp-json\/wp\/v2\/pages\/72\/revisions\/204"}],"up":[{"embeddable":true,"href":"https:\/\/wp.ufpel.edu.br\/cisas\/wp-json\/wp\/v2\/pages\/39"}],"wp:attachment":[{"href":"https:\/\/wp.ufpel.edu.br\/cisas\/wp-json\/wp\/v2\/media?parent=72"}],"curies":[{"name":"wp","href":"https:\/\/api.w.org\/{rel}","templated":true}]}}