{"id":63,"date":"2023-08-24T14:01:45","date_gmt":"2023-08-24T17:01:45","guid":{"rendered":"https:\/\/wp.ufpel.edu.br\/cisas\/?page_id=63"},"modified":"2025-04-10T09:52:50","modified_gmt":"2025-04-10T12:52:50","slug":"laboratorio-de-computacao-cientifica-e-processamento-de-pelotas","status":"publish","type":"page","link":"https:\/\/wp.ufpel.edu.br\/cisas\/laboratorios-e-equipamentos\/laboratorio-de-computacao-cientifica-e-processamento-de-pelotas\/","title":{"rendered":"Laborat\u00f3rio de Computa\u00e7\u00e3o Cient\u00edfica"},"content":{"rendered":"<p>Realizar c\u00e1lculos e simula\u00e7\u00f5es envolvendo previs\u00e3o clim\u00e1tica, desenvolvimento e aplica\u00e7\u00e3o de nanomateriais para a produ\u00e7\u00e3o de alimentos sustent\u00e1veis, desenvolvimento de novos f\u00e1rmacos, cultivares, aditivos a partir de simula\u00e7\u00f5es moleculares<\/p>\n","protected":false},"excerpt":{"rendered":"<p>Realizar c\u00e1lculos e simula\u00e7\u00f5es envolvendo previs\u00e3o clim\u00e1tica, desenvolvimento e aplica\u00e7\u00e3o de nanomateriais para a produ\u00e7\u00e3o de alimentos sustent\u00e1veis, desenvolvimento de novos f\u00e1rmacos, cultivares, aditivos a partir de simula\u00e7\u00f5es moleculares<\/p>\n","protected":false},"author":1112,"featured_media":0,"parent":39,"menu_order":0,"comment_status":"closed","ping_status":"closed","template":"","meta":{"footnotes":""},"class_list":["post-63","page","type-page","status-publish","hentry"],"_links":{"self":[{"href":"https:\/\/wp.ufpel.edu.br\/cisas\/wp-json\/wp\/v2\/pages\/63","targetHints":{"allow":["GET"]}}],"collection":[{"href":"https:\/\/wp.ufpel.edu.br\/cisas\/wp-json\/wp\/v2\/pages"}],"about":[{"href":"https:\/\/wp.ufpel.edu.br\/cisas\/wp-json\/wp\/v2\/types\/page"}],"author":[{"embeddable":true,"href":"https:\/\/wp.ufpel.edu.br\/cisas\/wp-json\/wp\/v2\/users\/1112"}],"replies":[{"embeddable":true,"href":"https:\/\/wp.ufpel.edu.br\/cisas\/wp-json\/wp\/v2\/comments?post=63"}],"version-history":[{"count":3,"href":"https:\/\/wp.ufpel.edu.br\/cisas\/wp-json\/wp\/v2\/pages\/63\/revisions"}],"predecessor-version":[{"id":201,"href":"https:\/\/wp.ufpel.edu.br\/cisas\/wp-json\/wp\/v2\/pages\/63\/revisions\/201"}],"up":[{"embeddable":true,"href":"https:\/\/wp.ufpel.edu.br\/cisas\/wp-json\/wp\/v2\/pages\/39"}],"wp:attachment":[{"href":"https:\/\/wp.ufpel.edu.br\/cisas\/wp-json\/wp\/v2\/media?parent=63"}],"curies":[{"name":"wp","href":"https:\/\/api.w.org\/{rel}","templated":true}]}}