{"id":59,"date":"2023-08-24T14:01:09","date_gmt":"2023-08-24T17:01:09","guid":{"rendered":"https:\/\/wp.ufpel.edu.br\/cisas\/?page_id=59"},"modified":"2025-04-10T09:47:39","modified_gmt":"2025-04-10T12:47:39","slug":"laboratorio-de-ultracongelamento-e-armazenamento-de-amostras","status":"publish","type":"page","link":"https:\/\/wp.ufpel.edu.br\/cisas\/laboratorios-e-equipamentos\/laboratorio-de-ultracongelamento-e-armazenamento-de-amostras\/","title":{"rendered":"Laborat\u00f3rio de Ultracongelamento e Armazenamento de Amostras"},"content":{"rendered":"<p>Finalidade: Este laborat\u00f3rio tem como finalidade processar (secagem em Liofilizador e moagem) e armazenar\u00a0 amostras (em c\u00e2maras clim\u00e1ticas e ultrafreezers) em condi\u00e7\u00f5es espec\u00edficas necess\u00e1rias para a realiza\u00e7\u00e3o de v\u00e1rias an\u00e1lises do CISAS.<\/p>\n<p><em>\u00a0<\/em><\/p>\n","protected":false},"excerpt":{"rendered":"<p>Finalidade: Este laborat\u00f3rio tem como finalidade processar (secagem em Liofilizador e moagem) e armazenar\u00a0 amostras (em c\u00e2maras clim\u00e1ticas e ultrafreezers) em condi\u00e7\u00f5es espec\u00edficas necess\u00e1rias para a realiza\u00e7\u00e3o de v\u00e1rias an\u00e1lises do CISAS. \u00a0<\/p>\n","protected":false},"author":1112,"featured_media":0,"parent":39,"menu_order":0,"comment_status":"closed","ping_status":"closed","template":"","meta":{"footnotes":""},"class_list":["post-59","page","type-page","status-publish","hentry"],"_links":{"self":[{"href":"https:\/\/wp.ufpel.edu.br\/cisas\/wp-json\/wp\/v2\/pages\/59","targetHints":{"allow":["GET"]}}],"collection":[{"href":"https:\/\/wp.ufpel.edu.br\/cisas\/wp-json\/wp\/v2\/pages"}],"about":[{"href":"https:\/\/wp.ufpel.edu.br\/cisas\/wp-json\/wp\/v2\/types\/page"}],"author":[{"embeddable":true,"href":"https:\/\/wp.ufpel.edu.br\/cisas\/wp-json\/wp\/v2\/users\/1112"}],"replies":[{"embeddable":true,"href":"https:\/\/wp.ufpel.edu.br\/cisas\/wp-json\/wp\/v2\/comments?post=59"}],"version-history":[{"count":2,"href":"https:\/\/wp.ufpel.edu.br\/cisas\/wp-json\/wp\/v2\/pages\/59\/revisions"}],"predecessor-version":[{"id":89,"href":"https:\/\/wp.ufpel.edu.br\/cisas\/wp-json\/wp\/v2\/pages\/59\/revisions\/89"}],"up":[{"embeddable":true,"href":"https:\/\/wp.ufpel.edu.br\/cisas\/wp-json\/wp\/v2\/pages\/39"}],"wp:attachment":[{"href":"https:\/\/wp.ufpel.edu.br\/cisas\/wp-json\/wp\/v2\/media?parent=59"}],"curies":[{"name":"wp","href":"https:\/\/api.w.org\/{rel}","templated":true}]}}