{"id":39,"date":"2023-08-16T23:04:27","date_gmt":"2023-08-17T02:04:27","guid":{"rendered":"https:\/\/wp.ufpel.edu.br\/cisas\/?page_id=39"},"modified":"2025-04-10T09:49:50","modified_gmt":"2025-04-10T12:49:50","slug":"laboratorios-e-equipamentos","status":"publish","type":"page","link":"https:\/\/wp.ufpel.edu.br\/cisas\/laboratorios-e-equipamentos\/","title":{"rendered":"Laborat\u00f3rios e Equipamentos"},"content":{"rendered":"<p><span style=\"font-family: arial, helvetica, sans-serif; font-size: 12pt;\">O CISAS \u00e9 composto por oito (8) laborat\u00f3rios Multiusu\u00e1rios, cujas descri\u00e7\u00f5es e equipamentos podem ser obtidos a seguir:<\/span><\/p>\n<ul>\n<li><span style=\"font-family: arial, helvetica, sans-serif; font-size: 12pt;\"><a href=\"https:\/\/wp.ufpel.edu.br\/cisas\/laboratorios-e-equipamentos\/bionano\/\"><strong>Laborat\u00f3rio de Biopol\u00edmeros e Nanotecnologia de Alimentos<\/strong><\/a><\/span><\/li>\n<li><span style=\"font-family: arial, helvetica, sans-serif; font-size: 12pt;\"><a href=\"https:\/\/wp.ufpel.edu.br\/cisas\/laboratorios-e-equipamentos\/laboratorio-de-ultracongelamento-e-armazenamento-de-amostras\/\"><strong>Laborat\u00f3rio de Ultracongelamento e Armazenamento de Amostras<\/strong><\/a><\/span><\/li>\n<li><span style=\"font-family: arial, helvetica, sans-serif; font-size: 12pt;\"><a href=\"https:\/\/wp.ufpel.edu.br\/cisas\/laboratorios-e-equipamentos\/laboratorio-de-tecnologias-avancadas-em-ensaios-quimicos-e-biologicos\/\"><strong> Laborat\u00f3rio de Tecnologias Avan\u00e7adas em ensaios qu\u00edmicos e biol\u00f3gicos<\/strong><\/a><\/span><\/li>\n<li><span style=\"font-family: arial, helvetica, sans-serif; font-size: 12pt;\"><a href=\"https:\/\/wp.ufpel.edu.br\/cisas\/laboratorios-e-equipamentos\/laboratorio-de-computacao-cientifica-e-processamento-de-pelotas\/\"><strong> Laborat\u00f3rio de Computa\u00e7\u00e3o Cient\u00edfica e Processamento de Pelotas<\/strong><\/a><\/span><\/li>\n<li><span style=\"font-family: arial, helvetica, sans-serif; font-size: 12pt;\"><a href=\"https:\/\/wp.ufpel.edu.br\/cisas\/laboratorios-e-equipamentos\/laboratorio-de-bioinsumos-bioprodutos-e-prototipos\/\"><strong>Laborat\u00f3rio de Bioinsumos, Bioprodutos e Prot\u00f3tipos<\/strong><\/a><\/span><\/li>\n<li><span style=\"font-family: arial, helvetica, sans-serif; font-size: 12pt;\"><a href=\"https:\/\/wp.ufpel.edu.br\/cisas\/laboratorios-e-equipamentos\/laboratorio-de-preparacao-e-extracao\/\"><strong> Laborat\u00f3rio de Pr\u00e9-Tratamento, Prepara\u00e7\u00e3o e Extra\u00e7\u00e3o<\/strong><\/a><\/span><\/li>\n<li><span style=\"font-family: arial, helvetica, sans-serif; font-size: 12pt;\"><a href=\"https:\/\/wp.ufpel.edu.br\/cisas\/laboratorios-e-equipamentos\/laboratorio-de-producao-de-nitrogenio-liquido\/\"><strong> Laborat\u00f3rio de Produ\u00e7\u00e3o de Nitrog\u00eanio L\u00edquido<\/strong><\/a><\/span><\/li>\n<li><span style=\"font-family: arial, helvetica, sans-serif; font-size: 12pt;\"><a href=\"https:\/\/wp.ufpel.edu.br\/cisas\/laboratorio-de-biologia-molecular-agroalimentar-avancada\/\"><strong>Laborat\u00f3rio de Biologia Molecular Agroalimentar Avan\u00e7ada<\/strong><\/a><\/span><\/li>\n<\/ul>\n<p>&nbsp;<\/p>\n<p><span style=\"font-family: arial, helvetica, sans-serif; font-size: 12pt;\">Al\u00e9m destes, os seguintes Laborat\u00f3rios cadastrados na Plataforma Nacional de Infraestrutura de Pesquisa MCTI (PNIPE) est\u00e3o relacionados do Centro:<\/span><\/p>\n<table style=\"height: 288px; width: 885px;\">\n<tbody>\n<tr style=\"height: 24px;\">\n<td style=\"height: 24px; width: 885px;\"><span style=\"font-family: arial, helvetica, sans-serif; font-size: 12pt;\"><a href=\"https:\/\/pnipe.mcti.gov.br\/laboratory\/8607\">Laborat\u00f3rio de Nutri\u00e7\u00e3o Animal<\/a><\/span><\/td>\n<\/tr>\n<tr style=\"height: 24px;\">\n<td style=\"height: 24px; width: 885px;\"><span style=\"font-family: arial, helvetica, sans-serif; font-size: 12pt;\"><a href=\"https:\/\/pnipe.mcti.gov.br\/laboratory\/2980\">Central Anal\u00edtica da UFPel (CA-UFPel)<\/a><\/span><\/td>\n<\/tr>\n<tr style=\"height: 24px;\">\n<td style=\"height: 24px; width: 885px;\"><span style=\"font-family: arial, helvetica, sans-serif; font-size: 12pt;\"><a href=\"https:\/\/pnipe.mcti.gov.br\/laboratory\/4792\">LAB-Equinos &#8211; Laborat\u00f3rio da Cl\u00ednica M\u00e9dica de Equinos &#8211; UFPel<\/a><\/span><\/td>\n<\/tr>\n<tr style=\"height: 24px;\">\n<td style=\"height: 24px; width: 885px;\"><span style=\"font-family: arial, helvetica, sans-serif; font-size: 12pt;\"><a href=\"https:\/\/pnipe.mcti.gov.br\/laboratory\/5797\">Lab_Agrotec &#8211; Laborat\u00f3rio de Agrotecnologia<\/a><\/span><\/td>\n<\/tr>\n<tr style=\"height: 24px;\">\n<td style=\"height: 24px; width: 885px;\"><span style=\"font-family: arial, helvetica, sans-serif; font-size: 12pt;\"><a href=\"https:\/\/pnipe.mcti.gov.br\/laboratory\/6056\">LaBMol-Vet &#8211; Laborat\u00f3rio de Biologia Molecular Veterin\u00e1ria<\/a><\/span><\/td>\n<\/tr>\n<tr style=\"height: 24px;\">\n<td style=\"height: 24px; width: 885px;\"><span style=\"font-family: arial, helvetica, sans-serif; font-size: 12pt;\"><a href=\"https:\/\/pnipe.mcti.gov.br\/laboratory\/4142\">LabMS &#8211; Laborat\u00f3rio de Metabolismos Secund\u00e1rio<\/a><\/span><\/td>\n<\/tr>\n<tr style=\"height: 24px;\">\n<td style=\"height: 24px; width: 885px;\"><span style=\"font-family: arial, helvetica, sans-serif; font-size: 12pt;\"><a href=\"https:\/\/pnipe.mcti.gov.br\/laboratory\/6033\">LabDin\u00e2mica &#8211; Laborat\u00f3rio de Din\u00e2mica de Pesticidas<\/a><\/span><\/td>\n<\/tr>\n<tr style=\"height: 24px;\">\n<td style=\"height: 24px; width: 885px;\"><span style=\"font-family: arial, helvetica, sans-serif; font-size: 12pt;\"><a href=\"https:\/\/pnipe.mcti.gov.br\/laboratory\/3021\">Lacem-UFPel &#8211; Laborat\u00f3rio de Cromatografia e Espectrometria de massas<\/a><\/span><\/td>\n<\/tr>\n<tr style=\"height: 24px;\">\n<td style=\"height: 24px; width: 885px;\"><span style=\"font-family: arial, helvetica, sans-serif; font-size: 12pt;\"><a href=\"https:\/\/pnipe.mcti.gov.br\/laboratory\/4793\">BioNano &#8211; Laborat\u00f3rio de Biopol\u00edmeros e Nanotecnologia em Alimentos<\/a><\/span><\/td>\n<\/tr>\n<tr style=\"height: 24px;\">\n<td style=\"height: 24px; width: 885px;\"><span style=\"font-family: arial, helvetica, sans-serif; font-size: 12pt;\"><a href=\"https:\/\/pnipe.mcti.gov.br\/laboratory\/4655\">Labvir- &#8211; Laborat\u00f3rio de Virologia e Imunologia<\/a><\/span><\/td>\n<\/tr>\n<tr style=\"height: 24px;\">\n<td style=\"height: 24px; width: 885px;\"><span style=\"font-family: arial, helvetica, sans-serif; font-size: 12pt;\"><a href=\"https:\/\/pnipe.mcti.gov.br\/laboratory\/13028\">Lab. Vac. &#8211; Laborat\u00f3rio de Vacinologia<\/a><\/span><\/td>\n<\/tr>\n<tr style=\"height: 24px;\">\n<td style=\"height: 24px; width: 885px;\"><span style=\"font-family: arial, helvetica, sans-serif; font-size: 12pt;\"><a href=\"https:\/\/pnipe.mcti.gov.br\/laboratory\/4516\">Lab. Andrologia Animal<\/a><\/span><\/td>\n<\/tr>\n<\/tbody>\n<\/table>\n<p>&nbsp;<\/p>\n","protected":false},"excerpt":{"rendered":"<p>O CISAS \u00e9 composto por oito (8) laborat\u00f3rios Multiusu\u00e1rios, cujas descri\u00e7\u00f5es e equipamentos podem ser obtidos a seguir: Laborat\u00f3rio de Biopol\u00edmeros e Nanotecnologia de Alimentos Laborat\u00f3rio de Ultracongelamento e Armazenamento de Amostras Laborat\u00f3rio de Tecnologias Avan\u00e7adas em ensaios qu\u00edmicos e biol\u00f3gicos Laborat\u00f3rio de Computa\u00e7\u00e3o Cient\u00edfica e Processamento de Pelotas Laborat\u00f3rio de Bioinsumos, Bioprodutos e Prot\u00f3tipos [&hellip;]<\/p>\n","protected":false},"author":1112,"featured_media":0,"parent":0,"menu_order":0,"comment_status":"closed","ping_status":"closed","template":"","meta":{"footnotes":""},"class_list":["post-39","page","type-page","status-publish","hentry"],"_links":{"self":[{"href":"https:\/\/wp.ufpel.edu.br\/cisas\/wp-json\/wp\/v2\/pages\/39","targetHints":{"allow":["GET"]}}],"collection":[{"href":"https:\/\/wp.ufpel.edu.br\/cisas\/wp-json\/wp\/v2\/pages"}],"about":[{"href":"https:\/\/wp.ufpel.edu.br\/cisas\/wp-json\/wp\/v2\/types\/page"}],"author":[{"embeddable":true,"href":"https:\/\/wp.ufpel.edu.br\/cisas\/wp-json\/wp\/v2\/users\/1112"}],"replies":[{"embeddable":true,"href":"https:\/\/wp.ufpel.edu.br\/cisas\/wp-json\/wp\/v2\/comments?post=39"}],"version-history":[{"count":12,"href":"https:\/\/wp.ufpel.edu.br\/cisas\/wp-json\/wp\/v2\/pages\/39\/revisions"}],"predecessor-version":[{"id":197,"href":"https:\/\/wp.ufpel.edu.br\/cisas\/wp-json\/wp\/v2\/pages\/39\/revisions\/197"}],"wp:attachment":[{"href":"https:\/\/wp.ufpel.edu.br\/cisas\/wp-json\/wp\/v2\/media?parent=39"}],"curies":[{"name":"wp","href":"https:\/\/api.w.org\/{rel}","templated":true}]}}