{"id":33,"date":"2023-08-16T23:02:18","date_gmt":"2023-08-17T02:02:18","guid":{"rendered":"https:\/\/wp.ufpel.edu.br\/cisas\/?page_id=33"},"modified":"2025-05-26T16:33:33","modified_gmt":"2025-05-26T19:33:33","slug":"comite-gestor","status":"publish","type":"page","link":"https:\/\/wp.ufpel.edu.br\/cisas\/comite-gestor\/","title":{"rendered":"Comit\u00ea Gestor"},"content":{"rendered":"<p>O Comit\u00ea Gestor do CISAS \u00e9 constitu\u00eddo por:<\/p>\n<ul>\n<li><strong>Prof\u00aa. Dr\u00aa. Marcia Foster Mesko<\/strong><\/li>\n<\/ul>\n<p>Coordenadora de Pesquisa Institucional\/PRPPG<\/p>\n<p>Email: <em>marciamesko@yahoo.com.br<\/em><\/p>\n<ul>\n<li><strong>Prof\u00aa. Dr\u00aa. Elessandra da Rosa Zavareze<\/strong><\/li>\n<\/ul>\n<p>N\u00facleo de Planejamento de Infra-estrutura e Pesquisa\/PRPPG<\/p>\n<p>Email: <em>elessandrad@yahoo.com.br<\/em><\/p>\n<ul>\n<li><strong>Prof\u00aa. Dr\u00aa. Ros\u00e9lia Maria Spanevello<\/strong><\/li>\n<\/ul>\n<p>Programa de P\u00f3s-Gradua\u00e7\u00e3o em Bioqu\u00edmica e Bioprospec\u00e7\u00e3o<\/p>\n<p>Email: <em>rspanevello@gmail.com<\/em><\/p>\n<ul>\n<li><strong>Prof\u00aa. Dr\u00aa. Maur\u00edcio de Oliveira<\/strong><\/li>\n<\/ul>\n<p>EMBRAPII<\/p>\n<p>Email: <em>mauricio@labgraos.com.b<\/em>r<\/p>\n","protected":false},"excerpt":{"rendered":"<p>O Comit\u00ea Gestor do CISAS \u00e9 constitu\u00eddo por: Prof\u00aa. Dr\u00aa. Marcia Foster Mesko Coordenadora de Pesquisa Institucional\/PRPPG Email: marciamesko@yahoo.com.br Prof\u00aa. Dr\u00aa. Elessandra da Rosa Zavareze N\u00facleo de Planejamento de Infra-estrutura e Pesquisa\/PRPPG Email: elessandrad@yahoo.com.br Prof\u00aa. Dr\u00aa. Ros\u00e9lia Maria Spanevello Programa de P\u00f3s-Gradua\u00e7\u00e3o em Bioqu\u00edmica e Bioprospec\u00e7\u00e3o Email: rspanevello@gmail.com Prof\u00aa. Dr\u00aa. Maur\u00edcio de Oliveira EMBRAPII Email: [&hellip;]<\/p>\n","protected":false},"author":1112,"featured_media":0,"parent":0,"menu_order":0,"comment_status":"closed","ping_status":"closed","template":"","meta":{"footnotes":""},"class_list":["post-33","page","type-page","status-publish","hentry"],"_links":{"self":[{"href":"https:\/\/wp.ufpel.edu.br\/cisas\/wp-json\/wp\/v2\/pages\/33","targetHints":{"allow":["GET"]}}],"collection":[{"href":"https:\/\/wp.ufpel.edu.br\/cisas\/wp-json\/wp\/v2\/pages"}],"about":[{"href":"https:\/\/wp.ufpel.edu.br\/cisas\/wp-json\/wp\/v2\/types\/page"}],"author":[{"embeddable":true,"href":"https:\/\/wp.ufpel.edu.br\/cisas\/wp-json\/wp\/v2\/users\/1112"}],"replies":[{"embeddable":true,"href":"https:\/\/wp.ufpel.edu.br\/cisas\/wp-json\/wp\/v2\/comments?post=33"}],"version-history":[{"count":6,"href":"https:\/\/wp.ufpel.edu.br\/cisas\/wp-json\/wp\/v2\/pages\/33\/revisions"}],"predecessor-version":[{"id":215,"href":"https:\/\/wp.ufpel.edu.br\/cisas\/wp-json\/wp\/v2\/pages\/33\/revisions\/215"}],"wp:attachment":[{"href":"https:\/\/wp.ufpel.edu.br\/cisas\/wp-json\/wp\/v2\/media?parent=33"}],"curies":[{"name":"wp","href":"https:\/\/api.w.org\/{rel}","templated":true}]}}