{"id":29,"date":"2023-08-16T23:00:42","date_gmt":"2023-08-17T02:00:42","guid":{"rendered":"https:\/\/wp.ufpel.edu.br\/cisas\/?page_id=29"},"modified":"2025-04-10T09:49:25","modified_gmt":"2025-04-10T12:49:25","slug":"agendamento-de-uso-para-equipamentos","status":"publish","type":"page","link":"https:\/\/wp.ufpel.edu.br\/cisas\/agendamento-de-uso-para-equipamentos\/","title":{"rendered":"Agendamento de uso"},"content":{"rendered":"<ul>\n<li><a href=\"https:\/\/wp.ufpel.edu.br\/cisas\/laboratorios-e-equipamentos\/bionano\/\"><span style=\"color: #333333;\"><strong><span style=\"font-size: 12pt;\"><span style=\"font-family: arial, helvetica, sans-serif;\">Microsc\u00f3pio Confocal Raman<\/span><\/span><\/strong><\/span><\/a><\/li>\n<li><span style=\"color: #333333; font-family: arial, helvetica, sans-serif;\"><strong><span style=\"font-size: 12pt;\"><a style=\"color: #333333;\" href=\"https:\/\/wp.ufpel.edu.br\/bionano\/agendamento-de-equipamentos\/nanospider\/\">Nanospider<\/a><\/span><\/strong><\/span><\/li>\n<li><span style=\"color: #333333; font-family: arial, helvetica, sans-serif;\"><strong><span style=\"font-size: 12pt;\"><a style=\"color: #333333;\" href=\"https:\/\/wp.ufpel.edu.br\/bionano\/agendamento-de-equipamentos\/hplc-lab-709\/\">Cromat\u00f3grafo l\u00edquido com coletor de fra\u00e7\u00f5es &#8211; HPLC<\/a><\/span><\/strong><\/span><\/li>\n<li class=\"entry-title\"><span style=\"color: #333333; font-family: arial, helvetica, sans-serif;\"><strong><span style=\"font-size: 12pt;\"><a style=\"color: #333333;\" href=\"https:\/\/wp.ufpel.edu.br\/bionano\/agendamento-de-equipamentos\/liofilizador-bomba-a-seco-k820-industrial\/\">Liofilizador Bomba a Seco LP820 (Industrial)<\/a><\/span><\/strong><\/span><\/li>\n<li><span style=\"font-family: arial, helvetica, sans-serif;\"><a href=\"https:\/\/wp.ufpel.edu.br\/cisas\/laboratorios-e-equipamentos\/laboratorio-de-preparacao-e-extracao\/\"><span style=\"color: #333333;\"><strong><span style=\"font-size: 12pt;\">Reator em fluxo <\/span><\/strong><span style=\"font-size: 12pt;\">(<\/span><span style=\"font-size: 12pt;\"><em>Em processo de instala\u00e7\u00e3o<\/em>)<\/span><\/span><\/a><\/span><\/li>\n<li><span style=\"color: #333333; font-family: arial, helvetica, sans-serif;\"><a style=\"color: #333333;\" href=\"https:\/\/wp.ufpel.edu.br\/cisas\/laboratorios-e-equipamentos\/laboratorio-de-preparacao-e-extracao\/\"><strong><span style=\"font-size: 12pt;\">Ultracentr\u00edfuga refrigerada de ch\u00e3o<\/span><\/strong><\/a> <span style=\"font-size: 12pt;\">(<\/span><span style=\"font-size: 12pt;\"><em>Em processo de instala\u00e7\u00e3o<\/em>)<\/span><\/span><\/li>\n<li><span style=\"color: #333333; font-family: arial, helvetica, sans-serif;\"><a href=\"https:\/\/wp.ufpel.edu.br\/cisas\/laboratorios-e-equipamentos\/laboratorio-de-tecnologias-avancadas-em-ensaios-quimicos-e-biologicos\/\"><strong><span style=\"font-size: 12pt;\">Detector de massas <\/span><\/strong><\/a><span style=\"font-size: 12pt;\">(<\/span><span style=\"font-size: 12pt;\"><em><span style=\"color: #333333;\">Em process<\/span>o de instala\u00e7\u00e3o<\/em>)<\/span><\/span><\/li>\n<li><span style=\"color: #333333; font-family: arial, helvetica, sans-serif;\"><a href=\"https:\/\/wp.ufpel.edu.br\/cisas\/laboratorio-de-biologia-molecular-agroalimentar-avancada\/\"><strong><span style=\"font-size: 12pt;\">Cit\u00f4metro de fluxo <\/span><\/strong><\/a><span style=\"font-size: 12pt;\">(<\/span><span style=\"font-size: 12pt;\"><em>Em processo de instala\u00e7\u00e3o<\/em>)<\/span><\/span><\/li>\n<li><span style=\"color: #333333; font-family: arial, helvetica, sans-serif;\"><a href=\"https:\/\/wp.ufpel.edu.br\/cisas\/laboratorios-e-equipamentos\/laboratorio-de-preparacao-e-extracao\/\"><strong><span style=\"font-size: 12pt;\">Sistema modular de alta resolu\u00e7\u00e3o <\/span><\/strong><\/a><span style=\"font-size: 12pt;\">(<\/span><span style=\"font-size: 12pt;\"><em>Em processo de instala\u00e7\u00e3o<\/em>)<\/span><\/span><\/li>\n<li><span style=\"color: #333333; font-family: arial, helvetica, sans-serif;\"><a href=\"https:\/\/wp.ufpel.edu.br\/cisas\/laboratorio-de-biologia-molecular-agroalimentar-avancada\/\"><strong><span style=\"font-size: 12pt;\">Analisador de dicro\u00edsmo circular <\/span><\/strong><\/a><span style=\"font-size: 12pt;\">(<\/span><span style=\"font-size: 12pt;\"><em>Em processo de instala\u00e7\u00e3o<\/em>)<\/span><\/span><\/li>\n<li><span style=\"color: #333333; font-family: arial, helvetica, sans-serif;\"><a href=\"https:\/\/wp.ufpel.edu.br\/cisas\/laboratorio-de-biologia-molecular-agroalimentar-avancada\/\"><strong><span style=\"font-size: 12pt;\">Sequenciador de prote\u00ednas <\/span><\/strong><\/a><span style=\"font-size: 12pt;\">(<\/span><span style=\"font-size: 12pt;\"><em>Em processo de instala\u00e7\u00e3o<\/em>)<\/span><\/span><\/li>\n<li><span style=\"color: #333333; font-family: arial, helvetica, sans-serif;\"><a href=\"https:\/\/wp.ufpel.edu.br\/cisas\/laboratorio-de-biologia-molecular-agroalimentar-avancada\/\"><strong><span style=\"font-size: 12pt;\">Complete Caleva MultiLab Suite <\/span><\/strong><\/a><span style=\"font-size: 12pt;\">(<\/span><span style=\"font-size: 12pt;\"><em>Em processo de instala\u00e7\u00e3o<\/em>)<\/span><\/span><\/li>\n<li><span style=\"color: #333333; font-family: arial, helvetica, sans-serif;\"><a href=\"https:\/\/wp.ufpel.edu.br\/cisas\/laboratorios-e-equipamentos\/bionano\/\"><strong><span style=\"font-size: 12pt;\">Sistema Completo Mini Spray Dryer <\/span><\/strong><\/a><span style=\"font-size: 12pt;\">(<\/span><span style=\"font-size: 12pt;\"><em>Em processo de instala\u00e7\u00e3o<\/em>)<\/span><\/span><\/li>\n<li><span style=\"color: #333333; font-family: arial, helvetica, sans-serif;\"><a href=\"https:\/\/wp.ufpel.edu.br\/cisas\/laboratorios-e-equipamentos\/bionano\/\"><strong><span style=\"font-size: 12pt;\">Sistema de microscopia eletr\u00f4nica de varredura com emiss\u00e3o de campo (MEV-FEG) <\/span><\/strong><\/a><span style=\"font-size: 12pt;\">(<\/span><span style=\"font-size: 12pt;\"><em>Em processo de instala\u00e7\u00e3o<\/em>)<\/span><\/span><\/li>\n<li><span style=\"color: #333333; font-family: arial, helvetica, sans-serif;\"><a href=\"https:\/\/wp.ufpel.edu.br\/cisas\/laboratorios-e-equipamentos\/laboratorio-de-tecnologias-avancadas-em-ensaios-quimicos-e-biologicos\/\"><strong><span style=\"font-size: 12pt;\">Espectrometro de massa com plasma indutivamente acoplado (ICP-MS) <\/span><\/strong><\/a><span style=\"font-size: 12pt;\">(<\/span><span style=\"font-size: 12pt;\"><em>Em processo de instala\u00e7\u00e3o<\/em>)<\/span><\/span><\/li>\n<li><span style=\"color: #333333; font-family: arial, helvetica, sans-serif;\"><a href=\"https:\/\/wp.ufpel.edu.br\/cisas\/laboratorios-e-equipamentos\/laboratorio-de-tecnologias-avancadas-em-ensaios-quimicos-e-biologicos\/\"><strong><span style=\"font-size: 12pt;\">Sistema de abla\u00e7\u00e3o com laser (LA) <\/span><\/strong><\/a><span style=\"font-size: 12pt;\">(<\/span><span style=\"font-size: 12pt;\"><em>Em processo de instala\u00e7\u00e3o<\/em>)<\/span><\/span><\/li>\n<\/ul>\n","protected":false},"excerpt":{"rendered":"<p>Microsc\u00f3pio Confocal Raman Nanospider Cromat\u00f3grafo l\u00edquido com coletor de fra\u00e7\u00f5es &#8211; HPLC Liofilizador Bomba a Seco LP820 (Industrial) Reator em fluxo (Em processo de instala\u00e7\u00e3o) Ultracentr\u00edfuga refrigerada de ch\u00e3o (Em processo de instala\u00e7\u00e3o) Detector de massas (Em processo de instala\u00e7\u00e3o) Cit\u00f4metro de fluxo (Em processo de instala\u00e7\u00e3o) Sistema modular de alta resolu\u00e7\u00e3o (Em processo de [&hellip;]<\/p>\n","protected":false},"author":1112,"featured_media":0,"parent":0,"menu_order":0,"comment_status":"closed","ping_status":"closed","template":"","meta":{"footnotes":""},"class_list":["post-29","page","type-page","status-publish","hentry"],"_links":{"self":[{"href":"https:\/\/wp.ufpel.edu.br\/cisas\/wp-json\/wp\/v2\/pages\/29","targetHints":{"allow":["GET"]}}],"collection":[{"href":"https:\/\/wp.ufpel.edu.br\/cisas\/wp-json\/wp\/v2\/pages"}],"about":[{"href":"https:\/\/wp.ufpel.edu.br\/cisas\/wp-json\/wp\/v2\/types\/page"}],"author":[{"embeddable":true,"href":"https:\/\/wp.ufpel.edu.br\/cisas\/wp-json\/wp\/v2\/users\/1112"}],"replies":[{"embeddable":true,"href":"https:\/\/wp.ufpel.edu.br\/cisas\/wp-json\/wp\/v2\/comments?post=29"}],"version-history":[{"count":13,"href":"https:\/\/wp.ufpel.edu.br\/cisas\/wp-json\/wp\/v2\/pages\/29\/revisions"}],"predecessor-version":[{"id":196,"href":"https:\/\/wp.ufpel.edu.br\/cisas\/wp-json\/wp\/v2\/pages\/29\/revisions\/196"}],"wp:attachment":[{"href":"https:\/\/wp.ufpel.edu.br\/cisas\/wp-json\/wp\/v2\/media?parent=29"}],"curies":[{"name":"wp","href":"https:\/\/api.w.org\/{rel}","templated":true}]}}