{"id":27,"date":"2023-08-16T23:00:24","date_gmt":"2023-08-17T02:00:24","guid":{"rendered":"https:\/\/wp.ufpel.edu.br\/cisas\/?page_id=27"},"modified":"2025-05-26T16:34:55","modified_gmt":"2025-05-26T19:34:55","slug":"regimento","status":"publish","type":"page","link":"https:\/\/wp.ufpel.edu.br\/cisas\/regimento\/","title":{"rendered":"Regimento e Coordena\u00e7\u00e3o Geral"},"content":{"rendered":"<ul>\n<li><span style=\"font-size: 12pt; font-family: arial, helvetica, sans-serif;\"><strong>Regimento Geral<\/strong><strong>: <\/strong><em><a href=\"https:\/\/wp.ufpel.edu.br\/prppg\/files\/2025\/03\/Regimento-Geral-da-Infraestrutura-Multiusuaria-em-Pesquisa-da-UFPel.pdf\">Clique aqui<\/a><\/em><\/span><\/li>\n<li><span style=\"font-size: 12pt; font-family: arial, helvetica, sans-serif;\"><strong>Regimento Interno CISAS:\u00a0<\/strong><em><a href=\"https:\/\/wp.ufpel.edu.br\/cisas\/files\/2023\/08\/Regimento-CISAS.pdf\">Clique aqui<\/a><\/em><\/span><\/li>\n<li><span style=\"font-size: 12pt; font-family: arial, helvetica, sans-serif;\"><strong>Portaria do Comit\u00ea Institucional de Infraestrutura Multiusu\u00e1ria de Pesquisa da UFPel:<\/strong><em> <a href=\"https:\/\/wp.ufpel.edu.br\/cisas\/files\/2025\/04\/Portaria_2024_2591-ComiteMulti.pdf\">Clique aqui<\/a><\/em><\/span><\/li>\n<\/ul>\n<p>&nbsp;<\/p>\n<p><span style=\"font-size: 12pt; font-family: arial, helvetica, sans-serif;\">A Coordena\u00e7\u00e3o Geral do CISAS \u00e9 constitu\u00eddo por:<\/span><\/p>\n<ul>\n<li><strong><span style=\"font-family: arial, helvetica, sans-serif;\"><span style=\"font-size: 12pt;\">Prof\u00aa. Dr\u00aa. Marcia Foster Mesko<\/span><\/span><\/strong><\/li>\n<\/ul>\n<p style=\"padding-left: 40px;\"><span style=\"font-family: arial, helvetica, sans-serif; font-size: 12pt;\">Coordenadora de Pesquisa Institucional\/PRPPG<\/span><\/p>\n<p style=\"padding-left: 40px;\"><span style=\"font-family: arial, helvetica, sans-serif; font-size: 12pt;\">Email: <em>marciamesko@yahoo.com.br<\/em><\/span><\/p>\n<ul>\n<li><span style=\"font-size: 12pt;\"><strong><span style=\"font-family: arial, helvetica, sans-serif;\">Prof\u00aa. Dr\u00aa. Elessandra da Rosa Zavareze<\/span><\/strong><\/span><\/li>\n<\/ul>\n<p style=\"padding-left: 40px;\"><span style=\"font-size: 12pt; font-family: arial, helvetica, sans-serif;\">N\u00facleo de Planejamento de Infra-estrutura e Pesquisa\/PRPPG<\/span><\/p>\n<p style=\"padding-left: 40px;\"><span style=\"font-size: 12pt; font-family: arial, helvetica, sans-serif;\">Email: <em>elessandrad@yahoo.com.br<\/em><\/span><\/p>\n<ul>\n<li><strong><span style=\"font-size: 12pt; font-family: arial, helvetica, sans-serif;\">Prof\u00aa. Dr\u00aa. Ros\u00e9lia Maria Spanevello<\/span><\/strong><\/li>\n<\/ul>\n<p style=\"padding-left: 40px;\"><span style=\"font-size: 12pt; font-family: arial, helvetica, sans-serif;\">Programa de P\u00f3s-Gradua\u00e7\u00e3o em Bioqu\u00edmica e Bioprospec\u00e7\u00e3o<\/span><\/p>\n<p style=\"padding-left: 40px;\"><span style=\"font-size: 12pt; font-family: arial, helvetica, sans-serif;\">Email: <em>rspanevello@gmail.com<\/em><\/span><\/p>\n<ul>\n<li><strong><span style=\"font-size: 12pt; font-family: arial, helvetica, sans-serif;\">Prof\u00aa. Dr\u00aa. Maur\u00edcio de Oliveira<\/span><\/strong><\/li>\n<\/ul>\n<p style=\"padding-left: 40px;\"><span style=\"font-size: 12pt; font-family: arial, helvetica, sans-serif;\">EMBRAPII<\/span><\/p>\n<p style=\"padding-left: 40px;\"><span style=\"font-size: 12pt; font-family: arial, helvetica, sans-serif;\">Email: <em>mauricio@labgraos.com.br<\/em><\/span><\/p>\n<p><span style=\"font-size: 12pt; font-family: arial, helvetica, sans-serif;\"><em>\u00a0<\/em><\/span><\/p>\n","protected":false},"excerpt":{"rendered":"<p>Regimento Geral: Clique aqui Regimento Interno CISAS:\u00a0Clique aqui Portaria do Comit\u00ea Institucional de Infraestrutura Multiusu\u00e1ria de Pesquisa da UFPel: Clique aqui &nbsp; A Coordena\u00e7\u00e3o Geral do CISAS \u00e9 constitu\u00eddo por: Prof\u00aa. Dr\u00aa. Marcia Foster Mesko Coordenadora de Pesquisa Institucional\/PRPPG Email: marciamesko@yahoo.com.br Prof\u00aa. Dr\u00aa. Elessandra da Rosa Zavareze N\u00facleo de Planejamento de Infra-estrutura e Pesquisa\/PRPPG Email: [&hellip;]<\/p>\n","protected":false},"author":1112,"featured_media":0,"parent":0,"menu_order":0,"comment_status":"closed","ping_status":"closed","template":"","meta":{"footnotes":""},"class_list":["post-27","page","type-page","status-publish","hentry"],"_links":{"self":[{"href":"https:\/\/wp.ufpel.edu.br\/cisas\/wp-json\/wp\/v2\/pages\/27","targetHints":{"allow":["GET"]}}],"collection":[{"href":"https:\/\/wp.ufpel.edu.br\/cisas\/wp-json\/wp\/v2\/pages"}],"about":[{"href":"https:\/\/wp.ufpel.edu.br\/cisas\/wp-json\/wp\/v2\/types\/page"}],"author":[{"embeddable":true,"href":"https:\/\/wp.ufpel.edu.br\/cisas\/wp-json\/wp\/v2\/users\/1112"}],"replies":[{"embeddable":true,"href":"https:\/\/wp.ufpel.edu.br\/cisas\/wp-json\/wp\/v2\/comments?post=27"}],"version-history":[{"count":23,"href":"https:\/\/wp.ufpel.edu.br\/cisas\/wp-json\/wp\/v2\/pages\/27\/revisions"}],"predecessor-version":[{"id":217,"href":"https:\/\/wp.ufpel.edu.br\/cisas\/wp-json\/wp\/v2\/pages\/27\/revisions\/217"}],"wp:attachment":[{"href":"https:\/\/wp.ufpel.edu.br\/cisas\/wp-json\/wp\/v2\/media?parent=27"}],"curies":[{"name":"wp","href":"https:\/\/api.w.org\/{rel}","templated":true}]}}