{"id":208,"date":"2025-04-29T16:14:55","date_gmt":"2025-04-29T19:14:55","guid":{"rendered":"https:\/\/wp.ufpel.edu.br\/cisas\/?page_id=208"},"modified":"2025-05-27T16:14:43","modified_gmt":"2025-05-27T19:14:43","slug":"comite-de-usuarios","status":"publish","type":"page","link":"https:\/\/wp.ufpel.edu.br\/cisas\/comite-de-usuarios\/","title":{"rendered":"Comit\u00ea de Usu\u00e1rios"},"content":{"rendered":"<ul>\n<li><strong>Prof. Dr. M\u00e1rcio Santos da Silva<\/strong><\/li>\n<\/ul>\n<p>Centro de Ci\u00eancias Qu\u00edmicas, Farmac\u00eauticas e de Alimentos \u2013 CCQFA, UFPel<\/p>\n<p>Email: <em>marciosasi11@gmail.com<\/em><\/p>\n<ul>\n<li><strong>Prof. Dr. Luciano da Silva Pinto<\/strong><\/li>\n<\/ul>\n<p>Centro de Desenvolvimento Tecnol\u00f3gico, UFPel<\/p>\n<p>Email: <em>luciano.pinto@ufpel.edu.br<\/em><\/p>\n<ul>\n<li><strong>Prof. Dr. \u00c1lvaro Renato Guerra Dias<\/strong><\/li>\n<\/ul>\n<p>Faculdade de Agronomia Eliseu Maciel, UFPel<\/p>\n<p>Email: <em>alvaro.guerradias@gmail.com<\/em><\/p>\n<ul>\n<li><strong>Profa. Dra. Eug\u00eania Jacira Bolacel Braga<\/strong><\/li>\n<\/ul>\n<p>Instituto de Biologia, UFPel<\/p>\n<p>Email: <em>eugenia@ufpel.edu.br<\/em><\/p>\n<ul>\n<li><strong>Profa. Dra. Gabriela Silveira da Rosa<\/strong><\/li>\n<\/ul>\n<p>Representante Externa: UNIPAMPA<\/p>\n<p>Email: <em>gabriela.rosa@unipampa.edu.br<\/em><\/p>\n<ul>\n<li><strong>Bruno Noschang Cabral<\/strong><\/li>\n<\/ul>\n<p>Representante T\u00e9cnico de Laborat\u00f3rio UFPel<\/p>\n<p>Email: <em>bruno.cabral@ufpel.edu.br<\/em><\/p>\n<ul>\n<li><strong>Felipe Nardo dos Santos<\/strong><\/li>\n<\/ul>\n<p>Representante Discente UFPel<\/p>\n<p>Email: <em>felipe22.s@hotmail.com<\/em><\/p>\n","protected":false},"excerpt":{"rendered":"<p>Prof. Dr. M\u00e1rcio Santos da Silva Centro de Ci\u00eancias Qu\u00edmicas, Farmac\u00eauticas e de Alimentos \u2013 CCQFA, UFPel Email: marciosasi11@gmail.com Prof. Dr. Luciano da Silva Pinto Centro de Desenvolvimento Tecnol\u00f3gico, UFPel Email: luciano.pinto@ufpel.edu.br Prof. Dr. \u00c1lvaro Renato Guerra Dias Faculdade de Agronomia Eliseu Maciel, UFPel Email: alvaro.guerradias@gmail.com Profa. Dra. Eug\u00eania Jacira Bolacel Braga Instituto de Biologia, [&hellip;]<\/p>\n","protected":false},"author":1112,"featured_media":0,"parent":0,"menu_order":0,"comment_status":"closed","ping_status":"closed","template":"","meta":{"footnotes":""},"class_list":["post-208","page","type-page","status-publish","hentry"],"_links":{"self":[{"href":"https:\/\/wp.ufpel.edu.br\/cisas\/wp-json\/wp\/v2\/pages\/208","targetHints":{"allow":["GET"]}}],"collection":[{"href":"https:\/\/wp.ufpel.edu.br\/cisas\/wp-json\/wp\/v2\/pages"}],"about":[{"href":"https:\/\/wp.ufpel.edu.br\/cisas\/wp-json\/wp\/v2\/types\/page"}],"author":[{"embeddable":true,"href":"https:\/\/wp.ufpel.edu.br\/cisas\/wp-json\/wp\/v2\/users\/1112"}],"replies":[{"embeddable":true,"href":"https:\/\/wp.ufpel.edu.br\/cisas\/wp-json\/wp\/v2\/comments?post=208"}],"version-history":[{"count":6,"href":"https:\/\/wp.ufpel.edu.br\/cisas\/wp-json\/wp\/v2\/pages\/208\/revisions"}],"predecessor-version":[{"id":220,"href":"https:\/\/wp.ufpel.edu.br\/cisas\/wp-json\/wp\/v2\/pages\/208\/revisions\/220"}],"wp:attachment":[{"href":"https:\/\/wp.ufpel.edu.br\/cisas\/wp-json\/wp\/v2\/media?parent=208"}],"curies":[{"name":"wp","href":"https:\/\/api.w.org\/{rel}","templated":true}]}}