{"id":130,"date":"2025-04-08T11:25:36","date_gmt":"2025-04-08T14:25:36","guid":{"rendered":"https:\/\/wp.ufpel.edu.br\/cisas\/?page_id=130"},"modified":"2025-04-10T09:48:35","modified_gmt":"2025-04-10T12:48:35","slug":"laboratorio-de-biologia-molecular-agroalimentar-avancada","status":"publish","type":"page","link":"https:\/\/wp.ufpel.edu.br\/cisas\/laboratorio-de-biologia-molecular-agroalimentar-avancada\/","title":{"rendered":"Laborat\u00f3rio de Biologia Molecular Agroalimentar Avan\u00e7ada"},"content":{"rendered":"<p><strong><span style=\"font-family: arial, helvetica, sans-serif; font-size: 12pt;\">Equipamentos:<\/span><\/strong><\/p>\n<ul>\n<li><span style=\"font-family: arial, helvetica, sans-serif; font-size: 12pt;\"><strong>Cit\u00f4metro de fluxo\u00a0<\/strong>(<em>Em processo de instala\u00e7\u00e3o<\/em>)<\/span><\/li>\n<\/ul>\n<p><span style=\"font-family: arial, helvetica, sans-serif; font-size: 12pt;\">Por motivos de adapta\u00e7\u00e3o dos espa\u00e7os f\u00edsicos, esse equipamento est\u00e1 instalado temporariamente no\u00a0<em><a href=\"https:\/\/wp.ufpel.edu.br\/bioprolab\/regras-de-utilizacao-dos-equipamentos\/\">Laborat\u00f3rio de Bioinform\u00e1tica e Prote\u00f4mica \u2013\u00a0BioPro_Lab<\/a><\/em><\/span><\/p>\n<ul>\n<li><span style=\"font-family: arial, helvetica, sans-serif; font-size: 12pt;\"><strong>Analisador de dicro\u00edsmo circular\u00a0<\/strong>(<em>Em processo de instala\u00e7\u00e3o<\/em>)<\/span><\/li>\n<\/ul>\n<p><span style=\"font-family: arial, helvetica, sans-serif; font-size: 12pt;\">Por motivos de adapta\u00e7\u00e3o dos espa\u00e7os f\u00edsicos, esse equipamento est\u00e1 instalado temporariamente no\u00a0<em><a href=\"https:\/\/wp.ufpel.edu.br\/bioprolab\/regras-de-utilizacao-dos-equipamentos\/\">Laborat\u00f3rio de Bioinform\u00e1tica e Prote\u00f4mica \u2013\u00a0BioPro_Lab<\/a><\/em><\/span><\/p>\n<ul>\n<li><span style=\"font-family: arial, helvetica, sans-serif; font-size: 12pt;\"><strong>Sequenciador de prote\u00ednas\u00a0<\/strong>(<em>Em processo de instala\u00e7\u00e3o<\/em>)<\/span><\/li>\n<\/ul>\n<p><span style=\"font-family: arial, helvetica, sans-serif; font-size: 12pt;\">Por motivos de adapta\u00e7\u00e3o dos espa\u00e7os f\u00edsicos, esse equipamento est\u00e1 instalado temporariamente no\u00a0<em><a href=\"https:\/\/wp.ufpel.edu.br\/bioprolab\/regras-de-utilizacao-dos-equipamentos\/\">Laborat\u00f3rio de Bioinform\u00e1tica e Prote\u00f4mica \u2013\u00a0BioPro_Lab<\/a><\/em><\/span><\/p>\n<ul>\n<li><span style=\"font-family: arial, helvetica, sans-serif; font-size: 12pt;\"><strong>Complete Caleva MultiLab Suite\u00a0<\/strong>(<em>Em processo de instala\u00e7\u00e3o<\/em>)<\/span><\/li>\n<\/ul>\n<p><span style=\"font-family: arial, helvetica, sans-serif; font-size: 12pt;\">Por motivos de adapta\u00e7\u00e3o dos espa\u00e7os f\u00edsicos, esse equipamento est\u00e1 instalado temporariamente\u00a0no\u00a0<em><a href=\"https:\/\/wp.ufpel.edu.br\/nupeec\/agendamento-de-equipamentos\/\">N\u00facleo de Pesquisa, Ensino e Extens\u00e3o em Pecu\u00e1ria (NUPEEC)<\/a><\/em><\/span><\/p>\n","protected":false},"excerpt":{"rendered":"<p>Equipamentos: Cit\u00f4metro de fluxo\u00a0(Em processo de instala\u00e7\u00e3o) Por motivos de adapta\u00e7\u00e3o dos espa\u00e7os f\u00edsicos, esse equipamento est\u00e1 instalado temporariamente no\u00a0Laborat\u00f3rio de Bioinform\u00e1tica e Prote\u00f4mica \u2013\u00a0BioPro_Lab Analisador de dicro\u00edsmo circular\u00a0(Em processo de instala\u00e7\u00e3o) Por motivos de adapta\u00e7\u00e3o dos espa\u00e7os f\u00edsicos, esse equipamento est\u00e1 instalado temporariamente no\u00a0Laborat\u00f3rio de Bioinform\u00e1tica e Prote\u00f4mica \u2013\u00a0BioPro_Lab Sequenciador de prote\u00ednas\u00a0(Em processo de [&hellip;]<\/p>\n","protected":false},"author":1112,"featured_media":0,"parent":0,"menu_order":0,"comment_status":"closed","ping_status":"closed","template":"","meta":{"footnotes":""},"class_list":["post-130","page","type-page","status-publish","hentry"],"_links":{"self":[{"href":"https:\/\/wp.ufpel.edu.br\/cisas\/wp-json\/wp\/v2\/pages\/130","targetHints":{"allow":["GET"]}}],"collection":[{"href":"https:\/\/wp.ufpel.edu.br\/cisas\/wp-json\/wp\/v2\/pages"}],"about":[{"href":"https:\/\/wp.ufpel.edu.br\/cisas\/wp-json\/wp\/v2\/types\/page"}],"author":[{"embeddable":true,"href":"https:\/\/wp.ufpel.edu.br\/cisas\/wp-json\/wp\/v2\/users\/1112"}],"replies":[{"embeddable":true,"href":"https:\/\/wp.ufpel.edu.br\/cisas\/wp-json\/wp\/v2\/comments?post=130"}],"version-history":[{"count":8,"href":"https:\/\/wp.ufpel.edu.br\/cisas\/wp-json\/wp\/v2\/pages\/130\/revisions"}],"predecessor-version":[{"id":194,"href":"https:\/\/wp.ufpel.edu.br\/cisas\/wp-json\/wp\/v2\/pages\/130\/revisions\/194"}],"wp:attachment":[{"href":"https:\/\/wp.ufpel.edu.br\/cisas\/wp-json\/wp\/v2\/media?parent=130"}],"curies":[{"name":"wp","href":"https:\/\/api.w.org\/{rel}","templated":true}]}}