{"id":51,"date":"2017-07-03T15:49:47","date_gmt":"2017-07-03T18:49:47","guid":{"rendered":"https:\/\/wp.ufpel.edu.br\/cipes\/?page_id=51"},"modified":"2017-07-05T09:13:45","modified_gmt":"2017-07-05T12:13:45","slug":"conferencistas-convidados","status":"publish","type":"page","link":"https:\/\/wp.ufpel.edu.br\/cipes\/conferencistas-convidados\/","title":{"rendered":"Conferencistas Convidados"},"content":{"rendered":"<p>&nbsp;<\/p>\n<ul class=\"wpipessoa-lista\"><li class=\"wpipessoa-post clearfix\"><div class=\"wpipessoa-thumb\"><a href=\"https:\/\/wp.ufpel.edu.br\/cipes\/pessoas\/barbara-hees-garre\/\"><img width=\"138\" height=\"169\" src=\"https:\/\/wp.ufpel.edu.br\/cipes\/files\/2017\/07\/Barbara.png\" class=\"attachment-thumbnail size-thumbnail wp-post-image\" alt=\"\" \/><\/a><\/div><div class=\"wpipessoa-info\"><div class=\"wpipessoa-nome\"><a href=\"https:\/\/wp.ufpel.edu.br\/cipes\/pessoas\/barbara-hees-garre\/\">B\u00e1rbara Hees Garr\u00e9<\/a><\/div><div class=\"wpipessoa-funcao\">Professora do Instituto Federal Sul-Rio-Grandense \u2013 Pelotas. Graduada em Pedagogia pela Universidade Cat\u00f3lica de Pelotas, Doutora em Educa\u00e7\u00e3o ambiental para Universidade Federal do Rio Grande. Seus principais eixos de pesquisa s\u00e3o: Educa\u00e7\u00e3o, Filosofia, Educa\u00e7\u00e3o Ambiental e Artefatos Midi\u00e1ticos.<\/div><div class=\"wpipessoa-lattes\"><a href=\"http:\/\/lattes.cnpq.br\/8965428715189683\" target=\"_blank\">Lattes<\/a><\/div><\/div><\/li><li class=\"wpipessoa-post clearfix\"><div class=\"wpipessoa-thumb\"><a href=\"https:\/\/wp.ufpel.edu.br\/cipes\/pessoas\/claudia-turra-magni\/\"><img width=\"154\" height=\"184\" src=\"https:\/\/wp.ufpel.edu.br\/cipes\/files\/2017\/07\/Claudia.png\" class=\"attachment-thumbnail size-thumbnail wp-post-image\" alt=\"\" \/><\/a><\/div><div class=\"wpipessoa-info\"><div class=\"wpipessoa-nome\"><a href=\"https:\/\/wp.ufpel.edu.br\/cipes\/pessoas\/claudia-turra-magni\/\">Claudia Turra Magni<\/a><\/div><div class=\"wpipessoa-funcao\">Professora do Curso de Bacharelado em Antropologia da Universidade Federal de Pelotas \u2013 RS. Graduada em Hist\u00f3ria pela Universidade Federal do Rio Grande do Sul, Doutora em Antropologia Social e Etnologia na Ecole des Hautes \u00c9tudes en Sciences Sociales - Fran\u00e7a. Tem experi\u00eancia na \u00e1rea de Antropologia, com \u00eanfase em Antropologia Visual, Antropologia Urbana, atuando principalmente nos seguintes temas: patrim\u00f4nio imaterial, comida, nomadismo urbano, desigualdade social, popula\u00e7\u00e3o sem domic\u00edlio.<\/div><div class=\"wpipessoa-lattes\"><a href=\"http:\/\/lattes.cnpq.br\/8774264386533161\" target=\"_blank\">Lattes<\/a><\/div><\/div><\/li><li class=\"wpipessoa-post clearfix\"><div class=\"wpipessoa-thumb\"><a href=\"https:\/\/wp.ufpel.edu.br\/cipes\/pessoas\/crhis-netto-de-brum\/\"><img width=\"135\" height=\"182\" src=\"https:\/\/wp.ufpel.edu.br\/cipes\/files\/2017\/07\/Crhis.png\" class=\"attachment-thumbnail size-thumbnail wp-post-image\" alt=\"\" \/><\/a><\/div><div class=\"wpipessoa-info\"><div class=\"wpipessoa-nome\"><a href=\"https:\/\/wp.ufpel.edu.br\/cipes\/pessoas\/crhis-netto-de-brum\/\">Crhis Netto de Brum<\/a><\/div><div class=\"wpipessoa-funcao\">Professora do Curso de Gradua\u00e7\u00e3o em Enfermagem da Universidade Federal da Fronteira Sul\/Campus Chapec\u00f3 \u2013 SC. Graduada em enfermagem pela Universidade Federal de Santa Maria, Doutora em enfermagem pela Universidade Federal do Rio Grande do Sul. Seus principais eixos de atua\u00e7\u00e3o s\u00e3o: neonatologia, pediatria e hebiatria<\/div><div class=\"wpipessoa-lattes\"><a href=\"http:\/\/lattes.cnpq.br\/2609280427499024\" target=\"_blank\">Lattes<\/a><\/div><\/div><\/li><li class=\"wpipessoa-post clearfix\"><div class=\"wpipessoa-thumb\"><a href=\"https:\/\/wp.ufpel.edu.br\/cipes\/pessoas\/daniel-rodrigo-meirinho-de-souza\/\"><img width=\"145\" height=\"162\" src=\"https:\/\/wp.ufpel.edu.br\/cipes\/files\/2017\/07\/Daniel.png\" class=\"attachment-thumbnail size-thumbnail wp-post-image\" alt=\"\" \/><\/a><\/div><div class=\"wpipessoa-info\"><div class=\"wpipessoa-nome\"><a href=\"https:\/\/wp.ufpel.edu.br\/cipes\/pessoas\/daniel-rodrigo-meirinho-de-souza\/\">Daniel Rodrigo Meirinho de Souza<\/a><\/div><div class=\"wpipessoa-funcao\">Professor do Departamento de Comunica\u00e7\u00e3o Social da Universidade Federal do Rio Grande do Norte \u2013 RN. Graduado em Comunica\u00e7\u00e3o Social com habilita\u00e7\u00e3o em Jornalismo pela Universidade Cat\u00f3lica de Pernambuco. Seus principais eixos de pesquisa s\u00e3o: publicidade e propaganda, m\u00eddia e educa\u00e7\u00e3o, educomunica\u00e7\u00e3o, m\u00eddia cidadania e direitos humanos, culturas juvenis, comunica\u00e7\u00e3o e interven\u00e7\u00e3o social; metodologias participativas visuais, m\u00eddias alternativas e populares, fotografia e cultura visual<\/div><div class=\"wpipessoa-lattes\"><a href=\"http:\/\/lattes.cnpq.br\/9921846039591174\" target=\"_blank\">Lattes<\/a><\/div><\/div><\/li><li class=\"wpipessoa-post clearfix\"><div class=\"wpipessoa-thumb\"><a href=\"https:\/\/wp.ufpel.edu.br\/cipes\/pessoas\/juliana-graciela-vestena-zillmer\/\"><img width=\"147\" height=\"161\" src=\"https:\/\/wp.ufpel.edu.br\/cipes\/files\/2017\/07\/Juliana.png\" class=\"attachment-thumbnail size-thumbnail wp-post-image\" alt=\"\" \/><\/a><\/div><div class=\"wpipessoa-info\"><div class=\"wpipessoa-nome\"><a href=\"https:\/\/wp.ufpel.edu.br\/cipes\/pessoas\/juliana-graciela-vestena-zillmer\/\">Juliana Graciela Vestena Zillmer<\/a><\/div><div class=\"wpipessoa-funcao\">Professora da Faculdade de Enfermagem da Universidade Federal de Pelotas (UFPel) - RS. Graduada em Enfermagem pela UFPel, Doutora em Enfermagem pela Universidade Federal de Santa Catarina - SC. Seus principais eixos de atua\u00e7\u00e3o s\u00e3o: aten\u00e7\u00e3o \u00e0 sa\u00fade do adulto, doen\u00e7as cr\u00f4nicas n\u00e3o transmiss\u00edveis, com \u00eanfase na doen\u00e7a renal cr\u00f4nica, terapias de substitui\u00e7\u00e3o renal e doa\u00e7\u00e3o e transplante de \u00f3rg\u00e3os.<\/div><div class=\"wpipessoa-lattes\"><a href=\"http:\/\/lattes.cnpq.br\/8072268723062108\" target=\"_blank\">Lattes<\/a><\/div><\/div><\/li><li class=\"wpipessoa-post clearfix\"><div class=\"wpipessoa-thumb\"><a href=\"https:\/\/wp.ufpel.edu.br\/cipes\/pessoas\/lorena-almeida-gill\/\"><img width=\"149\" height=\"148\" src=\"https:\/\/wp.ufpel.edu.br\/cipes\/files\/2017\/07\/Lorena.png\" class=\"attachment-thumbnail size-thumbnail wp-post-image\" alt=\"\" \/><\/a><\/div><div class=\"wpipessoa-info\"><div class=\"wpipessoa-nome\"><a href=\"https:\/\/wp.ufpel.edu.br\/cipes\/pessoas\/lorena-almeida-gill\/\">Lorena Almeida Gill<\/a><\/div><div class=\"wpipessoa-funcao\">Professora do Departamento de Hist\u00f3ria da Universidade Federal de Pelotas (UFPel) - RS. Graduada em Hist\u00f3ria pela UFPel, Doutora em Hist\u00f3ria pela Universidade Cat\u00f3lica do Rio Grande do Sul, realizou P\u00f3s-Doutorado na Universit\u00e0 Degli Studi di Siena, It\u00e1lia. Seus principais eixos de atua\u00e7\u00e3o s\u00e3o: constru\u00e7\u00e3o de narrativas, mundos do trabalho e sa\u00fade e doen\u00e7a.<\/div><div class=\"wpipessoa-lattes\"><a href=\"http:\/\/lattes.cnpq.br\/6761690884628276\" target=\"_blank\">Lattes<\/a><\/div><\/div><\/li><li class=\"wpipessoa-post clearfix\"><div class=\"wpipessoa-thumb\"><a href=\"https:\/\/wp.ufpel.edu.br\/cipes\/pessoas\/luiz-augusto-facchini\/\"><img width=\"200\" height=\"200\" src=\"https:\/\/wp.ufpel.edu.br\/cipes\/files\/2017\/07\/Facchini-200x200.jpg\" class=\"attachment-thumbnail size-thumbnail wp-post-image\" alt=\"\" \/><\/a><\/div><div class=\"wpipessoa-info\"><div class=\"wpipessoa-nome\"><a href=\"https:\/\/wp.ufpel.edu.br\/cipes\/pessoas\/luiz-augusto-facchini\/\">Luiz Augusto Facchini<\/a><\/div><div class=\"wpipessoa-funcao\">Professor do Departamento de Medicina Social da Universidade Federal de Pelotas - RS. Graduado em Medicina pela Universidade Federal de Santa Maria, mestrado em Medicina Social na Universidad Autonoma Metropolitana Xochimilco - M\u00e9xico e doutorado em Ci\u00eancias M\u00e9dicas pela Universidade Federal do Rio Grande do Sul -<br \/>\r\n RS. Realizou P\u00f3s-doutoramento em Sa\u00fade Internacional na Harvard School of Public Health - Estados Unidos. Foi presidente da Associa\u00e7\u00e3o Brasileira de Sa\u00fade Coletiva (ABRASCO) 2009-2012. Tem experi\u00eancia na \u00e1rea de Sa\u00fade Coletiva, com \u00eanfase em Epidemiologia, com atua\u00e7\u00e3o predominante em temas sobre sa\u00fade do trabalhador, trabalho materno e de menores, doen\u00e7as relacionadas com o trabalho e avalia\u00e7\u00e3o de pol\u00edticas e servi\u00e7os de sa\u00fade, especialmente de aten\u00e7\u00e3o prim\u00e1ria em sa\u00fade e sa\u00fade da fam\u00edlia.<\/div><div class=\"wpipessoa-lattes\"><a href=\"http:\/\/lattes.cnpq.br\/5795415938371676\" target=\"_blank\">Lattes<\/a><\/div><\/div><\/li><li class=\"wpipessoa-post clearfix\"><div class=\"wpipessoa-thumb\"><a href=\"https:\/\/wp.ufpel.edu.br\/cipes\/pessoas\/maria-cecilia-lorena-leite\/\"><img width=\"153\" height=\"175\" src=\"https:\/\/wp.ufpel.edu.br\/cipes\/files\/2017\/07\/Maria.png\" class=\"attachment-thumbnail size-thumbnail wp-post-image\" alt=\"\" \/><\/a><\/div><div class=\"wpipessoa-info\"><div class=\"wpipessoa-nome\"><a href=\"https:\/\/wp.ufpel.edu.br\/cipes\/pessoas\/maria-cecilia-lorena-leite\/\">Maria Cec\u00edlia Lorena Leite<\/a><\/div><div class=\"wpipessoa-funcao\">Professora do Curso de Direito da Universidade Federal de Pelotas (UFPel) \u2013 RS. Graduada em Direito pela UFPel, Doutora em Direito pela Universidade Federal do Rio Grande do Sul, realizou P\u00f3s-Doutorado na Universit\u00e9 Paris. Tem experi\u00eancia na \u00e1rea de Educa\u00e7\u00e3o, com \u00eanfase em Avalia\u00e7\u00e3o de Sistemas, Institui\u00e7\u00f5es, Planos e Programas Educacionais, atuando principalmente nos seguintes temas: curr\u00edculo, gest\u00e3o democr\u00e1tica, educa\u00e7\u00e3o jur\u00eddica, pedagogia jur\u00eddica, imagens da justi\u00e7a, ensino superior e universidade<\/div><\/div><\/li><li class=\"wpipessoa-post clearfix\"><div class=\"wpipessoa-thumb\"><a href=\"https:\/\/wp.ufpel.edu.br\/cipes\/pessoas\/mario-cardano\/\"><img width=\"200\" height=\"200\" src=\"https:\/\/wp.ufpel.edu.br\/cipes\/files\/2017\/07\/s200_mario.cardano1.jpg\" class=\"attachment-thumbnail size-thumbnail wp-post-image\" alt=\"\" \/><\/a><\/div><div class=\"wpipessoa-info\"><div class=\"wpipessoa-nome\"><a href=\"https:\/\/wp.ufpel.edu.br\/cipes\/pessoas\/mario-cardano\/\">M\u00e1rio Cardano<\/a><\/div><div class=\"wpipessoa-funcao\">Professor do Departamento de Pol\u00edtica, Cultura e Sociedade da Universidade de Turim \u2013 It\u00e1lia. Graduado em filosofia pela Universidade de Turim, PhD em Sociologia e Pesquisa Social pela Universidade de Trento. Coordenador Interuniversit\u00e1rio de Doutoramento em Sociologia e Metodologia da Investiga\u00e7\u00e3o Social (SOMET). Seus principais eixos de pesquisa s\u00e3o: metodologia das ci\u00eancias sociais (m\u00e9todos e epistemologia da pesquisa qualitativa) e sociologia da sa\u00fade com \u00eanfase em sa\u00fade mental.<\/div><div class=\"wpipessoa-site\"><a href=\"http:\/\/www.didattica-cps.unito.it\/do\/docenti.pl\/ShowFile?_id=mcardano;field=cv;key=fkc\/vpPDGSaVI;t=7729\" target=\"_blank\">Web<\/a><\/div><\/div><\/li><li class=\"wpipessoa-post clearfix\"><div class=\"wpipessoa-thumb\"><a href=\"https:\/\/wp.ufpel.edu.br\/cipes\/pessoas\/patricia-haertel-giusti\/\"><img width=\"156\" height=\"182\" src=\"https:\/\/wp.ufpel.edu.br\/cipes\/files\/2017\/07\/Patr\u00edcia.png\" class=\"attachment-thumbnail size-thumbnail wp-post-image\" alt=\"\" \/><\/a><\/div><div class=\"wpipessoa-info\"><div class=\"wpipessoa-nome\"><a href=\"https:\/\/wp.ufpel.edu.br\/cipes\/pessoas\/patricia-haertel-giusti\/\">Patr\u00edcia Haertel Giusti<\/a><\/div><div class=\"wpipessoa-funcao\">Professora do Curso de Fisioterapia da Universidade Cat\u00f3lica de Pelotas (UCPel) \u2013 RS. Graduada em Fisioterapia pela Universidade da Regi\u00e3o da Campanha, Doutora em Educa\u00e7\u00e3o em Ci\u00eancias pela Universidade Federal do Rio Grande. Desenvolve a fun\u00e7\u00e3o de Pr\u00f3-reitora Acad\u00eamica na UCPel. Tem experi\u00eancia na \u00e1rea de Sa\u00fade e Educa\u00e7\u00e3o, com \u00eanfase em: Educa\u00e7\u00e3o em Sa\u00fade, Envelhecimento, Ci\u00eancias Humanas e Educa\u00e7\u00e3o em Ci\u00eancias.<\/div><div class=\"wpipessoa-lattes\"><a href=\"http:\/\/lattes.cnpq.br\/1099893626238107\" target=\"_blank\">Lattes<\/a><\/div><\/div><\/li><li class=\"wpipessoa-post clearfix\"><div class=\"wpipessoa-thumb\"><a href=\"https:\/\/wp.ufpel.edu.br\/cipes\/pessoas\/rita-de-cassia-maciazeki-gomes\/\"><img width=\"123\" height=\"145\" src=\"https:\/\/wp.ufpel.edu.br\/cipes\/files\/2017\/07\/Rita.png\" class=\"attachment-thumbnail size-thumbnail wp-post-image\" alt=\"\" \/><\/a><\/div><div class=\"wpipessoa-info\"><div class=\"wpipessoa-nome\"><a href=\"https:\/\/wp.ufpel.edu.br\/cipes\/pessoas\/rita-de-cassia-maciazeki-gomes\/\">Rita de C\u00e1ssia Maciazeki Gomes<\/a><\/div><div class=\"wpipessoa-funcao\">Doutora pela Universidade do Porto, Portugal em cotutela com a Universidade Federal de Santa Catarina. Graduada em Psicologia pela Universidade do Vale do Rio dos Sinos. Tem experi\u00eancia na \u00e1rea de Sa\u00fade Coletiva, atuando principalmente nos seguintes temas: g\u00eanero, territorialidades, ruralidades, sa\u00fade mental coletiva, pol\u00edticas p\u00fablicas e popula\u00e7\u00e3o em situa\u00e7\u00e3o de rua.<\/div><div class=\"wpipessoa-lattes\"><a href=\"http:\/\/lattes.cnpq.br\/2984978445236384\" target=\"_blank\">Lattes<\/a><\/div><\/div><\/li><li class=\"wpipessoa-post clearfix\"><div class=\"wpipessoa-thumb\"><a href=\"https:\/\/wp.ufpel.edu.br\/cipes\/pessoas\/rosana-teresa-onocko-campos\/\"><img width=\"144\" height=\"145\" src=\"https:\/\/wp.ufpel.edu.br\/cipes\/files\/2017\/07\/rosana.png\" class=\"attachment-thumbnail size-thumbnail wp-post-image\" alt=\"\" \/><\/a><\/div><div class=\"wpipessoa-info\"><div class=\"wpipessoa-nome\"><a href=\"https:\/\/wp.ufpel.edu.br\/cipes\/pessoas\/rosana-teresa-onocko-campos\/\">Rosana Teresa Onocko-Campos<\/a><\/div><div class=\"wpipessoa-funcao\">Professora da Faculdade de Ci\u00eancias M\u00e9dicas da Universidade Estadual de Campinas - SP. Graduada em Ci\u00eancias M\u00e9dicas pela Universidade Nacional de Ros\u00e1rio, mestrado e doutorado em Sa\u00fade Coletiva pela Universidade Estatual de Campinas (Unicamp). Coordenadora da comiss\u00e3o de p\u00f3s-gradua\u00e7\u00e3o da FCM\/Unicamp. Tem experi\u00eancia na \u00e1rea de Sa\u00fade Coletiva, com \u00eanfase nos seguintes temas: sa\u00fade coletiva, gest\u00e3o e subjetividade, sa\u00fade mental, planejamento em sa\u00fade e pol\u00edticas p\u00fablicas, avalia\u00e7\u00e3o de pol\u00edticas e servi\u00e7os.<\/div><div class=\"wpipessoa-lattes\"><a href=\"http:\/\/lattes.cnpq.br\/8657239011206899\" target=\"_blank\">Lattes<\/a><\/div><\/div><\/li><\/ul>\n","protected":false},"excerpt":{"rendered":"<div class=\"wpipessoa-lista wpipessoa-info\">\n<div class=\"wpipessoa-funcao wpipessoa-fonte-italica\">Professora da Faculdade de Ci\u00eancias M\u00e9dicas da Universidade Estadual de Campinas &#8211; SP. Graduada em Ci\u00eancias M\u00e9dicas pela Universidade Nacional de Ros\u00e1rio, mestrado e doutorado em Sa\u00fade Coletiva pela Universidade Estatual de Campinas (Unicamp). Coordenadora da comiss\u00e3o de p\u00f3s-gradua\u00e7\u00e3o da FCM\/Unicamp. Tem experi\u00eancia na \u00e1rea de Sa\u00fade Coletiva, com \u00eanfase nos seguintes temas: sa\u00fade coletiva, gest\u00e3o e subjetividade, sa\u00fade mental, planejamento em sa\u00fade e pol\u00edticas p\u00fablicas, avalia\u00e7\u00e3o de pol\u00edticas e servi\u00e7os.<\/div>\n<div class=\"wpipessoa-lattes\"><a href=\"http:\/\/lattes.cnpq.br\/8657239011206899\" target=\"_blank\">Lattes<\/a><\/div>\n<\/div>\n","protected":false},"author":667,"featured_media":0,"parent":0,"menu_order":0,"comment_status":"closed","ping_status":"closed","template":"page-sem-sidebar.php","meta":{"footnotes":""},"class_list":["post-51","page","type-page","status-publish","hentry"],"_links":{"self":[{"href":"https:\/\/wp.ufpel.edu.br\/cipes\/wp-json\/wp\/v2\/pages\/51","targetHints":{"allow":["GET"]}}],"collection":[{"href":"https:\/\/wp.ufpel.edu.br\/cipes\/wp-json\/wp\/v2\/pages"}],"about":[{"href":"https:\/\/wp.ufpel.edu.br\/cipes\/wp-json\/wp\/v2\/types\/page"}],"author":[{"embeddable":true,"href":"https:\/\/wp.ufpel.edu.br\/cipes\/wp-json\/wp\/v2\/users\/667"}],"replies":[{"embeddable":true,"href":"https:\/\/wp.ufpel.edu.br\/cipes\/wp-json\/wp\/v2\/comments?post=51"}],"version-history":[{"count":6,"href":"https:\/\/wp.ufpel.edu.br\/cipes\/wp-json\/wp\/v2\/pages\/51\/revisions"}],"predecessor-version":[{"id":153,"href":"https:\/\/wp.ufpel.edu.br\/cipes\/wp-json\/wp\/v2\/pages\/51\/revisions\/153"}],"wp:attachment":[{"href":"https:\/\/wp.ufpel.edu.br\/cipes\/wp-json\/wp\/v2\/media?parent=51"}],"curies":[{"name":"wp","href":"https:\/\/api.w.org\/{rel}","templated":true}]}}