{"id":39,"date":"2017-07-03T15:35:49","date_gmt":"2017-07-03T18:35:49","guid":{"rendered":"https:\/\/wp.ufpel.edu.br\/cipes\/?page_id=39"},"modified":"2017-08-29T01:49:18","modified_gmt":"2017-08-29T04:49:18","slug":"normas-para-submissao-de-resumos-2","status":"publish","type":"page","link":"https:\/\/wp.ufpel.edu.br\/cipes\/normas-para-submissao-de-resumos-2\/","title":{"rendered":"Normas Para Submiss\u00e3o de Resumos"},"content":{"rendered":"<p>ATEN\u00c7\u00c3O, INSCRI\u00c7\u00d5ES ENCERRADAS!!!<\/p>\n<p style=\"text-align: justify\">O I Congresso Internacional de Pesquisa em Enfermagem e Sa\u00fade aceitar\u00e1 submiss\u00e3o de resumos expandidos a fim do compartilhamento de conhecimento com o meio acad\u00eamico e com a comunidade em geral.<\/p>\n<p>&nbsp;<\/p>\n<p>Para acessar as normas do evento para a confec\u00e7\u00e3o \u00a0do resumo\u00a0<a href=\"https:\/\/wp.ufpel.edu.br\/cipes\/files\/2017\/07\/Normas-para-submiss\u00e3o-de-resumo-1.pdf\">clique aqui.<\/a><\/p>\n<p>&nbsp;<\/p>\n<p style=\"text-align: justify\">A submiss\u00e3o poder\u00e1 ser feita de\u00a005\/07 a 28\/08 via formul\u00e1rio dispon\u00edvel no link\u00a0<a href=\"https:\/\/wp.ufpel.edu.br\/cipes\/submissao-de-resumos\/\">https:\/\/wp.ufpel.edu.br\/cipes\/submissao-de-resumos\/<\/a><\/p>\n<p>&nbsp;<\/p>\n<p><a href=\"https:\/\/wp.ufpel.edu.br\/cipes\/files\/2017\/07\/I-Congresso-Internacional-de-Pesquisa-em-enfermagem-e-sa\u00fade.cdr_word.docx\">Clique aqui<\/a> para visualizar o modelo para a submiss\u00e3o de resumos.<\/p>\n<p>&nbsp;<\/p>\n<p>&nbsp;<\/p>\n","protected":false},"excerpt":{"rendered":"<p>ATEN\u00c7\u00c3O, INSCRI\u00c7\u00d5ES ENCERRADAS!!! O I Congresso Internacional de Pesquisa em Enfermagem e Sa\u00fade aceitar\u00e1 submiss\u00e3o de resumos expandidos a fim do compartilhamento de conhecimento com o meio acad\u00eamico e com a comunidade em geral. &nbsp; Para acessar as normas do evento para a confec\u00e7\u00e3o \u00a0do resumo\u00a0clique aqui. &nbsp; A submiss\u00e3o poder\u00e1 ser feita de\u00a005\/07 a [&hellip;]<\/p>\n","protected":false},"author":667,"featured_media":0,"parent":0,"menu_order":0,"comment_status":"closed","ping_status":"closed","template":"","meta":{"footnotes":""},"class_list":["post-39","page","type-page","status-publish","hentry"],"_links":{"self":[{"href":"https:\/\/wp.ufpel.edu.br\/cipes\/wp-json\/wp\/v2\/pages\/39","targetHints":{"allow":["GET"]}}],"collection":[{"href":"https:\/\/wp.ufpel.edu.br\/cipes\/wp-json\/wp\/v2\/pages"}],"about":[{"href":"https:\/\/wp.ufpel.edu.br\/cipes\/wp-json\/wp\/v2\/types\/page"}],"author":[{"embeddable":true,"href":"https:\/\/wp.ufpel.edu.br\/cipes\/wp-json\/wp\/v2\/users\/667"}],"replies":[{"embeddable":true,"href":"https:\/\/wp.ufpel.edu.br\/cipes\/wp-json\/wp\/v2\/comments?post=39"}],"version-history":[{"count":11,"href":"https:\/\/wp.ufpel.edu.br\/cipes\/wp-json\/wp\/v2\/pages\/39\/revisions"}],"predecessor-version":[{"id":279,"href":"https:\/\/wp.ufpel.edu.br\/cipes\/wp-json\/wp\/v2\/pages\/39\/revisions\/279"}],"wp:attachment":[{"href":"https:\/\/wp.ufpel.edu.br\/cipes\/wp-json\/wp\/v2\/media?parent=39"}],"curies":[{"name":"wp","href":"https:\/\/api.w.org\/{rel}","templated":true}]}}