{"id":286,"date":"2017-08-30T17:54:44","date_gmt":"2017-08-30T20:54:44","guid":{"rendered":"https:\/\/wp.ufpel.edu.br\/cipes\/?page_id=286"},"modified":"2017-09-16T10:36:06","modified_gmt":"2017-09-16T13:36:06","slug":"apresentacao-dos-resumos","status":"publish","type":"page","link":"https:\/\/wp.ufpel.edu.br\/cipes\/apresentacao-dos-resumos\/","title":{"rendered":"Apresenta\u00e7\u00e3o dos Resumos"},"content":{"rendered":"<p>&nbsp;<\/p>\n<p>Aten\u00e7\u00e3o, segue abaixo a lista com hor\u00e1rio das exposi\u00e7\u00f5es dos banners. A exposi\u00e7\u00e3o ocorrer\u00e1 no dia 22\/09 no Campus Anglo, nas depend\u00eancias da Faculdade de Enfermagem. Endere\u00e7o: Rua Gomes Carneiro n\u00ba1, Pelotas &#8211; RS.<\/p>\n<p>Os resumos com melhores notas constam na lista destaques. Estes concorrer\u00e3o a premia\u00e7\u00e3o, sendo premiado o primeiro lugar de cada eixo. Os autores respons\u00e1veis pelos trabalhos dever\u00e3o estar no local as 07:30 para o in\u00edcio das apresenta\u00e7\u00f5es.<\/p>\n<p>Nas listas por eixo tem\u00e1tico est\u00e3o detalhados o box onde o trabalho dever\u00e1 ser exposto, o n\u00famero do resumo (o qual foi enviado junto com a confirma\u00e7\u00e3o da aprova\u00e7\u00e3o), o t\u00edtulo e os autores de cada resumo.<\/p>\n<p>Fiquem atento, pois houve mudan\u00e7a de eixo de alguns trabalhos, conforme sugest\u00e3o dos avaliadores.<\/p>\n<p>&nbsp;<\/p>\n<p><strong><u>LISTA DE EXPOSI\u00c7\u00c3O DOS BANNERS<\/u><\/strong><\/p>\n<p>&nbsp;<\/p>\n<p>&nbsp;<\/p>\n<p><a href=\"https:\/\/wp.ufpel.edu.br\/cipes\/files\/2017\/08\/Box-de-apresenta\u00e7\u00e3o-destaques.pdf\">Box de apresenta\u00e7\u00e3o destaques<\/a><\/p>\n<p><a href=\"https:\/\/wp.ufpel.edu.br\/cipes\/files\/2017\/08\/Box-de-apresenta\u00e7\u00e3o-Banners-Eixo-1.pdf\">Box de apresenta\u00e7\u00e3o Banners Eixo 1<\/a><\/p>\n<p><a href=\"https:\/\/wp.ufpel.edu.br\/cipes\/files\/2017\/08\/Box-de-apresenta\u00e7\u00e3o-Banners-Eixo-2.pdf\">Box de apresenta\u00e7\u00e3o Banners Eixo 2<\/a><\/p>\n<p><a href=\"https:\/\/wp.ufpel.edu.br\/cipes\/files\/2017\/08\/Box-de-apresenta\u00e7\u00e3o-Banners-Eixo-3-1.pdf\">Box de apresenta\u00e7\u00e3o Banners Eixo 3<\/a><\/p>\n<p>&nbsp;<\/p>\n<p>Para acessar o modelo de confec\u00e7\u00e3o do banner, <a href=\"https:\/\/wp.ufpel.edu.br\/cipes\/files\/2017\/08\/Modelo-de-poster-1.ppt\">clique aqui<\/a>.<\/p>\n<p>Se o seu resumo n\u00e3o constar em nenhuma lista, ou houver erros, favor entrar em contato via email: congressopesquisa@gmail.com<\/p>\n","protected":false},"excerpt":{"rendered":"<p>&nbsp; Aten\u00e7\u00e3o, segue abaixo a lista com hor\u00e1rio das exposi\u00e7\u00f5es dos banners. A exposi\u00e7\u00e3o ocorrer\u00e1 no dia 22\/09 no Campus Anglo, nas depend\u00eancias da Faculdade de Enfermagem. Endere\u00e7o: Rua Gomes Carneiro n\u00ba1, Pelotas &#8211; RS. Os resumos com melhores notas constam na lista destaques. Estes concorrer\u00e3o a premia\u00e7\u00e3o, sendo premiado o primeiro lugar de cada [&hellip;]<\/p>\n","protected":false},"author":770,"featured_media":0,"parent":0,"menu_order":0,"comment_status":"closed","ping_status":"closed","template":"","meta":{"footnotes":""},"class_list":["post-286","page","type-page","status-publish","hentry"],"_links":{"self":[{"href":"https:\/\/wp.ufpel.edu.br\/cipes\/wp-json\/wp\/v2\/pages\/286","targetHints":{"allow":["GET"]}}],"collection":[{"href":"https:\/\/wp.ufpel.edu.br\/cipes\/wp-json\/wp\/v2\/pages"}],"about":[{"href":"https:\/\/wp.ufpel.edu.br\/cipes\/wp-json\/wp\/v2\/types\/page"}],"author":[{"embeddable":true,"href":"https:\/\/wp.ufpel.edu.br\/cipes\/wp-json\/wp\/v2\/users\/770"}],"replies":[{"embeddable":true,"href":"https:\/\/wp.ufpel.edu.br\/cipes\/wp-json\/wp\/v2\/comments?post=286"}],"version-history":[{"count":9,"href":"https:\/\/wp.ufpel.edu.br\/cipes\/wp-json\/wp\/v2\/pages\/286\/revisions"}],"predecessor-version":[{"id":320,"href":"https:\/\/wp.ufpel.edu.br\/cipes\/wp-json\/wp\/v2\/pages\/286\/revisions\/320"}],"wp:attachment":[{"href":"https:\/\/wp.ufpel.edu.br\/cipes\/wp-json\/wp\/v2\/media?parent=286"}],"curies":[{"name":"wp","href":"https:\/\/api.w.org\/{rel}","templated":true}]}}