{"id":21,"date":"2017-07-03T14:57:02","date_gmt":"2017-07-03T17:57:02","guid":{"rendered":"https:\/\/wp.ufpel.edu.br\/cipes\/?page_id=21"},"modified":"2017-09-15T23:10:55","modified_gmt":"2017-09-16T02:10:55","slug":"inscricao-geral","status":"publish","type":"page","link":"https:\/\/wp.ufpel.edu.br\/cipes\/inscricao-geral\/","title":{"rendered":"Inscri\u00e7\u00e3o Geral"},"content":{"rendered":"<p>&nbsp;<\/p>\n<p style=\"text-align: justify\">J\u00e1 est\u00e3o abertas as inscri\u00e7\u00f5es no I Congresso Internacional de Pesquisa em Enfermagem e Sa\u00fade. Para efetivar a inscri\u00e7\u00e3o os participantes dever\u00e3o preencher o formul\u00e1rio.<\/p>\n<p>&nbsp;<\/p>\n<p><strong>TAXA DE INSCRI\u00c7\u00c3O<\/strong><\/p>\n<p>O valor das inscri\u00e7\u00f5es est\u00e1 descrito abaixo:<\/p>\n<table style=\"height: 154px\" width=\"630\">\n<tbody>\n<tr>\n<td width=\"132\"><\/td>\n<td width=\"94\">At\u00e9 31\/07<\/td>\n<td width=\"142\">De 01\/08 a 25\/08<\/td>\n<td width=\"236\">De 26\/08 at\u00e9 a data do evento<\/td>\n<\/tr>\n<tr>\n<td width=\"132\">Graduando<\/td>\n<td width=\"94\"><span style=\"text-decoration: line-through\">R$ 40,00<\/span><\/td>\n<td width=\"142\"><span style=\"text-decoration: line-through\">R$ 50,00<\/span><\/td>\n<td width=\"236\"><strong>R$ 80,00<\/strong><\/td>\n<\/tr>\n<tr>\n<td width=\"132\">P\u00f3s-Graduando<\/td>\n<td width=\"94\"><span style=\"text-decoration: line-through\">R$ 60,00<\/span><\/td>\n<td width=\"142\"><span style=\"text-decoration: line-through\">R$ 80,00<\/span><\/td>\n<td width=\"236\"><strong>R$ 120,00<\/strong><\/td>\n<\/tr>\n<tr>\n<td width=\"132\">Profissional<\/td>\n<td width=\"94\"><span style=\"text-decoration: line-through\">R$ 100,00<\/span><\/td>\n<td width=\"142\"><span style=\"text-decoration: line-through\">R$ 120,00<\/span><\/td>\n<td width=\"236\"><strong>R$ 150,00<\/strong><\/td>\n<\/tr>\n<\/tbody>\n<\/table>\n<p>&nbsp;<\/p>\n<p>O pagamento das inscri\u00e7\u00f5es deve ser feito mediante dep\u00f3sito identificado na conta banc\u00e1ria:<\/p>\n<p>Banco Bradesco &#8211; Conta poupan\u00e7a<\/p>\n<p>Ag\u00eancia: 387-5<\/p>\n<p>Conta: 1006593-3<\/p>\n<p>Favorecido: Karine Langmantel Silveira<\/p>\n<p>CPF: 025.041.100-81<\/p>\n<p>&nbsp;<\/p>\n<p><strong>FORMUL\u00c1RIO DE INSCRI\u00c7\u00c3O<\/strong><\/p>\n\n<div class=\"wpcf7 no-js\" id=\"wpcf7-f36-o1\" lang=\"pt-BR\" dir=\"ltr\" data-wpcf7-id=\"36\">\n<div class=\"screen-reader-response\"><p role=\"status\" aria-live=\"polite\" aria-atomic=\"true\"><\/p> <ul><\/ul><\/div>\n<form action=\"\/cipes\/wp-json\/wp\/v2\/pages\/21#wpcf7-f36-o1\" method=\"post\" class=\"wpcf7-form init\" aria-label=\"Formul\u00e1rios de contato\" enctype=\"multipart\/form-data\" novalidate=\"novalidate\" data-status=\"init\">\n<fieldset class=\"hidden-fields-container\"><input type=\"hidden\" name=\"_wpcf7\" value=\"36\" \/><input type=\"hidden\" name=\"_wpcf7_version\" value=\"6.1.4\" \/><input type=\"hidden\" name=\"_wpcf7_locale\" value=\"pt_BR\" \/><input type=\"hidden\" name=\"_wpcf7_unit_tag\" value=\"wpcf7-f36-o1\" \/><input type=\"hidden\" name=\"_wpcf7_container_post\" value=\"0\" \/><input type=\"hidden\" name=\"_wpcf7_posted_data_hash\" value=\"\" \/>\n<\/fieldset>\n<p><label> Seu nome<br \/>\n<span class=\"wpcf7-form-control-wrap\" data-name=\"your-name\"><input size=\"40\" maxlength=\"400\" class=\"wpcf7-form-control wpcf7-text wpcf7-validates-as-required\" aria-required=\"true\" aria-invalid=\"false\" value=\"\" type=\"text\" name=\"your-name\" \/><\/span> <\/label>\n<\/p>\n<p><label> Seu e-mail<br \/>\n<span class=\"wpcf7-form-control-wrap\" data-name=\"your-email\"><input size=\"40\" maxlength=\"400\" class=\"wpcf7-form-control wpcf7-email wpcf7-validates-as-required wpcf7-text wpcf7-validates-as-email\" aria-required=\"true\" aria-invalid=\"false\" value=\"\" type=\"email\" name=\"your-email\" \/><\/span> <\/label>\n<\/p>\n<p><label> Taxa de Inscri\u00e7\u00e3o<br \/>\n<span class=\"wpcf7-form-control-wrap\" data-name=\"taxa_de_inscricao\"><span class=\"wpcf7-form-control wpcf7-radio\"><span class=\"wpcf7-list-item first\"><label><input type=\"radio\" name=\"taxa_de_inscricao\" value=\"Graduando\" checked=\"checked\" \/><span class=\"wpcf7-list-item-label\">Graduando<\/span><\/label><\/span><span class=\"wpcf7-list-item\"><label><input type=\"radio\" name=\"taxa_de_inscricao\" value=\"P\u00f3s-Graduando\" \/><span class=\"wpcf7-list-item-label\">P\u00f3s-Graduando<\/span><\/label><\/span><span class=\"wpcf7-list-item last\"><label><input type=\"radio\" name=\"taxa_de_inscricao\" value=\"Profissional\" \/><span class=\"wpcf7-list-item-label\">Profissional<\/span><\/label><\/span><\/span><\/span><br \/>\n<\/label>\n<\/p>\n<p><span class=\"wpcf7-form-control-wrap\" data-name=\"oficinas\"><select class=\"wpcf7-form-control wpcf7-select\" aria-invalid=\"false\" name=\"oficinas\"><option value=\"Oficina 6 - Narrativas\">Oficina 6 - Narrativas<\/option><option value=\"Oficina 7 - Imagens\">Oficina 7 - Imagens<\/option><option value=\"Oficina 8\">Oficina 8<\/option><option value=\"Oficina 9 - Photovoice\">Oficina 9 - Photovoice<\/option><\/select><\/span>\n<\/p>\n<p><label> Comprovante de dep\u00f3sito<br \/>\n<span class=\"wpcf7-form-control-wrap\" data-name=\"comprovante\"><input size=\"40\" class=\"wpcf7-form-control wpcf7-file wpcf7-validates-as-required\" accept=\".doc,.docx,.pdf,.jpg,.jpeg,.tiff,.webp,.svg,.png\" aria-required=\"true\" aria-invalid=\"false\" type=\"file\" name=\"comprovante\" \/><\/span><br \/>\n<\/label>\n<\/p>\n<p><label> Comprovante de matr\u00edcula (obrigat\u00f3rio para Graduandos e P\u00f3s-Graduandos)<br \/>\n<span class=\"wpcf7-form-control-wrap\" data-name=\"matricula\"><input size=\"40\" class=\"wpcf7-form-control wpcf7-file\" accept=\".doc,.docx,.pdf,.jpg,.jpeg,.tiff,.webp,.svg,.png\" aria-invalid=\"false\" type=\"file\" name=\"matricula\" \/><\/span><br \/>\n<\/label>\n<\/p>\n<p><input class=\"wpcf7-form-control wpcf7-submit has-spinner\" type=\"submit\" value=\"Solicitar Inscri\u00e7\u00e3o\" \/>\n<\/p><p style=\"display: none !important;\" class=\"akismet-fields-container\" data-prefix=\"_wpcf7_ak_\"><label>&#916;<textarea name=\"_wpcf7_ak_hp_textarea\" cols=\"45\" rows=\"8\" maxlength=\"100\"><\/textarea><\/label><input type=\"hidden\" id=\"ak_js_1\" name=\"_wpcf7_ak_js\" value=\"102\"\/><script>document.getElementById( \"ak_js_1\" ).setAttribute( \"value\", ( new Date() ).getTime() );<\/script><\/p><div class=\"wpcf7-response-output\" aria-hidden=\"true\"><\/div>\n<\/form>\n<\/div>\n\n<p>&nbsp;<\/p>\n<p><strong>OFICINAS COM INSCRI\u00c7\u00d5ES ESGOTADAS\u00a0<\/strong><\/p>\n<p>Oficina 1 &#8211; Pr\u00e1ticas baseadas em Evid\u00eancias<\/p>\n<p>Oficina 2 &#8211; Hist\u00f3ria Oral<\/p>\n<p>Oficina 3 &#8211; Entrevista<\/p>\n<p>Oficina 4 &#8211; Etnografia<\/p>\n<p>Oficina 5 &#8211; Pesquisa Qualitativa e suas contribui\u00e7\u00f5es para a ci\u00eancias sociais: A Observa\u00e7\u00e3o Participante<\/p>\n<p>Oficina 8 &#8211; An\u00e1lise do discurso<\/p>\n<p>Oficina 10 &#8211; Pesquisa Participativa\/Avaliativa<\/p>\n<p>Oficina 11 &#8211; Epidemiologia<\/p>\n<p>&nbsp;<\/p>\n","protected":false},"excerpt":{"rendered":"<p>&nbsp; J\u00e1 est\u00e3o abertas as inscri\u00e7\u00f5es no I Congresso Internacional de Pesquisa em Enfermagem e Sa\u00fade. Para efetivar a inscri\u00e7\u00e3o os participantes dever\u00e3o preencher o formul\u00e1rio. &nbsp; TAXA DE INSCRI\u00c7\u00c3O O valor das inscri\u00e7\u00f5es est\u00e1 descrito abaixo: At\u00e9 31\/07 De 01\/08 a 25\/08 De 26\/08 at\u00e9 a data do evento Graduando R$ 40,00 R$ 50,00 [&hellip;]<\/p>\n","protected":false},"author":667,"featured_media":0,"parent":0,"menu_order":0,"comment_status":"closed","ping_status":"closed","template":"","meta":{"footnotes":""},"class_list":["post-21","page","type-page","status-publish","hentry"],"_links":{"self":[{"href":"https:\/\/wp.ufpel.edu.br\/cipes\/wp-json\/wp\/v2\/pages\/21","targetHints":{"allow":["GET"]}}],"collection":[{"href":"https:\/\/wp.ufpel.edu.br\/cipes\/wp-json\/wp\/v2\/pages"}],"about":[{"href":"https:\/\/wp.ufpel.edu.br\/cipes\/wp-json\/wp\/v2\/types\/page"}],"author":[{"embeddable":true,"href":"https:\/\/wp.ufpel.edu.br\/cipes\/wp-json\/wp\/v2\/users\/667"}],"replies":[{"embeddable":true,"href":"https:\/\/wp.ufpel.edu.br\/cipes\/wp-json\/wp\/v2\/comments?post=21"}],"version-history":[{"count":25,"href":"https:\/\/wp.ufpel.edu.br\/cipes\/wp-json\/wp\/v2\/pages\/21\/revisions"}],"predecessor-version":[{"id":318,"href":"https:\/\/wp.ufpel.edu.br\/cipes\/wp-json\/wp\/v2\/pages\/21\/revisions\/318"}],"wp:attachment":[{"href":"https:\/\/wp.ufpel.edu.br\/cipes\/wp-json\/wp\/v2\/media?parent=21"}],"curies":[{"name":"wp","href":"https:\/\/api.w.org\/{rel}","templated":true}]}}