{"id":15,"date":"2017-07-03T14:55:12","date_gmt":"2017-07-03T17:55:12","guid":{"rendered":"https:\/\/wp.ufpel.edu.br\/cipes\/?page_id=15"},"modified":"2017-08-14T10:47:32","modified_gmt":"2017-08-14T13:47:32","slug":"programacao","status":"publish","type":"page","link":"https:\/\/wp.ufpel.edu.br\/cipes\/programacao\/","title":{"rendered":"Programa\u00e7\u00e3o"},"content":{"rendered":"<p>&nbsp;<\/p>\n<p style=\"text-align: justify\">O I Congresso Internacional de Pesquisa em Enfermagem e Sa\u00fade, organizado pela Faculdade de Enfermagem da Universidade Federal de Pelotas, ocorrer\u00e1 nos dias 21 e 22 de setembro na cidade de Pelotas &#8211; RS.<\/p>\n<p style=\"text-align: justify\">Contar\u00e1 Com a Presen\u00e7a de Congressistas nacionais e internacionais. Possibilitar\u00e1 o compartilhamento de experi\u00eancias por meio de oficinas, confer\u00eancias e espa\u00e7os para apresenta\u00e7\u00e3o de trabalhos acad\u00eamicos.<\/p>\n<p>Para acessar a programa\u00e7\u00e3o completa do evento <a href=\"https:\/\/wp.ufpel.edu.br\/cipes\/files\/2017\/07\/Programa\u00e7\u00e3o-do-evento-6.pdf\">clique aqui.<\/a><\/p>\n<p>&nbsp;<\/p>\n","protected":false},"excerpt":{"rendered":"<p>&nbsp; O I Congresso Internacional de Pesquisa em Enfermagem e Sa\u00fade, organizado pela Faculdade de Enfermagem da Universidade Federal de Pelotas, ocorrer\u00e1 nos dias 21 e 22 de setembro na cidade de Pelotas &#8211; RS. Contar\u00e1 Com a Presen\u00e7a de Congressistas nacionais e internacionais. Possibilitar\u00e1 o compartilhamento de experi\u00eancias por meio de oficinas, confer\u00eancias e [&hellip;]<\/p>\n","protected":false},"author":667,"featured_media":0,"parent":0,"menu_order":0,"comment_status":"closed","ping_status":"closed","template":"","meta":{"footnotes":""},"class_list":["post-15","page","type-page","status-publish","hentry"],"_links":{"self":[{"href":"https:\/\/wp.ufpel.edu.br\/cipes\/wp-json\/wp\/v2\/pages\/15","targetHints":{"allow":["GET"]}}],"collection":[{"href":"https:\/\/wp.ufpel.edu.br\/cipes\/wp-json\/wp\/v2\/pages"}],"about":[{"href":"https:\/\/wp.ufpel.edu.br\/cipes\/wp-json\/wp\/v2\/types\/page"}],"author":[{"embeddable":true,"href":"https:\/\/wp.ufpel.edu.br\/cipes\/wp-json\/wp\/v2\/users\/667"}],"replies":[{"embeddable":true,"href":"https:\/\/wp.ufpel.edu.br\/cipes\/wp-json\/wp\/v2\/comments?post=15"}],"version-history":[{"count":9,"href":"https:\/\/wp.ufpel.edu.br\/cipes\/wp-json\/wp\/v2\/pages\/15\/revisions"}],"predecessor-version":[{"id":267,"href":"https:\/\/wp.ufpel.edu.br\/cipes\/wp-json\/wp\/v2\/pages\/15\/revisions\/267"}],"wp:attachment":[{"href":"https:\/\/wp.ufpel.edu.br\/cipes\/wp-json\/wp\/v2\/media?parent=15"}],"curies":[{"name":"wp","href":"https:\/\/api.w.org\/{rel}","templated":true}]}}