{"id":945,"date":"2025-07-08T22:55:47","date_gmt":"2025-07-09T01:55:47","guid":{"rendered":"https:\/\/wp.ufpel.edu.br\/cineufpel\/?page_id=945"},"modified":"2025-07-09T16:02:51","modified_gmt":"2025-07-09T19:02:51","slug":"cineclubes-2","status":"publish","type":"page","link":"https:\/\/wp.ufpel.edu.br\/cineufpel\/cineclubes-2\/","title":{"rendered":"Cineclubes"},"content":{"rendered":"<p><a href=\"https:\/\/www.facebook.com\/cineclubezeroquatro\/\"><img loading=\"lazy\" decoding=\"async\" class=\"wp-image-266 size-thumbnail aligncenter\" src=\"https:\/\/wp.ufpel.edu.br\/cineufpel\/files\/2025\/07\/Logo-Zero4-Fundo-Preto.png\" alt=\"\" width=\"159\" height=\"155\" data-wp-editing=\"1\" \/><\/a><\/p>\n<p>&nbsp;<\/p>\n<p>Continua\u00e7\u00e3o de seu antecessor, o Zero 3 Cineclube, tamb\u00e9m tem por objetivo trazer a comunidade filmes de dif\u00edcil acesso e debates sobre os seus valores na cinematografia.<\/p>\n<p>&nbsp;<\/p>\n<p><a href=\"https:\/\/www.instagram.com\/cine.cassiopeia.ufpel\/\"><img loading=\"lazy\" decoding=\"async\" class=\"wp-image-248 size-medium aligncenter\" src=\"https:\/\/wp.ufpel.edu.br\/cineufpel\/files\/2018\/10\/cineclube-cassiopeia-424x156.png\" alt=\"\" width=\"424\" height=\"155\" srcset=\"https:\/\/wp.ufpel.edu.br\/cineufpel\/files\/2018\/10\/cineclube-cassiopeia-424x156.png 424w, https:\/\/wp.ufpel.edu.br\/cineufpel\/files\/2018\/10\/cineclube-cassiopeia-212x78.png 212w, https:\/\/wp.ufpel.edu.br\/cineufpel\/files\/2018\/10\/cineclube-cassiopeia-768x283.png 768w, https:\/\/wp.ufpel.edu.br\/cineufpel\/files\/2018\/10\/cineclube-cassiopeia-542x200.png 542w, https:\/\/wp.ufpel.edu.br\/cineufpel\/files\/2018\/10\/cineclube-cassiopeia.png 849w\" sizes=\"auto, (max-width: 424px) 100vw, 424px\" \/><\/a><\/p>\n<p>&nbsp;<\/p>\n<p>O Cineclube Cassiopeia foi criado pra divulgar anima\u00e7\u00f5es que nem sempre conseguem chegar \u00e0s salas de cinema e tamb\u00e9m promover debates sobre tais filmes.<\/p>\n<p>&nbsp;<\/p>\n<p><a href=\"https:\/\/www.instagram.com\/cine.repulsa\/\"><img loading=\"lazy\" decoding=\"async\" class=\"wp-image-248 aligncenter\" src=\"https:\/\/wp.ufpel.edu.br\/cineufpel\/files\/2025\/07\/WhatsApp-Image-2025-03-07-at-15.23.44.jpeg\" alt=\"\" width=\"249\" height=\"155\" \/><\/a><\/p>\n<p>&nbsp;<\/p>\n<p>Cineclube de Horror.<\/p>\n<p>&nbsp;<\/p>\n<p><a href=\"https:\/\/www.instagram.com\/cineclube_antiquario\/\"><img loading=\"lazy\" decoding=\"async\" class=\"wp-image-266 size-thumbnail aligncenter\" src=\"https:\/\/wp.ufpel.edu.br\/cineufpel\/files\/2025\/07\/ANTIQUARIO.jpeg\" alt=\"\" width=\"159\" height=\"155\" \/><\/a><\/p>\n<p>&nbsp;<\/p>\n<p>A casa do melhor do cinema cl\u00e1ssico. Cineclube dedicado a filmes pr\u00e9-1970.<\/p>\n","protected":false},"excerpt":{"rendered":"<p>&nbsp; Continua\u00e7\u00e3o de seu antecessor, o Zero 3 Cineclube, tamb\u00e9m tem por objetivo trazer a comunidade filmes de dif\u00edcil acesso e debates sobre os seus valores na cinematografia. &nbsp; &nbsp; O Cineclube Cassiopeia foi criado pra divulgar anima\u00e7\u00f5es que nem&#8230; <a class=\"more-link\" href=\"https:\/\/wp.ufpel.edu.br\/cineufpel\/cineclubes-2\/\">Continue lendo &rarr;<\/a><\/p>\n","protected":false},"author":721,"featured_media":0,"parent":0,"menu_order":0,"comment_status":"closed","ping_status":"closed","template":"","meta":{"jetpack_post_was_ever_published":false,"footnotes":""},"class_list":["post-945","page","type-page","status-publish","hentry"],"jetpack_sharing_enabled":true,"jetpack_shortlink":"https:\/\/wp.me\/P8Lz44-ff","_links":{"self":[{"href":"https:\/\/wp.ufpel.edu.br\/cineufpel\/wp-json\/wp\/v2\/pages\/945","targetHints":{"allow":["GET"]}}],"collection":[{"href":"https:\/\/wp.ufpel.edu.br\/cineufpel\/wp-json\/wp\/v2\/pages"}],"about":[{"href":"https:\/\/wp.ufpel.edu.br\/cineufpel\/wp-json\/wp\/v2\/types\/page"}],"author":[{"embeddable":true,"href":"https:\/\/wp.ufpel.edu.br\/cineufpel\/wp-json\/wp\/v2\/users\/721"}],"replies":[{"embeddable":true,"href":"https:\/\/wp.ufpel.edu.br\/cineufpel\/wp-json\/wp\/v2\/comments?post=945"}],"version-history":[{"count":3,"href":"https:\/\/wp.ufpel.edu.br\/cineufpel\/wp-json\/wp\/v2\/pages\/945\/revisions"}],"predecessor-version":[{"id":984,"href":"https:\/\/wp.ufpel.edu.br\/cineufpel\/wp-json\/wp\/v2\/pages\/945\/revisions\/984"}],"wp:attachment":[{"href":"https:\/\/wp.ufpel.edu.br\/cineufpel\/wp-json\/wp\/v2\/media?parent=945"}],"curies":[{"name":"wp","href":"https:\/\/api.w.org\/{rel}","templated":true}]}}