{"id":963,"date":"2021-01-26T09:04:21","date_gmt":"2021-01-26T12:04:21","guid":{"rendered":"https:\/\/wp.ufpel.edu.br\/cinema\/?page_id=963"},"modified":"2024-06-01T11:39:29","modified_gmt":"2024-06-01T14:39:29","slug":"documentos","status":"publish","type":"page","link":"https:\/\/wp.ufpel.edu.br\/cinema\/documentos\/","title":{"rendered":"docs"},"content":{"rendered":"<p><span style=\"color: #999999;\">\u25ba acesse [+] para expandir os t\u00f3picos.<\/span><\/p>\n<p><span style=\"font-size: 18pt; color: #2ed6de;\">\u00a0 \u00a0 BASES LEGAIS<\/span><\/p>\n<span class=\"collapseomatic \" id=\"id69d6a6bed26c3\"  tabindex=\"0\" title=\"\"    ><\/span><div id=\"target-id69d6a6bed26c3\" class=\"collapseomatic_content \">\n<ul>\n<li><a href=\"http:\/\/www.planalto.gov.br\/ccivil_03\/leis\/l9795.htm\" target=\"_blank\" rel=\"noopener noreferrer\">Pol\u00edtica Nacional de Educa\u00e7\u00e3o Ambiental (abr\/1999)<\/a><\/li>\n<li><a href=\"http:\/\/www.planalto.gov.br\/ccivil_03\/_ato2004-2006\/2004\/lei\/l10.861.htm\" target=\"_blank\" rel=\"noopener noreferrer\">Sistema Nacional de Avalia\u00e7\u00e3o da Educa\u00e7\u00e3o Superior (abr\/2004)<\/a><\/li>\n<li><a href=\"http:\/\/portal.mec.gov.br\/cne\/arquivos\/pdf\/rces10_06.pdf\" target=\"_blank\" rel=\"noopener noreferrer\">Diretrizes Curriculares Nacionais para os Cursos de Cinema e Audiovisual (jun\/2006)<\/a><\/li>\n<li><a href=\"http:\/\/portal.mec.gov.br\/index.php?option=com_docman&amp;view=download&amp;alias=16872-res-cne-ces-002-18062007&amp;category_slug=janeiro-2015-pdf&amp;Itemid=30192\" target=\"_blank\" rel=\"noopener noreferrer\">Carga hor\u00e1ria m\u00ednima e integraliza\u00e7\u00e3o e dura\u00e7\u00e3o dos bacharelados (jun\/2007)<\/a><\/li>\n<li><a href=\"http:\/\/www.planalto.gov.br\/ccivil_03\/_ato2007-2010\/2008\/lei\/l11788.htm\" target=\"_blank\" rel=\"noopener noreferrer\">Lei do Est\u00e1gio (set\/2008)<\/a><\/li>\n<li><a href=\"http:\/\/www.planalto.gov.br\/ccivil_03\/_ato2011-2014\/2012\/lei\/l12711.htm\" target=\"_blank\" rel=\"noopener noreferrer\">Pol\u00edticas Afirmativas no ingresso nas IFES brasileiras (ago\/2012)<\/a><\/li>\n<li><a href=\"http:\/\/portal.mec.gov.br\/index.php?option=com_docman&amp;view=download&amp;alias=104251-rces007-18&amp;category_slug=dezembro-2018-pdf&amp;Itemid=30192\" target=\"_blank\" rel=\"noopener noreferrer\">Diretrizes para a Extens\u00e3o na Educa\u00e7\u00e3o Superior Brasileira (dez\/2018)<\/a><\/li>\n<\/ul>\n<\/div>\n<p><span style=\"font-size: 18pt; color: #2ed6de;\">\u00a0 \u00a0 UFPEL<\/span><\/p>\n<span class=\"collapseomatic \" id=\"id69d6a6bed2759\"  tabindex=\"0\" title=\"\"    ><\/span><div id=\"target-id69d6a6bed2759\" class=\"collapseomatic_content \">\n<ul>\n<li><a href=\"https:\/\/wp.ufpel.edu.br\/scs\/estatuto\/\" target=\"_blank\" rel=\"noopener noreferrer\">Estatuto da Universidade Federal de Pelotas<\/a><\/li>\n<li><a href=\"https:\/\/wp.ufpel.edu.br\/scs\/regimento\/\" target=\"_blank\" rel=\"noopener noreferrer\">Regimento Geral da Universidade Federal de Pelotas<\/a><\/li>\n<li><a href=\"https:\/\/wp.ufpel.edu.br\/scs\/pdi\/\" target=\"_blank\" rel=\"noopener noreferrer\">Plano de Desenvolvimento Institucional da UFPEL<\/a><\/li>\n<li><a href=\"https:\/\/wp.ufpel.edu.br\/scs\/files\/2010\/08\/2009_04.pdf\" target=\"_blank\" rel=\"noopener noreferrer\">Realiza\u00e7\u00e3o de est\u00e1gios obrigat\u00f3rios e n\u00e3o-obrigat\u00f3rios<\/a><\/li>\n<li><a href=\"https:\/\/wp.ufpel.edu.br\/cec\/files\/2013\/04\/estagio_na_ufpel.pdf\" target=\"_blank\" rel=\"noopener noreferrer\">Manual do Est\u00e1gio na UFPEL<\/a><\/li>\n<\/ul>\n<\/div>\n<p><span style=\"font-size: 18pt; color: #2ed6de;\">\u00a0 \u00a0 CINEMA UFPEL<\/span><\/p>\n<span class=\"collapseomatic \" id=\"id69d6a6bed277f\"  tabindex=\"0\" title=\"\"    ><\/span><div id=\"target-id69d6a6bed277f\" class=\"collapseomatic_content \">\n<ul>\n<li><a href=\"https:\/\/wp.ufpel.edu.br\/cinema\/equipamentos\/\" target=\"_blank\" rel=\"noopener noreferrer\">Normas de empr\u00e9stimo para equipamentos<\/a><\/li>\n<li><a href=\"https:\/\/wp.ufpel.edu.br\/cinema\/normas\/\" target=\"_blank\" rel=\"noopener noreferrer\">Normas de Realiza\u00e7\u00e3o Audiovisual\u00a0<\/a><\/li>\n<li><a href=\"https:\/\/wp.ufpel.edu.br\/cinema\/estagios\/\" target=\"_blank\" rel=\"noopener noreferrer\">Est\u00e1gios (ambos os cursos)<\/a><\/li>\n<li><a href=\"https:\/\/wp.ufpel.edu.br\/cinema\/normas-tcct\/\" target=\"_blank\" rel=\"noopener noreferrer\">Normas do TCC Te\u00f3rico (ambos os cursos)<\/a><\/li>\n<li><a href=\"https:\/\/wp.ufpel.edu.br\/cinema\/normas-tccp\/\" target=\"_blank\" rel=\"noopener noreferrer\">Normas do TCC Pr\u00e1tico (ambos os cursos)<\/a><\/li>\n<li><a href=\"https:\/\/l.ufpel.edu.br\/fluxo\" target=\"_blank\" rel=\"noopener noreferrer\">Fluxo de Entrega de Produtos Audiovisuais (jan\/2021)<\/a><\/li>\n<\/ul>\n<\/div>\n","protected":false},"excerpt":{"rendered":"<p>\u25ba acesse [+] para expandir os t\u00f3picos. \u00a0 \u00a0 BASES LEGAIS \u00a0 \u00a0 UFPEL \u00a0 \u00a0 CINEMA UFPEL<\/p>\n","protected":false},"author":573,"featured_media":0,"parent":0,"menu_order":0,"comment_status":"closed","ping_status":"closed","template":"template-fullwidth.php","meta":{"footnotes":""},"class_list":["post-963","page","type-page","status-publish","hentry"],"_links":{"self":[{"href":"https:\/\/wp.ufpel.edu.br\/cinema\/wp-json\/wp\/v2\/pages\/963","targetHints":{"allow":["GET"]}}],"collection":[{"href":"https:\/\/wp.ufpel.edu.br\/cinema\/wp-json\/wp\/v2\/pages"}],"about":[{"href":"https:\/\/wp.ufpel.edu.br\/cinema\/wp-json\/wp\/v2\/types\/page"}],"author":[{"embeddable":true,"href":"https:\/\/wp.ufpel.edu.br\/cinema\/wp-json\/wp\/v2\/users\/573"}],"replies":[{"embeddable":true,"href":"https:\/\/wp.ufpel.edu.br\/cinema\/wp-json\/wp\/v2\/comments?post=963"}],"version-history":[{"count":8,"href":"https:\/\/wp.ufpel.edu.br\/cinema\/wp-json\/wp\/v2\/pages\/963\/revisions"}],"predecessor-version":[{"id":2230,"href":"https:\/\/wp.ufpel.edu.br\/cinema\/wp-json\/wp\/v2\/pages\/963\/revisions\/2230"}],"wp:attachment":[{"href":"https:\/\/wp.ufpel.edu.br\/cinema\/wp-json\/wp\/v2\/media?parent=963"}],"curies":[{"name":"wp","href":"https:\/\/api.w.org\/{rel}","templated":true}]}}