{"id":40,"date":"2021-01-09T17:29:24","date_gmt":"2021-01-09T20:29:24","guid":{"rendered":"https:\/\/wp.ufpel.edu.br\/cinema\/?page_id=40"},"modified":"2026-03-11T20:25:56","modified_gmt":"2026-03-11T23:25:56","slug":"cursos","status":"publish","type":"page","link":"https:\/\/wp.ufpel.edu.br\/cinema\/cursos\/","title":{"rendered":"cursos"},"content":{"rendered":"<div class=\"cursos_container\">\n<p><img decoding=\"async\" src=\"https:\/\/wp.ufpel.edu.br\/cinema\/files\/2021\/01\/animacao_gif.gif\" \/><\/p>\n<h2>cinema de anima\u00e7\u00e3o<\/h2>\n<p><span style=\"color: #999999;\">\u25ba Reconhecido pelo MEC <span style=\"border-radius: 20px; background-color: #eee; width: 0; padding: 5px 10px 5px 10px; color: #57d6df;\"><strong>CC (2023) 4<\/strong><\/span><\/span><\/p>\n<p>O Bacharelado em Cinema de Anima\u00e7\u00e3o tem a <strong>dura\u00e7\u00e3o de 4 anos (8 semestres) com o total de 2730 horas<\/strong> e visa formar profissionais para o mercado audiovisual brasileiro, <strong>incluindo o campo art\u00edstico do cinema<\/strong> e tamb\u00e9m toda a <strong>produ\u00e7\u00e3o de conte\u00fado audiovisual animado para televis\u00e3o\/streaming<\/strong>. As\/os estudantes tamb\u00e9m tomam contato com outras m\u00eddias pertencentes a esse mercado, como os games e a <em>extended reality <\/em>(XR).<\/p>\n<p>A forma\u00e7\u00e3o \u00e9 centrada em um di\u00e1logo te\u00f3rico\/pr\u00e1tico que perpassa imagem e som nos <strong>tr\u00eas grandes grupos das t\u00e9cnicas de anima\u00e7\u00e3o:<\/strong> (1) anima\u00e7\u00e3o 2D, incluindo frame-a-frame e cut-out avan\u00e7ado, (2) anima\u00e7\u00e3o 3D, incluindo modelagem, rigging, ilumina\u00e7\u00e3o\/<em>shading<\/em> e texturiza\u00e7\u00e3o e (3) stop-motion, incluindo diversas possibilidades de materiais. O curso tamb\u00e9m oferece forma\u00e7\u00e3o para compet\u00eancias t\u00e9cnicas espec\u00edficas, como storyboard, efeitos visuais (VFX) e games.<\/p>\n<p>Existe um planejamento, por semestre, de di\u00e1logo entre as disciplinas para <strong>realiza\u00e7\u00e3o conjunta de um \u00fanico produto audiovisual chamado de horizontalidade<\/strong>. A\/o estudante produz um <strong>trabalho de conclus\u00e3o de curso pr\u00e1tico e outro te\u00f3rico (opcional) e realiza est\u00e1gio obrigat\u00f3rio<\/strong> durante o percurso acad\u00eamico. Com tal proposta, o curso teve seu <strong>primeiro ingresso no ano de 2010<\/strong>, mas a forma\u00e7\u00e3o em <strong>cinema de anima\u00e7\u00e3o na UFPEL teve seu in\u00edcio em 2007<\/strong>, com a proposta do curso de cinema e anima\u00e7\u00e3o.<\/p>\n<p>&nbsp;<\/p>\n<p><strong>Infogr\u00e1fico de integraliza\u00e7\u00e3o (formatura) do curso:<\/strong><\/p>\n<p><img loading=\"lazy\" decoding=\"async\" class=\"alignnone size-full wp-image-2719\" src=\"https:\/\/wp.ufpel.edu.br\/cinema\/files\/2026\/03\/grafico_5020-scaled.png\" alt=\"\" width=\"2560\" height=\"1318\" srcset=\"https:\/\/wp.ufpel.edu.br\/cinema\/files\/2026\/03\/grafico_5020-scaled.png 2560w, https:\/\/wp.ufpel.edu.br\/cinema\/files\/2026\/03\/grafico_5020-400x206.png 400w, https:\/\/wp.ufpel.edu.br\/cinema\/files\/2026\/03\/grafico_5020-1024x527.png 1024w, https:\/\/wp.ufpel.edu.br\/cinema\/files\/2026\/03\/grafico_5020-768x395.png 768w, https:\/\/wp.ufpel.edu.br\/cinema\/files\/2026\/03\/grafico_5020-1536x791.png 1536w, https:\/\/wp.ufpel.edu.br\/cinema\/files\/2026\/03\/grafico_5020-2048x1055.png 2048w, https:\/\/wp.ufpel.edu.br\/cinema\/files\/2026\/03\/grafico_5020-600x309.png 600w, https:\/\/wp.ufpel.edu.br\/cinema\/files\/2026\/03\/grafico_5020-945x487.png 945w\" sizes=\"auto, (max-width: 2560px) 100vw, 2560px\" \/><\/p>\n<p><a href=\"https:\/\/wp.ufpel.edu.br\/cinema\/#\">\u25ba<\/a><a href=\"https:\/\/institucional.ufpel.edu.br\/cursos\/cod\/5020\" target=\"_blank\" rel=\"noopener noreferrer\">Saiba mais no Portal Institucional da UFPEL.<\/a><\/p>\n<\/div>\n<div class=\"cursos_container\">\n<p><img decoding=\"async\" src=\"https:\/\/wp.ufpel.edu.br\/cinema\/files\/2021\/01\/liveaction_gif.gif\" \/><\/p>\n<h2>cinema e audiovisual<\/h2>\n<p><span style=\"color: #999999;\">\u25ba Reconhecido pelo MEC <span style=\"border-radius: 20px; background-color: #eee; width: 0; padding: 5px 10px 5px 10px; color: #57d6df;\"><strong>CC (2025) 4<\/strong><\/span><\/span><\/p>\n<p>O Bacharelado em Cinema e Audiovisual tem a <strong>dura\u00e7\u00e3o de 4 anos (8 semestres) com o total de 2760 horas<\/strong>\u00a0e visa formar profissionais para o mercado audiovisual brasileiro, <strong>incluindo o campo art\u00edstico do cinema<\/strong> e tamb\u00e9m toda a <strong>produ\u00e7\u00e3o de conte\u00fado audiovisual para televis\u00e3o\/streaming<\/strong>. A forma\u00e7\u00e3o \u00e9 centrada em um di\u00e1logo te\u00f3rico\/pr\u00e1tico que perpassa conhecimentos da <strong>produ\u00e7\u00e3o de imagem-c\u00e2mera (ou <em>live-action<\/em>) e do som<\/strong> para conte\u00fado ficcional ou documental, experimentais, videoclipes e outros formatos advindos do mercado audiovisual.<\/p>\n<p>Nas disciplinas, <strong>constam as principais \u00e1reas da forma\u00e7\u00e3o regular<\/strong> em cinema e audiovisual. Tamb\u00e9m integram o percurso <strong>\u00e1reas t\u00e9cnicas espec\u00edficas, conhecimentos de forma\u00e7\u00e3o human\u00edstica<\/strong> e um <strong>eixo de hist\u00f3ria, preserva\u00e7\u00e3o, teoria e cr\u00edtica de cinema.<\/strong><\/p>\n<p>Existe um planejamento, por semestre, de di\u00e1logo entre as disciplinas para <strong>realiza\u00e7\u00e3o conjunta de um \u00fanico produto audiovisual chamado de horizontalidade.<\/strong> A\/o estudante produz um <strong>trabalho de conclus\u00e3o de curso pr\u00e1tico e outro te\u00f3rico (opcional) e realiza est\u00e1gio obrigat\u00f3rio<\/strong> durante o percurso acad\u00eamico. Com tal proposta, o curso teve seu <strong>primeiro ingresso no ano de 2011<\/strong>, mas a forma\u00e7\u00e3o em cinema e audiovisual na UFPEL teve seu in\u00edcio em 2007, com a proposta do curso de cinema e anima\u00e7\u00e3o, que originou as duas forma\u00e7\u00f5es ofertadas no presente momento.<\/p>\n<p>&nbsp;<\/p>\n<p><strong>Infogr\u00e1fico de integraliza\u00e7\u00e3o (formatura) do curso:<\/strong><\/p>\n<p><img loading=\"lazy\" decoding=\"async\" class=\"alignnone size-full wp-image-2734\" src=\"https:\/\/wp.ufpel.edu.br\/cinema\/files\/2026\/03\/grafico_5010-scaled.png\" alt=\"\" width=\"2560\" height=\"1318\" srcset=\"https:\/\/wp.ufpel.edu.br\/cinema\/files\/2026\/03\/grafico_5010-scaled.png 2560w, https:\/\/wp.ufpel.edu.br\/cinema\/files\/2026\/03\/grafico_5010-400x206.png 400w, https:\/\/wp.ufpel.edu.br\/cinema\/files\/2026\/03\/grafico_5010-1024x527.png 1024w, https:\/\/wp.ufpel.edu.br\/cinema\/files\/2026\/03\/grafico_5010-768x395.png 768w, https:\/\/wp.ufpel.edu.br\/cinema\/files\/2026\/03\/grafico_5010-1536x791.png 1536w, https:\/\/wp.ufpel.edu.br\/cinema\/files\/2026\/03\/grafico_5010-2048x1055.png 2048w, https:\/\/wp.ufpel.edu.br\/cinema\/files\/2026\/03\/grafico_5010-600x309.png 600w, https:\/\/wp.ufpel.edu.br\/cinema\/files\/2026\/03\/grafico_5010-945x487.png 945w\" sizes=\"auto, (max-width: 2560px) 100vw, 2560px\" \/><\/p>\n<p><a href=\"https:\/\/wp.ufpel.edu.br\/cinema\/#\">\u25ba<\/a><a href=\"https:\/\/institucional.ufpel.edu.br\/cursos\/cod\/5010\" target=\"_blank\" rel=\"noopener noreferrer\">Saiba mais no Portal Institucional da UFPEL.<\/a><\/p>\n<\/div>\n","protected":false},"excerpt":{"rendered":"<p>cinema de anima\u00e7\u00e3o \u25ba Reconhecido pelo MEC CC (2023) 4 O Bacharelado em Cinema de Anima\u00e7\u00e3o tem a dura\u00e7\u00e3o de 4 anos (8 semestres) com o total de 2730 horas e visa formar profissionais para o mercado audiovisual brasileiro, incluindo&#8230; <a class=\"more-link\" href=\"https:\/\/wp.ufpel.edu.br\/cinema\/cursos\/\">Continue lendo &rarr;<\/a><\/p>\n","protected":false},"author":573,"featured_media":0,"parent":0,"menu_order":0,"comment_status":"closed","ping_status":"closed","template":"template-fullwidth.php","meta":{"footnotes":""},"class_list":["post-40","page","type-page","status-publish","hentry"],"_links":{"self":[{"href":"https:\/\/wp.ufpel.edu.br\/cinema\/wp-json\/wp\/v2\/pages\/40","targetHints":{"allow":["GET"]}}],"collection":[{"href":"https:\/\/wp.ufpel.edu.br\/cinema\/wp-json\/wp\/v2\/pages"}],"about":[{"href":"https:\/\/wp.ufpel.edu.br\/cinema\/wp-json\/wp\/v2\/types\/page"}],"author":[{"embeddable":true,"href":"https:\/\/wp.ufpel.edu.br\/cinema\/wp-json\/wp\/v2\/users\/573"}],"replies":[{"embeddable":true,"href":"https:\/\/wp.ufpel.edu.br\/cinema\/wp-json\/wp\/v2\/comments?post=40"}],"version-history":[{"count":4,"href":"https:\/\/wp.ufpel.edu.br\/cinema\/wp-json\/wp\/v2\/pages\/40\/revisions"}],"predecessor-version":[{"id":2743,"href":"https:\/\/wp.ufpel.edu.br\/cinema\/wp-json\/wp\/v2\/pages\/40\/revisions\/2743"}],"wp:attachment":[{"href":"https:\/\/wp.ufpel.edu.br\/cinema\/wp-json\/wp\/v2\/media?parent=40"}],"curies":[{"name":"wp","href":"https:\/\/api.w.org\/{rel}","templated":true}]}}