{"id":359,"date":"2021-01-14T17:44:04","date_gmt":"2021-01-14T20:44:04","guid":{"rendered":"https:\/\/wp.ufpel.edu.br\/cinema\/?page_id=359"},"modified":"2026-02-24T15:49:25","modified_gmt":"2026-02-24T18:49:25","slug":"equipe","status":"publish","type":"page","link":"https:\/\/wp.ufpel.edu.br\/cinema\/equipe\/","title":{"rendered":"equipe"},"content":{"rendered":"<p><strong>coordena\u00e7\u00e3o: <\/strong><div class=\"dados-cobalto cobalto-lista-servidores\"><ul class=\"sem-foto\"><li><a href=\"https:\/\/institucional.ufpel.edu.br\/servidores\/id\/1042\" target=\"_blank\">C\u00cdNTIA LANGIE ARAUJO<\/a><\/li><\/ul><\/div>\n<p><strong>coordena\u00e7\u00e3o-adjunta: <\/strong><div class=\"dados-cobalto cobalto-lista-servidores\"><ul class=\"sem-foto\"><li><a href=\"https:\/\/institucional.ufpel.edu.br\/servidores\/id\/37479\" target=\"_blank\">LI\u00c2NGELA CARRET XAVIER<\/a><\/li><\/ul><\/div>\n<p><strong>servidoras\/es docentes: <\/strong><div class=\"dados-cobalto cobalto-lista-servidores\"><ul class=\"sem-foto\"><li><a href=\"https:\/\/institucional.ufpel.edu.br\/servidores\/id\/29505\" target=\"_blank\">ALEXANDRE SEVERO MASOTTI<\/a><\/li><li><a href=\"https:\/\/institucional.ufpel.edu.br\/servidores\/id\/64007\" target=\"_blank\">ANA PAULA CRUZ PENKALA DIAS<\/a><\/li><li><a href=\"https:\/\/institucional.ufpel.edu.br\/servidores\/id\/24099\" target=\"_blank\">ANDRE LUIS PORTO MACEDO<\/a><\/li><li><a href=\"https:\/\/institucional.ufpel.edu.br\/servidores\/id\/32081\" target=\"_blank\">CARLA SCHNEIDER<\/a><\/li><li><a href=\"https:\/\/institucional.ufpel.edu.br\/servidores\/id\/1042\" target=\"_blank\">C\u00cdNTIA LANGIE ARAUJO<\/a><\/li><li><a href=\"https:\/\/institucional.ufpel.edu.br\/servidores\/id\/31343\" target=\"_blank\">GERSON RIOS LEME<\/a><\/li><li><a href=\"https:\/\/institucional.ufpel.edu.br\/servidores\/id\/29284\" target=\"_blank\">GISSELE AZEVEDO CARDOZO<\/a><\/li><li><a href=\"https:\/\/institucional.ufpel.edu.br\/servidores\/id\/32675\" target=\"_blank\">GUILHERME CARVALHO DA ROSA<\/a><\/li><li><a href=\"https:\/\/institucional.ufpel.edu.br\/servidores\/id\/24396\" target=\"_blank\">IVONETE MEDIANEIRA PINTO<\/a><\/li><li><a href=\"https:\/\/institucional.ufpel.edu.br\/servidores\/id\/37479\" target=\"_blank\">LI\u00c2NGELA CARRET XAVIER<\/a><\/li><li><a href=\"https:\/\/institucional.ufpel.edu.br\/servidores\/id\/143515\" target=\"_blank\">MAUR\u00cdCIO RODRIGUES GON\u00c7ALVES<\/a><\/li><li><a href=\"https:\/\/institucional.ufpel.edu.br\/servidores\/id\/29710\" target=\"_blank\">MICHAEL ABRANTES KERR<\/a><\/li><li><a href=\"https:\/\/institucional.ufpel.edu.br\/servidores\/id\/171155\" target=\"_blank\">ROBERTO RIBEIRO MIRANDA COTTA<\/a><\/li><li><a href=\"https:\/\/institucional.ufpel.edu.br\/servidores\/id\/1753\" target=\"_blank\">VIVIAN HERZOG<\/a><\/li><li><a href=\"https:\/\/institucional.ufpel.edu.br\/servidores\/id\/27027\" target=\"_blank\">WAGNER IVAN DA ROSA PIREZ<\/a><\/li><\/ul><\/div>\n<p><strong>servidoras\/es docentes colaboradores de outros cursos: <\/strong><div class=\"dados-cobalto cobalto-lista-servidores\"><ul class=\"sem-foto\"><li><a href=\"https:\/\/institucional.ufpel.edu.br\/servidores\/id\/29514\" target=\"_blank\">MARIA FONSECA FALKEMBACH<\/a><\/li><\/ul><\/div>\n<p><strong>servidores t\u00e9cnico-administrativos: <\/strong><div class=\"dados-cobalto cobalto-lista-servidores\"><ul class=\"sem-foto\"><li><a href=\"https:\/\/institucional.ufpel.edu.br\/servidores\/id\/25612\" target=\"_blank\">ALEXANDRE FREITAS CARDOSO<\/a><\/li><li><a href=\"https:\/\/institucional.ufpel.edu.br\/servidores\/id\/29794\" target=\"_blank\">EVERTON DA CUNHA MACIEL<\/a><\/li><li><a href=\"https:\/\/institucional.ufpel.edu.br\/servidores\/id\/3946\" target=\"_blank\">THIAGO HEINEMANN RODEGHIERO<\/a><\/li><\/ul><\/div>\n<p><span style=\"color: #999999;\">\u25ba acesse [+] para expandir os t\u00f3picos<\/span><\/p>\n<p><span style=\"color: #2ed6de;\">\u00a0 \u00a0 \u00a0<span style=\"font-size: 18pt;\">COMISS\u00c3O EST\u00c1GIOS<\/span><\/span><\/p>\n<span class=\"collapseomatic \" id=\"id69d68ede14279\"  tabindex=\"0\" title=\"\"    ><\/span><div id=\"target-id69d68ede14279\" class=\"collapseomatic_content \">\n<ul>\n<li>Li\u00e2ngela Xavier<\/li>\n<li>Ivonete Pinto<\/li>\n<li>Carla Schneider<\/li>\n<li>Gissele Cardozo<\/li>\n<\/ul>\n<\/div>\n<p><span style=\"color: #2ed6de;\">\u00a0 \u00a0 \u00a0<span style=\"font-size: 18pt;\">COMISS\u00c3O DIFUS\u00c3O<\/span><\/span><\/p>\n<span class=\"collapseomatic \" id=\"id69d68ede145a8\"  tabindex=\"0\" title=\"\"    ><\/span><div id=\"target-id69d68ede145a8\" class=\"collapseomatic_content \">\n<ul>\n<li>C\u00edntia Langie<\/li>\n<li>Alexandre Masotti<\/li>\n<li>Li\u00e2ngela Xavier<\/li>\n<li>Michael Kerr<\/li>\n<li>Carla Schneider<\/li>\n<\/ul>\n<\/div>\n<p><span style=\"color: #2ed6de;\">\u00a0 \u00a0 \u00a0<span style=\"font-size: 18pt;\">COMISS\u00c3O EQUIPAMENTOS<\/span><\/span><\/p>\n<span class=\"collapseomatic \" id=\"id69d68ede145e1\"  tabindex=\"0\" title=\"\"    ><\/span><div id=\"target-id69d68ede145e1\" class=\"collapseomatic_content \">\n<ul>\n<li>Guilherme da Rosa<\/li>\n<li>Gissele Cardozo<\/li>\n<li>Everton Maciel<\/li>\n<\/ul>\n<\/div>\n","protected":false},"excerpt":{"rendered":"<p>coordena\u00e7\u00e3o: coordena\u00e7\u00e3o-adjunta: servidoras\/es docentes: servidoras\/es docentes colaboradores de outros cursos: servidores t\u00e9cnico-administrativos: \u25ba acesse [+] para expandir os t\u00f3picos \u00a0 \u00a0 \u00a0COMISS\u00c3O EST\u00c1GIOS \u00a0 \u00a0 \u00a0COMISS\u00c3O DIFUS\u00c3O \u00a0 \u00a0 \u00a0COMISS\u00c3O EQUIPAMENTOS<\/p>\n","protected":false},"author":573,"featured_media":0,"parent":0,"menu_order":0,"comment_status":"closed","ping_status":"closed","template":"template-fullwidth.php","meta":{"footnotes":""},"class_list":["post-359","page","type-page","status-publish","hentry"],"_links":{"self":[{"href":"https:\/\/wp.ufpel.edu.br\/cinema\/wp-json\/wp\/v2\/pages\/359","targetHints":{"allow":["GET"]}}],"collection":[{"href":"https:\/\/wp.ufpel.edu.br\/cinema\/wp-json\/wp\/v2\/pages"}],"about":[{"href":"https:\/\/wp.ufpel.edu.br\/cinema\/wp-json\/wp\/v2\/types\/page"}],"author":[{"embeddable":true,"href":"https:\/\/wp.ufpel.edu.br\/cinema\/wp-json\/wp\/v2\/users\/573"}],"replies":[{"embeddable":true,"href":"https:\/\/wp.ufpel.edu.br\/cinema\/wp-json\/wp\/v2\/comments?post=359"}],"version-history":[{"count":3,"href":"https:\/\/wp.ufpel.edu.br\/cinema\/wp-json\/wp\/v2\/pages\/359\/revisions"}],"predecessor-version":[{"id":2581,"href":"https:\/\/wp.ufpel.edu.br\/cinema\/wp-json\/wp\/v2\/pages\/359\/revisions\/2581"}],"wp:attachment":[{"href":"https:\/\/wp.ufpel.edu.br\/cinema\/wp-json\/wp\/v2\/media?parent=359"}],"curies":[{"name":"wp","href":"https:\/\/api.w.org\/{rel}","templated":true}]}}