{"id":2901,"date":"2026-03-17T16:16:20","date_gmt":"2026-03-17T19:16:20","guid":{"rendered":"https:\/\/wp.ufpel.edu.br\/cinema\/?page_id=2901"},"modified":"2026-03-17T17:46:25","modified_gmt":"2026-03-17T20:46:25","slug":"genero","status":"publish","type":"page","link":"https:\/\/wp.ufpel.edu.br\/cinema\/genero\/","title":{"rendered":"g\u00eanero"},"content":{"rendered":"<p>Os Cursos de Cinema t\u00eam aprovados em seus PPCs um conjunto de pol\u00edticas de g\u00eanero que <a href=\"https:\/\/wp.ufpel.edu.br\/cinema\/precisa-conhecer\/\" target=\"_blank\" rel=\"noopener\">podem ser conhecidas neste link<\/a>. As pol\u00edticas consideram, principalmente, o <a href=\"https:\/\/www.planalto.gov.br\/ccivil_03\/_ato2015-2018\/2016\/decreto\/d8727.htm#:~:text=Decreto%20n%C2%BA%208727&amp;text=Disp%C3%B5e%20sobre%20o%20uso%20do,que%20lhe%20confere%20o%20art.\" target=\"_blank\" rel=\"noopener\">Decreto Presidencial n\u00ba 8727 de 26 de abril de 2016<\/a> que versa <strong>sobre o uso do nome social e o reconhecimento da identidade de g\u00eanero de pessoas travestis e transexuais no \u00e2mbito da administra\u00e7\u00e3o p\u00fablica federal<\/strong> direta, aut\u00e1rquica e fundacional.<\/p>\n<p>No mesmo ensejo, \u00e9 poss\u00edvel, na UFPEL, <strong>a identifica\u00e7\u00e3o pelo nome com o qual cada estudante se reconhece<\/strong>, refletindo no <strong>Sistema Cobalto e em todos os tr\u00e2mites acad\u00eamicos<\/strong>. A\/o estudante pode proceder a solicita\u00e7\u00e3o de identifica\u00e7\u00e3o por nome social, seguindo <a href=\"https:\/\/wp.ufpel.edu.br\/cra\/informacoes-academicas\/nome-social\/\" target=\"_blank\" rel=\"noopener\">as instru\u00e7\u00f5es espec\u00edficas deste link<\/a>.<\/p>\n<div style=\"background-color: #e4f8f9;width: 85%;margin: 20px 0 20px 0;height: 100%;padding: 1rem;border: 3.5px dashed #2edceb;\">\n<p><strong>No \u00e2mbito dos cursos, com a ci\u00eancia das Pol\u00edticas de G\u00eanero, \u00e9 poss\u00edvel tamb\u00e9m fazer a mesma solicita\u00e7\u00e3o<\/strong> para que a identifica\u00e7\u00e3o seja informada para as\/os docentes das disciplinas diretamente pela\/pelo coordenadora\/coordenador. <strong>A coordena\u00e7\u00e3o ser\u00e1 a respons\u00e1vel pela (1) recep\u00e7\u00e3o das informa\u00e7\u00f5es abaixo em seu e-mail institucional ou pessoal e (2) informa\u00e7\u00e3o ao quadro docente<\/strong>. Ap\u00f3s esta informa\u00e7\u00e3o, haver\u00e1 um retorno para a\/o solicitante com a confirma\u00e7\u00e3o do aviso. O <strong>sigilo das informa\u00e7\u00f5es \u00e9 protegido<\/strong> pelo <a href=\"https:\/\/www.planalto.gov.br\/ccivil_03\/_ato2011-2014\/2011\/lei\/l12527.htm\" target=\"_blank\" rel=\"noopener\" style=\"font-size: inherit; backgound-color: #fff;\"><strong>Artigo 31 da Lei 12.527\/2011<\/a><\/strong>, por considerar <strong>informa\u00e7\u00e3o pessoal.<\/strong><\/p>\n<p>&nbsp;<\/p>\n\n<div class=\"wpcf7 no-js\" id=\"wpcf7-f2907-o1\" lang=\"pt-BR\" dir=\"ltr\" data-wpcf7-id=\"2907\">\n<div class=\"screen-reader-response\"><p role=\"status\" aria-live=\"polite\" aria-atomic=\"true\"><\/p> <ul><\/ul><\/div>\n<form action=\"\/cinema\/wp-json\/wp\/v2\/pages\/2901#wpcf7-f2907-o1\" method=\"post\" class=\"wpcf7-form init\" aria-label=\"Formul\u00e1rios de contato\" novalidate=\"novalidate\" data-status=\"init\">\n<fieldset class=\"hidden-fields-container\"><input type=\"hidden\" name=\"_wpcf7\" value=\"2907\" \/><input type=\"hidden\" name=\"_wpcf7_version\" value=\"6.1.4\" \/><input type=\"hidden\" name=\"_wpcf7_locale\" value=\"pt_BR\" \/><input type=\"hidden\" name=\"_wpcf7_unit_tag\" value=\"wpcf7-f2907-o1\" \/><input type=\"hidden\" name=\"_wpcf7_container_post\" value=\"0\" \/><input type=\"hidden\" name=\"_wpcf7_posted_data_hash\" value=\"\" \/>\n<\/fieldset>\n<p><label> nome civil (exatamente como consta no Sistema Cobalto):<br \/>\n<span class=\"wpcf7-form-control-wrap\" data-name=\"nome-civil\"><input size=\"40\" maxlength=\"400\" class=\"wpcf7-form-control wpcf7-text wpcf7-validates-as-required\" aria-required=\"true\" aria-invalid=\"false\" value=\"\" type=\"text\" name=\"nome-civil\" \/><\/span> <\/label>\n<\/p>\n<p><label>e-mail:<br \/>\n<span class=\"wpcf7-form-control-wrap\" data-name=\"email\"><input size=\"40\" maxlength=\"400\" class=\"wpcf7-form-control wpcf7-email wpcf7-validates-as-required wpcf7-text wpcf7-validates-as-email\" aria-required=\"true\" aria-invalid=\"false\" value=\"\" type=\"email\" name=\"email\" \/><\/span><\/label>\n<\/p>\n<p><label> n\u00famero de matr\u00edcula:<br \/>\n<span class=\"wpcf7-form-control-wrap\" data-name=\"matricula\"><input size=\"40\" maxlength=\"400\" class=\"wpcf7-form-control wpcf7-text wpcf7-validates-as-required\" aria-required=\"true\" aria-invalid=\"false\" value=\"\" type=\"text\" name=\"matricula\" \/><\/span> <\/label>\n<\/p>\n<p><label> curso:<br \/>\n<span class=\"wpcf7-form-control-wrap\" data-name=\"select-curso\"><select class=\"wpcf7-form-control wpcf7-select wpcf7-validates-as-required\" aria-required=\"true\" aria-invalid=\"false\" name=\"select-curso\"><option value=\"\">escolha seu curso<\/option><option value=\"cinema de anima\u00e7\u00e3o\">cinema de anima\u00e7\u00e3o<\/option><option value=\"cinema e audiovisual\">cinema e audiovisual<\/option><\/select><\/span> <\/label>\n<\/p>\n<p><label> nome social (incluindo sobrenome):<br \/>\n<span class=\"wpcf7-form-control-wrap\" data-name=\"nome-social\"><input size=\"40\" maxlength=\"400\" class=\"wpcf7-form-control wpcf7-text wpcf7-validates-as-required\" aria-required=\"true\" aria-invalid=\"false\" value=\"\" type=\"text\" name=\"nome-social\" \/><\/span> <\/label>\n<\/p>\n<p><label> prefer\u00eancia por pronome de g\u00eanero:<br \/>\n<span class=\"wpcf7-form-control-wrap\" data-name=\"select-pronome\"><select class=\"wpcf7-form-control wpcf7-select\" aria-invalid=\"false\" name=\"select-pronome\"><option value=\"\">escolha uma op\u00e7\u00e3o<\/option><option value=\"ela\/dela\">ela\/dela<\/option><option value=\"ele\/dele\">ele\/dele<\/option><option value=\"indiferente\">indiferente<\/option><\/select><\/span><\/label>\n<\/p>\n<p><label> com rela\u00e7\u00e3o \u00e0 <strong>identifica\u00e7\u00e3o no \u00e2mbito da UFPEL (Sistema Cobalto)<\/strong> voc\u00ea:<br \/>\n<span class=\"wpcf7-form-control-wrap\" data-name=\"radio-cobalto\"><span class=\"wpcf7-form-control wpcf7-radio\"><span class=\"wpcf7-list-item first\"><label><input type=\"radio\" name=\"radio-cobalto\" value=\"pretende solicitar em breve\" \/><span class=\"wpcf7-list-item-label\">pretende solicitar em breve<\/span><\/label><\/span><span class=\"wpcf7-list-item\"><label><input type=\"radio\" name=\"radio-cobalto\" value=\"pretende n\u00e3o solicitar\" \/><span class=\"wpcf7-list-item-label\">pretende n\u00e3o solicitar<\/span><\/label><\/span><span class=\"wpcf7-list-item last\"><label><input type=\"radio\" name=\"radio-cobalto\" value=\"j\u00e1 solicitou\" \/><span class=\"wpcf7-list-item-label\">j\u00e1 solicitou<\/span><\/label><\/span><\/span><\/span><\/label>\n<\/p>\n<p><label> observa\u00e7\u00f5es (se julgar necess\u00e1rio)<br \/>\n<span class=\"wpcf7-form-control-wrap\" data-name=\"observacoes\"><textarea cols=\"40\" rows=\"10\" maxlength=\"2000\" class=\"wpcf7-form-control wpcf7-textarea\" aria-invalid=\"false\" name=\"observacoes\"><\/textarea><\/span> <\/label>\n<\/p>\n<p><input class=\"wpcf7-form-control wpcf7-submit has-spinner\" type=\"submit\" value=\"enviar solicita\u00e7\u00e3o\" \/>\n<\/p><p style=\"display: none !important;\" class=\"akismet-fields-container\" data-prefix=\"_wpcf7_ak_\"><label>&#916;<textarea name=\"_wpcf7_ak_hp_textarea\" cols=\"45\" rows=\"8\" maxlength=\"100\"><\/textarea><\/label><input type=\"hidden\" id=\"ak_js_1\" name=\"_wpcf7_ak_js\" value=\"231\"\/><script>document.getElementById( \"ak_js_1\" ).setAttribute( \"value\", ( new Date() ).getTime() );<\/script><\/p><div class=\"wpcf7-response-output\" aria-hidden=\"true\"><\/div>\n<\/form>\n<\/div>\n\n<\/div>\n","protected":false},"excerpt":{"rendered":"<p>Os Cursos de Cinema t\u00eam aprovados em seus PPCs um conjunto de pol\u00edticas de g\u00eanero que podem ser conhecidas neste link. As pol\u00edticas consideram, principalmente, o Decreto Presidencial n\u00ba 8727 de 26 de abril de 2016 que versa sobre o&#8230; <a class=\"more-link\" href=\"https:\/\/wp.ufpel.edu.br\/cinema\/genero\/\">Continue lendo &rarr;<\/a><\/p>\n","protected":false},"author":573,"featured_media":0,"parent":0,"menu_order":0,"comment_status":"closed","ping_status":"closed","template":"template-fullwidth.php","meta":{"footnotes":""},"class_list":["post-2901","page","type-page","status-publish","hentry"],"_links":{"self":[{"href":"https:\/\/wp.ufpel.edu.br\/cinema\/wp-json\/wp\/v2\/pages\/2901","targetHints":{"allow":["GET"]}}],"collection":[{"href":"https:\/\/wp.ufpel.edu.br\/cinema\/wp-json\/wp\/v2\/pages"}],"about":[{"href":"https:\/\/wp.ufpel.edu.br\/cinema\/wp-json\/wp\/v2\/types\/page"}],"author":[{"embeddable":true,"href":"https:\/\/wp.ufpel.edu.br\/cinema\/wp-json\/wp\/v2\/users\/573"}],"replies":[{"embeddable":true,"href":"https:\/\/wp.ufpel.edu.br\/cinema\/wp-json\/wp\/v2\/comments?post=2901"}],"version-history":[{"count":4,"href":"https:\/\/wp.ufpel.edu.br\/cinema\/wp-json\/wp\/v2\/pages\/2901\/revisions"}],"predecessor-version":[{"id":2919,"href":"https:\/\/wp.ufpel.edu.br\/cinema\/wp-json\/wp\/v2\/pages\/2901\/revisions\/2919"}],"wp:attachment":[{"href":"https:\/\/wp.ufpel.edu.br\/cinema\/wp-json\/wp\/v2\/media?parent=2901"}],"curies":[{"name":"wp","href":"https:\/\/api.w.org\/{rel}","templated":true}]}}