{"id":2853,"date":"2026-03-13T16:28:06","date_gmt":"2026-03-13T19:28:06","guid":{"rendered":"https:\/\/wp.ufpel.edu.br\/cinema\/?page_id=2853"},"modified":"2026-03-13T17:00:49","modified_gmt":"2026-03-13T20:00:49","slug":"ppcs","status":"publish","type":"page","link":"https:\/\/wp.ufpel.edu.br\/cinema\/ppcs\/","title":{"rendered":"ppcs"},"content":{"rendered":"<div class=\"cursos_container\" style=\"height: auto; padding-right: 50px;\">\n<p><a style=\"padding: unset;\" href=\"https:\/\/wp.ufpel.edu.br\/cinema\/files\/2026\/03\/ppc_5020_cinema_de_animacao_ufpel_publicacao.pdf\" target=\"_blank\" rel=\"noopener\"><img loading=\"lazy\" decoding=\"async\" class=\"alignnone wp-image-2858\" style=\"margin-right: 20px;\" src=\"https:\/\/wp.ufpel.edu.br\/cinema\/files\/2026\/03\/capa_ppc_5020.png\" alt=\"\" width=\"286\" height=\"405\" srcset=\"https:\/\/wp.ufpel.edu.br\/cinema\/files\/2026\/03\/capa_ppc_5020.png 628w, https:\/\/wp.ufpel.edu.br\/cinema\/files\/2026\/03\/capa_ppc_5020-282x400.png 282w, https:\/\/wp.ufpel.edu.br\/cinema\/files\/2026\/03\/capa_ppc_5020-600x851.png 600w\" sizes=\"auto, (max-width: 286px) 100vw, 286px\" \/><\/a><span style=\"text-transform: uppercase; color: #2ed6de; font-weight: bold; font-size: 1.5rem;\">Projeto Pedag\u00f3gico do Curso de Cinema de Anima\u00e7\u00e3o<\/span><\/p>\n<p>Vers\u00e3o vigente e aprovada pelo COCEPE em 3 de julho de 2025.<\/p>\n<p>Processo 23110.004385\/2024-18. <em>Clique na capa para visualizar.<\/em><\/p>\n<\/div>\n<div class=\"cursos_container\" style=\"height: auto; padding-right: 50px;\">\n<p><a style=\"padding: unset;\" href=\"https:\/\/wp.ufpel.edu.br\/cinema\/files\/2026\/03\/ppc_5010_cinema_e_audiovisual_ufpel_publicacao.pdf\" target=\"_blank\" rel=\"noopener\"><img loading=\"lazy\" decoding=\"async\" class=\"alignnone wp-image-2858\" style=\"margin-right: 20px;\" src=\"https:\/\/wp.ufpel.edu.br\/cinema\/files\/2026\/03\/capa_ppc_5010.png\" alt=\"\" width=\"286\" height=\"405\" \/><\/a><span style=\"text-transform: uppercase; color: #2ed6de; font-weight: bold; font-size: 1.5rem;\">Projeto Pedag\u00f3gico do Curso de Cinema E AUDIOVISUAL<\/span><\/p>\n<p>Vers\u00e3o vigente e aprovada pelo COCEPE em 11 de setembro de 2025.<\/p>\n<p>Processo 23110.027084\/2025-43. <em>Clique na capa para visualizar.<\/em><\/p>\n<\/div>\n","protected":false},"excerpt":{"rendered":"<p>Projeto Pedag\u00f3gico do Curso de Cinema de Anima\u00e7\u00e3o Vers\u00e3o vigente e aprovada pelo COCEPE em 3 de julho de 2025. Processo 23110.004385\/2024-18. Clique na capa para visualizar. Projeto Pedag\u00f3gico do Curso de Cinema E AUDIOVISUAL Vers\u00e3o vigente e aprovada pelo&#8230; <a class=\"more-link\" href=\"https:\/\/wp.ufpel.edu.br\/cinema\/ppcs\/\">Continue lendo &rarr;<\/a><\/p>\n","protected":false},"author":573,"featured_media":0,"parent":0,"menu_order":0,"comment_status":"closed","ping_status":"closed","template":"template-fullwidth.php","meta":{"footnotes":""},"class_list":["post-2853","page","type-page","status-publish","hentry"],"_links":{"self":[{"href":"https:\/\/wp.ufpel.edu.br\/cinema\/wp-json\/wp\/v2\/pages\/2853","targetHints":{"allow":["GET"]}}],"collection":[{"href":"https:\/\/wp.ufpel.edu.br\/cinema\/wp-json\/wp\/v2\/pages"}],"about":[{"href":"https:\/\/wp.ufpel.edu.br\/cinema\/wp-json\/wp\/v2\/types\/page"}],"author":[{"embeddable":true,"href":"https:\/\/wp.ufpel.edu.br\/cinema\/wp-json\/wp\/v2\/users\/573"}],"replies":[{"embeddable":true,"href":"https:\/\/wp.ufpel.edu.br\/cinema\/wp-json\/wp\/v2\/comments?post=2853"}],"version-history":[{"count":4,"href":"https:\/\/wp.ufpel.edu.br\/cinema\/wp-json\/wp\/v2\/pages\/2853\/revisions"}],"predecessor-version":[{"id":2892,"href":"https:\/\/wp.ufpel.edu.br\/cinema\/wp-json\/wp\/v2\/pages\/2853\/revisions\/2892"}],"wp:attachment":[{"href":"https:\/\/wp.ufpel.edu.br\/cinema\/wp-json\/wp\/v2\/media?parent=2853"}],"curies":[{"name":"wp","href":"https:\/\/api.w.org\/{rel}","templated":true}]}}